{"id":1939781,"date":"2023-09-28T03:00:35","date_gmt":"2023-09-28T00:00:35","guid":{"rendered":"https:\/\/horticom.ee\/e-pood\/toode\/salatsibul-rossa-lunga-di-firenze-allium-fistulosum-l\/"},"modified":"2026-04-18T18:09:24","modified_gmt":"2026-04-18T15:09:24","slug":"salatsibul-rossa-lunga-di-firenze-allium-fistulosum-l","status":"publish","type":"product","link":"https:\/\/horticom.ee\/e-pood\/toode\/salatsibul-rossa-lunga-di-firenze-allium-fistulosum-l\/","title":{"rendered":"Salatsibul Rossa Lunga di firenze &#8211; Allium fistulosum L."},"content":{"rendered":"<p>Salatisibul Rossa Lunga di Firenze on keskvarajane saagikas sort.  Kasvuperiood 80 p\u00e4eva. Lehed tumerohelised, varre l\u00f5pp ei ole suur, on ovaalne ja roosa.  Kasutada v\u00e4rskelt, eriti maitsev praetult. Talub kuiva ja madalaid temperatuure. K\u00fclvata m\u00e4rts-aprill, vahedega 15 x 25 cm, saak juuni-august.<\/p>\n","protected":false},"excerpt":{"rendered":"<p>Salatisibul Rossa Lunga di Firenze on keskvarajane saagikas sort. Kasvuperiood 80 p\u00e4eva. Lehed tumerohelised, varre l\u00f5pp ei ole suur, on ovaalne ja roosa. Kasutada v\u00e4rskelt, eriti maitsev praetult. Talub kuiva ja madalaid temperatuure. K\u00fclvata m\u00e4rts-aprill, vahedega 15 x 25 cm, saak juuni-august.<\/p>\n","protected":false},"featured_media":1940543,"comment_status":"closed","ping_status":"closed","template":"","meta":{"_themeisle_gutenberg_block_has_review":false},"product_cat":[13483],"product_tag":[],"class_list":{"0":"post-1939781","1":"product","2":"type-product","3":"status-publish","4":"has-post-thumbnail","6":"product_cat-sibul-porru-murulauk","8":"first","9":"instock","10":"shipping-taxable","11":"purchasable","12":"product-type-simple"},"yoast_head":"<!-- This site is optimized with the Yoast SEO plugin v24.0 - https:\/\/yoast.com\/wordpress\/plugins\/seo\/ -->\n<title>Salatsibul Rossa Lunga di firenze - Allium fistulosum L.<\/title>\n<meta name=\"description\" content=\"Salatsibul Rossa Lunga di Firenze \u2013 Keskvarajane sort, maitsev ja mahlane. Sobib v\u00e4rskelt tarbimiseks ja praadimiseks. Talub kuiva ja k\u00fclma.\" \/>\n<meta name=\"robots\" content=\"index, follow, max-snippet:-1, max-image-preview:large, max-video-preview:-1\" \/>\n<link rel=\"canonical\" href=\"https:\/\/horticom.ee\/e-pood\/toode\/salatsibul-rossa-lunga-di-firenze-allium-fistulosum-l\/\" \/>\n<meta property=\"og:locale\" content=\"et_EE\" \/>\n<meta property=\"og:type\" content=\"article\" \/>\n<meta property=\"og:title\" content=\"Salatsibul Rossa Lunga di firenze - Allium fistulosum L.\" \/>\n<meta property=\"og:description\" content=\"Salatsibul Rossa Lunga di Firenze \u2013 Keskvarajane sort, maitsev ja mahlane. Sobib v\u00e4rskelt tarbimiseks ja praadimiseks. Talub kuiva ja k\u00fclma.\" \/>\n<meta property=\"og:url\" content=\"https:\/\/horticom.ee\/e-pood\/toode\/salatsibul-rossa-lunga-di-firenze-allium-fistulosum-l\/\" \/>\n<meta property=\"og:site_name\" content=\"Horticom.ee\" \/>\n<meta property=\"article:publisher\" content=\"https:\/\/www.facebook.com\/horticom.ee\/e-pood\" \/>\n<meta property=\"article:modified_time\" content=\"2026-04-18T15:09:24+00:00\" \/>\n<meta property=\"og:image\" content=\"https:\/\/horticom.ee\/e-pood\/wp-content\/uploads\/importedmedia\/product-1939781_0-L4503.jpg\" \/>\n\t<meta property=\"og:image:width\" content=\"1000\" \/>\n\t<meta property=\"og:image:height\" content=\"1757\" \/>\n\t<meta property=\"og:image:type\" content=\"image\/jpeg\" \/>\n<meta name=\"twitter:card\" content=\"summary_large_image\" \/>\n<script type=\"application\/ld+json\" class=\"yoast-schema-graph\">{\"@context\":\"https:\/\/schema.org\",\"@graph\":[{\"@type\":\"WebPage\",\"@id\":\"https:\/\/horticom.ee\/e-pood\/toode\/salatsibul-rossa-lunga-di-firenze-allium-fistulosum-l\/\",\"url\":\"https:\/\/horticom.ee\/e-pood\/toode\/salatsibul-rossa-lunga-di-firenze-allium-fistulosum-l\/\",\"name\":\"Salatsibul Rossa Lunga di firenze - Allium fistulosum L.\",\"isPartOf\":{\"@id\":\"https:\/\/horticom.ee\/e-pood\/#website\"},\"primaryImageOfPage\":{\"@id\":\"https:\/\/horticom.ee\/e-pood\/toode\/salatsibul-rossa-lunga-di-firenze-allium-fistulosum-l\/#primaryimage\"},\"image\":{\"@id\":\"https:\/\/horticom.ee\/e-pood\/toode\/salatsibul-rossa-lunga-di-firenze-allium-fistulosum-l\/#primaryimage\"},\"thumbnailUrl\":\"https:\/\/horticom.ee\/e-pood\/wp-content\/uploads\/importedmedia\/product-1939781_0-L4503.jpg\",\"datePublished\":\"2023-09-28T00:00:35+00:00\",\"dateModified\":\"2026-04-18T15:09:24+00:00\",\"description\":\"Salatsibul Rossa Lunga di Firenze \u2013 Keskvarajane sort, maitsev ja mahlane. Sobib v\u00e4rskelt tarbimiseks ja praadimiseks. Talub kuiva ja k\u00fclma.\",\"breadcrumb\":{\"@id\":\"https:\/\/horticom.ee\/e-pood\/toode\/salatsibul-rossa-lunga-di-firenze-allium-fistulosum-l\/#breadcrumb\"},\"inLanguage\":\"et\",\"potentialAction\":[{\"@type\":\"ReadAction\",\"target\":[\"https:\/\/horticom.ee\/e-pood\/toode\/salatsibul-rossa-lunga-di-firenze-allium-fistulosum-l\/\"]}]},{\"@type\":\"ImageObject\",\"inLanguage\":\"et\",\"@id\":\"https:\/\/horticom.ee\/e-pood\/toode\/salatsibul-rossa-lunga-di-firenze-allium-fistulosum-l\/#primaryimage\",\"url\":\"https:\/\/horticom.ee\/e-pood\/wp-content\/uploads\/importedmedia\/product-1939781_0-L4503.jpg\",\"contentUrl\":\"https:\/\/horticom.ee\/e-pood\/wp-content\/uploads\/importedmedia\/product-1939781_0-L4503.jpg\",\"width\":1000,\"height\":1757,\"caption\":\"Salatsibul Rossa Lunga di firenze - Allium fistulosum L.\"},{\"@type\":\"BreadcrumbList\",\"@id\":\"https:\/\/horticom.ee\/e-pood\/toode\/salatsibul-rossa-lunga-di-firenze-allium-fistulosum-l\/#breadcrumb\",\"itemListElement\":[{\"@type\":\"ListItem\",\"position\":1,\"name\":\"Home\",\"item\":\"https:\/\/horticom.ee\/e-pood\/\"},{\"@type\":\"ListItem\",\"position\":2,\"name\":\"Pood\",\"item\":\"https:\/\/horticom.ee\/e-pood\/pood\/\"},{\"@type\":\"ListItem\",\"position\":3,\"name\":\"Salatsibul Rossa Lunga di firenze &#8211; Allium fistulosum L.\"}]},{\"@type\":\"WebSite\",\"@id\":\"https:\/\/horticom.ee\/e-pood\/#website\",\"url\":\"https:\/\/horticom.ee\/e-pood\/\",\"name\":\"Horticom.ee\",\"description\":\"Aianduskaubad ja kodukaubad nii harrastajatele kui professionaalidele\",\"potentialAction\":[{\"@type\":\"SearchAction\",\"target\":{\"@type\":\"EntryPoint\",\"urlTemplate\":\"https:\/\/horticom.ee\/e-pood\/?s={search_term_string}\"},\"query-input\":{\"@type\":\"PropertyValueSpecification\",\"valueRequired\":true,\"valueName\":\"search_term_string\"}}],\"inLanguage\":\"et\"}]}<\/script>\n<!-- \/ Yoast SEO plugin. -->","yoast_head_json":{"title":"Salatsibul Rossa Lunga di firenze - Allium fistulosum L.","description":"Salatsibul Rossa Lunga di Firenze \u2013 Keskvarajane sort, maitsev ja mahlane. Sobib v\u00e4rskelt tarbimiseks ja praadimiseks. Talub kuiva ja k\u00fclma.","robots":{"index":"index","follow":"follow","max-snippet":"max-snippet:-1","max-image-preview":"max-image-preview:large","max-video-preview":"max-video-preview:-1"},"canonical":"https:\/\/horticom.ee\/e-pood\/toode\/salatsibul-rossa-lunga-di-firenze-allium-fistulosum-l\/","og_locale":"et_EE","og_type":"article","og_title":"Salatsibul Rossa Lunga di firenze - Allium fistulosum L.","og_description":"Salatsibul Rossa Lunga di Firenze \u2013 Keskvarajane sort, maitsev ja mahlane. Sobib v\u00e4rskelt tarbimiseks ja praadimiseks. Talub kuiva ja k\u00fclma.","og_url":"https:\/\/horticom.ee\/e-pood\/toode\/salatsibul-rossa-lunga-di-firenze-allium-fistulosum-l\/","og_site_name":"Horticom.ee","article_publisher":"https:\/\/www.facebook.com\/horticom.ee\/e-pood","article_modified_time":"2026-04-18T15:09:24+00:00","og_image":[{"width":1000,"height":1757,"url":"https:\/\/horticom.ee\/e-pood\/wp-content\/uploads\/importedmedia\/product-1939781_0-L4503.jpg","type":"image\/jpeg"}],"twitter_card":"summary_large_image","schema":{"@context":"https:\/\/schema.org","@graph":[{"@type":"WebPage","@id":"https:\/\/horticom.ee\/e-pood\/toode\/salatsibul-rossa-lunga-di-firenze-allium-fistulosum-l\/","url":"https:\/\/horticom.ee\/e-pood\/toode\/salatsibul-rossa-lunga-di-firenze-allium-fistulosum-l\/","name":"Salatsibul Rossa Lunga di firenze - Allium fistulosum L.","isPartOf":{"@id":"https:\/\/horticom.ee\/e-pood\/#website"},"primaryImageOfPage":{"@id":"https:\/\/horticom.ee\/e-pood\/toode\/salatsibul-rossa-lunga-di-firenze-allium-fistulosum-l\/#primaryimage"},"image":{"@id":"https:\/\/horticom.ee\/e-pood\/toode\/salatsibul-rossa-lunga-di-firenze-allium-fistulosum-l\/#primaryimage"},"thumbnailUrl":"https:\/\/horticom.ee\/e-pood\/wp-content\/uploads\/importedmedia\/product-1939781_0-L4503.jpg","datePublished":"2023-09-28T00:00:35+00:00","dateModified":"2026-04-18T15:09:24+00:00","description":"Salatsibul Rossa Lunga di Firenze \u2013 Keskvarajane sort, maitsev ja mahlane. Sobib v\u00e4rskelt tarbimiseks ja praadimiseks. Talub kuiva ja k\u00fclma.","breadcrumb":{"@id":"https:\/\/horticom.ee\/e-pood\/toode\/salatsibul-rossa-lunga-di-firenze-allium-fistulosum-l\/#breadcrumb"},"inLanguage":"et","potentialAction":[{"@type":"ReadAction","target":["https:\/\/horticom.ee\/e-pood\/toode\/salatsibul-rossa-lunga-di-firenze-allium-fistulosum-l\/"]}]},{"@type":"ImageObject","inLanguage":"et","@id":"https:\/\/horticom.ee\/e-pood\/toode\/salatsibul-rossa-lunga-di-firenze-allium-fistulosum-l\/#primaryimage","url":"https:\/\/horticom.ee\/e-pood\/wp-content\/uploads\/importedmedia\/product-1939781_0-L4503.jpg","contentUrl":"https:\/\/horticom.ee\/e-pood\/wp-content\/uploads\/importedmedia\/product-1939781_0-L4503.jpg","width":1000,"height":1757,"caption":"Salatsibul Rossa Lunga di firenze - Allium fistulosum L."},{"@type":"BreadcrumbList","@id":"https:\/\/horticom.ee\/e-pood\/toode\/salatsibul-rossa-lunga-di-firenze-allium-fistulosum-l\/#breadcrumb","itemListElement":[{"@type":"ListItem","position":1,"name":"Home","item":"https:\/\/horticom.ee\/e-pood\/"},{"@type":"ListItem","position":2,"name":"Pood","item":"https:\/\/horticom.ee\/e-pood\/pood\/"},{"@type":"ListItem","position":3,"name":"Salatsibul Rossa Lunga di firenze &#8211; Allium fistulosum L."}]},{"@type":"WebSite","@id":"https:\/\/horticom.ee\/e-pood\/#website","url":"https:\/\/horticom.ee\/e-pood\/","name":"Horticom.ee","description":"Aianduskaubad ja kodukaubad nii harrastajatele kui professionaalidele","potentialAction":[{"@type":"SearchAction","target":{"@type":"EntryPoint","urlTemplate":"https:\/\/horticom.ee\/e-pood\/?s={search_term_string}"},"query-input":{"@type":"PropertyValueSpecification","valueRequired":true,"valueName":"search_term_string"}}],"inLanguage":"et"}]}},"_links":{"self":[{"href":"https:\/\/horticom.ee\/e-pood\/wp-json\/wp\/v2\/product\/1939781","targetHints":{"allow":["GET"]}}],"collection":[{"href":"https:\/\/horticom.ee\/e-pood\/wp-json\/wp\/v2\/product"}],"about":[{"href":"https:\/\/horticom.ee\/e-pood\/wp-json\/wp\/v2\/types\/product"}],"replies":[{"embeddable":true,"href":"https:\/\/horticom.ee\/e-pood\/wp-json\/wp\/v2\/comments?post=1939781"}],"wp:featuredmedia":[{"embeddable":true,"href":"https:\/\/horticom.ee\/e-pood\/wp-json\/wp\/v2\/media\/1940543"}],"wp:attachment":[{"href":"https:\/\/horticom.ee\/e-pood\/wp-json\/wp\/v2\/media?parent=1939781"}],"wp:term":[{"taxonomy":"product_cat","embeddable":true,"href":"https:\/\/horticom.ee\/e-pood\/wp-json\/wp\/v2\/product_cat?post=1939781"},{"taxonomy":"product_tag","embeddable":true,"href":"https:\/\/horticom.ee\/e-pood\/wp-json\/wp\/v2\/product_tag?post=1939781"}],"curies":[{"name":"wp","href":"https:\/\/api.w.org\/{rel}","templated":true}]}}