{"id":1939787,"date":"2023-09-28T03:00:40","date_gmt":"2023-09-28T00:00:40","guid":{"rendered":"https:\/\/horticom.ee\/e-pood\/toode\/salatkress-common-lepidium-sativum-l\/"},"modified":"2026-04-30T03:09:49","modified_gmt":"2026-04-30T00:09:49","slug":"salatkress-common-lepidium-sativum-l","status":"publish","type":"product","link":"https:\/\/horticom.ee\/e-pood\/toode\/salatkress-common-lepidium-sativum-l\/","title":{"rendered":"Salatkress Common Lepidium sativum L."},"content":{"rendered":"<p>Salatkress Common on \u00fcheaastane rohttaim, kergesti kasvatatav ja v\u00e4ga kiiresti kasvav taim. Toidu jaoks kasutatakse v\u00e4ikeseid, aromaatseid, pikantse maitsega lehti. Seemned t\u00e4rkavad 2\u20133 p\u00e4eva jooksul. Selleks, et salatkressi oleks pidevalt, k\u00fclvatakse seda iga 7\u201314 p\u00e4eva m\u00f6\u00f6dumisel. 1 g \u2013 umbes 400\u2013500 seemet.<\/p>\n","protected":false},"excerpt":{"rendered":"<p>Salatkress Common on \u00fcheaastane rohttaim, kergesti kasvatatav ja v\u00e4ga kiiresti kasvav taim. Toidu jaoks kasutatakse v\u00e4ikeseid, aromaatseid, pikantse maitsega lehti. Seemned t\u00e4rkavad 2\u20133 p\u00e4eva jooksul. Selleks, et salatkressi oleks pidevalt, k\u00fclvatakse seda iga 7\u201314 p\u00e4eva m\u00f6\u00f6dumisel. 1 g \u2013 umbes 400\u2013500 seemet.<\/p>\n","protected":false},"featured_media":2320734,"comment_status":"closed","ping_status":"closed","template":"","meta":{"_themeisle_gutenberg_block_has_review":false},"product_cat":[13484],"product_tag":[],"class_list":{"0":"post-1939787","1":"product","2":"type-product","3":"status-publish","4":"has-post-thumbnail","6":"product_cat-salat-spinat-ruccola","8":"first","9":"instock","10":"shipping-taxable","11":"purchasable","12":"product-type-simple"},"yoast_head":"<!-- This site is optimized with the Yoast SEO plugin v24.0 - https:\/\/yoast.com\/wordpress\/plugins\/seo\/ -->\n<title>Salatkress Common Lepidium sativum L. - Horticom.ee<\/title>\n<meta name=\"description\" content=\"Salatkress Common \u2013 kergesti kasvatatav \u00fcheaastane taim, millel on v\u00e4iksed pikantse maitsega lehed. Sobib salatiteks ja v\u00f5ileibadele.\" \/>\n<meta name=\"robots\" content=\"index, follow, max-snippet:-1, max-image-preview:large, max-video-preview:-1\" \/>\n<link rel=\"canonical\" href=\"https:\/\/horticom.ee\/e-pood\/toode\/salatkress-common-lepidium-sativum-l\/\" \/>\n<meta property=\"og:locale\" content=\"et_EE\" \/>\n<meta property=\"og:type\" content=\"article\" \/>\n<meta property=\"og:title\" content=\"Salatkress Common Lepidium sativum L. - Horticom.ee\" \/>\n<meta property=\"og:description\" content=\"Salatkress Common \u2013 kergesti kasvatatav \u00fcheaastane taim, millel on v\u00e4iksed pikantse maitsega lehed. Sobib salatiteks ja v\u00f5ileibadele.\" \/>\n<meta property=\"og:url\" content=\"https:\/\/horticom.ee\/e-pood\/toode\/salatkress-common-lepidium-sativum-l\/\" \/>\n<meta property=\"og:site_name\" content=\"Horticom.ee\" \/>\n<meta property=\"article:publisher\" content=\"https:\/\/www.facebook.com\/horticom.ee\/e-pood\" \/>\n<meta property=\"article:modified_time\" content=\"2026-04-30T00:09:49+00:00\" \/>\n<meta property=\"og:image\" content=\"https:\/\/horticom.ee\/e-pood\/wp-content\/uploads\/importedmedia\/product-1939787_0-LA1076-611x1024.jpg\" \/>\n\t<meta property=\"og:image:width\" content=\"611\" \/>\n\t<meta property=\"og:image:height\" content=\"1024\" \/>\n\t<meta property=\"og:image:type\" content=\"image\/jpeg\" \/>\n<meta name=\"twitter:card\" content=\"summary_large_image\" \/>\n<script type=\"application\/ld+json\" class=\"yoast-schema-graph\">{\"@context\":\"https:\/\/schema.org\",\"@graph\":[{\"@type\":\"WebPage\",\"@id\":\"https:\/\/horticom.ee\/e-pood\/toode\/salatkress-common-lepidium-sativum-l\/\",\"url\":\"https:\/\/horticom.ee\/e-pood\/toode\/salatkress-common-lepidium-sativum-l\/\",\"name\":\"Salatkress Common Lepidium sativum L. - Horticom.ee\",\"isPartOf\":{\"@id\":\"https:\/\/horticom.ee\/e-pood\/#website\"},\"primaryImageOfPage\":{\"@id\":\"https:\/\/horticom.ee\/e-pood\/toode\/salatkress-common-lepidium-sativum-l\/#primaryimage\"},\"image\":{\"@id\":\"https:\/\/horticom.ee\/e-pood\/toode\/salatkress-common-lepidium-sativum-l\/#primaryimage\"},\"thumbnailUrl\":\"https:\/\/horticom.ee\/e-pood\/wp-content\/uploads\/importedmedia\/product-1939787_0-LA1076.jpg\",\"datePublished\":\"2023-09-28T00:00:40+00:00\",\"dateModified\":\"2026-04-30T00:09:49+00:00\",\"description\":\"Salatkress Common \u2013 kergesti kasvatatav \u00fcheaastane taim, millel on v\u00e4iksed pikantse maitsega lehed. Sobib salatiteks ja v\u00f5ileibadele.\",\"breadcrumb\":{\"@id\":\"https:\/\/horticom.ee\/e-pood\/toode\/salatkress-common-lepidium-sativum-l\/#breadcrumb\"},\"inLanguage\":\"et\",\"potentialAction\":[{\"@type\":\"ReadAction\",\"target\":[\"https:\/\/horticom.ee\/e-pood\/toode\/salatkress-common-lepidium-sativum-l\/\"]}]},{\"@type\":\"ImageObject\",\"inLanguage\":\"et\",\"@id\":\"https:\/\/horticom.ee\/e-pood\/toode\/salatkress-common-lepidium-sativum-l\/#primaryimage\",\"url\":\"https:\/\/horticom.ee\/e-pood\/wp-content\/uploads\/importedmedia\/product-1939787_0-LA1076.jpg\",\"contentUrl\":\"https:\/\/horticom.ee\/e-pood\/wp-content\/uploads\/importedmedia\/product-1939787_0-LA1076.jpg\",\"width\":1000,\"height\":1676},{\"@type\":\"BreadcrumbList\",\"@id\":\"https:\/\/horticom.ee\/e-pood\/toode\/salatkress-common-lepidium-sativum-l\/#breadcrumb\",\"itemListElement\":[{\"@type\":\"ListItem\",\"position\":1,\"name\":\"Home\",\"item\":\"https:\/\/horticom.ee\/e-pood\/\"},{\"@type\":\"ListItem\",\"position\":2,\"name\":\"Pood\",\"item\":\"https:\/\/horticom.ee\/e-pood\/pood\/\"},{\"@type\":\"ListItem\",\"position\":3,\"name\":\"Salatkress Common Lepidium sativum L.\"}]},{\"@type\":\"WebSite\",\"@id\":\"https:\/\/horticom.ee\/e-pood\/#website\",\"url\":\"https:\/\/horticom.ee\/e-pood\/\",\"name\":\"Horticom.ee\",\"description\":\"Aianduskaubad ja kodukaubad nii harrastajatele kui professionaalidele\",\"potentialAction\":[{\"@type\":\"SearchAction\",\"target\":{\"@type\":\"EntryPoint\",\"urlTemplate\":\"https:\/\/horticom.ee\/e-pood\/?s={search_term_string}\"},\"query-input\":{\"@type\":\"PropertyValueSpecification\",\"valueRequired\":true,\"valueName\":\"search_term_string\"}}],\"inLanguage\":\"et\"}]}<\/script>\n<!-- \/ Yoast SEO plugin. -->","yoast_head_json":{"title":"Salatkress Common Lepidium sativum L. - Horticom.ee","description":"Salatkress Common \u2013 kergesti kasvatatav \u00fcheaastane taim, millel on v\u00e4iksed pikantse maitsega lehed. Sobib salatiteks ja v\u00f5ileibadele.","robots":{"index":"index","follow":"follow","max-snippet":"max-snippet:-1","max-image-preview":"max-image-preview:large","max-video-preview":"max-video-preview:-1"},"canonical":"https:\/\/horticom.ee\/e-pood\/toode\/salatkress-common-lepidium-sativum-l\/","og_locale":"et_EE","og_type":"article","og_title":"Salatkress Common Lepidium sativum L. - Horticom.ee","og_description":"Salatkress Common \u2013 kergesti kasvatatav \u00fcheaastane taim, millel on v\u00e4iksed pikantse maitsega lehed. Sobib salatiteks ja v\u00f5ileibadele.","og_url":"https:\/\/horticom.ee\/e-pood\/toode\/salatkress-common-lepidium-sativum-l\/","og_site_name":"Horticom.ee","article_publisher":"https:\/\/www.facebook.com\/horticom.ee\/e-pood","article_modified_time":"2026-04-30T00:09:49+00:00","og_image":[{"width":611,"height":1024,"url":"https:\/\/horticom.ee\/e-pood\/wp-content\/uploads\/importedmedia\/product-1939787_0-LA1076-611x1024.jpg","type":"image\/jpeg"}],"twitter_card":"summary_large_image","schema":{"@context":"https:\/\/schema.org","@graph":[{"@type":"WebPage","@id":"https:\/\/horticom.ee\/e-pood\/toode\/salatkress-common-lepidium-sativum-l\/","url":"https:\/\/horticom.ee\/e-pood\/toode\/salatkress-common-lepidium-sativum-l\/","name":"Salatkress Common Lepidium sativum L. - Horticom.ee","isPartOf":{"@id":"https:\/\/horticom.ee\/e-pood\/#website"},"primaryImageOfPage":{"@id":"https:\/\/horticom.ee\/e-pood\/toode\/salatkress-common-lepidium-sativum-l\/#primaryimage"},"image":{"@id":"https:\/\/horticom.ee\/e-pood\/toode\/salatkress-common-lepidium-sativum-l\/#primaryimage"},"thumbnailUrl":"https:\/\/horticom.ee\/e-pood\/wp-content\/uploads\/importedmedia\/product-1939787_0-LA1076.jpg","datePublished":"2023-09-28T00:00:40+00:00","dateModified":"2026-04-30T00:09:49+00:00","description":"Salatkress Common \u2013 kergesti kasvatatav \u00fcheaastane taim, millel on v\u00e4iksed pikantse maitsega lehed. Sobib salatiteks ja v\u00f5ileibadele.","breadcrumb":{"@id":"https:\/\/horticom.ee\/e-pood\/toode\/salatkress-common-lepidium-sativum-l\/#breadcrumb"},"inLanguage":"et","potentialAction":[{"@type":"ReadAction","target":["https:\/\/horticom.ee\/e-pood\/toode\/salatkress-common-lepidium-sativum-l\/"]}]},{"@type":"ImageObject","inLanguage":"et","@id":"https:\/\/horticom.ee\/e-pood\/toode\/salatkress-common-lepidium-sativum-l\/#primaryimage","url":"https:\/\/horticom.ee\/e-pood\/wp-content\/uploads\/importedmedia\/product-1939787_0-LA1076.jpg","contentUrl":"https:\/\/horticom.ee\/e-pood\/wp-content\/uploads\/importedmedia\/product-1939787_0-LA1076.jpg","width":1000,"height":1676},{"@type":"BreadcrumbList","@id":"https:\/\/horticom.ee\/e-pood\/toode\/salatkress-common-lepidium-sativum-l\/#breadcrumb","itemListElement":[{"@type":"ListItem","position":1,"name":"Home","item":"https:\/\/horticom.ee\/e-pood\/"},{"@type":"ListItem","position":2,"name":"Pood","item":"https:\/\/horticom.ee\/e-pood\/pood\/"},{"@type":"ListItem","position":3,"name":"Salatkress Common Lepidium sativum L."}]},{"@type":"WebSite","@id":"https:\/\/horticom.ee\/e-pood\/#website","url":"https:\/\/horticom.ee\/e-pood\/","name":"Horticom.ee","description":"Aianduskaubad ja kodukaubad nii harrastajatele kui professionaalidele","potentialAction":[{"@type":"SearchAction","target":{"@type":"EntryPoint","urlTemplate":"https:\/\/horticom.ee\/e-pood\/?s={search_term_string}"},"query-input":{"@type":"PropertyValueSpecification","valueRequired":true,"valueName":"search_term_string"}}],"inLanguage":"et"}]}},"_links":{"self":[{"href":"https:\/\/horticom.ee\/e-pood\/wp-json\/wp\/v2\/product\/1939787","targetHints":{"allow":["GET"]}}],"collection":[{"href":"https:\/\/horticom.ee\/e-pood\/wp-json\/wp\/v2\/product"}],"about":[{"href":"https:\/\/horticom.ee\/e-pood\/wp-json\/wp\/v2\/types\/product"}],"replies":[{"embeddable":true,"href":"https:\/\/horticom.ee\/e-pood\/wp-json\/wp\/v2\/comments?post=1939787"}],"wp:featuredmedia":[{"embeddable":true,"href":"https:\/\/horticom.ee\/e-pood\/wp-json\/wp\/v2\/media\/2320734"}],"wp:attachment":[{"href":"https:\/\/horticom.ee\/e-pood\/wp-json\/wp\/v2\/media?parent=1939787"}],"wp:term":[{"taxonomy":"product_cat","embeddable":true,"href":"https:\/\/horticom.ee\/e-pood\/wp-json\/wp\/v2\/product_cat?post=1939787"},{"taxonomy":"product_tag","embeddable":true,"href":"https:\/\/horticom.ee\/e-pood\/wp-json\/wp\/v2\/product_tag?post=1939787"}],"curies":[{"name":"wp","href":"https:\/\/api.w.org\/{rel}","templated":true}]}}