{"id":1939789,"date":"2023-09-28T03:00:40","date_gmt":"2023-09-28T00:00:40","guid":{"rendered":"https:\/\/horticom.ee\/e-pood\/toode\/habenelk-sweet-william-oeschberg-dianthus-barbatus-l\/"},"modified":"2026-04-09T03:11:19","modified_gmt":"2026-04-09T00:11:19","slug":"habenelk-sweet-william-oeschberg-dianthus-barbatus-l","status":"publish","type":"product","link":"https:\/\/horticom.ee\/e-pood\/toode\/habenelk-sweet-william-oeschberg-dianthus-barbatus-l\/","title":{"rendered":"Habenelk Sweet William Oeschbeerg &#8211; Dianthus barbatus L."},"content":{"rendered":"<p>Habenelk Oeschberg on mitmeaastane taim, kasvab kahe aastaga 50cm k\u00f5rguseks. \u00d5isik kuni 10cm l\u00e4bim\u00f5\u00f5duga ja \u00f5itsemine on pikk ning rikkalik. Seemned idanevad 8-10 p\u00e4eva. Ei ole n\u00f5udlik valguse suhtes, k\u00fclmakindel, talvel ei ole vaja katta. Kasvab h\u00e4sti viljakal, huumuserohkel pinnasel. Istutatakse lillepeenardesse, kasutatakse lillekimpudes, kestab pikka aega vees. Istutatakse r\u00fchmadena lilleaedadesse, lillepeenardesse, pottidesse.<\/p>\n","protected":false},"excerpt":{"rendered":"<p>Habenelk Oeschberg on mitmeaastane taim, kasvab kahe aastaga 50cm k\u00f5rguseks. \u00d5isik kuni 10cm l\u00e4bim\u00f5\u00f5duga ja \u00f5itsemine on pikk ning rikkalik. Seemned idanevad 8-10 p\u00e4eva. Ei ole n\u00f5udlik valguse suhtes, k\u00fclmakindel, talvel ei ole vaja katta. Kasvab h\u00e4sti viljakal, huumuserohkel pinnasel. Istutatakse lillepeenardesse, kasutatakse lillekimpudes, kestab pikka aega vees. Istutatakse r\u00fchmadena lilleaedadesse, lillepeenardesse, pottidesse.<\/p>\n","protected":false},"featured_media":2059187,"comment_status":"closed","ping_status":"closed","template":"","meta":{"_themeisle_gutenberg_block_has_review":false},"product_cat":[13511],"product_tag":[],"class_list":{"0":"post-1939789","1":"product","2":"type-product","3":"status-publish","4":"has-post-thumbnail","6":"product_cat-nelk-sametlill","8":"first","9":"instock","10":"shipping-taxable","11":"purchasable","12":"product-type-simple"},"yoast_head":"<!-- This site is optimized with the Yoast SEO plugin v24.0 - https:\/\/yoast.com\/wordpress\/plugins\/seo\/ -->\n<title>Habenelk Sweet William Oeschbeerg - Dianthus barbatus L.<\/title>\n<meta name=\"description\" content=\"Habenelk Oeschberg, mitmeaastane taim, k\u00f5rgus 50 cm. Pikk \u00f5itsemine ja rikkalikud \u00f5ied. Ei ole valguse suhtes n\u00f5udlik, k\u00fclmakindel.\" \/>\n<meta name=\"robots\" content=\"index, follow, max-snippet:-1, max-image-preview:large, max-video-preview:-1\" \/>\n<link rel=\"canonical\" href=\"https:\/\/horticom.ee\/e-pood\/toode\/habenelk-sweet-william-oeschberg-dianthus-barbatus-l\/\" \/>\n<meta property=\"og:locale\" content=\"et_EE\" \/>\n<meta property=\"og:type\" content=\"article\" \/>\n<meta property=\"og:title\" content=\"Habenelk Sweet William Oeschbeerg - Dianthus barbatus L.\" \/>\n<meta property=\"og:description\" content=\"Habenelk Oeschberg, mitmeaastane taim, k\u00f5rgus 50 cm. Pikk \u00f5itsemine ja rikkalikud \u00f5ied. Ei ole valguse suhtes n\u00f5udlik, k\u00fclmakindel.\" \/>\n<meta property=\"og:url\" content=\"https:\/\/horticom.ee\/e-pood\/toode\/habenelk-sweet-william-oeschberg-dianthus-barbatus-l\/\" \/>\n<meta property=\"og:site_name\" content=\"Horticom.ee\" \/>\n<meta property=\"article:publisher\" content=\"https:\/\/www.facebook.com\/horticom.ee\/e-pood\" \/>\n<meta property=\"article:modified_time\" content=\"2026-04-09T00:11:19+00:00\" \/>\n<meta property=\"og:image\" content=\"https:\/\/horticom.ee\/e-pood\/wp-content\/uploads\/importedmedia\/product-1939789_0-L2122.jpg\" \/>\n\t<meta property=\"og:image:width\" content=\"999\" \/>\n\t<meta property=\"og:image:height\" content=\"1067\" \/>\n\t<meta property=\"og:image:type\" content=\"image\/jpeg\" \/>\n<meta name=\"twitter:card\" content=\"summary_large_image\" \/>\n<script type=\"application\/ld+json\" class=\"yoast-schema-graph\">{\"@context\":\"https:\/\/schema.org\",\"@graph\":[{\"@type\":\"WebPage\",\"@id\":\"https:\/\/horticom.ee\/e-pood\/toode\/habenelk-sweet-william-oeschberg-dianthus-barbatus-l\/\",\"url\":\"https:\/\/horticom.ee\/e-pood\/toode\/habenelk-sweet-william-oeschberg-dianthus-barbatus-l\/\",\"name\":\"Habenelk Sweet William Oeschbeerg - Dianthus barbatus L.\",\"isPartOf\":{\"@id\":\"https:\/\/horticom.ee\/e-pood\/#website\"},\"primaryImageOfPage\":{\"@id\":\"https:\/\/horticom.ee\/e-pood\/toode\/habenelk-sweet-william-oeschberg-dianthus-barbatus-l\/#primaryimage\"},\"image\":{\"@id\":\"https:\/\/horticom.ee\/e-pood\/toode\/habenelk-sweet-william-oeschberg-dianthus-barbatus-l\/#primaryimage\"},\"thumbnailUrl\":\"https:\/\/horticom.ee\/e-pood\/wp-content\/uploads\/importedmedia\/product-1939789_0-L2122.jpg\",\"datePublished\":\"2023-09-28T00:00:40+00:00\",\"dateModified\":\"2026-04-09T00:11:19+00:00\",\"description\":\"Habenelk Oeschberg, mitmeaastane taim, k\u00f5rgus 50 cm. Pikk \u00f5itsemine ja rikkalikud \u00f5ied. Ei ole valguse suhtes n\u00f5udlik, k\u00fclmakindel.\",\"breadcrumb\":{\"@id\":\"https:\/\/horticom.ee\/e-pood\/toode\/habenelk-sweet-william-oeschberg-dianthus-barbatus-l\/#breadcrumb\"},\"inLanguage\":\"et\",\"potentialAction\":[{\"@type\":\"ReadAction\",\"target\":[\"https:\/\/horticom.ee\/e-pood\/toode\/habenelk-sweet-william-oeschberg-dianthus-barbatus-l\/\"]}]},{\"@type\":\"ImageObject\",\"inLanguage\":\"et\",\"@id\":\"https:\/\/horticom.ee\/e-pood\/toode\/habenelk-sweet-william-oeschberg-dianthus-barbatus-l\/#primaryimage\",\"url\":\"https:\/\/horticom.ee\/e-pood\/wp-content\/uploads\/importedmedia\/product-1939789_0-L2122.jpg\",\"contentUrl\":\"https:\/\/horticom.ee\/e-pood\/wp-content\/uploads\/importedmedia\/product-1939789_0-L2122.jpg\",\"width\":999,\"height\":1067,\"caption\":\"Habenelk Sweet William Oeschbeerg - Dianthus barbatus L.\"},{\"@type\":\"BreadcrumbList\",\"@id\":\"https:\/\/horticom.ee\/e-pood\/toode\/habenelk-sweet-william-oeschberg-dianthus-barbatus-l\/#breadcrumb\",\"itemListElement\":[{\"@type\":\"ListItem\",\"position\":1,\"name\":\"Home\",\"item\":\"https:\/\/horticom.ee\/e-pood\/\"},{\"@type\":\"ListItem\",\"position\":2,\"name\":\"Pood\",\"item\":\"https:\/\/horticom.ee\/e-pood\/pood\/\"},{\"@type\":\"ListItem\",\"position\":3,\"name\":\"Habenelk Sweet William Oeschbeerg &#8211; Dianthus barbatus L.\"}]},{\"@type\":\"WebSite\",\"@id\":\"https:\/\/horticom.ee\/e-pood\/#website\",\"url\":\"https:\/\/horticom.ee\/e-pood\/\",\"name\":\"Horticom.ee\",\"description\":\"Aianduskaubad ja kodukaubad nii harrastajatele kui professionaalidele\",\"potentialAction\":[{\"@type\":\"SearchAction\",\"target\":{\"@type\":\"EntryPoint\",\"urlTemplate\":\"https:\/\/horticom.ee\/e-pood\/?s={search_term_string}\"},\"query-input\":{\"@type\":\"PropertyValueSpecification\",\"valueRequired\":true,\"valueName\":\"search_term_string\"}}],\"inLanguage\":\"et\"}]}<\/script>\n<!-- \/ Yoast SEO plugin. -->","yoast_head_json":{"title":"Habenelk Sweet William Oeschbeerg - Dianthus barbatus L.","description":"Habenelk Oeschberg, mitmeaastane taim, k\u00f5rgus 50 cm. Pikk \u00f5itsemine ja rikkalikud \u00f5ied. Ei ole valguse suhtes n\u00f5udlik, k\u00fclmakindel.","robots":{"index":"index","follow":"follow","max-snippet":"max-snippet:-1","max-image-preview":"max-image-preview:large","max-video-preview":"max-video-preview:-1"},"canonical":"https:\/\/horticom.ee\/e-pood\/toode\/habenelk-sweet-william-oeschberg-dianthus-barbatus-l\/","og_locale":"et_EE","og_type":"article","og_title":"Habenelk Sweet William Oeschbeerg - Dianthus barbatus L.","og_description":"Habenelk Oeschberg, mitmeaastane taim, k\u00f5rgus 50 cm. Pikk \u00f5itsemine ja rikkalikud \u00f5ied. Ei ole valguse suhtes n\u00f5udlik, k\u00fclmakindel.","og_url":"https:\/\/horticom.ee\/e-pood\/toode\/habenelk-sweet-william-oeschberg-dianthus-barbatus-l\/","og_site_name":"Horticom.ee","article_publisher":"https:\/\/www.facebook.com\/horticom.ee\/e-pood","article_modified_time":"2026-04-09T00:11:19+00:00","og_image":[{"width":999,"height":1067,"url":"https:\/\/horticom.ee\/e-pood\/wp-content\/uploads\/importedmedia\/product-1939789_0-L2122.jpg","type":"image\/jpeg"}],"twitter_card":"summary_large_image","schema":{"@context":"https:\/\/schema.org","@graph":[{"@type":"WebPage","@id":"https:\/\/horticom.ee\/e-pood\/toode\/habenelk-sweet-william-oeschberg-dianthus-barbatus-l\/","url":"https:\/\/horticom.ee\/e-pood\/toode\/habenelk-sweet-william-oeschberg-dianthus-barbatus-l\/","name":"Habenelk Sweet William Oeschbeerg - Dianthus barbatus L.","isPartOf":{"@id":"https:\/\/horticom.ee\/e-pood\/#website"},"primaryImageOfPage":{"@id":"https:\/\/horticom.ee\/e-pood\/toode\/habenelk-sweet-william-oeschberg-dianthus-barbatus-l\/#primaryimage"},"image":{"@id":"https:\/\/horticom.ee\/e-pood\/toode\/habenelk-sweet-william-oeschberg-dianthus-barbatus-l\/#primaryimage"},"thumbnailUrl":"https:\/\/horticom.ee\/e-pood\/wp-content\/uploads\/importedmedia\/product-1939789_0-L2122.jpg","datePublished":"2023-09-28T00:00:40+00:00","dateModified":"2026-04-09T00:11:19+00:00","description":"Habenelk Oeschberg, mitmeaastane taim, k\u00f5rgus 50 cm. Pikk \u00f5itsemine ja rikkalikud \u00f5ied. Ei ole valguse suhtes n\u00f5udlik, k\u00fclmakindel.","breadcrumb":{"@id":"https:\/\/horticom.ee\/e-pood\/toode\/habenelk-sweet-william-oeschberg-dianthus-barbatus-l\/#breadcrumb"},"inLanguage":"et","potentialAction":[{"@type":"ReadAction","target":["https:\/\/horticom.ee\/e-pood\/toode\/habenelk-sweet-william-oeschberg-dianthus-barbatus-l\/"]}]},{"@type":"ImageObject","inLanguage":"et","@id":"https:\/\/horticom.ee\/e-pood\/toode\/habenelk-sweet-william-oeschberg-dianthus-barbatus-l\/#primaryimage","url":"https:\/\/horticom.ee\/e-pood\/wp-content\/uploads\/importedmedia\/product-1939789_0-L2122.jpg","contentUrl":"https:\/\/horticom.ee\/e-pood\/wp-content\/uploads\/importedmedia\/product-1939789_0-L2122.jpg","width":999,"height":1067,"caption":"Habenelk Sweet William Oeschbeerg - Dianthus barbatus L."},{"@type":"BreadcrumbList","@id":"https:\/\/horticom.ee\/e-pood\/toode\/habenelk-sweet-william-oeschberg-dianthus-barbatus-l\/#breadcrumb","itemListElement":[{"@type":"ListItem","position":1,"name":"Home","item":"https:\/\/horticom.ee\/e-pood\/"},{"@type":"ListItem","position":2,"name":"Pood","item":"https:\/\/horticom.ee\/e-pood\/pood\/"},{"@type":"ListItem","position":3,"name":"Habenelk Sweet William Oeschbeerg &#8211; Dianthus barbatus L."}]},{"@type":"WebSite","@id":"https:\/\/horticom.ee\/e-pood\/#website","url":"https:\/\/horticom.ee\/e-pood\/","name":"Horticom.ee","description":"Aianduskaubad ja kodukaubad nii harrastajatele kui professionaalidele","potentialAction":[{"@type":"SearchAction","target":{"@type":"EntryPoint","urlTemplate":"https:\/\/horticom.ee\/e-pood\/?s={search_term_string}"},"query-input":{"@type":"PropertyValueSpecification","valueRequired":true,"valueName":"search_term_string"}}],"inLanguage":"et"}]}},"_links":{"self":[{"href":"https:\/\/horticom.ee\/e-pood\/wp-json\/wp\/v2\/product\/1939789","targetHints":{"allow":["GET"]}}],"collection":[{"href":"https:\/\/horticom.ee\/e-pood\/wp-json\/wp\/v2\/product"}],"about":[{"href":"https:\/\/horticom.ee\/e-pood\/wp-json\/wp\/v2\/types\/product"}],"replies":[{"embeddable":true,"href":"https:\/\/horticom.ee\/e-pood\/wp-json\/wp\/v2\/comments?post=1939789"}],"wp:featuredmedia":[{"embeddable":true,"href":"https:\/\/horticom.ee\/e-pood\/wp-json\/wp\/v2\/media\/2059187"}],"wp:attachment":[{"href":"https:\/\/horticom.ee\/e-pood\/wp-json\/wp\/v2\/media?parent=1939789"}],"wp:term":[{"taxonomy":"product_cat","embeddable":true,"href":"https:\/\/horticom.ee\/e-pood\/wp-json\/wp\/v2\/product_cat?post=1939789"},{"taxonomy":"product_tag","embeddable":true,"href":"https:\/\/horticom.ee\/e-pood\/wp-json\/wp\/v2\/product_tag?post=1939789"}],"curies":[{"name":"wp","href":"https:\/\/api.w.org\/{rel}","templated":true}]}}