{"id":1961189,"date":"2023-10-26T14:00:42","date_gmt":"2023-10-26T11:00:42","guid":{"rendered":"https:\/\/horticom.ee\/e-pood\/toode\/olikuunal-paberkaanega-ca-110h\/"},"modified":"2026-04-19T03:11:11","modified_gmt":"2026-04-19T00:11:11","slug":"olikuunal-paberkaanega-ca-110h","status":"publish","type":"product","link":"https:\/\/horticom.ee\/e-pood\/toode\/olikuunal-paberkaanega-ca-110h\/","title":{"rendered":"\u00d5lik\u00fc\u00fcnal paberkaanega ca 110h"},"content":{"rendered":"<p>Pika p\u00f5lemisajaga \u00f5lik\u00fc\u00fcnal sobib ideaalselt kalmulaternatesse (h 14 cm). P\u00f5lemisaeg ca 4,5 p\u00e4eva.<br \/>\nSobib p\u00f5letamiseks ainult v\u00e4listingimustes.<br \/>\nKoostis: parafiin + steariin<\/p>\n","protected":false},"excerpt":{"rendered":"<p>Pika p\u00f5lemisajaga \u00f5lik\u00fc\u00fcnal sobib ideaalselt kalmulaternatesse (h 14 cm). P\u00f5lemisaeg ca 4,5 p\u00e4eva. Sobib p\u00f5letamiseks ainult v\u00e4listingimustes. Koostis: parafiin + steariin<\/p>\n","protected":false},"featured_media":1961590,"comment_status":"closed","ping_status":"closed","template":"","meta":{"_themeisle_gutenberg_block_has_review":false},"product_cat":[13458,13447],"product_tag":[],"class_list":{"0":"post-1961189","1":"product","2":"type-product","3":"status-publish","4":"has-post-thumbnail","6":"product_cat-hauakuunlad","7":"product_cat-ouekuunlad","9":"first","10":"instock","11":"shipping-taxable","12":"purchasable","13":"product-type-simple"},"yoast_head":"<!-- This site is optimized with the Yoast SEO plugin v24.0 - https:\/\/yoast.com\/wordpress\/plugins\/seo\/ -->\n<title>\u00d5lik\u00fc\u00fcnal paberkaanega ca 110h - Horticom.ee\/e-pood<\/title>\n<meta name=\"description\" content=\"\u00d5lik\u00fc\u00fcnal paberkaanega on pika p\u00f5lemisajaga k\u00fc\u00fcnal, mis sobib ideaalselt kalmulaternatesse. P\u00f5lemisaeg keskmiselt 4,5 p\u00e4eva.\" \/>\n<meta name=\"robots\" content=\"index, follow, max-snippet:-1, max-image-preview:large, max-video-preview:-1\" \/>\n<link rel=\"canonical\" href=\"https:\/\/horticom.ee\/e-pood\/toode\/olikuunal-paberkaanega-ca-110h\/\" \/>\n<meta property=\"og:locale\" content=\"et_EE\" \/>\n<meta property=\"og:type\" content=\"article\" \/>\n<meta property=\"og:title\" content=\"\u00d5lik\u00fc\u00fcnal paberkaanega ca 110h - Horticom.ee\/e-pood\" \/>\n<meta property=\"og:description\" content=\"\u00d5lik\u00fc\u00fcnal paberkaanega on pika p\u00f5lemisajaga k\u00fc\u00fcnal, mis sobib ideaalselt kalmulaternatesse. P\u00f5lemisaeg keskmiselt 4,5 p\u00e4eva.\" \/>\n<meta property=\"og:url\" content=\"https:\/\/horticom.ee\/e-pood\/toode\/olikuunal-paberkaanega-ca-110h\/\" \/>\n<meta property=\"og:site_name\" content=\"Horticom.ee\" \/>\n<meta property=\"article:publisher\" content=\"https:\/\/www.facebook.com\/horticom.ee\/e-pood\" \/>\n<meta property=\"article:modified_time\" content=\"2026-04-19T00:11:11+00:00\" \/>\n<meta property=\"og:image\" content=\"https:\/\/horticom.ee\/e-pood\/wp-content\/uploads\/importedmedia\/product-1961189_0-690017_B.jpg\" \/>\n\t<meta property=\"og:image:width\" content=\"999\" \/>\n\t<meta property=\"og:image:height\" content=\"1089\" \/>\n\t<meta property=\"og:image:type\" content=\"image\/jpeg\" \/>\n<meta name=\"twitter:card\" content=\"summary_large_image\" \/>\n<script type=\"application\/ld+json\" class=\"yoast-schema-graph\">{\"@context\":\"https:\/\/schema.org\",\"@graph\":[{\"@type\":\"WebPage\",\"@id\":\"https:\/\/horticom.ee\/e-pood\/toode\/olikuunal-paberkaanega-ca-110h\/\",\"url\":\"https:\/\/horticom.ee\/e-pood\/toode\/olikuunal-paberkaanega-ca-110h\/\",\"name\":\"\u00d5lik\u00fc\u00fcnal paberkaanega ca 110h - Horticom.ee\/e-pood\",\"isPartOf\":{\"@id\":\"https:\/\/horticom.ee\/e-pood\/#website\"},\"primaryImageOfPage\":{\"@id\":\"https:\/\/horticom.ee\/e-pood\/toode\/olikuunal-paberkaanega-ca-110h\/#primaryimage\"},\"image\":{\"@id\":\"https:\/\/horticom.ee\/e-pood\/toode\/olikuunal-paberkaanega-ca-110h\/#primaryimage\"},\"thumbnailUrl\":\"https:\/\/horticom.ee\/e-pood\/wp-content\/uploads\/importedmedia\/product-1961189_0-690017_B.jpg\",\"datePublished\":\"2023-10-26T11:00:42+00:00\",\"dateModified\":\"2026-04-19T00:11:11+00:00\",\"description\":\"\u00d5lik\u00fc\u00fcnal paberkaanega on pika p\u00f5lemisajaga k\u00fc\u00fcnal, mis sobib ideaalselt kalmulaternatesse. P\u00f5lemisaeg keskmiselt 4,5 p\u00e4eva.\",\"breadcrumb\":{\"@id\":\"https:\/\/horticom.ee\/e-pood\/toode\/olikuunal-paberkaanega-ca-110h\/#breadcrumb\"},\"inLanguage\":\"et\",\"potentialAction\":[{\"@type\":\"ReadAction\",\"target\":[\"https:\/\/horticom.ee\/e-pood\/toode\/olikuunal-paberkaanega-ca-110h\/\"]}]},{\"@type\":\"ImageObject\",\"inLanguage\":\"et\",\"@id\":\"https:\/\/horticom.ee\/e-pood\/toode\/olikuunal-paberkaanega-ca-110h\/#primaryimage\",\"url\":\"https:\/\/horticom.ee\/e-pood\/wp-content\/uploads\/importedmedia\/product-1961189_0-690017_B.jpg\",\"contentUrl\":\"https:\/\/horticom.ee\/e-pood\/wp-content\/uploads\/importedmedia\/product-1961189_0-690017_B.jpg\",\"width\":999,\"height\":1089,\"caption\":\"\u00d5lik\u00fc\u00fcnal paberkaanega ca 110h\"},{\"@type\":\"BreadcrumbList\",\"@id\":\"https:\/\/horticom.ee\/e-pood\/toode\/olikuunal-paberkaanega-ca-110h\/#breadcrumb\",\"itemListElement\":[{\"@type\":\"ListItem\",\"position\":1,\"name\":\"Home\",\"item\":\"https:\/\/horticom.ee\/e-pood\/\"},{\"@type\":\"ListItem\",\"position\":2,\"name\":\"Pood\",\"item\":\"https:\/\/horticom.ee\/e-pood\/pood\/\"},{\"@type\":\"ListItem\",\"position\":3,\"name\":\"\u00d5lik\u00fc\u00fcnal paberkaanega ca 110h\"}]},{\"@type\":\"WebSite\",\"@id\":\"https:\/\/horticom.ee\/e-pood\/#website\",\"url\":\"https:\/\/horticom.ee\/e-pood\/\",\"name\":\"Horticom.ee\",\"description\":\"Aianduskaubad ja kodukaubad nii harrastajatele kui professionaalidele\",\"potentialAction\":[{\"@type\":\"SearchAction\",\"target\":{\"@type\":\"EntryPoint\",\"urlTemplate\":\"https:\/\/horticom.ee\/e-pood\/?s={search_term_string}\"},\"query-input\":{\"@type\":\"PropertyValueSpecification\",\"valueRequired\":true,\"valueName\":\"search_term_string\"}}],\"inLanguage\":\"et\"}]}<\/script>\n<!-- \/ Yoast SEO plugin. -->","yoast_head_json":{"title":"\u00d5lik\u00fc\u00fcnal paberkaanega ca 110h - Horticom.ee\/e-pood","description":"\u00d5lik\u00fc\u00fcnal paberkaanega on pika p\u00f5lemisajaga k\u00fc\u00fcnal, mis sobib ideaalselt kalmulaternatesse. P\u00f5lemisaeg keskmiselt 4,5 p\u00e4eva.","robots":{"index":"index","follow":"follow","max-snippet":"max-snippet:-1","max-image-preview":"max-image-preview:large","max-video-preview":"max-video-preview:-1"},"canonical":"https:\/\/horticom.ee\/e-pood\/toode\/olikuunal-paberkaanega-ca-110h\/","og_locale":"et_EE","og_type":"article","og_title":"\u00d5lik\u00fc\u00fcnal paberkaanega ca 110h - Horticom.ee\/e-pood","og_description":"\u00d5lik\u00fc\u00fcnal paberkaanega on pika p\u00f5lemisajaga k\u00fc\u00fcnal, mis sobib ideaalselt kalmulaternatesse. P\u00f5lemisaeg keskmiselt 4,5 p\u00e4eva.","og_url":"https:\/\/horticom.ee\/e-pood\/toode\/olikuunal-paberkaanega-ca-110h\/","og_site_name":"Horticom.ee","article_publisher":"https:\/\/www.facebook.com\/horticom.ee\/e-pood","article_modified_time":"2026-04-19T00:11:11+00:00","og_image":[{"width":999,"height":1089,"url":"https:\/\/horticom.ee\/e-pood\/wp-content\/uploads\/importedmedia\/product-1961189_0-690017_B.jpg","type":"image\/jpeg"}],"twitter_card":"summary_large_image","schema":{"@context":"https:\/\/schema.org","@graph":[{"@type":"WebPage","@id":"https:\/\/horticom.ee\/e-pood\/toode\/olikuunal-paberkaanega-ca-110h\/","url":"https:\/\/horticom.ee\/e-pood\/toode\/olikuunal-paberkaanega-ca-110h\/","name":"\u00d5lik\u00fc\u00fcnal paberkaanega ca 110h - Horticom.ee\/e-pood","isPartOf":{"@id":"https:\/\/horticom.ee\/e-pood\/#website"},"primaryImageOfPage":{"@id":"https:\/\/horticom.ee\/e-pood\/toode\/olikuunal-paberkaanega-ca-110h\/#primaryimage"},"image":{"@id":"https:\/\/horticom.ee\/e-pood\/toode\/olikuunal-paberkaanega-ca-110h\/#primaryimage"},"thumbnailUrl":"https:\/\/horticom.ee\/e-pood\/wp-content\/uploads\/importedmedia\/product-1961189_0-690017_B.jpg","datePublished":"2023-10-26T11:00:42+00:00","dateModified":"2026-04-19T00:11:11+00:00","description":"\u00d5lik\u00fc\u00fcnal paberkaanega on pika p\u00f5lemisajaga k\u00fc\u00fcnal, mis sobib ideaalselt kalmulaternatesse. P\u00f5lemisaeg keskmiselt 4,5 p\u00e4eva.","breadcrumb":{"@id":"https:\/\/horticom.ee\/e-pood\/toode\/olikuunal-paberkaanega-ca-110h\/#breadcrumb"},"inLanguage":"et","potentialAction":[{"@type":"ReadAction","target":["https:\/\/horticom.ee\/e-pood\/toode\/olikuunal-paberkaanega-ca-110h\/"]}]},{"@type":"ImageObject","inLanguage":"et","@id":"https:\/\/horticom.ee\/e-pood\/toode\/olikuunal-paberkaanega-ca-110h\/#primaryimage","url":"https:\/\/horticom.ee\/e-pood\/wp-content\/uploads\/importedmedia\/product-1961189_0-690017_B.jpg","contentUrl":"https:\/\/horticom.ee\/e-pood\/wp-content\/uploads\/importedmedia\/product-1961189_0-690017_B.jpg","width":999,"height":1089,"caption":"\u00d5lik\u00fc\u00fcnal paberkaanega ca 110h"},{"@type":"BreadcrumbList","@id":"https:\/\/horticom.ee\/e-pood\/toode\/olikuunal-paberkaanega-ca-110h\/#breadcrumb","itemListElement":[{"@type":"ListItem","position":1,"name":"Home","item":"https:\/\/horticom.ee\/e-pood\/"},{"@type":"ListItem","position":2,"name":"Pood","item":"https:\/\/horticom.ee\/e-pood\/pood\/"},{"@type":"ListItem","position":3,"name":"\u00d5lik\u00fc\u00fcnal paberkaanega ca 110h"}]},{"@type":"WebSite","@id":"https:\/\/horticom.ee\/e-pood\/#website","url":"https:\/\/horticom.ee\/e-pood\/","name":"Horticom.ee","description":"Aianduskaubad ja kodukaubad nii harrastajatele kui professionaalidele","potentialAction":[{"@type":"SearchAction","target":{"@type":"EntryPoint","urlTemplate":"https:\/\/horticom.ee\/e-pood\/?s={search_term_string}"},"query-input":{"@type":"PropertyValueSpecification","valueRequired":true,"valueName":"search_term_string"}}],"inLanguage":"et"}]}},"_links":{"self":[{"href":"https:\/\/horticom.ee\/e-pood\/wp-json\/wp\/v2\/product\/1961189","targetHints":{"allow":["GET"]}}],"collection":[{"href":"https:\/\/horticom.ee\/e-pood\/wp-json\/wp\/v2\/product"}],"about":[{"href":"https:\/\/horticom.ee\/e-pood\/wp-json\/wp\/v2\/types\/product"}],"replies":[{"embeddable":true,"href":"https:\/\/horticom.ee\/e-pood\/wp-json\/wp\/v2\/comments?post=1961189"}],"wp:featuredmedia":[{"embeddable":true,"href":"https:\/\/horticom.ee\/e-pood\/wp-json\/wp\/v2\/media\/1961590"}],"wp:attachment":[{"href":"https:\/\/horticom.ee\/e-pood\/wp-json\/wp\/v2\/media?parent=1961189"}],"wp:term":[{"taxonomy":"product_cat","embeddable":true,"href":"https:\/\/horticom.ee\/e-pood\/wp-json\/wp\/v2\/product_cat?post=1961189"},{"taxonomy":"product_tag","embeddable":true,"href":"https:\/\/horticom.ee\/e-pood\/wp-json\/wp\/v2\/product_tag?post=1961189"}],"curies":[{"name":"wp","href":"https:\/\/api.w.org\/{rel}","templated":true}]}}