{"id":1961195,"date":"2023-10-26T14:00:47","date_gmt":"2023-10-26T11:00:47","guid":{"rendered":"https:\/\/horticom.ee\/e-pood\/toode\/kalmukuunal-kuldse-kaanega-ca-24h-punane-6tk-pakis\/"},"modified":"2026-04-06T03:13:14","modified_gmt":"2026-04-06T00:13:14","slug":"kalmukuunal-kuldse-kaanega-ca-24h-punane-6tk-pakis","status":"publish","type":"product","link":"https:\/\/horticom.ee\/e-pood\/toode\/kalmukuunal-kuldse-kaanega-ca-24h-punane-6tk-pakis\/","title":{"rendered":"Kalmuk\u00fc\u00fcnal kuldse kaanega ca 24h punane 6tk\/pakis"},"content":{"rendered":"<p>Kaanega madalam kalmuk\u00fc\u00fcnal on kaitstud vihma, tuule eest.<br \/>\nP\u00f5lemisaeg ca 24h. Pakis 6tk.<br \/>\nSobib p\u00f5letamiseks ainult v\u00e4listingimustes.<br \/>\nKoostis: parafiin + steariin<\/p>\n","protected":false},"excerpt":{"rendered":"<p>Kaanega madalam kalmuk\u00fc\u00fcnal on kaitstud vihma, tuule eest. P\u00f5lemisaeg ca 24h. Pakis 6tk. Sobib p\u00f5letamiseks ainult v\u00e4listingimustes. Koostis: parafiin + steariin<\/p>\n","protected":false},"featured_media":2379792,"comment_status":"closed","ping_status":"closed","template":"","meta":{"_themeisle_gutenberg_block_has_review":false},"product_cat":[13458],"product_tag":[],"class_list":{"0":"post-1961195","1":"product","2":"type-product","3":"status-publish","4":"has-post-thumbnail","6":"product_cat-hauakuunlad","8":"first","9":"instock","10":"shipping-taxable","11":"purchasable","12":"product-type-simple"},"yoast_head":"<!-- This site is optimized with the Yoast SEO plugin v24.0 - https:\/\/yoast.com\/wordpress\/plugins\/seo\/ -->\n<title>Kalmuk\u00fc\u00fcnal kuldse kaanega ca 24h punane 6tk\/pakis - Horticom<\/title>\n<meta name=\"robots\" content=\"index, follow, max-snippet:-1, max-image-preview:large, max-video-preview:-1\" \/>\n<link rel=\"canonical\" href=\"https:\/\/horticom.ee\/e-pood\/toode\/kalmukuunal-kuldse-kaanega-ca-24h-punane-6tk-pakis\/\" \/>\n<meta property=\"og:locale\" content=\"et_EE\" \/>\n<meta property=\"og:type\" content=\"article\" \/>\n<meta property=\"og:title\" content=\"Kalmuk\u00fc\u00fcnal kuldse kaanega ca 24h punane 6tk\/pakis - Horticom\" \/>\n<meta property=\"og:description\" content=\"Kaanega madalam kalmuk\u00fc\u00fcnal on kaitstud vihma, tuule eest. P\u00f5lemisaeg ca 24h. Pakis 6tk. Sobib p\u00f5letamiseks ainult v\u00e4listingimustes. Koostis: parafiin + steariin\" \/>\n<meta property=\"og:url\" content=\"https:\/\/horticom.ee\/e-pood\/toode\/kalmukuunal-kuldse-kaanega-ca-24h-punane-6tk-pakis\/\" \/>\n<meta property=\"og:site_name\" content=\"Horticom.ee\" \/>\n<meta property=\"article:publisher\" content=\"https:\/\/www.facebook.com\/horticom.ee\/e-pood\" \/>\n<meta property=\"article:modified_time\" content=\"2026-04-06T00:13:14+00:00\" \/>\n<meta property=\"og:image\" content=\"https:\/\/horticom.ee\/e-pood\/wp-content\/uploads\/importedmedia\/product-1961195_0-695011.jpg\" \/>\n\t<meta property=\"og:image:width\" content=\"1000\" \/>\n\t<meta property=\"og:image:height\" content=\"750\" \/>\n\t<meta property=\"og:image:type\" content=\"image\/jpeg\" \/>\n<meta name=\"twitter:card\" content=\"summary_large_image\" \/>\n<script type=\"application\/ld+json\" class=\"yoast-schema-graph\">{\"@context\":\"https:\/\/schema.org\",\"@graph\":[{\"@type\":\"WebPage\",\"@id\":\"https:\/\/horticom.ee\/e-pood\/toode\/kalmukuunal-kuldse-kaanega-ca-24h-punane-6tk-pakis\/\",\"url\":\"https:\/\/horticom.ee\/e-pood\/toode\/kalmukuunal-kuldse-kaanega-ca-24h-punane-6tk-pakis\/\",\"name\":\"Kalmuk\u00fc\u00fcnal kuldse kaanega ca 24h punane 6tk\/pakis - Horticom\",\"isPartOf\":{\"@id\":\"https:\/\/horticom.ee\/e-pood\/#website\"},\"primaryImageOfPage\":{\"@id\":\"https:\/\/horticom.ee\/e-pood\/toode\/kalmukuunal-kuldse-kaanega-ca-24h-punane-6tk-pakis\/#primaryimage\"},\"image\":{\"@id\":\"https:\/\/horticom.ee\/e-pood\/toode\/kalmukuunal-kuldse-kaanega-ca-24h-punane-6tk-pakis\/#primaryimage\"},\"thumbnailUrl\":\"https:\/\/horticom.ee\/e-pood\/wp-content\/uploads\/importedmedia\/product-1961195_0-695011.jpg\",\"datePublished\":\"2023-10-26T11:00:47+00:00\",\"dateModified\":\"2026-04-06T00:13:14+00:00\",\"breadcrumb\":{\"@id\":\"https:\/\/horticom.ee\/e-pood\/toode\/kalmukuunal-kuldse-kaanega-ca-24h-punane-6tk-pakis\/#breadcrumb\"},\"inLanguage\":\"et\",\"potentialAction\":[{\"@type\":\"ReadAction\",\"target\":[\"https:\/\/horticom.ee\/e-pood\/toode\/kalmukuunal-kuldse-kaanega-ca-24h-punane-6tk-pakis\/\"]}]},{\"@type\":\"ImageObject\",\"inLanguage\":\"et\",\"@id\":\"https:\/\/horticom.ee\/e-pood\/toode\/kalmukuunal-kuldse-kaanega-ca-24h-punane-6tk-pakis\/#primaryimage\",\"url\":\"https:\/\/horticom.ee\/e-pood\/wp-content\/uploads\/importedmedia\/product-1961195_0-695011.jpg\",\"contentUrl\":\"https:\/\/horticom.ee\/e-pood\/wp-content\/uploads\/importedmedia\/product-1961195_0-695011.jpg\",\"width\":1000,\"height\":750},{\"@type\":\"BreadcrumbList\",\"@id\":\"https:\/\/horticom.ee\/e-pood\/toode\/kalmukuunal-kuldse-kaanega-ca-24h-punane-6tk-pakis\/#breadcrumb\",\"itemListElement\":[{\"@type\":\"ListItem\",\"position\":1,\"name\":\"Home\",\"item\":\"https:\/\/horticom.ee\/e-pood\/\"},{\"@type\":\"ListItem\",\"position\":2,\"name\":\"Pood\",\"item\":\"https:\/\/horticom.ee\/e-pood\/pood\/\"},{\"@type\":\"ListItem\",\"position\":3,\"name\":\"Kalmuk\u00fc\u00fcnal kuldse kaanega ca 24h punane 6tk\/pakis\"}]},{\"@type\":\"WebSite\",\"@id\":\"https:\/\/horticom.ee\/e-pood\/#website\",\"url\":\"https:\/\/horticom.ee\/e-pood\/\",\"name\":\"Horticom.ee\",\"description\":\"Aianduskaubad ja kodukaubad nii harrastajatele kui professionaalidele\",\"potentialAction\":[{\"@type\":\"SearchAction\",\"target\":{\"@type\":\"EntryPoint\",\"urlTemplate\":\"https:\/\/horticom.ee\/e-pood\/?s={search_term_string}\"},\"query-input\":{\"@type\":\"PropertyValueSpecification\",\"valueRequired\":true,\"valueName\":\"search_term_string\"}}],\"inLanguage\":\"et\"}]}<\/script>\n<!-- \/ Yoast SEO plugin. -->","yoast_head_json":{"title":"Kalmuk\u00fc\u00fcnal kuldse kaanega ca 24h punane 6tk\/pakis - Horticom","robots":{"index":"index","follow":"follow","max-snippet":"max-snippet:-1","max-image-preview":"max-image-preview:large","max-video-preview":"max-video-preview:-1"},"canonical":"https:\/\/horticom.ee\/e-pood\/toode\/kalmukuunal-kuldse-kaanega-ca-24h-punane-6tk-pakis\/","og_locale":"et_EE","og_type":"article","og_title":"Kalmuk\u00fc\u00fcnal kuldse kaanega ca 24h punane 6tk\/pakis - Horticom","og_description":"Kaanega madalam kalmuk\u00fc\u00fcnal on kaitstud vihma, tuule eest. P\u00f5lemisaeg ca 24h. Pakis 6tk. Sobib p\u00f5letamiseks ainult v\u00e4listingimustes. Koostis: parafiin + steariin","og_url":"https:\/\/horticom.ee\/e-pood\/toode\/kalmukuunal-kuldse-kaanega-ca-24h-punane-6tk-pakis\/","og_site_name":"Horticom.ee","article_publisher":"https:\/\/www.facebook.com\/horticom.ee\/e-pood","article_modified_time":"2026-04-06T00:13:14+00:00","og_image":[{"width":1000,"height":750,"url":"https:\/\/horticom.ee\/e-pood\/wp-content\/uploads\/importedmedia\/product-1961195_0-695011.jpg","type":"image\/jpeg"}],"twitter_card":"summary_large_image","schema":{"@context":"https:\/\/schema.org","@graph":[{"@type":"WebPage","@id":"https:\/\/horticom.ee\/e-pood\/toode\/kalmukuunal-kuldse-kaanega-ca-24h-punane-6tk-pakis\/","url":"https:\/\/horticom.ee\/e-pood\/toode\/kalmukuunal-kuldse-kaanega-ca-24h-punane-6tk-pakis\/","name":"Kalmuk\u00fc\u00fcnal kuldse kaanega ca 24h punane 6tk\/pakis - Horticom","isPartOf":{"@id":"https:\/\/horticom.ee\/e-pood\/#website"},"primaryImageOfPage":{"@id":"https:\/\/horticom.ee\/e-pood\/toode\/kalmukuunal-kuldse-kaanega-ca-24h-punane-6tk-pakis\/#primaryimage"},"image":{"@id":"https:\/\/horticom.ee\/e-pood\/toode\/kalmukuunal-kuldse-kaanega-ca-24h-punane-6tk-pakis\/#primaryimage"},"thumbnailUrl":"https:\/\/horticom.ee\/e-pood\/wp-content\/uploads\/importedmedia\/product-1961195_0-695011.jpg","datePublished":"2023-10-26T11:00:47+00:00","dateModified":"2026-04-06T00:13:14+00:00","breadcrumb":{"@id":"https:\/\/horticom.ee\/e-pood\/toode\/kalmukuunal-kuldse-kaanega-ca-24h-punane-6tk-pakis\/#breadcrumb"},"inLanguage":"et","potentialAction":[{"@type":"ReadAction","target":["https:\/\/horticom.ee\/e-pood\/toode\/kalmukuunal-kuldse-kaanega-ca-24h-punane-6tk-pakis\/"]}]},{"@type":"ImageObject","inLanguage":"et","@id":"https:\/\/horticom.ee\/e-pood\/toode\/kalmukuunal-kuldse-kaanega-ca-24h-punane-6tk-pakis\/#primaryimage","url":"https:\/\/horticom.ee\/e-pood\/wp-content\/uploads\/importedmedia\/product-1961195_0-695011.jpg","contentUrl":"https:\/\/horticom.ee\/e-pood\/wp-content\/uploads\/importedmedia\/product-1961195_0-695011.jpg","width":1000,"height":750},{"@type":"BreadcrumbList","@id":"https:\/\/horticom.ee\/e-pood\/toode\/kalmukuunal-kuldse-kaanega-ca-24h-punane-6tk-pakis\/#breadcrumb","itemListElement":[{"@type":"ListItem","position":1,"name":"Home","item":"https:\/\/horticom.ee\/e-pood\/"},{"@type":"ListItem","position":2,"name":"Pood","item":"https:\/\/horticom.ee\/e-pood\/pood\/"},{"@type":"ListItem","position":3,"name":"Kalmuk\u00fc\u00fcnal kuldse kaanega ca 24h punane 6tk\/pakis"}]},{"@type":"WebSite","@id":"https:\/\/horticom.ee\/e-pood\/#website","url":"https:\/\/horticom.ee\/e-pood\/","name":"Horticom.ee","description":"Aianduskaubad ja kodukaubad nii harrastajatele kui professionaalidele","potentialAction":[{"@type":"SearchAction","target":{"@type":"EntryPoint","urlTemplate":"https:\/\/horticom.ee\/e-pood\/?s={search_term_string}"},"query-input":{"@type":"PropertyValueSpecification","valueRequired":true,"valueName":"search_term_string"}}],"inLanguage":"et"}]}},"_links":{"self":[{"href":"https:\/\/horticom.ee\/e-pood\/wp-json\/wp\/v2\/product\/1961195","targetHints":{"allow":["GET"]}}],"collection":[{"href":"https:\/\/horticom.ee\/e-pood\/wp-json\/wp\/v2\/product"}],"about":[{"href":"https:\/\/horticom.ee\/e-pood\/wp-json\/wp\/v2\/types\/product"}],"replies":[{"embeddable":true,"href":"https:\/\/horticom.ee\/e-pood\/wp-json\/wp\/v2\/comments?post=1961195"}],"wp:featuredmedia":[{"embeddable":true,"href":"https:\/\/horticom.ee\/e-pood\/wp-json\/wp\/v2\/media\/2379792"}],"wp:attachment":[{"href":"https:\/\/horticom.ee\/e-pood\/wp-json\/wp\/v2\/media?parent=1961195"}],"wp:term":[{"taxonomy":"product_cat","embeddable":true,"href":"https:\/\/horticom.ee\/e-pood\/wp-json\/wp\/v2\/product_cat?post=1961195"},{"taxonomy":"product_tag","embeddable":true,"href":"https:\/\/horticom.ee\/e-pood\/wp-json\/wp\/v2\/product_tag?post=1961195"}],"curies":[{"name":"wp","href":"https:\/\/api.w.org\/{rel}","templated":true}]}}