{"id":2023382,"date":"2024-01-02T03:00:48","date_gmt":"2024-01-02T01:00:48","guid":{"rendered":"https:\/\/horticom.ee\/e-pood\/toode\/spetsiaalne-rodulillede-muld-hudrogeeliga-compo-50l\/"},"modified":"2026-04-15T03:12:16","modified_gmt":"2026-04-15T00:12:16","slug":"spetsiaalne-rodulillede-muld-hudrogeeliga-compo-50l","status":"publish","type":"product","link":"https:\/\/horticom.ee\/e-pood\/toode\/spetsiaalne-rodulillede-muld-hudrogeeliga-compo-50l\/","title":{"rendered":"Spetsiaalne r\u00f5dulillede muld h\u00fcdrogeeliga Compo 50L"},"content":{"rendered":"<p>Sisaldab kvaliteetset haigusvaba k\u00f5rgsoo turvast, juurekasvu aktivaatorit Agrosil\u00ae. Taimed on toitainetega varustatud kuni 12 n\u00e4dalat. Sobiva struktuuri annab looduslik perliit. Muld on toitaineterikas ja \u00f5hulise struktuuriga, hea vee imamisv\u00f5imega, sobides eriti h\u00e4sti \u00f5itsvate taimede kasvatamiseks.<\/p>\n","protected":false},"excerpt":{"rendered":"<p>Sisaldab kvaliteetset haigusvaba k\u00f5rgsoo turvast, juurekasvu aktivaatorit Agrosil\u00ae. Taimed on toitainetega varustatud kuni 12 n\u00e4dalat. Sobiva struktuuri annab looduslik perliit. Muld on toitaineterikas ja \u00f5hulise struktuuriga, hea vee imamisv\u00f5imega, sobides eriti h\u00e4sti \u00f5itsvate taimede kasvatamiseks.<\/p>\n","protected":false},"featured_media":2377872,"comment_status":"closed","ping_status":"closed","template":"","meta":{"_themeisle_gutenberg_block_has_review":false},"product_cat":[13575],"product_tag":[],"class_list":{"0":"post-2023382","1":"product","2":"type-product","3":"status-publish","4":"has-post-thumbnail","6":"product_cat-mullad-ja-turbad","8":"first","9":"instock","10":"shipping-taxable","11":"purchasable","12":"product-type-simple"},"yoast_head":"<!-- This site is optimized with the Yoast SEO plugin v24.0 - https:\/\/yoast.com\/wordpress\/plugins\/seo\/ -->\n<title>Spetsiaalne r\u00f5dulillede muld h\u00fcdrogeeliga Compo 50L - Horticom<\/title>\n<meta name=\"robots\" content=\"index, follow, max-snippet:-1, max-image-preview:large, max-video-preview:-1\" \/>\n<link rel=\"canonical\" href=\"https:\/\/horticom.ee\/e-pood\/toode\/spetsiaalne-rodulillede-muld-hudrogeeliga-compo-50l\/\" \/>\n<meta property=\"og:locale\" content=\"et_EE\" \/>\n<meta property=\"og:type\" content=\"article\" \/>\n<meta property=\"og:title\" content=\"Spetsiaalne r\u00f5dulillede muld h\u00fcdrogeeliga Compo 50L - Horticom\" \/>\n<meta property=\"og:description\" content=\"Sisaldab kvaliteetset haigusvaba k\u00f5rgsoo turvast, juurekasvu aktivaatorit Agrosil\u00ae. Taimed on toitainetega varustatud kuni 12 n\u00e4dalat. Sobiva struktuuri annab looduslik perliit. Muld on toitaineterikas ja \u00f5hulise struktuuriga, hea vee imamisv\u00f5imega, sobides eriti h\u00e4sti \u00f5itsvate taimede kasvatamiseks.\" \/>\n<meta property=\"og:url\" content=\"https:\/\/horticom.ee\/e-pood\/toode\/spetsiaalne-rodulillede-muld-hudrogeeliga-compo-50l\/\" \/>\n<meta property=\"og:site_name\" content=\"Horticom.ee\" \/>\n<meta property=\"article:publisher\" content=\"https:\/\/www.facebook.com\/horticom.ee\/e-pood\" \/>\n<meta property=\"article:modified_time\" content=\"2026-04-15T00:12:16+00:00\" \/>\n<meta property=\"og:image\" content=\"https:\/\/horticom.ee\/e-pood\/wp-content\/uploads\/importedmedia\/product-2023382_0-670226.jpg\" \/>\n\t<meta property=\"og:image:width\" content=\"1000\" \/>\n\t<meta property=\"og:image:height\" content=\"1414\" \/>\n\t<meta property=\"og:image:type\" content=\"image\/jpeg\" \/>\n<meta name=\"twitter:card\" content=\"summary_large_image\" \/>\n<script type=\"application\/ld+json\" class=\"yoast-schema-graph\">{\"@context\":\"https:\/\/schema.org\",\"@graph\":[{\"@type\":\"WebPage\",\"@id\":\"https:\/\/horticom.ee\/e-pood\/toode\/spetsiaalne-rodulillede-muld-hudrogeeliga-compo-50l\/\",\"url\":\"https:\/\/horticom.ee\/e-pood\/toode\/spetsiaalne-rodulillede-muld-hudrogeeliga-compo-50l\/\",\"name\":\"Spetsiaalne r\u00f5dulillede muld h\u00fcdrogeeliga Compo 50L - Horticom\",\"isPartOf\":{\"@id\":\"https:\/\/horticom.ee\/e-pood\/#website\"},\"primaryImageOfPage\":{\"@id\":\"https:\/\/horticom.ee\/e-pood\/toode\/spetsiaalne-rodulillede-muld-hudrogeeliga-compo-50l\/#primaryimage\"},\"image\":{\"@id\":\"https:\/\/horticom.ee\/e-pood\/toode\/spetsiaalne-rodulillede-muld-hudrogeeliga-compo-50l\/#primaryimage\"},\"thumbnailUrl\":\"https:\/\/horticom.ee\/e-pood\/wp-content\/uploads\/importedmedia\/product-2023382_0-670226.jpg\",\"datePublished\":\"2024-01-02T01:00:48+00:00\",\"dateModified\":\"2026-04-15T00:12:16+00:00\",\"breadcrumb\":{\"@id\":\"https:\/\/horticom.ee\/e-pood\/toode\/spetsiaalne-rodulillede-muld-hudrogeeliga-compo-50l\/#breadcrumb\"},\"inLanguage\":\"et\",\"potentialAction\":[{\"@type\":\"ReadAction\",\"target\":[\"https:\/\/horticom.ee\/e-pood\/toode\/spetsiaalne-rodulillede-muld-hudrogeeliga-compo-50l\/\"]}]},{\"@type\":\"ImageObject\",\"inLanguage\":\"et\",\"@id\":\"https:\/\/horticom.ee\/e-pood\/toode\/spetsiaalne-rodulillede-muld-hudrogeeliga-compo-50l\/#primaryimage\",\"url\":\"https:\/\/horticom.ee\/e-pood\/wp-content\/uploads\/importedmedia\/product-2023382_0-670226.jpg\",\"contentUrl\":\"https:\/\/horticom.ee\/e-pood\/wp-content\/uploads\/importedmedia\/product-2023382_0-670226.jpg\",\"width\":1000,\"height\":1414},{\"@type\":\"BreadcrumbList\",\"@id\":\"https:\/\/horticom.ee\/e-pood\/toode\/spetsiaalne-rodulillede-muld-hudrogeeliga-compo-50l\/#breadcrumb\",\"itemListElement\":[{\"@type\":\"ListItem\",\"position\":1,\"name\":\"Home\",\"item\":\"https:\/\/horticom.ee\/e-pood\/\"},{\"@type\":\"ListItem\",\"position\":2,\"name\":\"Pood\",\"item\":\"https:\/\/horticom.ee\/e-pood\/pood\/\"},{\"@type\":\"ListItem\",\"position\":3,\"name\":\"Spetsiaalne r\u00f5dulillede muld h\u00fcdrogeeliga Compo 50L\"}]},{\"@type\":\"WebSite\",\"@id\":\"https:\/\/horticom.ee\/e-pood\/#website\",\"url\":\"https:\/\/horticom.ee\/e-pood\/\",\"name\":\"Horticom.ee\",\"description\":\"Aianduskaubad ja kodukaubad nii harrastajatele kui professionaalidele\",\"potentialAction\":[{\"@type\":\"SearchAction\",\"target\":{\"@type\":\"EntryPoint\",\"urlTemplate\":\"https:\/\/horticom.ee\/e-pood\/?s={search_term_string}\"},\"query-input\":{\"@type\":\"PropertyValueSpecification\",\"valueRequired\":true,\"valueName\":\"search_term_string\"}}],\"inLanguage\":\"et\"}]}<\/script>\n<!-- \/ Yoast SEO plugin. -->","yoast_head_json":{"title":"Spetsiaalne r\u00f5dulillede muld h\u00fcdrogeeliga Compo 50L - Horticom","robots":{"index":"index","follow":"follow","max-snippet":"max-snippet:-1","max-image-preview":"max-image-preview:large","max-video-preview":"max-video-preview:-1"},"canonical":"https:\/\/horticom.ee\/e-pood\/toode\/spetsiaalne-rodulillede-muld-hudrogeeliga-compo-50l\/","og_locale":"et_EE","og_type":"article","og_title":"Spetsiaalne r\u00f5dulillede muld h\u00fcdrogeeliga Compo 50L - Horticom","og_description":"Sisaldab kvaliteetset haigusvaba k\u00f5rgsoo turvast, juurekasvu aktivaatorit Agrosil\u00ae. Taimed on toitainetega varustatud kuni 12 n\u00e4dalat. Sobiva struktuuri annab looduslik perliit. Muld on toitaineterikas ja \u00f5hulise struktuuriga, hea vee imamisv\u00f5imega, sobides eriti h\u00e4sti \u00f5itsvate taimede kasvatamiseks.","og_url":"https:\/\/horticom.ee\/e-pood\/toode\/spetsiaalne-rodulillede-muld-hudrogeeliga-compo-50l\/","og_site_name":"Horticom.ee","article_publisher":"https:\/\/www.facebook.com\/horticom.ee\/e-pood","article_modified_time":"2026-04-15T00:12:16+00:00","og_image":[{"width":1000,"height":1414,"url":"https:\/\/horticom.ee\/e-pood\/wp-content\/uploads\/importedmedia\/product-2023382_0-670226.jpg","type":"image\/jpeg"}],"twitter_card":"summary_large_image","schema":{"@context":"https:\/\/schema.org","@graph":[{"@type":"WebPage","@id":"https:\/\/horticom.ee\/e-pood\/toode\/spetsiaalne-rodulillede-muld-hudrogeeliga-compo-50l\/","url":"https:\/\/horticom.ee\/e-pood\/toode\/spetsiaalne-rodulillede-muld-hudrogeeliga-compo-50l\/","name":"Spetsiaalne r\u00f5dulillede muld h\u00fcdrogeeliga Compo 50L - Horticom","isPartOf":{"@id":"https:\/\/horticom.ee\/e-pood\/#website"},"primaryImageOfPage":{"@id":"https:\/\/horticom.ee\/e-pood\/toode\/spetsiaalne-rodulillede-muld-hudrogeeliga-compo-50l\/#primaryimage"},"image":{"@id":"https:\/\/horticom.ee\/e-pood\/toode\/spetsiaalne-rodulillede-muld-hudrogeeliga-compo-50l\/#primaryimage"},"thumbnailUrl":"https:\/\/horticom.ee\/e-pood\/wp-content\/uploads\/importedmedia\/product-2023382_0-670226.jpg","datePublished":"2024-01-02T01:00:48+00:00","dateModified":"2026-04-15T00:12:16+00:00","breadcrumb":{"@id":"https:\/\/horticom.ee\/e-pood\/toode\/spetsiaalne-rodulillede-muld-hudrogeeliga-compo-50l\/#breadcrumb"},"inLanguage":"et","potentialAction":[{"@type":"ReadAction","target":["https:\/\/horticom.ee\/e-pood\/toode\/spetsiaalne-rodulillede-muld-hudrogeeliga-compo-50l\/"]}]},{"@type":"ImageObject","inLanguage":"et","@id":"https:\/\/horticom.ee\/e-pood\/toode\/spetsiaalne-rodulillede-muld-hudrogeeliga-compo-50l\/#primaryimage","url":"https:\/\/horticom.ee\/e-pood\/wp-content\/uploads\/importedmedia\/product-2023382_0-670226.jpg","contentUrl":"https:\/\/horticom.ee\/e-pood\/wp-content\/uploads\/importedmedia\/product-2023382_0-670226.jpg","width":1000,"height":1414},{"@type":"BreadcrumbList","@id":"https:\/\/horticom.ee\/e-pood\/toode\/spetsiaalne-rodulillede-muld-hudrogeeliga-compo-50l\/#breadcrumb","itemListElement":[{"@type":"ListItem","position":1,"name":"Home","item":"https:\/\/horticom.ee\/e-pood\/"},{"@type":"ListItem","position":2,"name":"Pood","item":"https:\/\/horticom.ee\/e-pood\/pood\/"},{"@type":"ListItem","position":3,"name":"Spetsiaalne r\u00f5dulillede muld h\u00fcdrogeeliga Compo 50L"}]},{"@type":"WebSite","@id":"https:\/\/horticom.ee\/e-pood\/#website","url":"https:\/\/horticom.ee\/e-pood\/","name":"Horticom.ee","description":"Aianduskaubad ja kodukaubad nii harrastajatele kui professionaalidele","potentialAction":[{"@type":"SearchAction","target":{"@type":"EntryPoint","urlTemplate":"https:\/\/horticom.ee\/e-pood\/?s={search_term_string}"},"query-input":{"@type":"PropertyValueSpecification","valueRequired":true,"valueName":"search_term_string"}}],"inLanguage":"et"}]}},"_links":{"self":[{"href":"https:\/\/horticom.ee\/e-pood\/wp-json\/wp\/v2\/product\/2023382","targetHints":{"allow":["GET"]}}],"collection":[{"href":"https:\/\/horticom.ee\/e-pood\/wp-json\/wp\/v2\/product"}],"about":[{"href":"https:\/\/horticom.ee\/e-pood\/wp-json\/wp\/v2\/types\/product"}],"replies":[{"embeddable":true,"href":"https:\/\/horticom.ee\/e-pood\/wp-json\/wp\/v2\/comments?post=2023382"}],"wp:featuredmedia":[{"embeddable":true,"href":"https:\/\/horticom.ee\/e-pood\/wp-json\/wp\/v2\/media\/2377872"}],"wp:attachment":[{"href":"https:\/\/horticom.ee\/e-pood\/wp-json\/wp\/v2\/media?parent=2023382"}],"wp:term":[{"taxonomy":"product_cat","embeddable":true,"href":"https:\/\/horticom.ee\/e-pood\/wp-json\/wp\/v2\/product_cat?post=2023382"},{"taxonomy":"product_tag","embeddable":true,"href":"https:\/\/horticom.ee\/e-pood\/wp-json\/wp\/v2\/product_tag?post=2023382"}],"curies":[{"name":"wp","href":"https:\/\/api.w.org\/{rel}","templated":true}]}}