{"id":2023496,"date":"2024-01-02T03:01:29","date_gmt":"2024-01-02T01:01:29","guid":{"rendered":"https:\/\/horticom.ee\/e-pood\/toode\/mutipeletusgraanulid-horticom-1000ml\/"},"modified":"2026-05-14T03:11:39","modified_gmt":"2026-05-14T00:11:39","slug":"mutipeletusgraanulid-horticom-1000ml","status":"publish","type":"product","link":"https:\/\/horticom.ee\/e-pood\/toode\/mutipeletusgraanulid-horticom-1000ml\/","title":{"rendered":"Mutipeletusgraanulid Horticom 1000ml"},"content":{"rendered":"<p>Mutipeletusgraanulid loovad pealekandmisel l\u00f5hna barj\u00e4\u00e4ri, mis on eriti ebameeldiv muttidele ja n\u00e4rilistele. Spetsiaalse koostisega naturaalsed graanulideid on lihte ja mugav doseerida t\u00e4nu praktilisele m\u00f5\u00f5tetopsile. Mutipeletusgraanuleid v\u00f5ib kasutada mistahes kohas, kus esineb vajadus &#8211; murul, aias, haljastatud aladel jne.<\/p>\n","protected":false},"excerpt":{"rendered":"<p>Mutipeletusgraanulid loovad pealekandmisel l\u00f5hna barj\u00e4\u00e4ri, mis on eriti ebameeldiv muttidele ja n\u00e4rilistele. Spetsiaalse koostisega naturaalsed graanulideid on lihte ja mugav doseerida t\u00e4nu praktilisele m\u00f5\u00f5tetopsile. Mutipeletusgraanuleid v\u00f5ib kasutada mistahes kohas, kus esineb vajadus &#8211; murul, aias, haljastatud aladel jne.<\/p>\n","protected":false},"featured_media":2024529,"comment_status":"closed","ping_status":"closed","template":"","meta":{"_themeisle_gutenberg_block_has_review":false},"product_cat":[13601],"product_tag":[],"class_list":{"0":"post-2023496","1":"product","2":"type-product","3":"status-publish","4":"has-post-thumbnail","6":"product_cat-mutid-ja-vesirotid","8":"first","9":"instock","10":"shipping-taxable","11":"purchasable","12":"product-type-simple"},"yoast_head":"<!-- This site is optimized with the Yoast SEO plugin v24.0 - https:\/\/yoast.com\/wordpress\/plugins\/seo\/ -->\n<title>Mutipeletusgraanulid Horticom 1000ml - Horticom.ee\/e-pood<\/title>\n<meta name=\"description\" content=\"T\u00f5hus muttide peletaja aromaatsete essentsidega graanulitena. Vastupidav ilmastikule, kauakestev toime, sobib aedade ja muruplatside kaitseks.\" \/>\n<meta name=\"robots\" content=\"index, follow, max-snippet:-1, max-image-preview:large, max-video-preview:-1\" \/>\n<link rel=\"canonical\" href=\"https:\/\/horticom.ee\/e-pood\/toode\/mutipeletusgraanulid-horticom-1000ml\/\" \/>\n<meta property=\"og:locale\" content=\"et_EE\" \/>\n<meta property=\"og:type\" content=\"article\" \/>\n<meta property=\"og:title\" content=\"Mutipeletusgraanulid Horticom 1000ml - Horticom.ee\/e-pood\" \/>\n<meta property=\"og:description\" content=\"T\u00f5hus muttide peletaja aromaatsete essentsidega graanulitena. Vastupidav ilmastikule, kauakestev toime, sobib aedade ja muruplatside kaitseks.\" \/>\n<meta property=\"og:url\" content=\"https:\/\/horticom.ee\/e-pood\/toode\/mutipeletusgraanulid-horticom-1000ml\/\" \/>\n<meta property=\"og:site_name\" content=\"Horticom.ee\" \/>\n<meta property=\"article:publisher\" content=\"https:\/\/www.facebook.com\/horticom.ee\/e-pood\" \/>\n<meta property=\"article:modified_time\" content=\"2026-05-14T00:11:39+00:00\" \/>\n<meta property=\"og:image\" content=\"https:\/\/horticom.ee\/e-pood\/wp-content\/uploads\/importedmedia\/product-2023496_0-P060903.jpg\" \/>\n\t<meta property=\"og:image:width\" content=\"1000\" \/>\n\t<meta property=\"og:image:height\" content=\"1000\" \/>\n\t<meta property=\"og:image:type\" content=\"image\/jpeg\" \/>\n<meta name=\"twitter:card\" content=\"summary_large_image\" \/>\n<script type=\"application\/ld+json\" class=\"yoast-schema-graph\">{\"@context\":\"https:\/\/schema.org\",\"@graph\":[{\"@type\":\"WebPage\",\"@id\":\"https:\/\/horticom.ee\/e-pood\/toode\/mutipeletusgraanulid-horticom-1000ml\/\",\"url\":\"https:\/\/horticom.ee\/e-pood\/toode\/mutipeletusgraanulid-horticom-1000ml\/\",\"name\":\"Mutipeletusgraanulid Horticom 1000ml - Horticom.ee\/e-pood\",\"isPartOf\":{\"@id\":\"https:\/\/horticom.ee\/e-pood\/#website\"},\"primaryImageOfPage\":{\"@id\":\"https:\/\/horticom.ee\/e-pood\/toode\/mutipeletusgraanulid-horticom-1000ml\/#primaryimage\"},\"image\":{\"@id\":\"https:\/\/horticom.ee\/e-pood\/toode\/mutipeletusgraanulid-horticom-1000ml\/#primaryimage\"},\"thumbnailUrl\":\"https:\/\/horticom.ee\/e-pood\/wp-content\/uploads\/importedmedia\/product-2023496_0-P060903.jpg\",\"datePublished\":\"2024-01-02T01:01:29+00:00\",\"dateModified\":\"2026-05-14T00:11:39+00:00\",\"description\":\"T\u00f5hus muttide peletaja aromaatsete essentsidega graanulitena. Vastupidav ilmastikule, kauakestev toime, sobib aedade ja muruplatside kaitseks.\",\"breadcrumb\":{\"@id\":\"https:\/\/horticom.ee\/e-pood\/toode\/mutipeletusgraanulid-horticom-1000ml\/#breadcrumb\"},\"inLanguage\":\"et\",\"potentialAction\":[{\"@type\":\"ReadAction\",\"target\":[\"https:\/\/horticom.ee\/e-pood\/toode\/mutipeletusgraanulid-horticom-1000ml\/\"]}]},{\"@type\":\"ImageObject\",\"inLanguage\":\"et\",\"@id\":\"https:\/\/horticom.ee\/e-pood\/toode\/mutipeletusgraanulid-horticom-1000ml\/#primaryimage\",\"url\":\"https:\/\/horticom.ee\/e-pood\/wp-content\/uploads\/importedmedia\/product-2023496_0-P060903.jpg\",\"contentUrl\":\"https:\/\/horticom.ee\/e-pood\/wp-content\/uploads\/importedmedia\/product-2023496_0-P060903.jpg\",\"width\":1000,\"height\":1000,\"caption\":\"Mutipeletusgraanulid Horticom 1000ml\"},{\"@type\":\"BreadcrumbList\",\"@id\":\"https:\/\/horticom.ee\/e-pood\/toode\/mutipeletusgraanulid-horticom-1000ml\/#breadcrumb\",\"itemListElement\":[{\"@type\":\"ListItem\",\"position\":1,\"name\":\"Home\",\"item\":\"https:\/\/horticom.ee\/e-pood\/\"},{\"@type\":\"ListItem\",\"position\":2,\"name\":\"Pood\",\"item\":\"https:\/\/horticom.ee\/e-pood\/pood\/\"},{\"@type\":\"ListItem\",\"position\":3,\"name\":\"Mutipeletusgraanulid Horticom 1000ml\"}]},{\"@type\":\"WebSite\",\"@id\":\"https:\/\/horticom.ee\/e-pood\/#website\",\"url\":\"https:\/\/horticom.ee\/e-pood\/\",\"name\":\"Horticom.ee\",\"description\":\"Aianduskaubad ja kodukaubad nii harrastajatele kui professionaalidele\",\"potentialAction\":[{\"@type\":\"SearchAction\",\"target\":{\"@type\":\"EntryPoint\",\"urlTemplate\":\"https:\/\/horticom.ee\/e-pood\/?s={search_term_string}\"},\"query-input\":{\"@type\":\"PropertyValueSpecification\",\"valueRequired\":true,\"valueName\":\"search_term_string\"}}],\"inLanguage\":\"et\"}]}<\/script>\n<!-- \/ Yoast SEO plugin. -->","yoast_head_json":{"title":"Mutipeletusgraanulid Horticom 1000ml - Horticom.ee\/e-pood","description":"T\u00f5hus muttide peletaja aromaatsete essentsidega graanulitena. Vastupidav ilmastikule, kauakestev toime, sobib aedade ja muruplatside kaitseks.","robots":{"index":"index","follow":"follow","max-snippet":"max-snippet:-1","max-image-preview":"max-image-preview:large","max-video-preview":"max-video-preview:-1"},"canonical":"https:\/\/horticom.ee\/e-pood\/toode\/mutipeletusgraanulid-horticom-1000ml\/","og_locale":"et_EE","og_type":"article","og_title":"Mutipeletusgraanulid Horticom 1000ml - Horticom.ee\/e-pood","og_description":"T\u00f5hus muttide peletaja aromaatsete essentsidega graanulitena. Vastupidav ilmastikule, kauakestev toime, sobib aedade ja muruplatside kaitseks.","og_url":"https:\/\/horticom.ee\/e-pood\/toode\/mutipeletusgraanulid-horticom-1000ml\/","og_site_name":"Horticom.ee","article_publisher":"https:\/\/www.facebook.com\/horticom.ee\/e-pood","article_modified_time":"2026-05-14T00:11:39+00:00","og_image":[{"width":1000,"height":1000,"url":"https:\/\/horticom.ee\/e-pood\/wp-content\/uploads\/importedmedia\/product-2023496_0-P060903.jpg","type":"image\/jpeg"}],"twitter_card":"summary_large_image","schema":{"@context":"https:\/\/schema.org","@graph":[{"@type":"WebPage","@id":"https:\/\/horticom.ee\/e-pood\/toode\/mutipeletusgraanulid-horticom-1000ml\/","url":"https:\/\/horticom.ee\/e-pood\/toode\/mutipeletusgraanulid-horticom-1000ml\/","name":"Mutipeletusgraanulid Horticom 1000ml - Horticom.ee\/e-pood","isPartOf":{"@id":"https:\/\/horticom.ee\/e-pood\/#website"},"primaryImageOfPage":{"@id":"https:\/\/horticom.ee\/e-pood\/toode\/mutipeletusgraanulid-horticom-1000ml\/#primaryimage"},"image":{"@id":"https:\/\/horticom.ee\/e-pood\/toode\/mutipeletusgraanulid-horticom-1000ml\/#primaryimage"},"thumbnailUrl":"https:\/\/horticom.ee\/e-pood\/wp-content\/uploads\/importedmedia\/product-2023496_0-P060903.jpg","datePublished":"2024-01-02T01:01:29+00:00","dateModified":"2026-05-14T00:11:39+00:00","description":"T\u00f5hus muttide peletaja aromaatsete essentsidega graanulitena. Vastupidav ilmastikule, kauakestev toime, sobib aedade ja muruplatside kaitseks.","breadcrumb":{"@id":"https:\/\/horticom.ee\/e-pood\/toode\/mutipeletusgraanulid-horticom-1000ml\/#breadcrumb"},"inLanguage":"et","potentialAction":[{"@type":"ReadAction","target":["https:\/\/horticom.ee\/e-pood\/toode\/mutipeletusgraanulid-horticom-1000ml\/"]}]},{"@type":"ImageObject","inLanguage":"et","@id":"https:\/\/horticom.ee\/e-pood\/toode\/mutipeletusgraanulid-horticom-1000ml\/#primaryimage","url":"https:\/\/horticom.ee\/e-pood\/wp-content\/uploads\/importedmedia\/product-2023496_0-P060903.jpg","contentUrl":"https:\/\/horticom.ee\/e-pood\/wp-content\/uploads\/importedmedia\/product-2023496_0-P060903.jpg","width":1000,"height":1000,"caption":"Mutipeletusgraanulid Horticom 1000ml"},{"@type":"BreadcrumbList","@id":"https:\/\/horticom.ee\/e-pood\/toode\/mutipeletusgraanulid-horticom-1000ml\/#breadcrumb","itemListElement":[{"@type":"ListItem","position":1,"name":"Home","item":"https:\/\/horticom.ee\/e-pood\/"},{"@type":"ListItem","position":2,"name":"Pood","item":"https:\/\/horticom.ee\/e-pood\/pood\/"},{"@type":"ListItem","position":3,"name":"Mutipeletusgraanulid Horticom 1000ml"}]},{"@type":"WebSite","@id":"https:\/\/horticom.ee\/e-pood\/#website","url":"https:\/\/horticom.ee\/e-pood\/","name":"Horticom.ee","description":"Aianduskaubad ja kodukaubad nii harrastajatele kui professionaalidele","potentialAction":[{"@type":"SearchAction","target":{"@type":"EntryPoint","urlTemplate":"https:\/\/horticom.ee\/e-pood\/?s={search_term_string}"},"query-input":{"@type":"PropertyValueSpecification","valueRequired":true,"valueName":"search_term_string"}}],"inLanguage":"et"}]}},"_links":{"self":[{"href":"https:\/\/horticom.ee\/e-pood\/wp-json\/wp\/v2\/product\/2023496","targetHints":{"allow":["GET"]}}],"collection":[{"href":"https:\/\/horticom.ee\/e-pood\/wp-json\/wp\/v2\/product"}],"about":[{"href":"https:\/\/horticom.ee\/e-pood\/wp-json\/wp\/v2\/types\/product"}],"replies":[{"embeddable":true,"href":"https:\/\/horticom.ee\/e-pood\/wp-json\/wp\/v2\/comments?post=2023496"}],"wp:featuredmedia":[{"embeddable":true,"href":"https:\/\/horticom.ee\/e-pood\/wp-json\/wp\/v2\/media\/2024529"}],"wp:attachment":[{"href":"https:\/\/horticom.ee\/e-pood\/wp-json\/wp\/v2\/media?parent=2023496"}],"wp:term":[{"taxonomy":"product_cat","embeddable":true,"href":"https:\/\/horticom.ee\/e-pood\/wp-json\/wp\/v2\/product_cat?post=2023496"},{"taxonomy":"product_tag","embeddable":true,"href":"https:\/\/horticom.ee\/e-pood\/wp-json\/wp\/v2\/product_tag?post=2023496"}],"curies":[{"name":"wp","href":"https:\/\/api.w.org\/{rel}","templated":true}]}}