{"id":2023507,"date":"2024-01-02T03:01:33","date_gmt":"2024-01-02T01:01:33","guid":{"rendered":"https:\/\/horticom.ee\/e-pood\/toode\/orhideede-kastmisvesi-compo-1l\/"},"modified":"2026-05-01T03:11:17","modified_gmt":"2026-05-01T00:11:17","slug":"orhideede-kastmisvesi-compo-1l","status":"publish","type":"product","link":"https:\/\/horticom.ee\/e-pood\/toode\/orhideede-kastmisvesi-compo-1l\/","title":{"rendered":"Orhideede kastmisvesi Compo 1L"},"content":{"rendered":"<p>Kasutamisvalmis toitaineterikas kastmisvesi orhideededele, mis sobib k\u00f5ikidele liikidele.Tagab taime juurtele optimaalse koguse niiskust ning toitaineid pikaajaliseks ja rikkalikuks \u00f5itsemiseks. \u00c4\u00e4rmiselt lihtne ja mugav kasutada. Orhideede kastmisvett saab kasutada aastaringselt ja see sobib ideaalselt ka kaltsiumitundlikele orhideedele.<\/p>\n","protected":false},"excerpt":{"rendered":"<p>Kasutamisvalmis toitaineterikas kastmisvesi orhideededele, mis sobib k\u00f5ikidele liikidele.Tagab taime juurtele optimaalse koguse niiskust ning toitaineid pikaajaliseks ja rikkalikuks \u00f5itsemiseks. \u00c4\u00e4rmiselt lihtne ja mugav kasutada. Orhideede kastmisvett saab kasutada aastaringselt ja see sobib ideaalselt ka kaltsiumitundlikele orhideedele.<\/p>\n","protected":false},"featured_media":2377888,"comment_status":"closed","ping_status":"closed","template":"","meta":{"_themeisle_gutenberg_block_has_review":false},"product_cat":[16971],"product_tag":[],"class_list":{"0":"post-2023507","1":"product","2":"type-product","3":"status-publish","4":"has-post-thumbnail","6":"product_cat-orhideedele","8":"first","9":"instock","10":"shipping-taxable","11":"purchasable","12":"product-type-simple"},"yoast_head":"<!-- This site is optimized with the Yoast SEO plugin v24.0 - https:\/\/yoast.com\/wordpress\/plugins\/seo\/ -->\n<title>Orhideede kastmisvesi Compo 1L - Horticom<\/title>\n<meta name=\"robots\" content=\"index, follow, max-snippet:-1, max-image-preview:large, max-video-preview:-1\" \/>\n<link rel=\"canonical\" href=\"https:\/\/horticom.ee\/e-pood\/toode\/orhideede-kastmisvesi-compo-1l\/\" \/>\n<meta property=\"og:locale\" content=\"et_EE\" \/>\n<meta property=\"og:type\" content=\"article\" \/>\n<meta property=\"og:title\" content=\"Orhideede kastmisvesi Compo 1L - Horticom\" \/>\n<meta property=\"og:description\" content=\"Kasutamisvalmis toitaineterikas kastmisvesi orhideededele, mis sobib k\u00f5ikidele liikidele.Tagab taime juurtele optimaalse koguse niiskust ning toitaineid pikaajaliseks ja rikkalikuks \u00f5itsemiseks. \u00c4\u00e4rmiselt lihtne ja mugav kasutada. Orhideede kastmisvett saab kasutada aastaringselt ja see sobib ideaalselt ka kaltsiumitundlikele orhideedele.\" \/>\n<meta property=\"og:url\" content=\"https:\/\/horticom.ee\/e-pood\/toode\/orhideede-kastmisvesi-compo-1l\/\" \/>\n<meta property=\"og:site_name\" content=\"Horticom.ee\" \/>\n<meta property=\"article:publisher\" content=\"https:\/\/www.facebook.com\/horticom.ee\/e-pood\" \/>\n<meta property=\"article:modified_time\" content=\"2026-05-01T00:11:17+00:00\" \/>\n<meta property=\"og:image\" content=\"https:\/\/horticom.ee\/e-pood\/wp-content\/uploads\/importedmedia\/product-2023507_0-67011722.jpg\" \/>\n\t<meta property=\"og:image:width\" content=\"1000\" \/>\n\t<meta property=\"og:image:height\" content=\"1414\" \/>\n\t<meta property=\"og:image:type\" content=\"image\/jpeg\" \/>\n<meta name=\"twitter:card\" content=\"summary_large_image\" \/>\n<script type=\"application\/ld+json\" class=\"yoast-schema-graph\">{\"@context\":\"https:\/\/schema.org\",\"@graph\":[{\"@type\":\"WebPage\",\"@id\":\"https:\/\/horticom.ee\/e-pood\/toode\/orhideede-kastmisvesi-compo-1l\/\",\"url\":\"https:\/\/horticom.ee\/e-pood\/toode\/orhideede-kastmisvesi-compo-1l\/\",\"name\":\"Orhideede kastmisvesi Compo 1L - Horticom\",\"isPartOf\":{\"@id\":\"https:\/\/horticom.ee\/e-pood\/#website\"},\"primaryImageOfPage\":{\"@id\":\"https:\/\/horticom.ee\/e-pood\/toode\/orhideede-kastmisvesi-compo-1l\/#primaryimage\"},\"image\":{\"@id\":\"https:\/\/horticom.ee\/e-pood\/toode\/orhideede-kastmisvesi-compo-1l\/#primaryimage\"},\"thumbnailUrl\":\"https:\/\/horticom.ee\/e-pood\/wp-content\/uploads\/importedmedia\/product-2023507_0-67011722.jpg\",\"datePublished\":\"2024-01-02T01:01:33+00:00\",\"dateModified\":\"2026-05-01T00:11:17+00:00\",\"breadcrumb\":{\"@id\":\"https:\/\/horticom.ee\/e-pood\/toode\/orhideede-kastmisvesi-compo-1l\/#breadcrumb\"},\"inLanguage\":\"et\",\"potentialAction\":[{\"@type\":\"ReadAction\",\"target\":[\"https:\/\/horticom.ee\/e-pood\/toode\/orhideede-kastmisvesi-compo-1l\/\"]}]},{\"@type\":\"ImageObject\",\"inLanguage\":\"et\",\"@id\":\"https:\/\/horticom.ee\/e-pood\/toode\/orhideede-kastmisvesi-compo-1l\/#primaryimage\",\"url\":\"https:\/\/horticom.ee\/e-pood\/wp-content\/uploads\/importedmedia\/product-2023507_0-67011722.jpg\",\"contentUrl\":\"https:\/\/horticom.ee\/e-pood\/wp-content\/uploads\/importedmedia\/product-2023507_0-67011722.jpg\",\"width\":1000,\"height\":1414},{\"@type\":\"BreadcrumbList\",\"@id\":\"https:\/\/horticom.ee\/e-pood\/toode\/orhideede-kastmisvesi-compo-1l\/#breadcrumb\",\"itemListElement\":[{\"@type\":\"ListItem\",\"position\":1,\"name\":\"Home\",\"item\":\"https:\/\/horticom.ee\/e-pood\/\"},{\"@type\":\"ListItem\",\"position\":2,\"name\":\"Pood\",\"item\":\"https:\/\/horticom.ee\/e-pood\/pood\/\"},{\"@type\":\"ListItem\",\"position\":3,\"name\":\"Orhideede kastmisvesi Compo 1L\"}]},{\"@type\":\"WebSite\",\"@id\":\"https:\/\/horticom.ee\/e-pood\/#website\",\"url\":\"https:\/\/horticom.ee\/e-pood\/\",\"name\":\"Horticom.ee\",\"description\":\"Aianduskaubad ja kodukaubad nii harrastajatele kui professionaalidele\",\"potentialAction\":[{\"@type\":\"SearchAction\",\"target\":{\"@type\":\"EntryPoint\",\"urlTemplate\":\"https:\/\/horticom.ee\/e-pood\/?s={search_term_string}\"},\"query-input\":{\"@type\":\"PropertyValueSpecification\",\"valueRequired\":true,\"valueName\":\"search_term_string\"}}],\"inLanguage\":\"et\"}]}<\/script>\n<!-- \/ Yoast SEO plugin. -->","yoast_head_json":{"title":"Orhideede kastmisvesi Compo 1L - Horticom","robots":{"index":"index","follow":"follow","max-snippet":"max-snippet:-1","max-image-preview":"max-image-preview:large","max-video-preview":"max-video-preview:-1"},"canonical":"https:\/\/horticom.ee\/e-pood\/toode\/orhideede-kastmisvesi-compo-1l\/","og_locale":"et_EE","og_type":"article","og_title":"Orhideede kastmisvesi Compo 1L - Horticom","og_description":"Kasutamisvalmis toitaineterikas kastmisvesi orhideededele, mis sobib k\u00f5ikidele liikidele.Tagab taime juurtele optimaalse koguse niiskust ning toitaineid pikaajaliseks ja rikkalikuks \u00f5itsemiseks. \u00c4\u00e4rmiselt lihtne ja mugav kasutada. Orhideede kastmisvett saab kasutada aastaringselt ja see sobib ideaalselt ka kaltsiumitundlikele orhideedele.","og_url":"https:\/\/horticom.ee\/e-pood\/toode\/orhideede-kastmisvesi-compo-1l\/","og_site_name":"Horticom.ee","article_publisher":"https:\/\/www.facebook.com\/horticom.ee\/e-pood","article_modified_time":"2026-05-01T00:11:17+00:00","og_image":[{"width":1000,"height":1414,"url":"https:\/\/horticom.ee\/e-pood\/wp-content\/uploads\/importedmedia\/product-2023507_0-67011722.jpg","type":"image\/jpeg"}],"twitter_card":"summary_large_image","schema":{"@context":"https:\/\/schema.org","@graph":[{"@type":"WebPage","@id":"https:\/\/horticom.ee\/e-pood\/toode\/orhideede-kastmisvesi-compo-1l\/","url":"https:\/\/horticom.ee\/e-pood\/toode\/orhideede-kastmisvesi-compo-1l\/","name":"Orhideede kastmisvesi Compo 1L - Horticom","isPartOf":{"@id":"https:\/\/horticom.ee\/e-pood\/#website"},"primaryImageOfPage":{"@id":"https:\/\/horticom.ee\/e-pood\/toode\/orhideede-kastmisvesi-compo-1l\/#primaryimage"},"image":{"@id":"https:\/\/horticom.ee\/e-pood\/toode\/orhideede-kastmisvesi-compo-1l\/#primaryimage"},"thumbnailUrl":"https:\/\/horticom.ee\/e-pood\/wp-content\/uploads\/importedmedia\/product-2023507_0-67011722.jpg","datePublished":"2024-01-02T01:01:33+00:00","dateModified":"2026-05-01T00:11:17+00:00","breadcrumb":{"@id":"https:\/\/horticom.ee\/e-pood\/toode\/orhideede-kastmisvesi-compo-1l\/#breadcrumb"},"inLanguage":"et","potentialAction":[{"@type":"ReadAction","target":["https:\/\/horticom.ee\/e-pood\/toode\/orhideede-kastmisvesi-compo-1l\/"]}]},{"@type":"ImageObject","inLanguage":"et","@id":"https:\/\/horticom.ee\/e-pood\/toode\/orhideede-kastmisvesi-compo-1l\/#primaryimage","url":"https:\/\/horticom.ee\/e-pood\/wp-content\/uploads\/importedmedia\/product-2023507_0-67011722.jpg","contentUrl":"https:\/\/horticom.ee\/e-pood\/wp-content\/uploads\/importedmedia\/product-2023507_0-67011722.jpg","width":1000,"height":1414},{"@type":"BreadcrumbList","@id":"https:\/\/horticom.ee\/e-pood\/toode\/orhideede-kastmisvesi-compo-1l\/#breadcrumb","itemListElement":[{"@type":"ListItem","position":1,"name":"Home","item":"https:\/\/horticom.ee\/e-pood\/"},{"@type":"ListItem","position":2,"name":"Pood","item":"https:\/\/horticom.ee\/e-pood\/pood\/"},{"@type":"ListItem","position":3,"name":"Orhideede kastmisvesi Compo 1L"}]},{"@type":"WebSite","@id":"https:\/\/horticom.ee\/e-pood\/#website","url":"https:\/\/horticom.ee\/e-pood\/","name":"Horticom.ee","description":"Aianduskaubad ja kodukaubad nii harrastajatele kui professionaalidele","potentialAction":[{"@type":"SearchAction","target":{"@type":"EntryPoint","urlTemplate":"https:\/\/horticom.ee\/e-pood\/?s={search_term_string}"},"query-input":{"@type":"PropertyValueSpecification","valueRequired":true,"valueName":"search_term_string"}}],"inLanguage":"et"}]}},"_links":{"self":[{"href":"https:\/\/horticom.ee\/e-pood\/wp-json\/wp\/v2\/product\/2023507","targetHints":{"allow":["GET"]}}],"collection":[{"href":"https:\/\/horticom.ee\/e-pood\/wp-json\/wp\/v2\/product"}],"about":[{"href":"https:\/\/horticom.ee\/e-pood\/wp-json\/wp\/v2\/types\/product"}],"replies":[{"embeddable":true,"href":"https:\/\/horticom.ee\/e-pood\/wp-json\/wp\/v2\/comments?post=2023507"}],"wp:featuredmedia":[{"embeddable":true,"href":"https:\/\/horticom.ee\/e-pood\/wp-json\/wp\/v2\/media\/2377888"}],"wp:attachment":[{"href":"https:\/\/horticom.ee\/e-pood\/wp-json\/wp\/v2\/media?parent=2023507"}],"wp:term":[{"taxonomy":"product_cat","embeddable":true,"href":"https:\/\/horticom.ee\/e-pood\/wp-json\/wp\/v2\/product_cat?post=2023507"},{"taxonomy":"product_tag","embeddable":true,"href":"https:\/\/horticom.ee\/e-pood\/wp-json\/wp\/v2\/product_tag?post=2023507"}],"curies":[{"name":"wp","href":"https:\/\/api.w.org\/{rel}","templated":true}]}}