{"id":2023545,"date":"2024-01-02T03:01:45","date_gmt":"2024-01-02T01:01:45","guid":{"rendered":"https:\/\/horticom.ee\/e-pood\/toode\/bio-kulvi-ja-maitsetaimemuld-compo-5l\/"},"modified":"2026-04-24T18:17:02","modified_gmt":"2026-04-24T15:17:02","slug":"bio-kulvi-ja-maitsetaimemuld-compo-5l","status":"publish","type":"product","link":"https:\/\/horticom.ee\/e-pood\/toode\/bio-kulvi-ja-maitsetaimemuld-compo-5l\/","title":{"rendered":"BIO K\u00fclvi- ja maitsetaimemuld Compo 5L"},"content":{"rendered":"<p>Turbavaba orgaaniline muld sobib seemnete k\u00fclvamiseks ning noortaimede ja maitsetaimede \u00fcmberistutamiseks. 100% looduslikest taastuvatest koostisosadest muld sisaldab kvaliteetset komposti, puidukiudu, kookosturvast ning on rikastatud sarvejahu ning s\u00f5nnikuga. Muld on neutraalne, \u00f5hulise struktuuriga, hea veeimamisv\u00f5imega. Lisatud on erinevate v\u00e4etiste kompleks, mis on kohandatud noorte taimede ja seemnete vajadustele idanemise ja tugeva kasvu tagamiseks.<\/p>\n","protected":false},"excerpt":{"rendered":"<p>Turbavaba orgaaniline muld sobib seemnete k\u00fclvamiseks ning noortaimede ja maitsetaimede \u00fcmberistutamiseks. 100% looduslikest taastuvatest koostisosadest muld sisaldab kvaliteetset komposti, puidukiudu, kookosturvast ning on rikastatud sarvejahu ning s\u00f5nnikuga. Muld on neutraalne, \u00f5hulise struktuuriga, hea veeimamisv\u00f5imega. Lisatud on erinevate v\u00e4etiste kompleks, mis on kohandatud noorte taimede ja seemnete vajadustele idanemise ja tugeva kasvu tagamiseks.<\/p>\n","protected":false},"featured_media":2377898,"comment_status":"closed","ping_status":"closed","template":"","meta":{"_themeisle_gutenberg_block_has_review":false},"product_cat":[13575],"product_tag":[],"class_list":{"0":"post-2023545","1":"product","2":"type-product","3":"status-publish","4":"has-post-thumbnail","6":"product_cat-mullad-ja-turbad","8":"first","9":"instock","10":"shipping-taxable","11":"purchasable","12":"product-type-simple"},"yoast_head":"<!-- This site is optimized with the Yoast SEO plugin v24.0 - https:\/\/yoast.com\/wordpress\/plugins\/seo\/ -->\n<title>BIO K\u00fclvi- ja maitsetaimemuld Compo 5L - Horticom<\/title>\n<meta name=\"robots\" content=\"index, follow, max-snippet:-1, max-image-preview:large, max-video-preview:-1\" \/>\n<link rel=\"canonical\" href=\"https:\/\/horticom.ee\/e-pood\/toode\/bio-kulvi-ja-maitsetaimemuld-compo-5l\/\" \/>\n<meta property=\"og:locale\" content=\"et_EE\" \/>\n<meta property=\"og:type\" content=\"article\" \/>\n<meta property=\"og:title\" content=\"BIO K\u00fclvi- ja maitsetaimemuld Compo 5L - Horticom\" \/>\n<meta property=\"og:description\" content=\"Turbavaba orgaaniline muld sobib seemnete k\u00fclvamiseks ning noortaimede ja maitsetaimede \u00fcmberistutamiseks. 100% looduslikest taastuvatest koostisosadest muld sisaldab kvaliteetset komposti, puidukiudu, kookosturvast ning on rikastatud sarvejahu ning s\u00f5nnikuga. Muld on neutraalne, \u00f5hulise struktuuriga, hea veeimamisv\u00f5imega. Lisatud on erinevate v\u00e4etiste kompleks, mis on kohandatud noorte taimede ja seemnete vajadustele idanemise ja tugeva kasvu tagamiseks.\" \/>\n<meta property=\"og:url\" content=\"https:\/\/horticom.ee\/e-pood\/toode\/bio-kulvi-ja-maitsetaimemuld-compo-5l\/\" \/>\n<meta property=\"og:site_name\" content=\"Horticom.ee\" \/>\n<meta property=\"article:publisher\" content=\"https:\/\/www.facebook.com\/horticom.ee\/e-pood\" \/>\n<meta property=\"article:modified_time\" content=\"2026-04-24T15:17:02+00:00\" \/>\n<meta property=\"og:image\" content=\"https:\/\/horticom.ee\/e-pood\/wp-content\/uploads\/importedmedia\/product-2023545_0-670250.jpg\" \/>\n\t<meta property=\"og:image:width\" content=\"1000\" \/>\n\t<meta property=\"og:image:height\" content=\"1414\" \/>\n\t<meta property=\"og:image:type\" content=\"image\/jpeg\" \/>\n<meta name=\"twitter:card\" content=\"summary_large_image\" \/>\n<meta name=\"twitter:label1\" content=\"Est. reading time\" \/>\n\t<meta name=\"twitter:data1\" content=\"1 minut\" \/>\n<script type=\"application\/ld+json\" class=\"yoast-schema-graph\">{\"@context\":\"https:\/\/schema.org\",\"@graph\":[{\"@type\":\"WebPage\",\"@id\":\"https:\/\/horticom.ee\/e-pood\/toode\/bio-kulvi-ja-maitsetaimemuld-compo-5l\/\",\"url\":\"https:\/\/horticom.ee\/e-pood\/toode\/bio-kulvi-ja-maitsetaimemuld-compo-5l\/\",\"name\":\"BIO K\u00fclvi- ja maitsetaimemuld Compo 5L - Horticom\",\"isPartOf\":{\"@id\":\"https:\/\/horticom.ee\/e-pood\/#website\"},\"primaryImageOfPage\":{\"@id\":\"https:\/\/horticom.ee\/e-pood\/toode\/bio-kulvi-ja-maitsetaimemuld-compo-5l\/#primaryimage\"},\"image\":{\"@id\":\"https:\/\/horticom.ee\/e-pood\/toode\/bio-kulvi-ja-maitsetaimemuld-compo-5l\/#primaryimage\"},\"thumbnailUrl\":\"https:\/\/horticom.ee\/e-pood\/wp-content\/uploads\/importedmedia\/product-2023545_0-670250.jpg\",\"datePublished\":\"2024-01-02T01:01:45+00:00\",\"dateModified\":\"2026-04-24T15:17:02+00:00\",\"breadcrumb\":{\"@id\":\"https:\/\/horticom.ee\/e-pood\/toode\/bio-kulvi-ja-maitsetaimemuld-compo-5l\/#breadcrumb\"},\"inLanguage\":\"et\",\"potentialAction\":[{\"@type\":\"ReadAction\",\"target\":[\"https:\/\/horticom.ee\/e-pood\/toode\/bio-kulvi-ja-maitsetaimemuld-compo-5l\/\"]}]},{\"@type\":\"ImageObject\",\"inLanguage\":\"et\",\"@id\":\"https:\/\/horticom.ee\/e-pood\/toode\/bio-kulvi-ja-maitsetaimemuld-compo-5l\/#primaryimage\",\"url\":\"https:\/\/horticom.ee\/e-pood\/wp-content\/uploads\/importedmedia\/product-2023545_0-670250.jpg\",\"contentUrl\":\"https:\/\/horticom.ee\/e-pood\/wp-content\/uploads\/importedmedia\/product-2023545_0-670250.jpg\",\"width\":1000,\"height\":1414},{\"@type\":\"BreadcrumbList\",\"@id\":\"https:\/\/horticom.ee\/e-pood\/toode\/bio-kulvi-ja-maitsetaimemuld-compo-5l\/#breadcrumb\",\"itemListElement\":[{\"@type\":\"ListItem\",\"position\":1,\"name\":\"Home\",\"item\":\"https:\/\/horticom.ee\/e-pood\/\"},{\"@type\":\"ListItem\",\"position\":2,\"name\":\"Pood\",\"item\":\"https:\/\/horticom.ee\/e-pood\/pood\/\"},{\"@type\":\"ListItem\",\"position\":3,\"name\":\"BIO K\u00fclvi- ja maitsetaimemuld Compo 5L\"}]},{\"@type\":\"WebSite\",\"@id\":\"https:\/\/horticom.ee\/e-pood\/#website\",\"url\":\"https:\/\/horticom.ee\/e-pood\/\",\"name\":\"Horticom.ee\",\"description\":\"Aianduskaubad ja kodukaubad nii harrastajatele kui professionaalidele\",\"potentialAction\":[{\"@type\":\"SearchAction\",\"target\":{\"@type\":\"EntryPoint\",\"urlTemplate\":\"https:\/\/horticom.ee\/e-pood\/?s={search_term_string}\"},\"query-input\":{\"@type\":\"PropertyValueSpecification\",\"valueRequired\":true,\"valueName\":\"search_term_string\"}}],\"inLanguage\":\"et\"}]}<\/script>\n<!-- \/ Yoast SEO plugin. -->","yoast_head_json":{"title":"BIO K\u00fclvi- ja maitsetaimemuld Compo 5L - Horticom","robots":{"index":"index","follow":"follow","max-snippet":"max-snippet:-1","max-image-preview":"max-image-preview:large","max-video-preview":"max-video-preview:-1"},"canonical":"https:\/\/horticom.ee\/e-pood\/toode\/bio-kulvi-ja-maitsetaimemuld-compo-5l\/","og_locale":"et_EE","og_type":"article","og_title":"BIO K\u00fclvi- ja maitsetaimemuld Compo 5L - Horticom","og_description":"Turbavaba orgaaniline muld sobib seemnete k\u00fclvamiseks ning noortaimede ja maitsetaimede \u00fcmberistutamiseks. 100% looduslikest taastuvatest koostisosadest muld sisaldab kvaliteetset komposti, puidukiudu, kookosturvast ning on rikastatud sarvejahu ning s\u00f5nnikuga. Muld on neutraalne, \u00f5hulise struktuuriga, hea veeimamisv\u00f5imega. Lisatud on erinevate v\u00e4etiste kompleks, mis on kohandatud noorte taimede ja seemnete vajadustele idanemise ja tugeva kasvu tagamiseks.","og_url":"https:\/\/horticom.ee\/e-pood\/toode\/bio-kulvi-ja-maitsetaimemuld-compo-5l\/","og_site_name":"Horticom.ee","article_publisher":"https:\/\/www.facebook.com\/horticom.ee\/e-pood","article_modified_time":"2026-04-24T15:17:02+00:00","og_image":[{"width":1000,"height":1414,"url":"https:\/\/horticom.ee\/e-pood\/wp-content\/uploads\/importedmedia\/product-2023545_0-670250.jpg","type":"image\/jpeg"}],"twitter_card":"summary_large_image","twitter_misc":{"Est. reading time":"1 minut"},"schema":{"@context":"https:\/\/schema.org","@graph":[{"@type":"WebPage","@id":"https:\/\/horticom.ee\/e-pood\/toode\/bio-kulvi-ja-maitsetaimemuld-compo-5l\/","url":"https:\/\/horticom.ee\/e-pood\/toode\/bio-kulvi-ja-maitsetaimemuld-compo-5l\/","name":"BIO K\u00fclvi- ja maitsetaimemuld Compo 5L - Horticom","isPartOf":{"@id":"https:\/\/horticom.ee\/e-pood\/#website"},"primaryImageOfPage":{"@id":"https:\/\/horticom.ee\/e-pood\/toode\/bio-kulvi-ja-maitsetaimemuld-compo-5l\/#primaryimage"},"image":{"@id":"https:\/\/horticom.ee\/e-pood\/toode\/bio-kulvi-ja-maitsetaimemuld-compo-5l\/#primaryimage"},"thumbnailUrl":"https:\/\/horticom.ee\/e-pood\/wp-content\/uploads\/importedmedia\/product-2023545_0-670250.jpg","datePublished":"2024-01-02T01:01:45+00:00","dateModified":"2026-04-24T15:17:02+00:00","breadcrumb":{"@id":"https:\/\/horticom.ee\/e-pood\/toode\/bio-kulvi-ja-maitsetaimemuld-compo-5l\/#breadcrumb"},"inLanguage":"et","potentialAction":[{"@type":"ReadAction","target":["https:\/\/horticom.ee\/e-pood\/toode\/bio-kulvi-ja-maitsetaimemuld-compo-5l\/"]}]},{"@type":"ImageObject","inLanguage":"et","@id":"https:\/\/horticom.ee\/e-pood\/toode\/bio-kulvi-ja-maitsetaimemuld-compo-5l\/#primaryimage","url":"https:\/\/horticom.ee\/e-pood\/wp-content\/uploads\/importedmedia\/product-2023545_0-670250.jpg","contentUrl":"https:\/\/horticom.ee\/e-pood\/wp-content\/uploads\/importedmedia\/product-2023545_0-670250.jpg","width":1000,"height":1414},{"@type":"BreadcrumbList","@id":"https:\/\/horticom.ee\/e-pood\/toode\/bio-kulvi-ja-maitsetaimemuld-compo-5l\/#breadcrumb","itemListElement":[{"@type":"ListItem","position":1,"name":"Home","item":"https:\/\/horticom.ee\/e-pood\/"},{"@type":"ListItem","position":2,"name":"Pood","item":"https:\/\/horticom.ee\/e-pood\/pood\/"},{"@type":"ListItem","position":3,"name":"BIO K\u00fclvi- ja maitsetaimemuld Compo 5L"}]},{"@type":"WebSite","@id":"https:\/\/horticom.ee\/e-pood\/#website","url":"https:\/\/horticom.ee\/e-pood\/","name":"Horticom.ee","description":"Aianduskaubad ja kodukaubad nii harrastajatele kui professionaalidele","potentialAction":[{"@type":"SearchAction","target":{"@type":"EntryPoint","urlTemplate":"https:\/\/horticom.ee\/e-pood\/?s={search_term_string}"},"query-input":{"@type":"PropertyValueSpecification","valueRequired":true,"valueName":"search_term_string"}}],"inLanguage":"et"}]}},"_links":{"self":[{"href":"https:\/\/horticom.ee\/e-pood\/wp-json\/wp\/v2\/product\/2023545","targetHints":{"allow":["GET"]}}],"collection":[{"href":"https:\/\/horticom.ee\/e-pood\/wp-json\/wp\/v2\/product"}],"about":[{"href":"https:\/\/horticom.ee\/e-pood\/wp-json\/wp\/v2\/types\/product"}],"replies":[{"embeddable":true,"href":"https:\/\/horticom.ee\/e-pood\/wp-json\/wp\/v2\/comments?post=2023545"}],"wp:featuredmedia":[{"embeddable":true,"href":"https:\/\/horticom.ee\/e-pood\/wp-json\/wp\/v2\/media\/2377898"}],"wp:attachment":[{"href":"https:\/\/horticom.ee\/e-pood\/wp-json\/wp\/v2\/media?parent=2023545"}],"wp:term":[{"taxonomy":"product_cat","embeddable":true,"href":"https:\/\/horticom.ee\/e-pood\/wp-json\/wp\/v2\/product_cat?post=2023545"},{"taxonomy":"product_tag","embeddable":true,"href":"https:\/\/horticom.ee\/e-pood\/wp-json\/wp\/v2\/product_tag?post=2023545"}],"curies":[{"name":"wp","href":"https:\/\/api.w.org\/{rel}","templated":true}]}}