{"id":2023555,"date":"2024-01-02T03:01:49","date_gmt":"2024-01-02T01:01:49","guid":{"rendered":"https:\/\/horticom.ee\/e-pood\/toode\/rose-food-rooside-kastmisvaetis-schultz-350g\/"},"modified":"2026-05-13T03:12:56","modified_gmt":"2026-05-13T00:12:56","slug":"rose-food-rooside-kastmisvaetis-schultz-350g","status":"publish","type":"product","link":"https:\/\/horticom.ee\/e-pood\/toode\/rose-food-rooside-kastmisvaetis-schultz-350g\/","title":{"rendered":"Rose Food rooside kastmisv\u00e4etis Schultz 350g"},"content":{"rendered":"<p>Ette n\u00e4htud k\u00f5ikide rooside ja \u00f5itsevate lillede, \u00f5itsevate puude ja p\u00f5\u00f5saste v\u00e4etamiseks. Ergutab rooside ja teiste aialillede rikkalikku \u00f5itsemist, kasvu ja \u00f5ite ilu. Muudab \u00f5ite ja lehtede v\u00e4rvi lopsakamaks, tugevdab taimede juuri, h\u00f5lbustab \u00fcmberistutatud taimede juurdumist. Schultz v\u00e4etist soovitatakse lisada kastmisvette igal kastmiskorral taimede kasvu ja \u00f5itsemise perioodil, mil taimed vajavad mineraalaineid k\u00f5ige rohkem.<\/p>\n","protected":false},"excerpt":{"rendered":"<p>Ette n\u00e4htud k\u00f5ikide rooside ja \u00f5itsevate lillede, \u00f5itsevate puude ja p\u00f5\u00f5saste v\u00e4etamiseks. Ergutab rooside ja teiste aialillede rikkalikku \u00f5itsemist, kasvu ja \u00f5ite ilu. Muudab \u00f5ite ja lehtede v\u00e4rvi lopsakamaks, tugevdab taimede juuri, h\u00f5lbustab \u00fcmberistutatud taimede juurdumist. Schultz v\u00e4etist soovitatakse lisada kastmisvette igal kastmiskorral taimede kasvu ja \u00f5itsemise perioodil, mil taimed vajavad mineraalaineid k\u00f5ige rohkem.<\/p>\n","protected":false},"featured_media":2379822,"comment_status":"closed","ping_status":"closed","template":"","meta":{"_themeisle_gutenberg_block_has_review":false},"product_cat":[16962,16963,13572],"product_tag":[],"class_list":{"0":"post-2023555","1":"product","2":"type-product","3":"status-publish","4":"has-post-thumbnail","6":"product_cat-ilupoosastele-ja-pusikutele","7":"product_cat-roosidele","8":"product_cat-vaetised-lilledele","10":"first","11":"instock","12":"sale","13":"shipping-taxable","14":"purchasable","15":"product-type-simple"},"yoast_head":"<!-- This site is optimized with the Yoast SEO plugin v24.0 - https:\/\/yoast.com\/wordpress\/plugins\/seo\/ -->\n<title>Rose Food rooside kastmisv\u00e4etis Schultz 350g - Horticom<\/title>\n<meta name=\"robots\" content=\"index, follow, max-snippet:-1, max-image-preview:large, max-video-preview:-1\" \/>\n<link rel=\"canonical\" href=\"https:\/\/horticom.ee\/e-pood\/toode\/rose-food-rooside-kastmisvaetis-schultz-350g\/\" \/>\n<meta property=\"og:locale\" content=\"et_EE\" \/>\n<meta property=\"og:type\" content=\"article\" \/>\n<meta property=\"og:title\" content=\"Rose Food rooside kastmisv\u00e4etis Schultz 350g - Horticom\" \/>\n<meta property=\"og:description\" content=\"Ette n\u00e4htud k\u00f5ikide rooside ja \u00f5itsevate lillede, \u00f5itsevate puude ja p\u00f5\u00f5saste v\u00e4etamiseks. Ergutab rooside ja teiste aialillede rikkalikku \u00f5itsemist, kasvu ja \u00f5ite ilu. Muudab \u00f5ite ja lehtede v\u00e4rvi lopsakamaks, tugevdab taimede juuri, h\u00f5lbustab \u00fcmberistutatud taimede juurdumist. Schultz v\u00e4etist soovitatakse lisada kastmisvette igal kastmiskorral taimede kasvu ja \u00f5itsemise perioodil, mil taimed vajavad mineraalaineid k\u00f5ige rohkem.\" \/>\n<meta property=\"og:url\" content=\"https:\/\/horticom.ee\/e-pood\/toode\/rose-food-rooside-kastmisvaetis-schultz-350g\/\" \/>\n<meta property=\"og:site_name\" content=\"Horticom.ee\" \/>\n<meta property=\"article:publisher\" content=\"https:\/\/www.facebook.com\/horticom.ee\/e-pood\" \/>\n<meta property=\"article:modified_time\" content=\"2026-05-13T00:12:56+00:00\" \/>\n<meta property=\"og:image\" content=\"https:\/\/horticom.ee\/e-pood\/wp-content\/uploads\/importedmedia\/product-2023555_0-1021200.jpg\" \/>\n\t<meta property=\"og:image:width\" content=\"1000\" \/>\n\t<meta property=\"og:image:height\" content=\"1536\" \/>\n\t<meta property=\"og:image:type\" content=\"image\/jpeg\" \/>\n<meta name=\"twitter:card\" content=\"summary_large_image\" \/>\n<script type=\"application\/ld+json\" class=\"yoast-schema-graph\">{\"@context\":\"https:\/\/schema.org\",\"@graph\":[{\"@type\":\"WebPage\",\"@id\":\"https:\/\/horticom.ee\/e-pood\/toode\/rose-food-rooside-kastmisvaetis-schultz-350g\/\",\"url\":\"https:\/\/horticom.ee\/e-pood\/toode\/rose-food-rooside-kastmisvaetis-schultz-350g\/\",\"name\":\"Rose Food rooside kastmisv\u00e4etis Schultz 350g - Horticom\",\"isPartOf\":{\"@id\":\"https:\/\/horticom.ee\/e-pood\/#website\"},\"primaryImageOfPage\":{\"@id\":\"https:\/\/horticom.ee\/e-pood\/toode\/rose-food-rooside-kastmisvaetis-schultz-350g\/#primaryimage\"},\"image\":{\"@id\":\"https:\/\/horticom.ee\/e-pood\/toode\/rose-food-rooside-kastmisvaetis-schultz-350g\/#primaryimage\"},\"thumbnailUrl\":\"https:\/\/horticom.ee\/e-pood\/wp-content\/uploads\/importedmedia\/product-2023555_0-1021200.jpg\",\"datePublished\":\"2024-01-02T01:01:49+00:00\",\"dateModified\":\"2026-05-13T00:12:56+00:00\",\"breadcrumb\":{\"@id\":\"https:\/\/horticom.ee\/e-pood\/toode\/rose-food-rooside-kastmisvaetis-schultz-350g\/#breadcrumb\"},\"inLanguage\":\"et\",\"potentialAction\":[{\"@type\":\"ReadAction\",\"target\":[\"https:\/\/horticom.ee\/e-pood\/toode\/rose-food-rooside-kastmisvaetis-schultz-350g\/\"]}]},{\"@type\":\"ImageObject\",\"inLanguage\":\"et\",\"@id\":\"https:\/\/horticom.ee\/e-pood\/toode\/rose-food-rooside-kastmisvaetis-schultz-350g\/#primaryimage\",\"url\":\"https:\/\/horticom.ee\/e-pood\/wp-content\/uploads\/importedmedia\/product-2023555_0-1021200.jpg\",\"contentUrl\":\"https:\/\/horticom.ee\/e-pood\/wp-content\/uploads\/importedmedia\/product-2023555_0-1021200.jpg\",\"width\":1000,\"height\":1536},{\"@type\":\"BreadcrumbList\",\"@id\":\"https:\/\/horticom.ee\/e-pood\/toode\/rose-food-rooside-kastmisvaetis-schultz-350g\/#breadcrumb\",\"itemListElement\":[{\"@type\":\"ListItem\",\"position\":1,\"name\":\"Home\",\"item\":\"https:\/\/horticom.ee\/e-pood\/\"},{\"@type\":\"ListItem\",\"position\":2,\"name\":\"Pood\",\"item\":\"https:\/\/horticom.ee\/e-pood\/pood\/\"},{\"@type\":\"ListItem\",\"position\":3,\"name\":\"Rose Food rooside kastmisv\u00e4etis Schultz 350g\"}]},{\"@type\":\"WebSite\",\"@id\":\"https:\/\/horticom.ee\/e-pood\/#website\",\"url\":\"https:\/\/horticom.ee\/e-pood\/\",\"name\":\"Horticom.ee\",\"description\":\"Aianduskaubad ja kodukaubad nii harrastajatele kui professionaalidele\",\"potentialAction\":[{\"@type\":\"SearchAction\",\"target\":{\"@type\":\"EntryPoint\",\"urlTemplate\":\"https:\/\/horticom.ee\/e-pood\/?s={search_term_string}\"},\"query-input\":{\"@type\":\"PropertyValueSpecification\",\"valueRequired\":true,\"valueName\":\"search_term_string\"}}],\"inLanguage\":\"et\"}]}<\/script>\n<!-- \/ Yoast SEO plugin. -->","yoast_head_json":{"title":"Rose Food rooside kastmisv\u00e4etis Schultz 350g - Horticom","robots":{"index":"index","follow":"follow","max-snippet":"max-snippet:-1","max-image-preview":"max-image-preview:large","max-video-preview":"max-video-preview:-1"},"canonical":"https:\/\/horticom.ee\/e-pood\/toode\/rose-food-rooside-kastmisvaetis-schultz-350g\/","og_locale":"et_EE","og_type":"article","og_title":"Rose Food rooside kastmisv\u00e4etis Schultz 350g - Horticom","og_description":"Ette n\u00e4htud k\u00f5ikide rooside ja \u00f5itsevate lillede, \u00f5itsevate puude ja p\u00f5\u00f5saste v\u00e4etamiseks. Ergutab rooside ja teiste aialillede rikkalikku \u00f5itsemist, kasvu ja \u00f5ite ilu. Muudab \u00f5ite ja lehtede v\u00e4rvi lopsakamaks, tugevdab taimede juuri, h\u00f5lbustab \u00fcmberistutatud taimede juurdumist. Schultz v\u00e4etist soovitatakse lisada kastmisvette igal kastmiskorral taimede kasvu ja \u00f5itsemise perioodil, mil taimed vajavad mineraalaineid k\u00f5ige rohkem.","og_url":"https:\/\/horticom.ee\/e-pood\/toode\/rose-food-rooside-kastmisvaetis-schultz-350g\/","og_site_name":"Horticom.ee","article_publisher":"https:\/\/www.facebook.com\/horticom.ee\/e-pood","article_modified_time":"2026-05-13T00:12:56+00:00","og_image":[{"width":1000,"height":1536,"url":"https:\/\/horticom.ee\/e-pood\/wp-content\/uploads\/importedmedia\/product-2023555_0-1021200.jpg","type":"image\/jpeg"}],"twitter_card":"summary_large_image","schema":{"@context":"https:\/\/schema.org","@graph":[{"@type":"WebPage","@id":"https:\/\/horticom.ee\/e-pood\/toode\/rose-food-rooside-kastmisvaetis-schultz-350g\/","url":"https:\/\/horticom.ee\/e-pood\/toode\/rose-food-rooside-kastmisvaetis-schultz-350g\/","name":"Rose Food rooside kastmisv\u00e4etis Schultz 350g - Horticom","isPartOf":{"@id":"https:\/\/horticom.ee\/e-pood\/#website"},"primaryImageOfPage":{"@id":"https:\/\/horticom.ee\/e-pood\/toode\/rose-food-rooside-kastmisvaetis-schultz-350g\/#primaryimage"},"image":{"@id":"https:\/\/horticom.ee\/e-pood\/toode\/rose-food-rooside-kastmisvaetis-schultz-350g\/#primaryimage"},"thumbnailUrl":"https:\/\/horticom.ee\/e-pood\/wp-content\/uploads\/importedmedia\/product-2023555_0-1021200.jpg","datePublished":"2024-01-02T01:01:49+00:00","dateModified":"2026-05-13T00:12:56+00:00","breadcrumb":{"@id":"https:\/\/horticom.ee\/e-pood\/toode\/rose-food-rooside-kastmisvaetis-schultz-350g\/#breadcrumb"},"inLanguage":"et","potentialAction":[{"@type":"ReadAction","target":["https:\/\/horticom.ee\/e-pood\/toode\/rose-food-rooside-kastmisvaetis-schultz-350g\/"]}]},{"@type":"ImageObject","inLanguage":"et","@id":"https:\/\/horticom.ee\/e-pood\/toode\/rose-food-rooside-kastmisvaetis-schultz-350g\/#primaryimage","url":"https:\/\/horticom.ee\/e-pood\/wp-content\/uploads\/importedmedia\/product-2023555_0-1021200.jpg","contentUrl":"https:\/\/horticom.ee\/e-pood\/wp-content\/uploads\/importedmedia\/product-2023555_0-1021200.jpg","width":1000,"height":1536},{"@type":"BreadcrumbList","@id":"https:\/\/horticom.ee\/e-pood\/toode\/rose-food-rooside-kastmisvaetis-schultz-350g\/#breadcrumb","itemListElement":[{"@type":"ListItem","position":1,"name":"Home","item":"https:\/\/horticom.ee\/e-pood\/"},{"@type":"ListItem","position":2,"name":"Pood","item":"https:\/\/horticom.ee\/e-pood\/pood\/"},{"@type":"ListItem","position":3,"name":"Rose Food rooside kastmisv\u00e4etis Schultz 350g"}]},{"@type":"WebSite","@id":"https:\/\/horticom.ee\/e-pood\/#website","url":"https:\/\/horticom.ee\/e-pood\/","name":"Horticom.ee","description":"Aianduskaubad ja kodukaubad nii harrastajatele kui professionaalidele","potentialAction":[{"@type":"SearchAction","target":{"@type":"EntryPoint","urlTemplate":"https:\/\/horticom.ee\/e-pood\/?s={search_term_string}"},"query-input":{"@type":"PropertyValueSpecification","valueRequired":true,"valueName":"search_term_string"}}],"inLanguage":"et"}]}},"_links":{"self":[{"href":"https:\/\/horticom.ee\/e-pood\/wp-json\/wp\/v2\/product\/2023555","targetHints":{"allow":["GET"]}}],"collection":[{"href":"https:\/\/horticom.ee\/e-pood\/wp-json\/wp\/v2\/product"}],"about":[{"href":"https:\/\/horticom.ee\/e-pood\/wp-json\/wp\/v2\/types\/product"}],"replies":[{"embeddable":true,"href":"https:\/\/horticom.ee\/e-pood\/wp-json\/wp\/v2\/comments?post=2023555"}],"wp:featuredmedia":[{"embeddable":true,"href":"https:\/\/horticom.ee\/e-pood\/wp-json\/wp\/v2\/media\/2379822"}],"wp:attachment":[{"href":"https:\/\/horticom.ee\/e-pood\/wp-json\/wp\/v2\/media?parent=2023555"}],"wp:term":[{"taxonomy":"product_cat","embeddable":true,"href":"https:\/\/horticom.ee\/e-pood\/wp-json\/wp\/v2\/product_cat?post=2023555"},{"taxonomy":"product_tag","embeddable":true,"href":"https:\/\/horticom.ee\/e-pood\/wp-json\/wp\/v2\/product_tag?post=2023555"}],"curies":[{"name":"wp","href":"https:\/\/api.w.org\/{rel}","templated":true}]}}