{"id":2023587,"date":"2024-01-02T03:01:59","date_gmt":"2024-01-02T01:01:59","guid":{"rendered":"https:\/\/horticom.ee\/e-pood\/toode\/tumeda-koorega-paevalilleseemned-lindudele-horticom-2kg\/"},"modified":"2026-04-23T13:01:31","modified_gmt":"2026-04-23T10:01:31","slug":"tumeda-koorega-paevalilleseemned-lindudele-horticom-2kg","status":"publish","type":"product","link":"https:\/\/horticom.ee\/e-pood\/toode\/tumeda-koorega-paevalilleseemned-lindudele-horticom-2kg\/","title":{"rendered":"Tumeda koorega p\u00e4evalilleseemned lindudele Horticom 2kg"},"content":{"rendered":"<p>Tumeda koorega p\u00e4evalilleseemned sisaldavad t\u00e4htsamaid toitaineid, mida aia- ja metsalinnud talvel vajavad. Lindudel lihtne s\u00fc\u00fca. Talvine lisatoitmine on h\u00e4davajalik, kuna mitmete meil talvituvate lindude elluj\u00e4\u00e4mine s\u00f5ltub sellest. Kasutage seemnetele sobivat linnus\u00f6\u00f6gimaja. Kui olete alustanud lindude toitmist, siis seda l\u00f5petada ei tohi.<\/p>\n","protected":false},"excerpt":{"rendered":"<p>Tumeda koorega p\u00e4evalilleseemned sisaldavad t\u00e4htsamaid toitaineid, mida aia- ja metsalinnud talvel vajavad. Lindudel lihtne s\u00fc\u00fca. Talvine lisatoitmine on h\u00e4davajalik, kuna mitmete meil talvituvate lindude elluj\u00e4\u00e4mine s\u00f5ltub sellest. Kasutage seemnetele sobivat linnus\u00f6\u00f6gimaja. Kui olete alustanud lindude toitmist, siis seda l\u00f5petada ei tohi.<\/p>\n","protected":false},"featured_media":2378390,"comment_status":"closed","ping_status":"closed","template":"","meta":{"_themeisle_gutenberg_block_has_review":false},"product_cat":[13401],"product_tag":[],"class_list":{"0":"post-2023587","1":"product","2":"type-product","3":"status-publish","4":"has-post-thumbnail","6":"product_cat-linnutoidud","8":"first","9":"instock","10":"shipping-taxable","11":"purchasable","12":"product-type-simple"},"yoast_head":"<!-- This site is optimized with the Yoast SEO plugin v24.0 - https:\/\/yoast.com\/wordpress\/plugins\/seo\/ -->\n<title>Tumeda koorega p\u00e4evalilleseemned lindudele Horticom 2kg - Horticom<\/title>\n<meta name=\"robots\" content=\"index, follow, max-snippet:-1, max-image-preview:large, max-video-preview:-1\" \/>\n<link rel=\"canonical\" href=\"https:\/\/horticom.ee\/e-pood\/toode\/tumeda-koorega-paevalilleseemned-lindudele-horticom-2kg\/\" \/>\n<meta property=\"og:locale\" content=\"et_EE\" \/>\n<meta property=\"og:type\" content=\"article\" \/>\n<meta property=\"og:title\" content=\"Tumeda koorega p\u00e4evalilleseemned lindudele Horticom 2kg - Horticom\" \/>\n<meta property=\"og:description\" content=\"Tumeda koorega p\u00e4evalilleseemned sisaldavad t\u00e4htsamaid toitaineid, mida aia- ja metsalinnud talvel vajavad. Lindudel lihtne s\u00fc\u00fca. Talvine lisatoitmine on h\u00e4davajalik, kuna mitmete meil talvituvate lindude elluj\u00e4\u00e4mine s\u00f5ltub sellest. Kasutage seemnetele sobivat linnus\u00f6\u00f6gimaja. Kui olete alustanud lindude toitmist, siis seda l\u00f5petada ei tohi.\" \/>\n<meta property=\"og:url\" content=\"https:\/\/horticom.ee\/e-pood\/toode\/tumeda-koorega-paevalilleseemned-lindudele-horticom-2kg\/\" \/>\n<meta property=\"og:site_name\" content=\"Horticom.ee\" \/>\n<meta property=\"article:publisher\" content=\"https:\/\/www.facebook.com\/horticom.ee\/e-pood\" \/>\n<meta property=\"article:modified_time\" content=\"2026-04-23T10:01:31+00:00\" \/>\n<meta property=\"og:image\" content=\"https:\/\/horticom.ee\/e-pood\/wp-content\/uploads\/importedmedia\/product-2023587_0-1474926.jpg\" \/>\n\t<meta property=\"og:image:width\" content=\"1000\" \/>\n\t<meta property=\"og:image:height\" content=\"635\" \/>\n\t<meta property=\"og:image:type\" content=\"image\/jpeg\" \/>\n<meta name=\"twitter:card\" content=\"summary_large_image\" \/>\n<script type=\"application\/ld+json\" class=\"yoast-schema-graph\">{\"@context\":\"https:\/\/schema.org\",\"@graph\":[{\"@type\":\"WebPage\",\"@id\":\"https:\/\/horticom.ee\/e-pood\/toode\/tumeda-koorega-paevalilleseemned-lindudele-horticom-2kg\/\",\"url\":\"https:\/\/horticom.ee\/e-pood\/toode\/tumeda-koorega-paevalilleseemned-lindudele-horticom-2kg\/\",\"name\":\"Tumeda koorega p\u00e4evalilleseemned lindudele Horticom 2kg - Horticom\",\"isPartOf\":{\"@id\":\"https:\/\/horticom.ee\/e-pood\/#website\"},\"primaryImageOfPage\":{\"@id\":\"https:\/\/horticom.ee\/e-pood\/toode\/tumeda-koorega-paevalilleseemned-lindudele-horticom-2kg\/#primaryimage\"},\"image\":{\"@id\":\"https:\/\/horticom.ee\/e-pood\/toode\/tumeda-koorega-paevalilleseemned-lindudele-horticom-2kg\/#primaryimage\"},\"thumbnailUrl\":\"https:\/\/horticom.ee\/e-pood\/wp-content\/uploads\/importedmedia\/product-2023587_0-1474926.jpg\",\"datePublished\":\"2024-01-02T01:01:59+00:00\",\"dateModified\":\"2026-04-23T10:01:31+00:00\",\"breadcrumb\":{\"@id\":\"https:\/\/horticom.ee\/e-pood\/toode\/tumeda-koorega-paevalilleseemned-lindudele-horticom-2kg\/#breadcrumb\"},\"inLanguage\":\"et\",\"potentialAction\":[{\"@type\":\"ReadAction\",\"target\":[\"https:\/\/horticom.ee\/e-pood\/toode\/tumeda-koorega-paevalilleseemned-lindudele-horticom-2kg\/\"]}]},{\"@type\":\"ImageObject\",\"inLanguage\":\"et\",\"@id\":\"https:\/\/horticom.ee\/e-pood\/toode\/tumeda-koorega-paevalilleseemned-lindudele-horticom-2kg\/#primaryimage\",\"url\":\"https:\/\/horticom.ee\/e-pood\/wp-content\/uploads\/importedmedia\/product-2023587_0-1474926.jpg\",\"contentUrl\":\"https:\/\/horticom.ee\/e-pood\/wp-content\/uploads\/importedmedia\/product-2023587_0-1474926.jpg\",\"width\":1000,\"height\":635},{\"@type\":\"BreadcrumbList\",\"@id\":\"https:\/\/horticom.ee\/e-pood\/toode\/tumeda-koorega-paevalilleseemned-lindudele-horticom-2kg\/#breadcrumb\",\"itemListElement\":[{\"@type\":\"ListItem\",\"position\":1,\"name\":\"Home\",\"item\":\"https:\/\/horticom.ee\/e-pood\/\"},{\"@type\":\"ListItem\",\"position\":2,\"name\":\"Pood\",\"item\":\"https:\/\/horticom.ee\/e-pood\/pood\/\"},{\"@type\":\"ListItem\",\"position\":3,\"name\":\"Tumeda koorega p\u00e4evalilleseemned lindudele Horticom 2kg\"}]},{\"@type\":\"WebSite\",\"@id\":\"https:\/\/horticom.ee\/e-pood\/#website\",\"url\":\"https:\/\/horticom.ee\/e-pood\/\",\"name\":\"Horticom.ee\",\"description\":\"Aianduskaubad ja kodukaubad nii harrastajatele kui professionaalidele\",\"potentialAction\":[{\"@type\":\"SearchAction\",\"target\":{\"@type\":\"EntryPoint\",\"urlTemplate\":\"https:\/\/horticom.ee\/e-pood\/?s={search_term_string}\"},\"query-input\":{\"@type\":\"PropertyValueSpecification\",\"valueRequired\":true,\"valueName\":\"search_term_string\"}}],\"inLanguage\":\"et\"}]}<\/script>\n<!-- \/ Yoast SEO plugin. -->","yoast_head_json":{"title":"Tumeda koorega p\u00e4evalilleseemned lindudele Horticom 2kg - Horticom","robots":{"index":"index","follow":"follow","max-snippet":"max-snippet:-1","max-image-preview":"max-image-preview:large","max-video-preview":"max-video-preview:-1"},"canonical":"https:\/\/horticom.ee\/e-pood\/toode\/tumeda-koorega-paevalilleseemned-lindudele-horticom-2kg\/","og_locale":"et_EE","og_type":"article","og_title":"Tumeda koorega p\u00e4evalilleseemned lindudele Horticom 2kg - Horticom","og_description":"Tumeda koorega p\u00e4evalilleseemned sisaldavad t\u00e4htsamaid toitaineid, mida aia- ja metsalinnud talvel vajavad. Lindudel lihtne s\u00fc\u00fca. Talvine lisatoitmine on h\u00e4davajalik, kuna mitmete meil talvituvate lindude elluj\u00e4\u00e4mine s\u00f5ltub sellest. Kasutage seemnetele sobivat linnus\u00f6\u00f6gimaja. Kui olete alustanud lindude toitmist, siis seda l\u00f5petada ei tohi.","og_url":"https:\/\/horticom.ee\/e-pood\/toode\/tumeda-koorega-paevalilleseemned-lindudele-horticom-2kg\/","og_site_name":"Horticom.ee","article_publisher":"https:\/\/www.facebook.com\/horticom.ee\/e-pood","article_modified_time":"2026-04-23T10:01:31+00:00","og_image":[{"width":1000,"height":635,"url":"https:\/\/horticom.ee\/e-pood\/wp-content\/uploads\/importedmedia\/product-2023587_0-1474926.jpg","type":"image\/jpeg"}],"twitter_card":"summary_large_image","schema":{"@context":"https:\/\/schema.org","@graph":[{"@type":"WebPage","@id":"https:\/\/horticom.ee\/e-pood\/toode\/tumeda-koorega-paevalilleseemned-lindudele-horticom-2kg\/","url":"https:\/\/horticom.ee\/e-pood\/toode\/tumeda-koorega-paevalilleseemned-lindudele-horticom-2kg\/","name":"Tumeda koorega p\u00e4evalilleseemned lindudele Horticom 2kg - Horticom","isPartOf":{"@id":"https:\/\/horticom.ee\/e-pood\/#website"},"primaryImageOfPage":{"@id":"https:\/\/horticom.ee\/e-pood\/toode\/tumeda-koorega-paevalilleseemned-lindudele-horticom-2kg\/#primaryimage"},"image":{"@id":"https:\/\/horticom.ee\/e-pood\/toode\/tumeda-koorega-paevalilleseemned-lindudele-horticom-2kg\/#primaryimage"},"thumbnailUrl":"https:\/\/horticom.ee\/e-pood\/wp-content\/uploads\/importedmedia\/product-2023587_0-1474926.jpg","datePublished":"2024-01-02T01:01:59+00:00","dateModified":"2026-04-23T10:01:31+00:00","breadcrumb":{"@id":"https:\/\/horticom.ee\/e-pood\/toode\/tumeda-koorega-paevalilleseemned-lindudele-horticom-2kg\/#breadcrumb"},"inLanguage":"et","potentialAction":[{"@type":"ReadAction","target":["https:\/\/horticom.ee\/e-pood\/toode\/tumeda-koorega-paevalilleseemned-lindudele-horticom-2kg\/"]}]},{"@type":"ImageObject","inLanguage":"et","@id":"https:\/\/horticom.ee\/e-pood\/toode\/tumeda-koorega-paevalilleseemned-lindudele-horticom-2kg\/#primaryimage","url":"https:\/\/horticom.ee\/e-pood\/wp-content\/uploads\/importedmedia\/product-2023587_0-1474926.jpg","contentUrl":"https:\/\/horticom.ee\/e-pood\/wp-content\/uploads\/importedmedia\/product-2023587_0-1474926.jpg","width":1000,"height":635},{"@type":"BreadcrumbList","@id":"https:\/\/horticom.ee\/e-pood\/toode\/tumeda-koorega-paevalilleseemned-lindudele-horticom-2kg\/#breadcrumb","itemListElement":[{"@type":"ListItem","position":1,"name":"Home","item":"https:\/\/horticom.ee\/e-pood\/"},{"@type":"ListItem","position":2,"name":"Pood","item":"https:\/\/horticom.ee\/e-pood\/pood\/"},{"@type":"ListItem","position":3,"name":"Tumeda koorega p\u00e4evalilleseemned lindudele Horticom 2kg"}]},{"@type":"WebSite","@id":"https:\/\/horticom.ee\/e-pood\/#website","url":"https:\/\/horticom.ee\/e-pood\/","name":"Horticom.ee","description":"Aianduskaubad ja kodukaubad nii harrastajatele kui professionaalidele","potentialAction":[{"@type":"SearchAction","target":{"@type":"EntryPoint","urlTemplate":"https:\/\/horticom.ee\/e-pood\/?s={search_term_string}"},"query-input":{"@type":"PropertyValueSpecification","valueRequired":true,"valueName":"search_term_string"}}],"inLanguage":"et"}]}},"_links":{"self":[{"href":"https:\/\/horticom.ee\/e-pood\/wp-json\/wp\/v2\/product\/2023587","targetHints":{"allow":["GET"]}}],"collection":[{"href":"https:\/\/horticom.ee\/e-pood\/wp-json\/wp\/v2\/product"}],"about":[{"href":"https:\/\/horticom.ee\/e-pood\/wp-json\/wp\/v2\/types\/product"}],"replies":[{"embeddable":true,"href":"https:\/\/horticom.ee\/e-pood\/wp-json\/wp\/v2\/comments?post=2023587"}],"wp:featuredmedia":[{"embeddable":true,"href":"https:\/\/horticom.ee\/e-pood\/wp-json\/wp\/v2\/media\/2378390"}],"wp:attachment":[{"href":"https:\/\/horticom.ee\/e-pood\/wp-json\/wp\/v2\/media?parent=2023587"}],"wp:term":[{"taxonomy":"product_cat","embeddable":true,"href":"https:\/\/horticom.ee\/e-pood\/wp-json\/wp\/v2\/product_cat?post=2023587"},{"taxonomy":"product_tag","embeddable":true,"href":"https:\/\/horticom.ee\/e-pood\/wp-json\/wp\/v2\/product_tag?post=2023587"}],"curies":[{"name":"wp","href":"https:\/\/api.w.org\/{rel}","templated":true}]}}