{"id":2023616,"date":"2024-01-02T03:02:09","date_gmt":"2024-01-02T01:02:09","guid":{"rendered":"https:\/\/horticom.ee\/e-pood\/toode\/kirsstomat-yellow-pearshaped-kollane-bio-30-seemet-2\/"},"modified":"2026-04-29T03:11:37","modified_gmt":"2026-04-29T00:11:37","slug":"kirsstomat-yellow-pearshaped-kollane-bio-30-seemet-2","status":"publish","type":"product","link":"https:\/\/horticom.ee\/e-pood\/toode\/kirsstomat-yellow-pearshaped-kollane-bio-30-seemet-2\/","title":{"rendered":"Kirsstomat Yellow Pearshaped (kollane) BIO 30 seemet 2"},"content":{"rendered":"<p>Suurep\u00e4rase maitsega pirnikujulised tomatid. Varajane sort, mis ei muutu liiga k\u00fcpseks ega pragune pikema s\u00e4ilitusaja jooksul. Sobib kasvatamiseks kasvuhoonetes ja soojemates aianurkades.<\/p>\n","protected":false},"excerpt":{"rendered":"<p>Suurep\u00e4rase maitsega pirnikujulised tomatid. Varajane sort, mis ei muutu liiga k\u00fcpseks ega pragune pikema s\u00e4ilitusaja jooksul. Sobib kasvatamiseks kasvuhoonetes ja soojemates aianurkades.<\/p>\n","protected":false},"featured_media":2024285,"comment_status":"closed","ping_status":"closed","template":"","meta":{"_themeisle_gutenberg_block_has_review":false},"product_cat":[13479,13481],"product_tag":[],"class_list":{"0":"post-2023616","1":"product","2":"type-product","3":"status-publish","4":"has-post-thumbnail","6":"product_cat-okoseemned","7":"product_cat-tomat","9":"first","10":"outofstock","11":"shipping-taxable","12":"purchasable","13":"product-type-simple"},"yoast_head":"<!-- This site is optimized with the Yoast SEO plugin v24.0 - https:\/\/yoast.com\/wordpress\/plugins\/seo\/ -->\n<title>Kirsstomat Yellow Pearshaped (kollane) BIO 30 seemet 2<\/title>\n<meta name=\"description\" content=\"Pirnikujuline tomat \u2013 varajane sort, pirnikujulised viljad, sobivad pikaajaliseks s\u00e4ilitamiseks ja ei pragune.\" \/>\n<meta name=\"robots\" content=\"index, follow, max-snippet:-1, max-image-preview:large, max-video-preview:-1\" \/>\n<link rel=\"canonical\" href=\"https:\/\/horticom.ee\/e-pood\/toode\/kirsstomat-yellow-pearshaped-kollane-bio-30-seemet-2\/\" \/>\n<meta property=\"og:locale\" content=\"et_EE\" \/>\n<meta property=\"og:type\" content=\"article\" \/>\n<meta property=\"og:title\" content=\"Kirsstomat Yellow Pearshaped (kollane) BIO 30 seemet 2\" \/>\n<meta property=\"og:description\" content=\"Pirnikujuline tomat \u2013 varajane sort, pirnikujulised viljad, sobivad pikaajaliseks s\u00e4ilitamiseks ja ei pragune.\" \/>\n<meta property=\"og:url\" content=\"https:\/\/horticom.ee\/e-pood\/toode\/kirsstomat-yellow-pearshaped-kollane-bio-30-seemet-2\/\" \/>\n<meta property=\"og:site_name\" content=\"Horticom.ee\" \/>\n<meta property=\"article:publisher\" content=\"https:\/\/www.facebook.com\/horticom.ee\/e-pood\" \/>\n<meta property=\"article:modified_time\" content=\"2026-04-29T00:11:37+00:00\" \/>\n<meta property=\"og:image\" content=\"https:\/\/horticom.ee\/e-pood\/wp-content\/uploads\/importedmedia\/product-2023616_0-HM06072.jpg\" \/>\n\t<meta property=\"og:image:width\" content=\"1000\" \/>\n\t<meta property=\"og:image:height\" content=\"1500\" \/>\n\t<meta property=\"og:image:type\" content=\"image\/jpeg\" \/>\n<meta name=\"twitter:card\" content=\"summary_large_image\" \/>\n<script type=\"application\/ld+json\" class=\"yoast-schema-graph\">{\"@context\":\"https:\/\/schema.org\",\"@graph\":[{\"@type\":\"WebPage\",\"@id\":\"https:\/\/horticom.ee\/e-pood\/toode\/kirsstomat-yellow-pearshaped-kollane-bio-30-seemet-2\/\",\"url\":\"https:\/\/horticom.ee\/e-pood\/toode\/kirsstomat-yellow-pearshaped-kollane-bio-30-seemet-2\/\",\"name\":\"Kirsstomat Yellow Pearshaped (kollane) BIO 30 seemet 2\",\"isPartOf\":{\"@id\":\"https:\/\/horticom.ee\/e-pood\/#website\"},\"primaryImageOfPage\":{\"@id\":\"https:\/\/horticom.ee\/e-pood\/toode\/kirsstomat-yellow-pearshaped-kollane-bio-30-seemet-2\/#primaryimage\"},\"image\":{\"@id\":\"https:\/\/horticom.ee\/e-pood\/toode\/kirsstomat-yellow-pearshaped-kollane-bio-30-seemet-2\/#primaryimage\"},\"thumbnailUrl\":\"https:\/\/horticom.ee\/e-pood\/wp-content\/uploads\/importedmedia\/product-2023616_0-HM06072.jpg\",\"datePublished\":\"2024-01-02T01:02:09+00:00\",\"dateModified\":\"2026-04-29T00:11:37+00:00\",\"description\":\"Pirnikujuline tomat \u2013 varajane sort, pirnikujulised viljad, sobivad pikaajaliseks s\u00e4ilitamiseks ja ei pragune.\",\"breadcrumb\":{\"@id\":\"https:\/\/horticom.ee\/e-pood\/toode\/kirsstomat-yellow-pearshaped-kollane-bio-30-seemet-2\/#breadcrumb\"},\"inLanguage\":\"et\",\"potentialAction\":[{\"@type\":\"ReadAction\",\"target\":[\"https:\/\/horticom.ee\/e-pood\/toode\/kirsstomat-yellow-pearshaped-kollane-bio-30-seemet-2\/\"]}]},{\"@type\":\"ImageObject\",\"inLanguage\":\"et\",\"@id\":\"https:\/\/horticom.ee\/e-pood\/toode\/kirsstomat-yellow-pearshaped-kollane-bio-30-seemet-2\/#primaryimage\",\"url\":\"https:\/\/horticom.ee\/e-pood\/wp-content\/uploads\/importedmedia\/product-2023616_0-HM06072.jpg\",\"contentUrl\":\"https:\/\/horticom.ee\/e-pood\/wp-content\/uploads\/importedmedia\/product-2023616_0-HM06072.jpg\",\"width\":1000,\"height\":1500,\"caption\":\"Kirsstomat Yellow Pearshaped (kollane) BIO 30 seemet 2\"},{\"@type\":\"BreadcrumbList\",\"@id\":\"https:\/\/horticom.ee\/e-pood\/toode\/kirsstomat-yellow-pearshaped-kollane-bio-30-seemet-2\/#breadcrumb\",\"itemListElement\":[{\"@type\":\"ListItem\",\"position\":1,\"name\":\"Home\",\"item\":\"https:\/\/horticom.ee\/e-pood\/\"},{\"@type\":\"ListItem\",\"position\":2,\"name\":\"Pood\",\"item\":\"https:\/\/horticom.ee\/e-pood\/pood\/\"},{\"@type\":\"ListItem\",\"position\":3,\"name\":\"Kirsstomat Yellow Pearshaped (kollane) BIO 30 seemet 2\"}]},{\"@type\":\"WebSite\",\"@id\":\"https:\/\/horticom.ee\/e-pood\/#website\",\"url\":\"https:\/\/horticom.ee\/e-pood\/\",\"name\":\"Horticom.ee\",\"description\":\"Aianduskaubad ja kodukaubad nii harrastajatele kui professionaalidele\",\"potentialAction\":[{\"@type\":\"SearchAction\",\"target\":{\"@type\":\"EntryPoint\",\"urlTemplate\":\"https:\/\/horticom.ee\/e-pood\/?s={search_term_string}\"},\"query-input\":{\"@type\":\"PropertyValueSpecification\",\"valueRequired\":true,\"valueName\":\"search_term_string\"}}],\"inLanguage\":\"et\"}]}<\/script>\n<!-- \/ Yoast SEO plugin. -->","yoast_head_json":{"title":"Kirsstomat Yellow Pearshaped (kollane) BIO 30 seemet 2","description":"Pirnikujuline tomat \u2013 varajane sort, pirnikujulised viljad, sobivad pikaajaliseks s\u00e4ilitamiseks ja ei pragune.","robots":{"index":"index","follow":"follow","max-snippet":"max-snippet:-1","max-image-preview":"max-image-preview:large","max-video-preview":"max-video-preview:-1"},"canonical":"https:\/\/horticom.ee\/e-pood\/toode\/kirsstomat-yellow-pearshaped-kollane-bio-30-seemet-2\/","og_locale":"et_EE","og_type":"article","og_title":"Kirsstomat Yellow Pearshaped (kollane) BIO 30 seemet 2","og_description":"Pirnikujuline tomat \u2013 varajane sort, pirnikujulised viljad, sobivad pikaajaliseks s\u00e4ilitamiseks ja ei pragune.","og_url":"https:\/\/horticom.ee\/e-pood\/toode\/kirsstomat-yellow-pearshaped-kollane-bio-30-seemet-2\/","og_site_name":"Horticom.ee","article_publisher":"https:\/\/www.facebook.com\/horticom.ee\/e-pood","article_modified_time":"2026-04-29T00:11:37+00:00","og_image":[{"width":1000,"height":1500,"url":"https:\/\/horticom.ee\/e-pood\/wp-content\/uploads\/importedmedia\/product-2023616_0-HM06072.jpg","type":"image\/jpeg"}],"twitter_card":"summary_large_image","schema":{"@context":"https:\/\/schema.org","@graph":[{"@type":"WebPage","@id":"https:\/\/horticom.ee\/e-pood\/toode\/kirsstomat-yellow-pearshaped-kollane-bio-30-seemet-2\/","url":"https:\/\/horticom.ee\/e-pood\/toode\/kirsstomat-yellow-pearshaped-kollane-bio-30-seemet-2\/","name":"Kirsstomat Yellow Pearshaped (kollane) BIO 30 seemet 2","isPartOf":{"@id":"https:\/\/horticom.ee\/e-pood\/#website"},"primaryImageOfPage":{"@id":"https:\/\/horticom.ee\/e-pood\/toode\/kirsstomat-yellow-pearshaped-kollane-bio-30-seemet-2\/#primaryimage"},"image":{"@id":"https:\/\/horticom.ee\/e-pood\/toode\/kirsstomat-yellow-pearshaped-kollane-bio-30-seemet-2\/#primaryimage"},"thumbnailUrl":"https:\/\/horticom.ee\/e-pood\/wp-content\/uploads\/importedmedia\/product-2023616_0-HM06072.jpg","datePublished":"2024-01-02T01:02:09+00:00","dateModified":"2026-04-29T00:11:37+00:00","description":"Pirnikujuline tomat \u2013 varajane sort, pirnikujulised viljad, sobivad pikaajaliseks s\u00e4ilitamiseks ja ei pragune.","breadcrumb":{"@id":"https:\/\/horticom.ee\/e-pood\/toode\/kirsstomat-yellow-pearshaped-kollane-bio-30-seemet-2\/#breadcrumb"},"inLanguage":"et","potentialAction":[{"@type":"ReadAction","target":["https:\/\/horticom.ee\/e-pood\/toode\/kirsstomat-yellow-pearshaped-kollane-bio-30-seemet-2\/"]}]},{"@type":"ImageObject","inLanguage":"et","@id":"https:\/\/horticom.ee\/e-pood\/toode\/kirsstomat-yellow-pearshaped-kollane-bio-30-seemet-2\/#primaryimage","url":"https:\/\/horticom.ee\/e-pood\/wp-content\/uploads\/importedmedia\/product-2023616_0-HM06072.jpg","contentUrl":"https:\/\/horticom.ee\/e-pood\/wp-content\/uploads\/importedmedia\/product-2023616_0-HM06072.jpg","width":1000,"height":1500,"caption":"Kirsstomat Yellow Pearshaped (kollane) BIO 30 seemet 2"},{"@type":"BreadcrumbList","@id":"https:\/\/horticom.ee\/e-pood\/toode\/kirsstomat-yellow-pearshaped-kollane-bio-30-seemet-2\/#breadcrumb","itemListElement":[{"@type":"ListItem","position":1,"name":"Home","item":"https:\/\/horticom.ee\/e-pood\/"},{"@type":"ListItem","position":2,"name":"Pood","item":"https:\/\/horticom.ee\/e-pood\/pood\/"},{"@type":"ListItem","position":3,"name":"Kirsstomat Yellow Pearshaped (kollane) BIO 30 seemet 2"}]},{"@type":"WebSite","@id":"https:\/\/horticom.ee\/e-pood\/#website","url":"https:\/\/horticom.ee\/e-pood\/","name":"Horticom.ee","description":"Aianduskaubad ja kodukaubad nii harrastajatele kui professionaalidele","potentialAction":[{"@type":"SearchAction","target":{"@type":"EntryPoint","urlTemplate":"https:\/\/horticom.ee\/e-pood\/?s={search_term_string}"},"query-input":{"@type":"PropertyValueSpecification","valueRequired":true,"valueName":"search_term_string"}}],"inLanguage":"et"}]}},"_links":{"self":[{"href":"https:\/\/horticom.ee\/e-pood\/wp-json\/wp\/v2\/product\/2023616","targetHints":{"allow":["GET"]}}],"collection":[{"href":"https:\/\/horticom.ee\/e-pood\/wp-json\/wp\/v2\/product"}],"about":[{"href":"https:\/\/horticom.ee\/e-pood\/wp-json\/wp\/v2\/types\/product"}],"replies":[{"embeddable":true,"href":"https:\/\/horticom.ee\/e-pood\/wp-json\/wp\/v2\/comments?post=2023616"}],"wp:featuredmedia":[{"embeddable":true,"href":"https:\/\/horticom.ee\/e-pood\/wp-json\/wp\/v2\/media\/2024285"}],"wp:attachment":[{"href":"https:\/\/horticom.ee\/e-pood\/wp-json\/wp\/v2\/media?parent=2023616"}],"wp:term":[{"taxonomy":"product_cat","embeddable":true,"href":"https:\/\/horticom.ee\/e-pood\/wp-json\/wp\/v2\/product_cat?post=2023616"},{"taxonomy":"product_tag","embeddable":true,"href":"https:\/\/horticom.ee\/e-pood\/wp-json\/wp\/v2\/product_tag?post=2023616"}],"curies":[{"name":"wp","href":"https:\/\/api.w.org\/{rel}","templated":true}]}}