{"id":2023645,"date":"2024-01-02T03:02:18","date_gmt":"2024-01-02T01:02:18","guid":{"rendered":"https:\/\/horticom.ee\/e-pood\/toode\/redis-umarate-sortide-segu-42g-1\/"},"modified":"2026-04-24T03:13:41","modified_gmt":"2026-04-24T00:13:41","slug":"redis-umarate-sortide-segu-42g-1","status":"publish","type":"product","link":"https:\/\/horticom.ee\/e-pood\/toode\/redis-umarate-sortide-segu-42g-1\/","title":{"rendered":"Redis \u00fcmarate sortide segu 4,2g 1"},"content":{"rendered":"<p>Valik erinevaid  kr\u00f5mpsuva, kr\u00f5beda, maheda ja magusa maitsega rediseid. Pakend sisaldab 10% kollaste, 20% \u00fcmar valgete, 35% punaste, 30% valge\/punaste ja 5% lillade rediste seemneid.<\/p>\n","protected":false},"excerpt":{"rendered":"<p>Valik erinevaid kr\u00f5mpsuva, kr\u00f5beda, maheda ja magusa maitsega rediseid. Pakend sisaldab 10% kollaste, 20% \u00fcmar valgete, 35% punaste, 30% valge\/punaste ja 5% lillade rediste seemneid.<\/p>\n","protected":false},"featured_media":2024223,"comment_status":"closed","ping_status":"closed","template":"","meta":{"_themeisle_gutenberg_block_has_review":false},"product_cat":[13485],"product_tag":[],"class_list":{"0":"post-2023645","1":"product","2":"type-product","3":"status-publish","4":"has-post-thumbnail","6":"product_cat-redis-roigas","8":"first","9":"outofstock","10":"shipping-taxable","11":"purchasable","12":"product-type-simple"},"yoast_head":"<!-- This site is optimized with the Yoast SEO plugin v24.0 - https:\/\/yoast.com\/wordpress\/plugins\/seo\/ -->\n<title>Redis \u00fcmarate sortide segu 4,2g 1 - Horticom.ee\/e-pood<\/title>\n<meta name=\"description\" content=\"Redis Mix \u2013 valik erinevat v\u00e4rvi rediseid (kollane, valge, punane, lillakas). Pakub kr\u00f5mpsuvat ja mahedat maitset. Ideaalne v\u00e4rske tarbimiseks.\" \/>\n<meta name=\"robots\" content=\"index, follow, max-snippet:-1, max-image-preview:large, max-video-preview:-1\" \/>\n<link rel=\"canonical\" href=\"https:\/\/horticom.ee\/e-pood\/toode\/redis-umarate-sortide-segu-42g-1\/\" \/>\n<meta property=\"og:locale\" content=\"et_EE\" \/>\n<meta property=\"og:type\" content=\"article\" \/>\n<meta property=\"og:title\" content=\"Redis \u00fcmarate sortide segu 4,2g 1 - Horticom.ee\/e-pood\" \/>\n<meta property=\"og:description\" content=\"Redis Mix \u2013 valik erinevat v\u00e4rvi rediseid (kollane, valge, punane, lillakas). Pakub kr\u00f5mpsuvat ja mahedat maitset. Ideaalne v\u00e4rske tarbimiseks.\" \/>\n<meta property=\"og:url\" content=\"https:\/\/horticom.ee\/e-pood\/toode\/redis-umarate-sortide-segu-42g-1\/\" \/>\n<meta property=\"og:site_name\" content=\"Horticom.ee\" \/>\n<meta property=\"article:publisher\" content=\"https:\/\/www.facebook.com\/horticom.ee\/e-pood\" \/>\n<meta property=\"article:modified_time\" content=\"2026-04-24T00:13:41+00:00\" \/>\n<meta property=\"og:image\" content=\"https:\/\/horticom.ee\/e-pood\/wp-content\/uploads\/importedmedia\/product-2023645_0-HM06103.jpg\" \/>\n\t<meta property=\"og:image:width\" content=\"1000\" \/>\n\t<meta property=\"og:image:height\" content=\"1500\" \/>\n\t<meta property=\"og:image:type\" content=\"image\/jpeg\" \/>\n<meta name=\"twitter:card\" content=\"summary_large_image\" \/>\n<script type=\"application\/ld+json\" class=\"yoast-schema-graph\">{\"@context\":\"https:\/\/schema.org\",\"@graph\":[{\"@type\":\"WebPage\",\"@id\":\"https:\/\/horticom.ee\/e-pood\/toode\/redis-umarate-sortide-segu-42g-1\/\",\"url\":\"https:\/\/horticom.ee\/e-pood\/toode\/redis-umarate-sortide-segu-42g-1\/\",\"name\":\"Redis \u00fcmarate sortide segu 4,2g 1 - Horticom.ee\/e-pood\",\"isPartOf\":{\"@id\":\"https:\/\/horticom.ee\/e-pood\/#website\"},\"primaryImageOfPage\":{\"@id\":\"https:\/\/horticom.ee\/e-pood\/toode\/redis-umarate-sortide-segu-42g-1\/#primaryimage\"},\"image\":{\"@id\":\"https:\/\/horticom.ee\/e-pood\/toode\/redis-umarate-sortide-segu-42g-1\/#primaryimage\"},\"thumbnailUrl\":\"https:\/\/horticom.ee\/e-pood\/wp-content\/uploads\/importedmedia\/product-2023645_0-HM06103.jpg\",\"datePublished\":\"2024-01-02T01:02:18+00:00\",\"dateModified\":\"2026-04-24T00:13:41+00:00\",\"description\":\"Redis Mix \u2013 valik erinevat v\u00e4rvi rediseid (kollane, valge, punane, lillakas). Pakub kr\u00f5mpsuvat ja mahedat maitset. Ideaalne v\u00e4rske tarbimiseks.\",\"breadcrumb\":{\"@id\":\"https:\/\/horticom.ee\/e-pood\/toode\/redis-umarate-sortide-segu-42g-1\/#breadcrumb\"},\"inLanguage\":\"et\",\"potentialAction\":[{\"@type\":\"ReadAction\",\"target\":[\"https:\/\/horticom.ee\/e-pood\/toode\/redis-umarate-sortide-segu-42g-1\/\"]}]},{\"@type\":\"ImageObject\",\"inLanguage\":\"et\",\"@id\":\"https:\/\/horticom.ee\/e-pood\/toode\/redis-umarate-sortide-segu-42g-1\/#primaryimage\",\"url\":\"https:\/\/horticom.ee\/e-pood\/wp-content\/uploads\/importedmedia\/product-2023645_0-HM06103.jpg\",\"contentUrl\":\"https:\/\/horticom.ee\/e-pood\/wp-content\/uploads\/importedmedia\/product-2023645_0-HM06103.jpg\",\"width\":1000,\"height\":1500,\"caption\":\"Redis \u00fcmarate sortide segu 4,2g 1\"},{\"@type\":\"BreadcrumbList\",\"@id\":\"https:\/\/horticom.ee\/e-pood\/toode\/redis-umarate-sortide-segu-42g-1\/#breadcrumb\",\"itemListElement\":[{\"@type\":\"ListItem\",\"position\":1,\"name\":\"Home\",\"item\":\"https:\/\/horticom.ee\/e-pood\/\"},{\"@type\":\"ListItem\",\"position\":2,\"name\":\"Pood\",\"item\":\"https:\/\/horticom.ee\/e-pood\/pood\/\"},{\"@type\":\"ListItem\",\"position\":3,\"name\":\"Redis \u00fcmarate sortide segu 4,2g 1\"}]},{\"@type\":\"WebSite\",\"@id\":\"https:\/\/horticom.ee\/e-pood\/#website\",\"url\":\"https:\/\/horticom.ee\/e-pood\/\",\"name\":\"Horticom.ee\",\"description\":\"Aianduskaubad ja kodukaubad nii harrastajatele kui professionaalidele\",\"potentialAction\":[{\"@type\":\"SearchAction\",\"target\":{\"@type\":\"EntryPoint\",\"urlTemplate\":\"https:\/\/horticom.ee\/e-pood\/?s={search_term_string}\"},\"query-input\":{\"@type\":\"PropertyValueSpecification\",\"valueRequired\":true,\"valueName\":\"search_term_string\"}}],\"inLanguage\":\"et\"}]}<\/script>\n<!-- \/ Yoast SEO plugin. -->","yoast_head_json":{"title":"Redis \u00fcmarate sortide segu 4,2g 1 - Horticom.ee\/e-pood","description":"Redis Mix \u2013 valik erinevat v\u00e4rvi rediseid (kollane, valge, punane, lillakas). Pakub kr\u00f5mpsuvat ja mahedat maitset. Ideaalne v\u00e4rske tarbimiseks.","robots":{"index":"index","follow":"follow","max-snippet":"max-snippet:-1","max-image-preview":"max-image-preview:large","max-video-preview":"max-video-preview:-1"},"canonical":"https:\/\/horticom.ee\/e-pood\/toode\/redis-umarate-sortide-segu-42g-1\/","og_locale":"et_EE","og_type":"article","og_title":"Redis \u00fcmarate sortide segu 4,2g 1 - Horticom.ee\/e-pood","og_description":"Redis Mix \u2013 valik erinevat v\u00e4rvi rediseid (kollane, valge, punane, lillakas). Pakub kr\u00f5mpsuvat ja mahedat maitset. Ideaalne v\u00e4rske tarbimiseks.","og_url":"https:\/\/horticom.ee\/e-pood\/toode\/redis-umarate-sortide-segu-42g-1\/","og_site_name":"Horticom.ee","article_publisher":"https:\/\/www.facebook.com\/horticom.ee\/e-pood","article_modified_time":"2026-04-24T00:13:41+00:00","og_image":[{"width":1000,"height":1500,"url":"https:\/\/horticom.ee\/e-pood\/wp-content\/uploads\/importedmedia\/product-2023645_0-HM06103.jpg","type":"image\/jpeg"}],"twitter_card":"summary_large_image","schema":{"@context":"https:\/\/schema.org","@graph":[{"@type":"WebPage","@id":"https:\/\/horticom.ee\/e-pood\/toode\/redis-umarate-sortide-segu-42g-1\/","url":"https:\/\/horticom.ee\/e-pood\/toode\/redis-umarate-sortide-segu-42g-1\/","name":"Redis \u00fcmarate sortide segu 4,2g 1 - Horticom.ee\/e-pood","isPartOf":{"@id":"https:\/\/horticom.ee\/e-pood\/#website"},"primaryImageOfPage":{"@id":"https:\/\/horticom.ee\/e-pood\/toode\/redis-umarate-sortide-segu-42g-1\/#primaryimage"},"image":{"@id":"https:\/\/horticom.ee\/e-pood\/toode\/redis-umarate-sortide-segu-42g-1\/#primaryimage"},"thumbnailUrl":"https:\/\/horticom.ee\/e-pood\/wp-content\/uploads\/importedmedia\/product-2023645_0-HM06103.jpg","datePublished":"2024-01-02T01:02:18+00:00","dateModified":"2026-04-24T00:13:41+00:00","description":"Redis Mix \u2013 valik erinevat v\u00e4rvi rediseid (kollane, valge, punane, lillakas). Pakub kr\u00f5mpsuvat ja mahedat maitset. Ideaalne v\u00e4rske tarbimiseks.","breadcrumb":{"@id":"https:\/\/horticom.ee\/e-pood\/toode\/redis-umarate-sortide-segu-42g-1\/#breadcrumb"},"inLanguage":"et","potentialAction":[{"@type":"ReadAction","target":["https:\/\/horticom.ee\/e-pood\/toode\/redis-umarate-sortide-segu-42g-1\/"]}]},{"@type":"ImageObject","inLanguage":"et","@id":"https:\/\/horticom.ee\/e-pood\/toode\/redis-umarate-sortide-segu-42g-1\/#primaryimage","url":"https:\/\/horticom.ee\/e-pood\/wp-content\/uploads\/importedmedia\/product-2023645_0-HM06103.jpg","contentUrl":"https:\/\/horticom.ee\/e-pood\/wp-content\/uploads\/importedmedia\/product-2023645_0-HM06103.jpg","width":1000,"height":1500,"caption":"Redis \u00fcmarate sortide segu 4,2g 1"},{"@type":"BreadcrumbList","@id":"https:\/\/horticom.ee\/e-pood\/toode\/redis-umarate-sortide-segu-42g-1\/#breadcrumb","itemListElement":[{"@type":"ListItem","position":1,"name":"Home","item":"https:\/\/horticom.ee\/e-pood\/"},{"@type":"ListItem","position":2,"name":"Pood","item":"https:\/\/horticom.ee\/e-pood\/pood\/"},{"@type":"ListItem","position":3,"name":"Redis \u00fcmarate sortide segu 4,2g 1"}]},{"@type":"WebSite","@id":"https:\/\/horticom.ee\/e-pood\/#website","url":"https:\/\/horticom.ee\/e-pood\/","name":"Horticom.ee","description":"Aianduskaubad ja kodukaubad nii harrastajatele kui professionaalidele","potentialAction":[{"@type":"SearchAction","target":{"@type":"EntryPoint","urlTemplate":"https:\/\/horticom.ee\/e-pood\/?s={search_term_string}"},"query-input":{"@type":"PropertyValueSpecification","valueRequired":true,"valueName":"search_term_string"}}],"inLanguage":"et"}]}},"_links":{"self":[{"href":"https:\/\/horticom.ee\/e-pood\/wp-json\/wp\/v2\/product\/2023645","targetHints":{"allow":["GET"]}}],"collection":[{"href":"https:\/\/horticom.ee\/e-pood\/wp-json\/wp\/v2\/product"}],"about":[{"href":"https:\/\/horticom.ee\/e-pood\/wp-json\/wp\/v2\/types\/product"}],"replies":[{"embeddable":true,"href":"https:\/\/horticom.ee\/e-pood\/wp-json\/wp\/v2\/comments?post=2023645"}],"wp:featuredmedia":[{"embeddable":true,"href":"https:\/\/horticom.ee\/e-pood\/wp-json\/wp\/v2\/media\/2024223"}],"wp:attachment":[{"href":"https:\/\/horticom.ee\/e-pood\/wp-json\/wp\/v2\/media?parent=2023645"}],"wp:term":[{"taxonomy":"product_cat","embeddable":true,"href":"https:\/\/horticom.ee\/e-pood\/wp-json\/wp\/v2\/product_cat?post=2023645"},{"taxonomy":"product_tag","embeddable":true,"href":"https:\/\/horticom.ee\/e-pood\/wp-json\/wp\/v2\/product_tag?post=2023645"}],"curies":[{"name":"wp","href":"https:\/\/api.w.org\/{rel}","templated":true}]}}