{"id":2031211,"date":"2024-01-10T14:00:38","date_gmt":"2024-01-10T12:00:38","guid":{"rendered":"https:\/\/horticom.ee\/e-pood\/toode\/idandamiskauss-buzzy-rukola-seemnetega-bio\/"},"modified":"2026-04-29T03:11:19","modified_gmt":"2026-04-29T00:11:19","slug":"idandamiskauss-buzzy-rukola-seemnetega-bio","status":"publish","type":"product","link":"https:\/\/horticom.ee\/e-pood\/toode\/idandamiskauss-buzzy-rukola-seemnetega-bio\/","title":{"rendered":"Idandamiskauss Buzzy rukola seemnetega BIO"},"content":{"rendered":"<p>Buzzy\u00ae Organic idandamiskauss rukola seemnetega on klaasist kauss orgaaniliste k\u00f6\u00f6giviljaidude kasvatamiseks. Puistage k\u00fclviv\u00f5rgule \u00f5huke kiht seemneid ning loputage hoolikalt jooksva vee all. kausi k\u00f5rgus 6cm, l\u00e4bim\u00f5\u00f5t 14cm. (komplektiga kaasas pakike rukola seemneid)<\/p>\n","protected":false},"excerpt":{"rendered":"<p>Buzzy\u00ae Organic idandamiskauss rukola seemnetega on klaasist kauss orgaaniliste k\u00f6\u00f6giviljaidude kasvatamiseks. Puistage k\u00fclviv\u00f5rgule \u00f5huke kiht seemneid ning loputage hoolikalt jooksva vee all. kausi k\u00f5rgus 6cm, l\u00e4bim\u00f5\u00f5t 14cm. (komplektiga kaasas pakike rukola seemneid)<\/p>\n","protected":false},"featured_media":2334249,"comment_status":"closed","ping_status":"closed","template":"","meta":{"_themeisle_gutenberg_block_has_review":false},"product_cat":[13495],"product_tag":[],"class_list":{"0":"post-2031211","1":"product","2":"type-product","3":"status-publish","4":"has-post-thumbnail","6":"product_cat-idandid","8":"first","9":"instock","10":"shipping-taxable","11":"purchasable","12":"product-type-simple"},"yoast_head":"<!-- This site is optimized with the Yoast SEO plugin v24.0 - https:\/\/yoast.com\/wordpress\/plugins\/seo\/ -->\n<title>Idandamiskauss Buzzy rukola seemnetega BIO - Horticom<\/title>\n<meta name=\"robots\" content=\"index, follow, max-snippet:-1, max-image-preview:large, max-video-preview:-1\" \/>\n<link rel=\"canonical\" href=\"https:\/\/horticom.ee\/e-pood\/toode\/idandamiskauss-buzzy-rukola-seemnetega-bio\/\" \/>\n<meta property=\"og:locale\" content=\"et_EE\" \/>\n<meta property=\"og:type\" content=\"article\" \/>\n<meta property=\"og:title\" content=\"Idandamiskauss Buzzy rukola seemnetega BIO - Horticom\" \/>\n<meta property=\"og:description\" content=\"Buzzy\u00ae Organic idandamiskauss rukola seemnetega on klaasist kauss orgaaniliste k\u00f6\u00f6giviljaidude kasvatamiseks. Puistage k\u00fclviv\u00f5rgule \u00f5huke kiht seemneid ning loputage hoolikalt jooksva vee all. kausi k\u00f5rgus 6cm, l\u00e4bim\u00f5\u00f5t 14cm. (komplektiga kaasas pakike rukola seemneid)\" \/>\n<meta property=\"og:url\" content=\"https:\/\/horticom.ee\/e-pood\/toode\/idandamiskauss-buzzy-rukola-seemnetega-bio\/\" \/>\n<meta property=\"og:site_name\" content=\"Horticom.ee\" \/>\n<meta property=\"article:publisher\" content=\"https:\/\/www.facebook.com\/horticom.ee\/e-pood\" \/>\n<meta property=\"article:modified_time\" content=\"2026-04-29T00:11:19+00:00\" \/>\n<meta property=\"og:image\" content=\"https:\/\/horticom.ee\/e-pood\/wp-content\/uploads\/2024\/01\/8711117853879.jpg\" \/>\n\t<meta property=\"og:image:width\" content=\"1008\" \/>\n\t<meta property=\"og:image:height\" content=\"824\" \/>\n\t<meta property=\"og:image:type\" content=\"image\/jpeg\" \/>\n<meta name=\"twitter:card\" content=\"summary_large_image\" \/>\n<meta name=\"twitter:label1\" content=\"Est. reading time\" \/>\n\t<meta name=\"twitter:data1\" content=\"1 minut\" \/>\n<script type=\"application\/ld+json\" class=\"yoast-schema-graph\">{\"@context\":\"https:\/\/schema.org\",\"@graph\":[{\"@type\":\"WebPage\",\"@id\":\"https:\/\/horticom.ee\/e-pood\/toode\/idandamiskauss-buzzy-rukola-seemnetega-bio\/\",\"url\":\"https:\/\/horticom.ee\/e-pood\/toode\/idandamiskauss-buzzy-rukola-seemnetega-bio\/\",\"name\":\"Idandamiskauss Buzzy rukola seemnetega BIO - Horticom\",\"isPartOf\":{\"@id\":\"https:\/\/horticom.ee\/e-pood\/#website\"},\"primaryImageOfPage\":{\"@id\":\"https:\/\/horticom.ee\/e-pood\/toode\/idandamiskauss-buzzy-rukola-seemnetega-bio\/#primaryimage\"},\"image\":{\"@id\":\"https:\/\/horticom.ee\/e-pood\/toode\/idandamiskauss-buzzy-rukola-seemnetega-bio\/#primaryimage\"},\"thumbnailUrl\":\"https:\/\/horticom.ee\/e-pood\/wp-content\/uploads\/2024\/01\/8711117853879.jpg\",\"datePublished\":\"2024-01-10T12:00:38+00:00\",\"dateModified\":\"2026-04-29T00:11:19+00:00\",\"breadcrumb\":{\"@id\":\"https:\/\/horticom.ee\/e-pood\/toode\/idandamiskauss-buzzy-rukola-seemnetega-bio\/#breadcrumb\"},\"inLanguage\":\"et\",\"potentialAction\":[{\"@type\":\"ReadAction\",\"target\":[\"https:\/\/horticom.ee\/e-pood\/toode\/idandamiskauss-buzzy-rukola-seemnetega-bio\/\"]}]},{\"@type\":\"ImageObject\",\"inLanguage\":\"et\",\"@id\":\"https:\/\/horticom.ee\/e-pood\/toode\/idandamiskauss-buzzy-rukola-seemnetega-bio\/#primaryimage\",\"url\":\"https:\/\/horticom.ee\/e-pood\/wp-content\/uploads\/2024\/01\/8711117853879.jpg\",\"contentUrl\":\"https:\/\/horticom.ee\/e-pood\/wp-content\/uploads\/2024\/01\/8711117853879.jpg\",\"width\":1008,\"height\":824},{\"@type\":\"BreadcrumbList\",\"@id\":\"https:\/\/horticom.ee\/e-pood\/toode\/idandamiskauss-buzzy-rukola-seemnetega-bio\/#breadcrumb\",\"itemListElement\":[{\"@type\":\"ListItem\",\"position\":1,\"name\":\"Home\",\"item\":\"https:\/\/horticom.ee\/e-pood\/\"},{\"@type\":\"ListItem\",\"position\":2,\"name\":\"Pood\",\"item\":\"https:\/\/horticom.ee\/e-pood\/pood\/\"},{\"@type\":\"ListItem\",\"position\":3,\"name\":\"Idandamiskauss Buzzy rukola seemnetega BIO\"}]},{\"@type\":\"WebSite\",\"@id\":\"https:\/\/horticom.ee\/e-pood\/#website\",\"url\":\"https:\/\/horticom.ee\/e-pood\/\",\"name\":\"Horticom.ee\",\"description\":\"Aianduskaubad ja kodukaubad nii harrastajatele kui professionaalidele\",\"potentialAction\":[{\"@type\":\"SearchAction\",\"target\":{\"@type\":\"EntryPoint\",\"urlTemplate\":\"https:\/\/horticom.ee\/e-pood\/?s={search_term_string}\"},\"query-input\":{\"@type\":\"PropertyValueSpecification\",\"valueRequired\":true,\"valueName\":\"search_term_string\"}}],\"inLanguage\":\"et\"}]}<\/script>\n<!-- \/ Yoast SEO plugin. -->","yoast_head_json":{"title":"Idandamiskauss Buzzy rukola seemnetega BIO - Horticom","robots":{"index":"index","follow":"follow","max-snippet":"max-snippet:-1","max-image-preview":"max-image-preview:large","max-video-preview":"max-video-preview:-1"},"canonical":"https:\/\/horticom.ee\/e-pood\/toode\/idandamiskauss-buzzy-rukola-seemnetega-bio\/","og_locale":"et_EE","og_type":"article","og_title":"Idandamiskauss Buzzy rukola seemnetega BIO - Horticom","og_description":"Buzzy\u00ae Organic idandamiskauss rukola seemnetega on klaasist kauss orgaaniliste k\u00f6\u00f6giviljaidude kasvatamiseks. Puistage k\u00fclviv\u00f5rgule \u00f5huke kiht seemneid ning loputage hoolikalt jooksva vee all. kausi k\u00f5rgus 6cm, l\u00e4bim\u00f5\u00f5t 14cm. (komplektiga kaasas pakike rukola seemneid)","og_url":"https:\/\/horticom.ee\/e-pood\/toode\/idandamiskauss-buzzy-rukola-seemnetega-bio\/","og_site_name":"Horticom.ee","article_publisher":"https:\/\/www.facebook.com\/horticom.ee\/e-pood","article_modified_time":"2026-04-29T00:11:19+00:00","og_image":[{"width":1008,"height":824,"url":"https:\/\/horticom.ee\/e-pood\/wp-content\/uploads\/2024\/01\/8711117853879.jpg","type":"image\/jpeg"}],"twitter_card":"summary_large_image","twitter_misc":{"Est. reading time":"1 minut"},"schema":{"@context":"https:\/\/schema.org","@graph":[{"@type":"WebPage","@id":"https:\/\/horticom.ee\/e-pood\/toode\/idandamiskauss-buzzy-rukola-seemnetega-bio\/","url":"https:\/\/horticom.ee\/e-pood\/toode\/idandamiskauss-buzzy-rukola-seemnetega-bio\/","name":"Idandamiskauss Buzzy rukola seemnetega BIO - Horticom","isPartOf":{"@id":"https:\/\/horticom.ee\/e-pood\/#website"},"primaryImageOfPage":{"@id":"https:\/\/horticom.ee\/e-pood\/toode\/idandamiskauss-buzzy-rukola-seemnetega-bio\/#primaryimage"},"image":{"@id":"https:\/\/horticom.ee\/e-pood\/toode\/idandamiskauss-buzzy-rukola-seemnetega-bio\/#primaryimage"},"thumbnailUrl":"https:\/\/horticom.ee\/e-pood\/wp-content\/uploads\/2024\/01\/8711117853879.jpg","datePublished":"2024-01-10T12:00:38+00:00","dateModified":"2026-04-29T00:11:19+00:00","breadcrumb":{"@id":"https:\/\/horticom.ee\/e-pood\/toode\/idandamiskauss-buzzy-rukola-seemnetega-bio\/#breadcrumb"},"inLanguage":"et","potentialAction":[{"@type":"ReadAction","target":["https:\/\/horticom.ee\/e-pood\/toode\/idandamiskauss-buzzy-rukola-seemnetega-bio\/"]}]},{"@type":"ImageObject","inLanguage":"et","@id":"https:\/\/horticom.ee\/e-pood\/toode\/idandamiskauss-buzzy-rukola-seemnetega-bio\/#primaryimage","url":"https:\/\/horticom.ee\/e-pood\/wp-content\/uploads\/2024\/01\/8711117853879.jpg","contentUrl":"https:\/\/horticom.ee\/e-pood\/wp-content\/uploads\/2024\/01\/8711117853879.jpg","width":1008,"height":824},{"@type":"BreadcrumbList","@id":"https:\/\/horticom.ee\/e-pood\/toode\/idandamiskauss-buzzy-rukola-seemnetega-bio\/#breadcrumb","itemListElement":[{"@type":"ListItem","position":1,"name":"Home","item":"https:\/\/horticom.ee\/e-pood\/"},{"@type":"ListItem","position":2,"name":"Pood","item":"https:\/\/horticom.ee\/e-pood\/pood\/"},{"@type":"ListItem","position":3,"name":"Idandamiskauss Buzzy rukola seemnetega BIO"}]},{"@type":"WebSite","@id":"https:\/\/horticom.ee\/e-pood\/#website","url":"https:\/\/horticom.ee\/e-pood\/","name":"Horticom.ee","description":"Aianduskaubad ja kodukaubad nii harrastajatele kui professionaalidele","potentialAction":[{"@type":"SearchAction","target":{"@type":"EntryPoint","urlTemplate":"https:\/\/horticom.ee\/e-pood\/?s={search_term_string}"},"query-input":{"@type":"PropertyValueSpecification","valueRequired":true,"valueName":"search_term_string"}}],"inLanguage":"et"}]}},"_links":{"self":[{"href":"https:\/\/horticom.ee\/e-pood\/wp-json\/wp\/v2\/product\/2031211","targetHints":{"allow":["GET"]}}],"collection":[{"href":"https:\/\/horticom.ee\/e-pood\/wp-json\/wp\/v2\/product"}],"about":[{"href":"https:\/\/horticom.ee\/e-pood\/wp-json\/wp\/v2\/types\/product"}],"replies":[{"embeddable":true,"href":"https:\/\/horticom.ee\/e-pood\/wp-json\/wp\/v2\/comments?post=2031211"}],"wp:featuredmedia":[{"embeddable":true,"href":"https:\/\/horticom.ee\/e-pood\/wp-json\/wp\/v2\/media\/2334249"}],"wp:attachment":[{"href":"https:\/\/horticom.ee\/e-pood\/wp-json\/wp\/v2\/media?parent=2031211"}],"wp:term":[{"taxonomy":"product_cat","embeddable":true,"href":"https:\/\/horticom.ee\/e-pood\/wp-json\/wp\/v2\/product_cat?post=2031211"},{"taxonomy":"product_tag","embeddable":true,"href":"https:\/\/horticom.ee\/e-pood\/wp-json\/wp\/v2\/product_tag?post=2031211"}],"curies":[{"name":"wp","href":"https:\/\/api.w.org\/{rel}","templated":true}]}}