{"id":2038326,"date":"2024-01-18T14:00:49","date_gmt":"2024-01-18T12:00:49","guid":{"rendered":"https:\/\/horticom.ee\/e-pood\/toode\/varjutuskangas-gs-varjutus-45-15-x-5m-75m2\/"},"modified":"2026-04-25T03:08:54","modified_gmt":"2026-04-25T00:08:54","slug":"varjutuskangas-gs-varjutus-45-15-x-5m-75m2","status":"publish","type":"product","link":"https:\/\/horticom.ee\/e-pood\/toode\/varjutuskangas-gs-varjutus-45-15-x-5m-75m2\/","title":{"rendered":"Varjutuskangas GS varjutus 45% 1,5 x 5m 7,5m2"},"content":{"rendered":"<p>Varjutuskangaid kasutatakse okaspuude istutusj\u00e4rgseks varjutamiseks ja varakevadise p\u00e4ikesep\u00f5letuse kaitseks. Varjutamise korral v\u00e4heneb vee aurustumine ja taimed juurduvad kiiremini, ka okaste kuivamise oht on v\u00e4iksem. Sobib kasutada ka k\u00f5igi teiste aiakultuuride istutusj\u00e4rgseks varjutamiseks nii avamaal kui kasvuhoones. ideaalne tuule\u00f5rnade taimede kaitseks. Varjutuskangas on UV-kindel. Kasutusaeg v\u00e4hemalt 4 hooaega. Tugev kootud materjal kannatab ka tugevamaid tormituuli. Varjutusv\u00f5ime 45%<\/p>\n","protected":false},"excerpt":{"rendered":"<p>Varjutuskangaid kasutatakse okaspuude istutusj\u00e4rgseks varjutamiseks ja varakevadise p\u00e4ikesep\u00f5letuse kaitseks. Varjutamise korral v\u00e4heneb vee aurustumine ja taimed juurduvad kiiremini, ka okaste kuivamise oht on v\u00e4iksem. Sobib kasutada ka k\u00f5igi teiste aiakultuuride istutusj\u00e4rgseks varjutamiseks nii avamaal kui kasvuhoones. ideaalne tuule\u00f5rnade taimede kaitseks. Varjutuskangas on UV-kindel. Kasutusaeg v\u00e4hemalt 4 hooaega. Tugev kootud materjal kannatab ka tugevamaid tormituuli. Varjutusv\u00f5ime [&hellip;]<\/p>\n","protected":false},"featured_media":2039091,"comment_status":"closed","ping_status":"closed","template":"","meta":{"_themeisle_gutenberg_block_has_review":false},"product_cat":[18563,13380,13642],"product_tag":[],"class_list":{"0":"post-2038326","1":"product","2":"type-product","3":"status-publish","4":"has-post-thumbnail","6":"product_cat-lopumuugitooted","7":"product_cat-varjutuskangad","8":"product_cat-varjutuskangad-tootjale","10":"first","11":"instock","12":"sale","13":"shipping-taxable","14":"purchasable","15":"product-type-simple"},"yoast_head":"<!-- This site is optimized with the Yoast SEO plugin v24.0 - https:\/\/yoast.com\/wordpress\/plugins\/seo\/ -->\n<title>Varjutuskangas GS varjutus 45% 1,5 x 5m 7,5m2 - Horticom<\/title>\n<meta name=\"robots\" content=\"index, follow, max-snippet:-1, max-image-preview:large, max-video-preview:-1\" \/>\n<link rel=\"canonical\" href=\"https:\/\/horticom.ee\/e-pood\/toode\/varjutuskangas-gs-varjutus-45-15-x-5m-75m2\/\" \/>\n<meta property=\"og:locale\" content=\"et_EE\" \/>\n<meta property=\"og:type\" content=\"article\" \/>\n<meta property=\"og:title\" content=\"Varjutuskangas GS varjutus 45% 1,5 x 5m 7,5m2 - Horticom\" \/>\n<meta property=\"og:description\" content=\"Varjutuskangaid kasutatakse okaspuude istutusj\u00e4rgseks varjutamiseks ja varakevadise p\u00e4ikesep\u00f5letuse kaitseks. Varjutamise korral v\u00e4heneb vee aurustumine ja taimed juurduvad kiiremini, ka okaste kuivamise oht on v\u00e4iksem. Sobib kasutada ka k\u00f5igi teiste aiakultuuride istutusj\u00e4rgseks varjutamiseks nii avamaal kui kasvuhoones. ideaalne tuule\u00f5rnade taimede kaitseks. Varjutuskangas on UV-kindel. Kasutusaeg v\u00e4hemalt 4 hooaega. Tugev kootud materjal kannatab ka tugevamaid tormituuli. Varjutusv\u00f5ime [&hellip;]\" \/>\n<meta property=\"og:url\" content=\"https:\/\/horticom.ee\/e-pood\/toode\/varjutuskangas-gs-varjutus-45-15-x-5m-75m2\/\" \/>\n<meta property=\"og:site_name\" content=\"Horticom.ee\" \/>\n<meta property=\"article:publisher\" content=\"https:\/\/www.facebook.com\/horticom.ee\/e-pood\" \/>\n<meta property=\"article:modified_time\" content=\"2026-04-25T00:08:54+00:00\" \/>\n<meta property=\"og:image\" content=\"https:\/\/horticom.ee\/e-pood\/wp-content\/uploads\/importedmedia\/product-2038326_0-672106.jpg\" \/>\n\t<meta property=\"og:image:width\" content=\"999\" \/>\n\t<meta property=\"og:image:height\" content=\"1097\" \/>\n\t<meta property=\"og:image:type\" content=\"image\/jpeg\" \/>\n<meta name=\"twitter:card\" content=\"summary_large_image\" \/>\n<script type=\"application\/ld+json\" class=\"yoast-schema-graph\">{\"@context\":\"https:\/\/schema.org\",\"@graph\":[{\"@type\":\"WebPage\",\"@id\":\"https:\/\/horticom.ee\/e-pood\/toode\/varjutuskangas-gs-varjutus-45-15-x-5m-75m2\/\",\"url\":\"https:\/\/horticom.ee\/e-pood\/toode\/varjutuskangas-gs-varjutus-45-15-x-5m-75m2\/\",\"name\":\"Varjutuskangas GS varjutus 45% 1,5 x 5m 7,5m2 - Horticom\",\"isPartOf\":{\"@id\":\"https:\/\/horticom.ee\/e-pood\/#website\"},\"primaryImageOfPage\":{\"@id\":\"https:\/\/horticom.ee\/e-pood\/toode\/varjutuskangas-gs-varjutus-45-15-x-5m-75m2\/#primaryimage\"},\"image\":{\"@id\":\"https:\/\/horticom.ee\/e-pood\/toode\/varjutuskangas-gs-varjutus-45-15-x-5m-75m2\/#primaryimage\"},\"thumbnailUrl\":\"https:\/\/horticom.ee\/e-pood\/wp-content\/uploads\/importedmedia\/product-2038326_0-672106.jpg\",\"datePublished\":\"2024-01-18T12:00:49+00:00\",\"dateModified\":\"2026-04-25T00:08:54+00:00\",\"breadcrumb\":{\"@id\":\"https:\/\/horticom.ee\/e-pood\/toode\/varjutuskangas-gs-varjutus-45-15-x-5m-75m2\/#breadcrumb\"},\"inLanguage\":\"et\",\"potentialAction\":[{\"@type\":\"ReadAction\",\"target\":[\"https:\/\/horticom.ee\/e-pood\/toode\/varjutuskangas-gs-varjutus-45-15-x-5m-75m2\/\"]}]},{\"@type\":\"ImageObject\",\"inLanguage\":\"et\",\"@id\":\"https:\/\/horticom.ee\/e-pood\/toode\/varjutuskangas-gs-varjutus-45-15-x-5m-75m2\/#primaryimage\",\"url\":\"https:\/\/horticom.ee\/e-pood\/wp-content\/uploads\/importedmedia\/product-2038326_0-672106.jpg\",\"contentUrl\":\"https:\/\/horticom.ee\/e-pood\/wp-content\/uploads\/importedmedia\/product-2038326_0-672106.jpg\",\"width\":999,\"height\":1097},{\"@type\":\"BreadcrumbList\",\"@id\":\"https:\/\/horticom.ee\/e-pood\/toode\/varjutuskangas-gs-varjutus-45-15-x-5m-75m2\/#breadcrumb\",\"itemListElement\":[{\"@type\":\"ListItem\",\"position\":1,\"name\":\"Home\",\"item\":\"https:\/\/horticom.ee\/e-pood\/\"},{\"@type\":\"ListItem\",\"position\":2,\"name\":\"Pood\",\"item\":\"https:\/\/horticom.ee\/e-pood\/pood\/\"},{\"@type\":\"ListItem\",\"position\":3,\"name\":\"Varjutuskangas GS varjutus 45% 1,5 x 5m 7,5m2\"}]},{\"@type\":\"WebSite\",\"@id\":\"https:\/\/horticom.ee\/e-pood\/#website\",\"url\":\"https:\/\/horticom.ee\/e-pood\/\",\"name\":\"Horticom.ee\",\"description\":\"Aianduskaubad ja kodukaubad nii harrastajatele kui professionaalidele\",\"potentialAction\":[{\"@type\":\"SearchAction\",\"target\":{\"@type\":\"EntryPoint\",\"urlTemplate\":\"https:\/\/horticom.ee\/e-pood\/?s={search_term_string}\"},\"query-input\":{\"@type\":\"PropertyValueSpecification\",\"valueRequired\":true,\"valueName\":\"search_term_string\"}}],\"inLanguage\":\"et\"}]}<\/script>\n<!-- \/ Yoast SEO plugin. -->","yoast_head_json":{"title":"Varjutuskangas GS varjutus 45% 1,5 x 5m 7,5m2 - Horticom","robots":{"index":"index","follow":"follow","max-snippet":"max-snippet:-1","max-image-preview":"max-image-preview:large","max-video-preview":"max-video-preview:-1"},"canonical":"https:\/\/horticom.ee\/e-pood\/toode\/varjutuskangas-gs-varjutus-45-15-x-5m-75m2\/","og_locale":"et_EE","og_type":"article","og_title":"Varjutuskangas GS varjutus 45% 1,5 x 5m 7,5m2 - Horticom","og_description":"Varjutuskangaid kasutatakse okaspuude istutusj\u00e4rgseks varjutamiseks ja varakevadise p\u00e4ikesep\u00f5letuse kaitseks. Varjutamise korral v\u00e4heneb vee aurustumine ja taimed juurduvad kiiremini, ka okaste kuivamise oht on v\u00e4iksem. Sobib kasutada ka k\u00f5igi teiste aiakultuuride istutusj\u00e4rgseks varjutamiseks nii avamaal kui kasvuhoones. ideaalne tuule\u00f5rnade taimede kaitseks. Varjutuskangas on UV-kindel. Kasutusaeg v\u00e4hemalt 4 hooaega. Tugev kootud materjal kannatab ka tugevamaid tormituuli. Varjutusv\u00f5ime [&hellip;]","og_url":"https:\/\/horticom.ee\/e-pood\/toode\/varjutuskangas-gs-varjutus-45-15-x-5m-75m2\/","og_site_name":"Horticom.ee","article_publisher":"https:\/\/www.facebook.com\/horticom.ee\/e-pood","article_modified_time":"2026-04-25T00:08:54+00:00","og_image":[{"width":999,"height":1097,"url":"https:\/\/horticom.ee\/e-pood\/wp-content\/uploads\/importedmedia\/product-2038326_0-672106.jpg","type":"image\/jpeg"}],"twitter_card":"summary_large_image","schema":{"@context":"https:\/\/schema.org","@graph":[{"@type":"WebPage","@id":"https:\/\/horticom.ee\/e-pood\/toode\/varjutuskangas-gs-varjutus-45-15-x-5m-75m2\/","url":"https:\/\/horticom.ee\/e-pood\/toode\/varjutuskangas-gs-varjutus-45-15-x-5m-75m2\/","name":"Varjutuskangas GS varjutus 45% 1,5 x 5m 7,5m2 - Horticom","isPartOf":{"@id":"https:\/\/horticom.ee\/e-pood\/#website"},"primaryImageOfPage":{"@id":"https:\/\/horticom.ee\/e-pood\/toode\/varjutuskangas-gs-varjutus-45-15-x-5m-75m2\/#primaryimage"},"image":{"@id":"https:\/\/horticom.ee\/e-pood\/toode\/varjutuskangas-gs-varjutus-45-15-x-5m-75m2\/#primaryimage"},"thumbnailUrl":"https:\/\/horticom.ee\/e-pood\/wp-content\/uploads\/importedmedia\/product-2038326_0-672106.jpg","datePublished":"2024-01-18T12:00:49+00:00","dateModified":"2026-04-25T00:08:54+00:00","breadcrumb":{"@id":"https:\/\/horticom.ee\/e-pood\/toode\/varjutuskangas-gs-varjutus-45-15-x-5m-75m2\/#breadcrumb"},"inLanguage":"et","potentialAction":[{"@type":"ReadAction","target":["https:\/\/horticom.ee\/e-pood\/toode\/varjutuskangas-gs-varjutus-45-15-x-5m-75m2\/"]}]},{"@type":"ImageObject","inLanguage":"et","@id":"https:\/\/horticom.ee\/e-pood\/toode\/varjutuskangas-gs-varjutus-45-15-x-5m-75m2\/#primaryimage","url":"https:\/\/horticom.ee\/e-pood\/wp-content\/uploads\/importedmedia\/product-2038326_0-672106.jpg","contentUrl":"https:\/\/horticom.ee\/e-pood\/wp-content\/uploads\/importedmedia\/product-2038326_0-672106.jpg","width":999,"height":1097},{"@type":"BreadcrumbList","@id":"https:\/\/horticom.ee\/e-pood\/toode\/varjutuskangas-gs-varjutus-45-15-x-5m-75m2\/#breadcrumb","itemListElement":[{"@type":"ListItem","position":1,"name":"Home","item":"https:\/\/horticom.ee\/e-pood\/"},{"@type":"ListItem","position":2,"name":"Pood","item":"https:\/\/horticom.ee\/e-pood\/pood\/"},{"@type":"ListItem","position":3,"name":"Varjutuskangas GS varjutus 45% 1,5 x 5m 7,5m2"}]},{"@type":"WebSite","@id":"https:\/\/horticom.ee\/e-pood\/#website","url":"https:\/\/horticom.ee\/e-pood\/","name":"Horticom.ee","description":"Aianduskaubad ja kodukaubad nii harrastajatele kui professionaalidele","potentialAction":[{"@type":"SearchAction","target":{"@type":"EntryPoint","urlTemplate":"https:\/\/horticom.ee\/e-pood\/?s={search_term_string}"},"query-input":{"@type":"PropertyValueSpecification","valueRequired":true,"valueName":"search_term_string"}}],"inLanguage":"et"}]}},"_links":{"self":[{"href":"https:\/\/horticom.ee\/e-pood\/wp-json\/wp\/v2\/product\/2038326","targetHints":{"allow":["GET"]}}],"collection":[{"href":"https:\/\/horticom.ee\/e-pood\/wp-json\/wp\/v2\/product"}],"about":[{"href":"https:\/\/horticom.ee\/e-pood\/wp-json\/wp\/v2\/types\/product"}],"replies":[{"embeddable":true,"href":"https:\/\/horticom.ee\/e-pood\/wp-json\/wp\/v2\/comments?post=2038326"}],"wp:featuredmedia":[{"embeddable":true,"href":"https:\/\/horticom.ee\/e-pood\/wp-json\/wp\/v2\/media\/2039091"}],"wp:attachment":[{"href":"https:\/\/horticom.ee\/e-pood\/wp-json\/wp\/v2\/media?parent=2038326"}],"wp:term":[{"taxonomy":"product_cat","embeddable":true,"href":"https:\/\/horticom.ee\/e-pood\/wp-json\/wp\/v2\/product_cat?post=2038326"},{"taxonomy":"product_tag","embeddable":true,"href":"https:\/\/horticom.ee\/e-pood\/wp-json\/wp\/v2\/product_tag?post=2038326"}],"curies":[{"name":"wp","href":"https:\/\/api.w.org\/{rel}","templated":true}]}}