{"id":2038360,"date":"2024-01-18T14:01:05","date_gmt":"2024-01-18T12:01:05","guid":{"rendered":"https:\/\/horticom.ee\/e-pood\/toode\/sisupott-elho-milano-d-20-x-20cm-must\/"},"modified":"2025-06-18T13:02:32","modified_gmt":"2025-06-18T10:02:32","slug":"sisupott-elho-milano-d-20-x-20cm-must","status":"publish","type":"product","link":"https:\/\/horticom.ee\/e-pood\/toode\/sisupott-elho-milano-d-20-x-20cm-must\/","title":{"rendered":"Sisupott Elho Milano 20 x 20cm must"},"content":{"rendered":"<p>Sisupott Elho Milano on valmistatud plastikust ja seet\u00f5ttu ka veekindel. Sobib Milano seeria k\u00f5rgele \u00fcmbrispotile. V\u00e4hendab vajaminema mulla kogust ning pikendab \u00fcmbrispoti eluiga.<br \/>\nTaask\u00e4ideldatav, toodetud 100% taaskasutatud materjalidest tuuleenergia abil.<\/p>\n","protected":false},"excerpt":{"rendered":"<p>Sisupott Elho Milano on valmistatud plastikust ja seet\u00f5ttu ka veekindel. Sobib Milano seeria k\u00f5rgele \u00fcmbrispotile. V\u00e4hendab vajaminema mulla kogust ning pikendab \u00fcmbrispoti eluiga. Taask\u00e4ideldatav, toodetud 100% taaskasutatud materjalidest tuuleenergia abil.<\/p>\n","protected":false},"featured_media":2398513,"comment_status":"closed","ping_status":"closed","template":"","meta":{"_themeisle_gutenberg_block_has_review":false},"product_cat":[13475],"product_tag":[],"class_list":{"0":"post-2038360","1":"product","2":"type-product","3":"status-publish","4":"has-post-thumbnail","6":"product_cat-istutuspotid","8":"first","9":"outofstock","10":"sale","11":"shipping-taxable","12":"purchasable","13":"product-type-simple"},"yoast_head":"<!-- This site is optimized with the Yoast SEO plugin v24.0 - https:\/\/yoast.com\/wordpress\/plugins\/seo\/ -->\n<title>Sisupott Elho Milano d 20 x 20cm must - Horticom.ee<\/title>\n<meta name=\"description\" content=\"Sisupott Elho Milano on valmistatud plastikust. Sobib Milano seeria k\u00f5rgele \u00fcmbrispotile. V\u00e4hendab vajaminema mulla kogust ning pikendab \u00fcmbrispoti eluiga.\" \/>\n<meta name=\"robots\" content=\"index, follow, max-snippet:-1, max-image-preview:large, max-video-preview:-1\" \/>\n<link rel=\"canonical\" href=\"https:\/\/horticom.ee\/e-pood\/toode\/sisupott-elho-milano-d-20-x-20cm-must\/\" \/>\n<meta property=\"og:locale\" content=\"et_EE\" \/>\n<meta property=\"og:type\" content=\"article\" \/>\n<meta property=\"og:title\" content=\"Sisupott Elho Milano d 20 x 20cm must - Horticom.ee\" \/>\n<meta property=\"og:description\" content=\"Sisupott Elho Milano on valmistatud plastikust. Sobib Milano seeria k\u00f5rgele \u00fcmbrispotile. V\u00e4hendab vajaminema mulla kogust ning pikendab \u00fcmbrispoti eluiga.\" \/>\n<meta property=\"og:url\" content=\"https:\/\/horticom.ee\/e-pood\/toode\/sisupott-elho-milano-d-20-x-20cm-must\/\" \/>\n<meta property=\"og:site_name\" content=\"Horticom.ee\" \/>\n<meta property=\"article:publisher\" content=\"https:\/\/www.facebook.com\/horticom.ee\/e-pood\" \/>\n<meta property=\"article:modified_time\" content=\"2025-06-18T10:02:32+00:00\" \/>\n<meta property=\"og:image\" content=\"https:\/\/horticom.ee\/e-pood\/wp-content\/uploads\/2024\/01\/8711904136260.jpg\" \/>\n\t<meta property=\"og:image:width\" content=\"1548\" \/>\n\t<meta property=\"og:image:height\" content=\"1568\" \/>\n\t<meta property=\"og:image:type\" content=\"image\/jpeg\" \/>\n<meta name=\"twitter:card\" content=\"summary_large_image\" \/>\n<meta name=\"twitter:label1\" content=\"Est. reading time\" \/>\n\t<meta name=\"twitter:data1\" content=\"1 minut\" \/>\n<script type=\"application\/ld+json\" class=\"yoast-schema-graph\">{\"@context\":\"https:\/\/schema.org\",\"@graph\":[{\"@type\":\"WebPage\",\"@id\":\"https:\/\/horticom.ee\/e-pood\/toode\/sisupott-elho-milano-d-20-x-20cm-must\/\",\"url\":\"https:\/\/horticom.ee\/e-pood\/toode\/sisupott-elho-milano-d-20-x-20cm-must\/\",\"name\":\"Sisupott Elho Milano d 20 x 20cm must - Horticom.ee\",\"isPartOf\":{\"@id\":\"https:\/\/horticom.ee\/e-pood\/#website\"},\"primaryImageOfPage\":{\"@id\":\"https:\/\/horticom.ee\/e-pood\/toode\/sisupott-elho-milano-d-20-x-20cm-must\/#primaryimage\"},\"image\":{\"@id\":\"https:\/\/horticom.ee\/e-pood\/toode\/sisupott-elho-milano-d-20-x-20cm-must\/#primaryimage\"},\"thumbnailUrl\":\"https:\/\/horticom.ee\/e-pood\/wp-content\/uploads\/2024\/01\/8711904136260.jpg\",\"datePublished\":\"2024-01-18T12:01:05+00:00\",\"dateModified\":\"2025-06-18T10:02:32+00:00\",\"description\":\"Sisupott Elho Milano on valmistatud plastikust. Sobib Milano seeria k\u00f5rgele \u00fcmbrispotile. V\u00e4hendab vajaminema mulla kogust ning pikendab \u00fcmbrispoti eluiga.\",\"breadcrumb\":{\"@id\":\"https:\/\/horticom.ee\/e-pood\/toode\/sisupott-elho-milano-d-20-x-20cm-must\/#breadcrumb\"},\"inLanguage\":\"et\",\"potentialAction\":[{\"@type\":\"ReadAction\",\"target\":[\"https:\/\/horticom.ee\/e-pood\/toode\/sisupott-elho-milano-d-20-x-20cm-must\/\"]}]},{\"@type\":\"ImageObject\",\"inLanguage\":\"et\",\"@id\":\"https:\/\/horticom.ee\/e-pood\/toode\/sisupott-elho-milano-d-20-x-20cm-must\/#primaryimage\",\"url\":\"https:\/\/horticom.ee\/e-pood\/wp-content\/uploads\/2024\/01\/8711904136260.jpg\",\"contentUrl\":\"https:\/\/horticom.ee\/e-pood\/wp-content\/uploads\/2024\/01\/8711904136260.jpg\",\"width\":1548,\"height\":1568},{\"@type\":\"BreadcrumbList\",\"@id\":\"https:\/\/horticom.ee\/e-pood\/toode\/sisupott-elho-milano-d-20-x-20cm-must\/#breadcrumb\",\"itemListElement\":[{\"@type\":\"ListItem\",\"position\":1,\"name\":\"Home\",\"item\":\"https:\/\/horticom.ee\/e-pood\/\"},{\"@type\":\"ListItem\",\"position\":2,\"name\":\"Pood\",\"item\":\"https:\/\/horticom.ee\/e-pood\/pood\/\"},{\"@type\":\"ListItem\",\"position\":3,\"name\":\"Sisupott Elho Milano 20 x 20cm must\"}]},{\"@type\":\"WebSite\",\"@id\":\"https:\/\/horticom.ee\/e-pood\/#website\",\"url\":\"https:\/\/horticom.ee\/e-pood\/\",\"name\":\"Horticom.ee\",\"description\":\"Aianduskaubad ja kodukaubad nii harrastajatele kui professionaalidele\",\"potentialAction\":[{\"@type\":\"SearchAction\",\"target\":{\"@type\":\"EntryPoint\",\"urlTemplate\":\"https:\/\/horticom.ee\/e-pood\/?s={search_term_string}\"},\"query-input\":{\"@type\":\"PropertyValueSpecification\",\"valueRequired\":true,\"valueName\":\"search_term_string\"}}],\"inLanguage\":\"et\"}]}<\/script>\n<!-- \/ Yoast SEO plugin. -->","yoast_head_json":{"title":"Sisupott Elho Milano d 20 x 20cm must - Horticom.ee","description":"Sisupott Elho Milano on valmistatud plastikust. Sobib Milano seeria k\u00f5rgele \u00fcmbrispotile. V\u00e4hendab vajaminema mulla kogust ning pikendab \u00fcmbrispoti eluiga.","robots":{"index":"index","follow":"follow","max-snippet":"max-snippet:-1","max-image-preview":"max-image-preview:large","max-video-preview":"max-video-preview:-1"},"canonical":"https:\/\/horticom.ee\/e-pood\/toode\/sisupott-elho-milano-d-20-x-20cm-must\/","og_locale":"et_EE","og_type":"article","og_title":"Sisupott Elho Milano d 20 x 20cm must - Horticom.ee","og_description":"Sisupott Elho Milano on valmistatud plastikust. Sobib Milano seeria k\u00f5rgele \u00fcmbrispotile. V\u00e4hendab vajaminema mulla kogust ning pikendab \u00fcmbrispoti eluiga.","og_url":"https:\/\/horticom.ee\/e-pood\/toode\/sisupott-elho-milano-d-20-x-20cm-must\/","og_site_name":"Horticom.ee","article_publisher":"https:\/\/www.facebook.com\/horticom.ee\/e-pood","article_modified_time":"2025-06-18T10:02:32+00:00","og_image":[{"width":1548,"height":1568,"url":"https:\/\/horticom.ee\/e-pood\/wp-content\/uploads\/2024\/01\/8711904136260.jpg","type":"image\/jpeg"}],"twitter_card":"summary_large_image","twitter_misc":{"Est. reading time":"1 minut"},"schema":{"@context":"https:\/\/schema.org","@graph":[{"@type":"WebPage","@id":"https:\/\/horticom.ee\/e-pood\/toode\/sisupott-elho-milano-d-20-x-20cm-must\/","url":"https:\/\/horticom.ee\/e-pood\/toode\/sisupott-elho-milano-d-20-x-20cm-must\/","name":"Sisupott Elho Milano d 20 x 20cm must - Horticom.ee","isPartOf":{"@id":"https:\/\/horticom.ee\/e-pood\/#website"},"primaryImageOfPage":{"@id":"https:\/\/horticom.ee\/e-pood\/toode\/sisupott-elho-milano-d-20-x-20cm-must\/#primaryimage"},"image":{"@id":"https:\/\/horticom.ee\/e-pood\/toode\/sisupott-elho-milano-d-20-x-20cm-must\/#primaryimage"},"thumbnailUrl":"https:\/\/horticom.ee\/e-pood\/wp-content\/uploads\/2024\/01\/8711904136260.jpg","datePublished":"2024-01-18T12:01:05+00:00","dateModified":"2025-06-18T10:02:32+00:00","description":"Sisupott Elho Milano on valmistatud plastikust. Sobib Milano seeria k\u00f5rgele \u00fcmbrispotile. V\u00e4hendab vajaminema mulla kogust ning pikendab \u00fcmbrispoti eluiga.","breadcrumb":{"@id":"https:\/\/horticom.ee\/e-pood\/toode\/sisupott-elho-milano-d-20-x-20cm-must\/#breadcrumb"},"inLanguage":"et","potentialAction":[{"@type":"ReadAction","target":["https:\/\/horticom.ee\/e-pood\/toode\/sisupott-elho-milano-d-20-x-20cm-must\/"]}]},{"@type":"ImageObject","inLanguage":"et","@id":"https:\/\/horticom.ee\/e-pood\/toode\/sisupott-elho-milano-d-20-x-20cm-must\/#primaryimage","url":"https:\/\/horticom.ee\/e-pood\/wp-content\/uploads\/2024\/01\/8711904136260.jpg","contentUrl":"https:\/\/horticom.ee\/e-pood\/wp-content\/uploads\/2024\/01\/8711904136260.jpg","width":1548,"height":1568},{"@type":"BreadcrumbList","@id":"https:\/\/horticom.ee\/e-pood\/toode\/sisupott-elho-milano-d-20-x-20cm-must\/#breadcrumb","itemListElement":[{"@type":"ListItem","position":1,"name":"Home","item":"https:\/\/horticom.ee\/e-pood\/"},{"@type":"ListItem","position":2,"name":"Pood","item":"https:\/\/horticom.ee\/e-pood\/pood\/"},{"@type":"ListItem","position":3,"name":"Sisupott Elho Milano 20 x 20cm must"}]},{"@type":"WebSite","@id":"https:\/\/horticom.ee\/e-pood\/#website","url":"https:\/\/horticom.ee\/e-pood\/","name":"Horticom.ee","description":"Aianduskaubad ja kodukaubad nii harrastajatele kui professionaalidele","potentialAction":[{"@type":"SearchAction","target":{"@type":"EntryPoint","urlTemplate":"https:\/\/horticom.ee\/e-pood\/?s={search_term_string}"},"query-input":{"@type":"PropertyValueSpecification","valueRequired":true,"valueName":"search_term_string"}}],"inLanguage":"et"}]}},"_links":{"self":[{"href":"https:\/\/horticom.ee\/e-pood\/wp-json\/wp\/v2\/product\/2038360","targetHints":{"allow":["GET"]}}],"collection":[{"href":"https:\/\/horticom.ee\/e-pood\/wp-json\/wp\/v2\/product"}],"about":[{"href":"https:\/\/horticom.ee\/e-pood\/wp-json\/wp\/v2\/types\/product"}],"replies":[{"embeddable":true,"href":"https:\/\/horticom.ee\/e-pood\/wp-json\/wp\/v2\/comments?post=2038360"}],"wp:featuredmedia":[{"embeddable":true,"href":"https:\/\/horticom.ee\/e-pood\/wp-json\/wp\/v2\/media\/2398513"}],"wp:attachment":[{"href":"https:\/\/horticom.ee\/e-pood\/wp-json\/wp\/v2\/media?parent=2038360"}],"wp:term":[{"taxonomy":"product_cat","embeddable":true,"href":"https:\/\/horticom.ee\/e-pood\/wp-json\/wp\/v2\/product_cat?post=2038360"},{"taxonomy":"product_tag","embeddable":true,"href":"https:\/\/horticom.ee\/e-pood\/wp-json\/wp\/v2\/product_tag?post=2038360"}],"curies":[{"name":"wp","href":"https:\/\/api.w.org\/{rel}","templated":true}]}}