{"id":2038400,"date":"2024-01-18T14:01:31","date_gmt":"2024-01-18T12:01:31","guid":{"rendered":"https:\/\/horticom.ee\/e-pood\/toode\/karbsepuunis-the-buzz-korduvkasutav-atraktandiga-2tk-pakis\/"},"modified":"2025-05-12T13:05:36","modified_gmt":"2025-05-12T10:05:36","slug":"karbsepuunis-the-buzz-korduvkasutav-atraktandiga-2tk-pakis","status":"publish","type":"product","link":"https:\/\/horticom.ee\/e-pood\/toode\/karbsepuunis-the-buzz-korduvkasutav-atraktandiga-2tk-pakis\/","title":{"rendered":"K\u00e4rbsep\u00fc\u00fcnis The Buzz\u00ae korduvkasutav atraktandiga 2tk\/pakis"},"content":{"rendered":"<p>Kasutamiseks v\u00e4litingimuses. Sisaldab kahte atraktiivset s\u00f6\u00f6dakotti. K\u00e4rbsed p\u00e4\u00e4sevad sisse, kuid v\u00e4lja ei p\u00e4\u00e4se, meelitab k\u00e4rbseid ligi kuni 10m kauguselt. Neid p\u00fc\u00fcniseid saab korduvalt kasutada, saadaval on eraldi peibutuss\u00f6\u00f6t. Atraktant on mittetoksiline ja m\u00fcrkidevaba. Taaskasutatav t\u00e4iteatraktandiga. Tegu on l\u00f5pum\u00fc\u00fcgitootega ning parim enne kuup\u00e4ev on 03.2023.<\/p>\n","protected":false},"excerpt":{"rendered":"<p>Kasutamiseks v\u00e4litingimuses. Sisaldab kahte atraktiivset s\u00f6\u00f6dakotti. K\u00e4rbsed p\u00e4\u00e4sevad sisse, kuid v\u00e4lja ei p\u00e4\u00e4se, meelitab k\u00e4rbseid ligi kuni 10m kauguselt. Neid p\u00fc\u00fcniseid saab korduvalt kasutada, saadaval on eraldi peibutuss\u00f6\u00f6t. Atraktant on mittetoksiline ja m\u00fcrkidevaba. Taaskasutatav t\u00e4iteatraktandiga. Tegu on l\u00f5pum\u00fc\u00fcgitootega ning parim enne kuup\u00e4ev on 03.2023.<\/p>\n","protected":false},"featured_media":2038901,"comment_status":"closed","ping_status":"closed","template":"","meta":{"_themeisle_gutenberg_block_has_review":false},"product_cat":[13597],"product_tag":[],"class_list":{"0":"post-2038400","1":"product","2":"type-product","3":"status-publish","4":"has-post-thumbnail","6":"product_cat-karbsed","8":"first","9":"outofstock","10":"sale","11":"shipping-taxable","12":"purchasable","13":"product-type-simple"},"yoast_head":"<!-- This site is optimized with the Yoast SEO plugin v24.0 - https:\/\/yoast.com\/wordpress\/plugins\/seo\/ -->\n<title>K\u00e4rbsep\u00fc\u00fcnis The Buzz\u00ae korduvkasutav atraktandiga 2tk\/pk<\/title>\n<meta name=\"description\" content=\"K\u00e4rbsep\u00fc\u00fcnis \u00f5ue. K\u00e4rbsed p\u00e4\u00e4sevad sisse, kuid v\u00e4lja ei p\u00e4\u00e4se, meelitab k\u00e4rbseid ligi kuni 10m kauguselt. Korduvkasutatavad.\" \/>\n<meta name=\"robots\" content=\"index, follow, max-snippet:-1, max-image-preview:large, max-video-preview:-1\" \/>\n<link rel=\"canonical\" href=\"https:\/\/horticom.ee\/e-pood\/toode\/karbsepuunis-the-buzz-korduvkasutav-atraktandiga-2tk-pakis\/\" \/>\n<meta property=\"og:locale\" content=\"et_EE\" \/>\n<meta property=\"og:type\" content=\"article\" \/>\n<meta property=\"og:title\" content=\"K\u00e4rbsep\u00fc\u00fcnis The Buzz\u00ae korduvkasutav atraktandiga 2tk\/pk\" \/>\n<meta property=\"og:description\" content=\"K\u00e4rbsep\u00fc\u00fcnis \u00f5ue. K\u00e4rbsed p\u00e4\u00e4sevad sisse, kuid v\u00e4lja ei p\u00e4\u00e4se, meelitab k\u00e4rbseid ligi kuni 10m kauguselt. Korduvkasutatavad.\" \/>\n<meta property=\"og:url\" content=\"https:\/\/horticom.ee\/e-pood\/toode\/karbsepuunis-the-buzz-korduvkasutav-atraktandiga-2tk-pakis\/\" \/>\n<meta property=\"og:site_name\" content=\"Horticom.ee\" \/>\n<meta property=\"article:publisher\" content=\"https:\/\/www.facebook.com\/horticom.ee\/e-pood\" \/>\n<meta property=\"article:modified_time\" content=\"2025-05-12T10:05:36+00:00\" \/>\n<meta property=\"og:image\" content=\"https:\/\/horticom.ee\/e-pood\/wp-content\/uploads\/importedmedia\/product-2038400_0-STV336.jpg\" \/>\n\t<meta property=\"og:image:width\" content=\"1000\" \/>\n\t<meta property=\"og:image:height\" content=\"1000\" \/>\n\t<meta property=\"og:image:type\" content=\"image\/jpeg\" \/>\n<meta name=\"twitter:card\" content=\"summary_large_image\" \/>\n<script type=\"application\/ld+json\" class=\"yoast-schema-graph\">{\"@context\":\"https:\/\/schema.org\",\"@graph\":[{\"@type\":\"WebPage\",\"@id\":\"https:\/\/horticom.ee\/e-pood\/toode\/karbsepuunis-the-buzz-korduvkasutav-atraktandiga-2tk-pakis\/\",\"url\":\"https:\/\/horticom.ee\/e-pood\/toode\/karbsepuunis-the-buzz-korduvkasutav-atraktandiga-2tk-pakis\/\",\"name\":\"K\u00e4rbsep\u00fc\u00fcnis The Buzz\u00ae korduvkasutav atraktandiga 2tk\/pk\",\"isPartOf\":{\"@id\":\"https:\/\/horticom.ee\/e-pood\/#website\"},\"primaryImageOfPage\":{\"@id\":\"https:\/\/horticom.ee\/e-pood\/toode\/karbsepuunis-the-buzz-korduvkasutav-atraktandiga-2tk-pakis\/#primaryimage\"},\"image\":{\"@id\":\"https:\/\/horticom.ee\/e-pood\/toode\/karbsepuunis-the-buzz-korduvkasutav-atraktandiga-2tk-pakis\/#primaryimage\"},\"thumbnailUrl\":\"https:\/\/horticom.ee\/e-pood\/wp-content\/uploads\/importedmedia\/product-2038400_0-STV336.jpg\",\"datePublished\":\"2024-01-18T12:01:31+00:00\",\"dateModified\":\"2025-05-12T10:05:36+00:00\",\"description\":\"K\u00e4rbsep\u00fc\u00fcnis \u00f5ue. K\u00e4rbsed p\u00e4\u00e4sevad sisse, kuid v\u00e4lja ei p\u00e4\u00e4se, meelitab k\u00e4rbseid ligi kuni 10m kauguselt. Korduvkasutatavad.\",\"breadcrumb\":{\"@id\":\"https:\/\/horticom.ee\/e-pood\/toode\/karbsepuunis-the-buzz-korduvkasutav-atraktandiga-2tk-pakis\/#breadcrumb\"},\"inLanguage\":\"et\",\"potentialAction\":[{\"@type\":\"ReadAction\",\"target\":[\"https:\/\/horticom.ee\/e-pood\/toode\/karbsepuunis-the-buzz-korduvkasutav-atraktandiga-2tk-pakis\/\"]}]},{\"@type\":\"ImageObject\",\"inLanguage\":\"et\",\"@id\":\"https:\/\/horticom.ee\/e-pood\/toode\/karbsepuunis-the-buzz-korduvkasutav-atraktandiga-2tk-pakis\/#primaryimage\",\"url\":\"https:\/\/horticom.ee\/e-pood\/wp-content\/uploads\/importedmedia\/product-2038400_0-STV336.jpg\",\"contentUrl\":\"https:\/\/horticom.ee\/e-pood\/wp-content\/uploads\/importedmedia\/product-2038400_0-STV336.jpg\",\"width\":1000,\"height\":1000,\"caption\":\"K\u00e4rbsep\u00fc\u00fcnis The Buzz\u00ae korduvkasutav atraktandiga 2tk\/pakis\"},{\"@type\":\"BreadcrumbList\",\"@id\":\"https:\/\/horticom.ee\/e-pood\/toode\/karbsepuunis-the-buzz-korduvkasutav-atraktandiga-2tk-pakis\/#breadcrumb\",\"itemListElement\":[{\"@type\":\"ListItem\",\"position\":1,\"name\":\"Home\",\"item\":\"https:\/\/horticom.ee\/e-pood\/\"},{\"@type\":\"ListItem\",\"position\":2,\"name\":\"Pood\",\"item\":\"https:\/\/horticom.ee\/e-pood\/pood\/\"},{\"@type\":\"ListItem\",\"position\":3,\"name\":\"K\u00e4rbsep\u00fc\u00fcnis The Buzz\u00ae korduvkasutav atraktandiga 2tk\/pakis\"}]},{\"@type\":\"WebSite\",\"@id\":\"https:\/\/horticom.ee\/e-pood\/#website\",\"url\":\"https:\/\/horticom.ee\/e-pood\/\",\"name\":\"Horticom.ee\",\"description\":\"Aianduskaubad ja kodukaubad nii harrastajatele kui professionaalidele\",\"potentialAction\":[{\"@type\":\"SearchAction\",\"target\":{\"@type\":\"EntryPoint\",\"urlTemplate\":\"https:\/\/horticom.ee\/e-pood\/?s={search_term_string}\"},\"query-input\":{\"@type\":\"PropertyValueSpecification\",\"valueRequired\":true,\"valueName\":\"search_term_string\"}}],\"inLanguage\":\"et\"}]}<\/script>\n<!-- \/ Yoast SEO plugin. -->","yoast_head_json":{"title":"K\u00e4rbsep\u00fc\u00fcnis The Buzz\u00ae korduvkasutav atraktandiga 2tk\/pk","description":"K\u00e4rbsep\u00fc\u00fcnis \u00f5ue. K\u00e4rbsed p\u00e4\u00e4sevad sisse, kuid v\u00e4lja ei p\u00e4\u00e4se, meelitab k\u00e4rbseid ligi kuni 10m kauguselt. Korduvkasutatavad.","robots":{"index":"index","follow":"follow","max-snippet":"max-snippet:-1","max-image-preview":"max-image-preview:large","max-video-preview":"max-video-preview:-1"},"canonical":"https:\/\/horticom.ee\/e-pood\/toode\/karbsepuunis-the-buzz-korduvkasutav-atraktandiga-2tk-pakis\/","og_locale":"et_EE","og_type":"article","og_title":"K\u00e4rbsep\u00fc\u00fcnis The Buzz\u00ae korduvkasutav atraktandiga 2tk\/pk","og_description":"K\u00e4rbsep\u00fc\u00fcnis \u00f5ue. K\u00e4rbsed p\u00e4\u00e4sevad sisse, kuid v\u00e4lja ei p\u00e4\u00e4se, meelitab k\u00e4rbseid ligi kuni 10m kauguselt. Korduvkasutatavad.","og_url":"https:\/\/horticom.ee\/e-pood\/toode\/karbsepuunis-the-buzz-korduvkasutav-atraktandiga-2tk-pakis\/","og_site_name":"Horticom.ee","article_publisher":"https:\/\/www.facebook.com\/horticom.ee\/e-pood","article_modified_time":"2025-05-12T10:05:36+00:00","og_image":[{"width":1000,"height":1000,"url":"https:\/\/horticom.ee\/e-pood\/wp-content\/uploads\/importedmedia\/product-2038400_0-STV336.jpg","type":"image\/jpeg"}],"twitter_card":"summary_large_image","schema":{"@context":"https:\/\/schema.org","@graph":[{"@type":"WebPage","@id":"https:\/\/horticom.ee\/e-pood\/toode\/karbsepuunis-the-buzz-korduvkasutav-atraktandiga-2tk-pakis\/","url":"https:\/\/horticom.ee\/e-pood\/toode\/karbsepuunis-the-buzz-korduvkasutav-atraktandiga-2tk-pakis\/","name":"K\u00e4rbsep\u00fc\u00fcnis The Buzz\u00ae korduvkasutav atraktandiga 2tk\/pk","isPartOf":{"@id":"https:\/\/horticom.ee\/e-pood\/#website"},"primaryImageOfPage":{"@id":"https:\/\/horticom.ee\/e-pood\/toode\/karbsepuunis-the-buzz-korduvkasutav-atraktandiga-2tk-pakis\/#primaryimage"},"image":{"@id":"https:\/\/horticom.ee\/e-pood\/toode\/karbsepuunis-the-buzz-korduvkasutav-atraktandiga-2tk-pakis\/#primaryimage"},"thumbnailUrl":"https:\/\/horticom.ee\/e-pood\/wp-content\/uploads\/importedmedia\/product-2038400_0-STV336.jpg","datePublished":"2024-01-18T12:01:31+00:00","dateModified":"2025-05-12T10:05:36+00:00","description":"K\u00e4rbsep\u00fc\u00fcnis \u00f5ue. K\u00e4rbsed p\u00e4\u00e4sevad sisse, kuid v\u00e4lja ei p\u00e4\u00e4se, meelitab k\u00e4rbseid ligi kuni 10m kauguselt. Korduvkasutatavad.","breadcrumb":{"@id":"https:\/\/horticom.ee\/e-pood\/toode\/karbsepuunis-the-buzz-korduvkasutav-atraktandiga-2tk-pakis\/#breadcrumb"},"inLanguage":"et","potentialAction":[{"@type":"ReadAction","target":["https:\/\/horticom.ee\/e-pood\/toode\/karbsepuunis-the-buzz-korduvkasutav-atraktandiga-2tk-pakis\/"]}]},{"@type":"ImageObject","inLanguage":"et","@id":"https:\/\/horticom.ee\/e-pood\/toode\/karbsepuunis-the-buzz-korduvkasutav-atraktandiga-2tk-pakis\/#primaryimage","url":"https:\/\/horticom.ee\/e-pood\/wp-content\/uploads\/importedmedia\/product-2038400_0-STV336.jpg","contentUrl":"https:\/\/horticom.ee\/e-pood\/wp-content\/uploads\/importedmedia\/product-2038400_0-STV336.jpg","width":1000,"height":1000,"caption":"K\u00e4rbsep\u00fc\u00fcnis The Buzz\u00ae korduvkasutav atraktandiga 2tk\/pakis"},{"@type":"BreadcrumbList","@id":"https:\/\/horticom.ee\/e-pood\/toode\/karbsepuunis-the-buzz-korduvkasutav-atraktandiga-2tk-pakis\/#breadcrumb","itemListElement":[{"@type":"ListItem","position":1,"name":"Home","item":"https:\/\/horticom.ee\/e-pood\/"},{"@type":"ListItem","position":2,"name":"Pood","item":"https:\/\/horticom.ee\/e-pood\/pood\/"},{"@type":"ListItem","position":3,"name":"K\u00e4rbsep\u00fc\u00fcnis The Buzz\u00ae korduvkasutav atraktandiga 2tk\/pakis"}]},{"@type":"WebSite","@id":"https:\/\/horticom.ee\/e-pood\/#website","url":"https:\/\/horticom.ee\/e-pood\/","name":"Horticom.ee","description":"Aianduskaubad ja kodukaubad nii harrastajatele kui professionaalidele","potentialAction":[{"@type":"SearchAction","target":{"@type":"EntryPoint","urlTemplate":"https:\/\/horticom.ee\/e-pood\/?s={search_term_string}"},"query-input":{"@type":"PropertyValueSpecification","valueRequired":true,"valueName":"search_term_string"}}],"inLanguage":"et"}]}},"_links":{"self":[{"href":"https:\/\/horticom.ee\/e-pood\/wp-json\/wp\/v2\/product\/2038400","targetHints":{"allow":["GET"]}}],"collection":[{"href":"https:\/\/horticom.ee\/e-pood\/wp-json\/wp\/v2\/product"}],"about":[{"href":"https:\/\/horticom.ee\/e-pood\/wp-json\/wp\/v2\/types\/product"}],"replies":[{"embeddable":true,"href":"https:\/\/horticom.ee\/e-pood\/wp-json\/wp\/v2\/comments?post=2038400"}],"wp:featuredmedia":[{"embeddable":true,"href":"https:\/\/horticom.ee\/e-pood\/wp-json\/wp\/v2\/media\/2038901"}],"wp:attachment":[{"href":"https:\/\/horticom.ee\/e-pood\/wp-json\/wp\/v2\/media?parent=2038400"}],"wp:term":[{"taxonomy":"product_cat","embeddable":true,"href":"https:\/\/horticom.ee\/e-pood\/wp-json\/wp\/v2\/product_cat?post=2038400"},{"taxonomy":"product_tag","embeddable":true,"href":"https:\/\/horticom.ee\/e-pood\/wp-json\/wp\/v2\/product_tag?post=2038400"}],"curies":[{"name":"wp","href":"https:\/\/api.w.org\/{rel}","templated":true}]}}