{"id":2039684,"date":"2024-01-19T16:00:43","date_gmt":"2024-01-19T14:00:43","guid":{"rendered":"https:\/\/horticom.ee\/e-pood\/toode\/ambliklill-rose-queen\/"},"modified":"2026-04-22T13:01:47","modified_gmt":"2026-04-22T10:01:47","slug":"ambliklill-rose-queen","status":"publish","type":"product","link":"https:\/\/horticom.ee\/e-pood\/toode\/ambliklill-rose-queen\/","title":{"rendered":"\u00c4mbliklill Rose Queen"},"content":{"rendered":"<p>\u00c4mbliklill Rose Queen on \u00fcheaastased lilled. V\u00e4ga ilusad, ennek\u00f5ike just enda eredate originaalsete \u00f5iekobarate poolest. N\u00e4evad parimad v\u00e4lja, kui istutada r\u00fchmadesse v\u00f5i isoleerituna v\u00e4ikeste taimede vahel. Neid kasvatatakse soojades, tuule eest kaitstud lillepeenardes.<\/p>\n","protected":false},"excerpt":{"rendered":"<p>\u00c4mbliklill Rose Queen on \u00fcheaastased lilled. V\u00e4ga ilusad, ennek\u00f5ike just enda eredate originaalsete \u00f5iekobarate poolest. N\u00e4evad parimad v\u00e4lja, kui istutada r\u00fchmadesse v\u00f5i isoleerituna v\u00e4ikeste taimede vahel. Neid kasvatatakse soojades, tuule eest kaitstud lillepeenardes.<\/p>\n","protected":false},"featured_media":2400580,"comment_status":"closed","ping_status":"closed","template":"","meta":{"_themeisle_gutenberg_block_has_review":false},"product_cat":[18318],"product_tag":[],"class_list":{"0":"post-2039684","1":"product","2":"type-product","3":"status-publish","4":"has-post-thumbnail","6":"product_cat-ambliklill-lilleseemned","8":"first","9":"instock","10":"shipping-taxable","11":"purchasable","12":"product-type-simple"},"yoast_head":"<!-- This site is optimized with the Yoast SEO plugin v24.0 - https:\/\/yoast.com\/wordpress\/plugins\/seo\/ -->\n<title>\u00c4mbliklill Rose Queen - Horticom.ee\/e-pood<\/title>\n<meta name=\"description\" content=\"\u00c4mbliklill Rose Queen \u00fcheaastane lill eredate \u00f5iekobaratega. Eelistab soojas, tuule eest kaitstud kasvukohta. Kasvatatakse peenardes r\u00fchmadesse istutatuna.\" \/>\n<meta name=\"robots\" content=\"index, follow, max-snippet:-1, max-image-preview:large, max-video-preview:-1\" \/>\n<link rel=\"canonical\" href=\"https:\/\/horticom.ee\/e-pood\/toode\/ambliklill-rose-queen\/\" \/>\n<meta property=\"og:locale\" content=\"et_EE\" \/>\n<meta property=\"og:type\" content=\"article\" \/>\n<meta property=\"og:title\" content=\"\u00c4mbliklill Rose Queen - Horticom.ee\/e-pood\" \/>\n<meta property=\"og:description\" content=\"\u00c4mbliklill Rose Queen \u00fcheaastane lill eredate \u00f5iekobaratega. Eelistab soojas, tuule eest kaitstud kasvukohta. Kasvatatakse peenardes r\u00fchmadesse istutatuna.\" \/>\n<meta property=\"og:url\" content=\"https:\/\/horticom.ee\/e-pood\/toode\/ambliklill-rose-queen\/\" \/>\n<meta property=\"og:site_name\" content=\"Horticom.ee\" \/>\n<meta property=\"article:publisher\" content=\"https:\/\/www.facebook.com\/horticom.ee\/e-pood\" \/>\n<meta property=\"article:modified_time\" content=\"2026-04-22T10:01:47+00:00\" \/>\n<meta property=\"og:image\" content=\"https:\/\/horticom.ee\/e-pood\/wp-content\/uploads\/2024\/01\/4742145008423.jpg\" \/>\n\t<meta property=\"og:image:width\" content=\"371\" \/>\n\t<meta property=\"og:image:height\" content=\"626\" \/>\n\t<meta property=\"og:image:type\" content=\"image\/jpeg\" \/>\n<meta name=\"twitter:card\" content=\"summary_large_image\" \/>\n<meta name=\"twitter:label1\" content=\"Est. reading time\" \/>\n\t<meta name=\"twitter:data1\" content=\"1 minut\" \/>\n<script type=\"application\/ld+json\" class=\"yoast-schema-graph\">{\"@context\":\"https:\/\/schema.org\",\"@graph\":[{\"@type\":\"WebPage\",\"@id\":\"https:\/\/horticom.ee\/e-pood\/toode\/ambliklill-rose-queen\/\",\"url\":\"https:\/\/horticom.ee\/e-pood\/toode\/ambliklill-rose-queen\/\",\"name\":\"\u00c4mbliklill Rose Queen - Horticom.ee\/e-pood\",\"isPartOf\":{\"@id\":\"https:\/\/horticom.ee\/e-pood\/#website\"},\"primaryImageOfPage\":{\"@id\":\"https:\/\/horticom.ee\/e-pood\/toode\/ambliklill-rose-queen\/#primaryimage\"},\"image\":{\"@id\":\"https:\/\/horticom.ee\/e-pood\/toode\/ambliklill-rose-queen\/#primaryimage\"},\"thumbnailUrl\":\"https:\/\/horticom.ee\/e-pood\/wp-content\/uploads\/2024\/01\/4742145008423.jpg\",\"datePublished\":\"2024-01-19T14:00:43+00:00\",\"dateModified\":\"2026-04-22T10:01:47+00:00\",\"description\":\"\u00c4mbliklill Rose Queen \u00fcheaastane lill eredate \u00f5iekobaratega. Eelistab soojas, tuule eest kaitstud kasvukohta. Kasvatatakse peenardes r\u00fchmadesse istutatuna.\",\"breadcrumb\":{\"@id\":\"https:\/\/horticom.ee\/e-pood\/toode\/ambliklill-rose-queen\/#breadcrumb\"},\"inLanguage\":\"et\",\"potentialAction\":[{\"@type\":\"ReadAction\",\"target\":[\"https:\/\/horticom.ee\/e-pood\/toode\/ambliklill-rose-queen\/\"]}]},{\"@type\":\"ImageObject\",\"inLanguage\":\"et\",\"@id\":\"https:\/\/horticom.ee\/e-pood\/toode\/ambliklill-rose-queen\/#primaryimage\",\"url\":\"https:\/\/horticom.ee\/e-pood\/wp-content\/uploads\/2024\/01\/4742145008423.jpg\",\"contentUrl\":\"https:\/\/horticom.ee\/e-pood\/wp-content\/uploads\/2024\/01\/4742145008423.jpg\",\"width\":371,\"height\":626},{\"@type\":\"BreadcrumbList\",\"@id\":\"https:\/\/horticom.ee\/e-pood\/toode\/ambliklill-rose-queen\/#breadcrumb\",\"itemListElement\":[{\"@type\":\"ListItem\",\"position\":1,\"name\":\"Home\",\"item\":\"https:\/\/horticom.ee\/e-pood\/\"},{\"@type\":\"ListItem\",\"position\":2,\"name\":\"Pood\",\"item\":\"https:\/\/horticom.ee\/e-pood\/pood\/\"},{\"@type\":\"ListItem\",\"position\":3,\"name\":\"\u00c4mbliklill Rose Queen\"}]},{\"@type\":\"WebSite\",\"@id\":\"https:\/\/horticom.ee\/e-pood\/#website\",\"url\":\"https:\/\/horticom.ee\/e-pood\/\",\"name\":\"Horticom.ee\",\"description\":\"Aianduskaubad ja kodukaubad nii harrastajatele kui professionaalidele\",\"potentialAction\":[{\"@type\":\"SearchAction\",\"target\":{\"@type\":\"EntryPoint\",\"urlTemplate\":\"https:\/\/horticom.ee\/e-pood\/?s={search_term_string}\"},\"query-input\":{\"@type\":\"PropertyValueSpecification\",\"valueRequired\":true,\"valueName\":\"search_term_string\"}}],\"inLanguage\":\"et\"}]}<\/script>\n<!-- \/ Yoast SEO plugin. -->","yoast_head_json":{"title":"\u00c4mbliklill Rose Queen - Horticom.ee\/e-pood","description":"\u00c4mbliklill Rose Queen \u00fcheaastane lill eredate \u00f5iekobaratega. Eelistab soojas, tuule eest kaitstud kasvukohta. Kasvatatakse peenardes r\u00fchmadesse istutatuna.","robots":{"index":"index","follow":"follow","max-snippet":"max-snippet:-1","max-image-preview":"max-image-preview:large","max-video-preview":"max-video-preview:-1"},"canonical":"https:\/\/horticom.ee\/e-pood\/toode\/ambliklill-rose-queen\/","og_locale":"et_EE","og_type":"article","og_title":"\u00c4mbliklill Rose Queen - Horticom.ee\/e-pood","og_description":"\u00c4mbliklill Rose Queen \u00fcheaastane lill eredate \u00f5iekobaratega. Eelistab soojas, tuule eest kaitstud kasvukohta. Kasvatatakse peenardes r\u00fchmadesse istutatuna.","og_url":"https:\/\/horticom.ee\/e-pood\/toode\/ambliklill-rose-queen\/","og_site_name":"Horticom.ee","article_publisher":"https:\/\/www.facebook.com\/horticom.ee\/e-pood","article_modified_time":"2026-04-22T10:01:47+00:00","og_image":[{"width":371,"height":626,"url":"https:\/\/horticom.ee\/e-pood\/wp-content\/uploads\/2024\/01\/4742145008423.jpg","type":"image\/jpeg"}],"twitter_card":"summary_large_image","twitter_misc":{"Est. reading time":"1 minut"},"schema":{"@context":"https:\/\/schema.org","@graph":[{"@type":"WebPage","@id":"https:\/\/horticom.ee\/e-pood\/toode\/ambliklill-rose-queen\/","url":"https:\/\/horticom.ee\/e-pood\/toode\/ambliklill-rose-queen\/","name":"\u00c4mbliklill Rose Queen - Horticom.ee\/e-pood","isPartOf":{"@id":"https:\/\/horticom.ee\/e-pood\/#website"},"primaryImageOfPage":{"@id":"https:\/\/horticom.ee\/e-pood\/toode\/ambliklill-rose-queen\/#primaryimage"},"image":{"@id":"https:\/\/horticom.ee\/e-pood\/toode\/ambliklill-rose-queen\/#primaryimage"},"thumbnailUrl":"https:\/\/horticom.ee\/e-pood\/wp-content\/uploads\/2024\/01\/4742145008423.jpg","datePublished":"2024-01-19T14:00:43+00:00","dateModified":"2026-04-22T10:01:47+00:00","description":"\u00c4mbliklill Rose Queen \u00fcheaastane lill eredate \u00f5iekobaratega. Eelistab soojas, tuule eest kaitstud kasvukohta. Kasvatatakse peenardes r\u00fchmadesse istutatuna.","breadcrumb":{"@id":"https:\/\/horticom.ee\/e-pood\/toode\/ambliklill-rose-queen\/#breadcrumb"},"inLanguage":"et","potentialAction":[{"@type":"ReadAction","target":["https:\/\/horticom.ee\/e-pood\/toode\/ambliklill-rose-queen\/"]}]},{"@type":"ImageObject","inLanguage":"et","@id":"https:\/\/horticom.ee\/e-pood\/toode\/ambliklill-rose-queen\/#primaryimage","url":"https:\/\/horticom.ee\/e-pood\/wp-content\/uploads\/2024\/01\/4742145008423.jpg","contentUrl":"https:\/\/horticom.ee\/e-pood\/wp-content\/uploads\/2024\/01\/4742145008423.jpg","width":371,"height":626},{"@type":"BreadcrumbList","@id":"https:\/\/horticom.ee\/e-pood\/toode\/ambliklill-rose-queen\/#breadcrumb","itemListElement":[{"@type":"ListItem","position":1,"name":"Home","item":"https:\/\/horticom.ee\/e-pood\/"},{"@type":"ListItem","position":2,"name":"Pood","item":"https:\/\/horticom.ee\/e-pood\/pood\/"},{"@type":"ListItem","position":3,"name":"\u00c4mbliklill Rose Queen"}]},{"@type":"WebSite","@id":"https:\/\/horticom.ee\/e-pood\/#website","url":"https:\/\/horticom.ee\/e-pood\/","name":"Horticom.ee","description":"Aianduskaubad ja kodukaubad nii harrastajatele kui professionaalidele","potentialAction":[{"@type":"SearchAction","target":{"@type":"EntryPoint","urlTemplate":"https:\/\/horticom.ee\/e-pood\/?s={search_term_string}"},"query-input":{"@type":"PropertyValueSpecification","valueRequired":true,"valueName":"search_term_string"}}],"inLanguage":"et"}]}},"_links":{"self":[{"href":"https:\/\/horticom.ee\/e-pood\/wp-json\/wp\/v2\/product\/2039684","targetHints":{"allow":["GET"]}}],"collection":[{"href":"https:\/\/horticom.ee\/e-pood\/wp-json\/wp\/v2\/product"}],"about":[{"href":"https:\/\/horticom.ee\/e-pood\/wp-json\/wp\/v2\/types\/product"}],"replies":[{"embeddable":true,"href":"https:\/\/horticom.ee\/e-pood\/wp-json\/wp\/v2\/comments?post=2039684"}],"wp:featuredmedia":[{"embeddable":true,"href":"https:\/\/horticom.ee\/e-pood\/wp-json\/wp\/v2\/media\/2400580"}],"wp:attachment":[{"href":"https:\/\/horticom.ee\/e-pood\/wp-json\/wp\/v2\/media?parent=2039684"}],"wp:term":[{"taxonomy":"product_cat","embeddable":true,"href":"https:\/\/horticom.ee\/e-pood\/wp-json\/wp\/v2\/product_cat?post=2039684"},{"taxonomy":"product_tag","embeddable":true,"href":"https:\/\/horticom.ee\/e-pood\/wp-json\/wp\/v2\/product_tag?post=2039684"}],"curies":[{"name":"wp","href":"https:\/\/api.w.org\/{rel}","templated":true}]}}