{"id":217555,"date":"2022-01-21T15:45:55","date_gmt":"2022-01-21T13:45:55","guid":{"rendered":"https:\/\/aednik24.ee\/toode\/niitvetikate-havitaja-turbo-250ml-5000-lle-sp\/"},"modified":"2026-05-02T03:06:42","modified_gmt":"2026-05-02T00:06:42","slug":"niitvetikate-havitaja-turbo-250ml-5000-lle-sp","status":"publish","type":"product","link":"https:\/\/horticom.ee\/e-pood\/toode\/niitvetikate-havitaja-turbo-250ml-5000-lle-sp\/","title":{"rendered":"Niitvetikate h\u00e4vitaja Turbo 250ml 5000 L`le"},"content":{"rendered":"<p>Niitvetikate h\u00e4vitaja Turbo on graanulite segu aktiivse hapniku ja k\u00f5rgkvaliteediliste mikroorganismidega. N\u00e4htavalt p\u00fcsiv m\u00f5ju l\u00e4bi aktiivhapniku.Toode ei sisalda vase\u00fchendeid. Lihtne kasutada kaasas oleva laoturiga.  Toodet on lubatud kasutada kaladega tiigis. NB! Kasuta biotsiide alati hoolikalt.<\/p>\n","protected":false},"excerpt":{"rendered":"<p>Niitvetikate h\u00e4vitaja Turbo on graanulite segu aktiivse hapniku ja k\u00f5rgkvaliteediliste mikroorganismidega. N\u00e4htavalt p\u00fcsiv m\u00f5ju l\u00e4bi aktiivhapniku.Toode ei sisalda vase\u00fchendeid. Lihtne kasutada kaasas oleva laoturiga. Toodet on lubatud kasutada kaladega tiigis. NB! Kasuta biotsiide alati hoolikalt.<\/p>\n","protected":false},"featured_media":2377818,"comment_status":"closed","ping_status":"closed","template":"","meta":{"_themeisle_gutenberg_block_has_review":false},"product_cat":[18563,13362],"product_tag":[],"class_list":{"0":"post-217555","1":"product","2":"type-product","3":"status-publish","4":"has-post-thumbnail","6":"product_cat-lopumuugitooted","7":"product_cat-tiigi-ja-basseinipuhastajad","9":"first","10":"instock","11":"sale","12":"shipping-taxable","13":"purchasable","14":"product-type-simple"},"yoast_head":"<!-- This site is optimized with the Yoast SEO plugin v24.0 - https:\/\/yoast.com\/wordpress\/plugins\/seo\/ -->\n<title>Niitvetikate h\u00e4vitaja Turbo 250ml 5000 L`le - Horticom<\/title>\n<meta name=\"robots\" content=\"index, follow, max-snippet:-1, max-image-preview:large, max-video-preview:-1\" \/>\n<link rel=\"canonical\" href=\"https:\/\/horticom.ee\/e-pood\/toode\/niitvetikate-havitaja-turbo-250ml-5000-lle-sp\/\" \/>\n<meta property=\"og:locale\" content=\"et_EE\" \/>\n<meta property=\"og:type\" content=\"article\" \/>\n<meta property=\"og:title\" content=\"Niitvetikate h\u00e4vitaja Turbo 250ml 5000 L`le - Horticom\" \/>\n<meta property=\"og:description\" content=\"Niitvetikate h\u00e4vitaja Turbo on graanulite segu aktiivse hapniku ja k\u00f5rgkvaliteediliste mikroorganismidega. N\u00e4htavalt p\u00fcsiv m\u00f5ju l\u00e4bi aktiivhapniku.Toode ei sisalda vase\u00fchendeid. Lihtne kasutada kaasas oleva laoturiga. Toodet on lubatud kasutada kaladega tiigis. NB! Kasuta biotsiide alati hoolikalt.\" \/>\n<meta property=\"og:url\" content=\"https:\/\/horticom.ee\/e-pood\/toode\/niitvetikate-havitaja-turbo-250ml-5000-lle-sp\/\" \/>\n<meta property=\"og:site_name\" content=\"Horticom.ee\" \/>\n<meta property=\"article:publisher\" content=\"https:\/\/www.facebook.com\/horticom.ee\/e-pood\" \/>\n<meta property=\"article:modified_time\" content=\"2026-05-02T00:06:42+00:00\" \/>\n<meta property=\"og:image\" content=\"https:\/\/horticom.ee\/e-pood\/wp-content\/uploads\/importedmedia\/product-217555_0-850713.jpg\" \/>\n\t<meta property=\"og:image:width\" content=\"1000\" \/>\n\t<meta property=\"og:image:height\" content=\"1000\" \/>\n\t<meta property=\"og:image:type\" content=\"image\/jpeg\" \/>\n<meta name=\"twitter:card\" content=\"summary_large_image\" \/>\n<script type=\"application\/ld+json\" class=\"yoast-schema-graph\">{\"@context\":\"https:\/\/schema.org\",\"@graph\":[{\"@type\":\"WebPage\",\"@id\":\"https:\/\/horticom.ee\/e-pood\/toode\/niitvetikate-havitaja-turbo-250ml-5000-lle-sp\/\",\"url\":\"https:\/\/horticom.ee\/e-pood\/toode\/niitvetikate-havitaja-turbo-250ml-5000-lle-sp\/\",\"name\":\"Niitvetikate h\u00e4vitaja Turbo 250ml 5000 L`le - Horticom\",\"isPartOf\":{\"@id\":\"https:\/\/horticom.ee\/e-pood\/#website\"},\"primaryImageOfPage\":{\"@id\":\"https:\/\/horticom.ee\/e-pood\/toode\/niitvetikate-havitaja-turbo-250ml-5000-lle-sp\/#primaryimage\"},\"image\":{\"@id\":\"https:\/\/horticom.ee\/e-pood\/toode\/niitvetikate-havitaja-turbo-250ml-5000-lle-sp\/#primaryimage\"},\"thumbnailUrl\":\"https:\/\/horticom.ee\/e-pood\/wp-content\/uploads\/importedmedia\/product-217555_0-850713.jpg\",\"datePublished\":\"2022-01-21T13:45:55+00:00\",\"dateModified\":\"2026-05-02T00:06:42+00:00\",\"breadcrumb\":{\"@id\":\"https:\/\/horticom.ee\/e-pood\/toode\/niitvetikate-havitaja-turbo-250ml-5000-lle-sp\/#breadcrumb\"},\"inLanguage\":\"et\",\"potentialAction\":[{\"@type\":\"ReadAction\",\"target\":[\"https:\/\/horticom.ee\/e-pood\/toode\/niitvetikate-havitaja-turbo-250ml-5000-lle-sp\/\"]}]},{\"@type\":\"ImageObject\",\"inLanguage\":\"et\",\"@id\":\"https:\/\/horticom.ee\/e-pood\/toode\/niitvetikate-havitaja-turbo-250ml-5000-lle-sp\/#primaryimage\",\"url\":\"https:\/\/horticom.ee\/e-pood\/wp-content\/uploads\/importedmedia\/product-217555_0-850713.jpg\",\"contentUrl\":\"https:\/\/horticom.ee\/e-pood\/wp-content\/uploads\/importedmedia\/product-217555_0-850713.jpg\",\"width\":1000,\"height\":1000},{\"@type\":\"BreadcrumbList\",\"@id\":\"https:\/\/horticom.ee\/e-pood\/toode\/niitvetikate-havitaja-turbo-250ml-5000-lle-sp\/#breadcrumb\",\"itemListElement\":[{\"@type\":\"ListItem\",\"position\":1,\"name\":\"Home\",\"item\":\"https:\/\/horticom.ee\/e-pood\/\"},{\"@type\":\"ListItem\",\"position\":2,\"name\":\"Pood\",\"item\":\"https:\/\/horticom.ee\/e-pood\/pood\/\"},{\"@type\":\"ListItem\",\"position\":3,\"name\":\"Niitvetikate h\u00e4vitaja Turbo 250ml 5000 L`le\"}]},{\"@type\":\"WebSite\",\"@id\":\"https:\/\/horticom.ee\/e-pood\/#website\",\"url\":\"https:\/\/horticom.ee\/e-pood\/\",\"name\":\"Horticom.ee\",\"description\":\"Aianduskaubad ja kodukaubad nii harrastajatele kui professionaalidele\",\"potentialAction\":[{\"@type\":\"SearchAction\",\"target\":{\"@type\":\"EntryPoint\",\"urlTemplate\":\"https:\/\/horticom.ee\/e-pood\/?s={search_term_string}\"},\"query-input\":{\"@type\":\"PropertyValueSpecification\",\"valueRequired\":true,\"valueName\":\"search_term_string\"}}],\"inLanguage\":\"et\"}]}<\/script>\n<!-- \/ Yoast SEO plugin. -->","yoast_head_json":{"title":"Niitvetikate h\u00e4vitaja Turbo 250ml 5000 L`le - Horticom","robots":{"index":"index","follow":"follow","max-snippet":"max-snippet:-1","max-image-preview":"max-image-preview:large","max-video-preview":"max-video-preview:-1"},"canonical":"https:\/\/horticom.ee\/e-pood\/toode\/niitvetikate-havitaja-turbo-250ml-5000-lle-sp\/","og_locale":"et_EE","og_type":"article","og_title":"Niitvetikate h\u00e4vitaja Turbo 250ml 5000 L`le - Horticom","og_description":"Niitvetikate h\u00e4vitaja Turbo on graanulite segu aktiivse hapniku ja k\u00f5rgkvaliteediliste mikroorganismidega. N\u00e4htavalt p\u00fcsiv m\u00f5ju l\u00e4bi aktiivhapniku.Toode ei sisalda vase\u00fchendeid. Lihtne kasutada kaasas oleva laoturiga. Toodet on lubatud kasutada kaladega tiigis. NB! Kasuta biotsiide alati hoolikalt.","og_url":"https:\/\/horticom.ee\/e-pood\/toode\/niitvetikate-havitaja-turbo-250ml-5000-lle-sp\/","og_site_name":"Horticom.ee","article_publisher":"https:\/\/www.facebook.com\/horticom.ee\/e-pood","article_modified_time":"2026-05-02T00:06:42+00:00","og_image":[{"width":1000,"height":1000,"url":"https:\/\/horticom.ee\/e-pood\/wp-content\/uploads\/importedmedia\/product-217555_0-850713.jpg","type":"image\/jpeg"}],"twitter_card":"summary_large_image","schema":{"@context":"https:\/\/schema.org","@graph":[{"@type":"WebPage","@id":"https:\/\/horticom.ee\/e-pood\/toode\/niitvetikate-havitaja-turbo-250ml-5000-lle-sp\/","url":"https:\/\/horticom.ee\/e-pood\/toode\/niitvetikate-havitaja-turbo-250ml-5000-lle-sp\/","name":"Niitvetikate h\u00e4vitaja Turbo 250ml 5000 L`le - Horticom","isPartOf":{"@id":"https:\/\/horticom.ee\/e-pood\/#website"},"primaryImageOfPage":{"@id":"https:\/\/horticom.ee\/e-pood\/toode\/niitvetikate-havitaja-turbo-250ml-5000-lle-sp\/#primaryimage"},"image":{"@id":"https:\/\/horticom.ee\/e-pood\/toode\/niitvetikate-havitaja-turbo-250ml-5000-lle-sp\/#primaryimage"},"thumbnailUrl":"https:\/\/horticom.ee\/e-pood\/wp-content\/uploads\/importedmedia\/product-217555_0-850713.jpg","datePublished":"2022-01-21T13:45:55+00:00","dateModified":"2026-05-02T00:06:42+00:00","breadcrumb":{"@id":"https:\/\/horticom.ee\/e-pood\/toode\/niitvetikate-havitaja-turbo-250ml-5000-lle-sp\/#breadcrumb"},"inLanguage":"et","potentialAction":[{"@type":"ReadAction","target":["https:\/\/horticom.ee\/e-pood\/toode\/niitvetikate-havitaja-turbo-250ml-5000-lle-sp\/"]}]},{"@type":"ImageObject","inLanguage":"et","@id":"https:\/\/horticom.ee\/e-pood\/toode\/niitvetikate-havitaja-turbo-250ml-5000-lle-sp\/#primaryimage","url":"https:\/\/horticom.ee\/e-pood\/wp-content\/uploads\/importedmedia\/product-217555_0-850713.jpg","contentUrl":"https:\/\/horticom.ee\/e-pood\/wp-content\/uploads\/importedmedia\/product-217555_0-850713.jpg","width":1000,"height":1000},{"@type":"BreadcrumbList","@id":"https:\/\/horticom.ee\/e-pood\/toode\/niitvetikate-havitaja-turbo-250ml-5000-lle-sp\/#breadcrumb","itemListElement":[{"@type":"ListItem","position":1,"name":"Home","item":"https:\/\/horticom.ee\/e-pood\/"},{"@type":"ListItem","position":2,"name":"Pood","item":"https:\/\/horticom.ee\/e-pood\/pood\/"},{"@type":"ListItem","position":3,"name":"Niitvetikate h\u00e4vitaja Turbo 250ml 5000 L`le"}]},{"@type":"WebSite","@id":"https:\/\/horticom.ee\/e-pood\/#website","url":"https:\/\/horticom.ee\/e-pood\/","name":"Horticom.ee","description":"Aianduskaubad ja kodukaubad nii harrastajatele kui professionaalidele","potentialAction":[{"@type":"SearchAction","target":{"@type":"EntryPoint","urlTemplate":"https:\/\/horticom.ee\/e-pood\/?s={search_term_string}"},"query-input":{"@type":"PropertyValueSpecification","valueRequired":true,"valueName":"search_term_string"}}],"inLanguage":"et"}]}},"_links":{"self":[{"href":"https:\/\/horticom.ee\/e-pood\/wp-json\/wp\/v2\/product\/217555","targetHints":{"allow":["GET"]}}],"collection":[{"href":"https:\/\/horticom.ee\/e-pood\/wp-json\/wp\/v2\/product"}],"about":[{"href":"https:\/\/horticom.ee\/e-pood\/wp-json\/wp\/v2\/types\/product"}],"replies":[{"embeddable":true,"href":"https:\/\/horticom.ee\/e-pood\/wp-json\/wp\/v2\/comments?post=217555"}],"wp:featuredmedia":[{"embeddable":true,"href":"https:\/\/horticom.ee\/e-pood\/wp-json\/wp\/v2\/media\/2377818"}],"wp:attachment":[{"href":"https:\/\/horticom.ee\/e-pood\/wp-json\/wp\/v2\/media?parent=217555"}],"wp:term":[{"taxonomy":"product_cat","embeddable":true,"href":"https:\/\/horticom.ee\/e-pood\/wp-json\/wp\/v2\/product_cat?post=217555"},{"taxonomy":"product_tag","embeddable":true,"href":"https:\/\/horticom.ee\/e-pood\/wp-json\/wp\/v2\/product_tag?post=217555"}],"curies":[{"name":"wp","href":"https:\/\/api.w.org\/{rel}","templated":true}]}}