{"id":217636,"date":"2022-01-21T15:46:44","date_gmt":"2022-01-21T13:46:44","guid":{"rendered":"https:\/\/aednik24.ee\/toode\/lillepott-corsica-aarele-30cm-lilla-sp\/"},"modified":"2026-04-27T03:16:56","modified_gmt":"2026-04-27T00:16:56","slug":"lillepott-corsica-aarele-30cm-lilla-sp","status":"publish","type":"product","link":"https:\/\/horticom.ee\/e-pood\/toode\/lillepott-corsica-aarele-30cm-lilla-sp\/","title":{"rendered":"R\u00f5dukast Elho Corsica Flower Bridge d 30cm 6,5L lilla"},"content":{"rendered":"<p>Lillepott \u00e4\u00e4rele Corsica on trendikas, unikaalne ja elegantne. Kaasas kinnitus kl\u00f5psud, millega lihtne kinnitada r\u00f5du \u00e4\u00e4rele ja seisab turvaliselt kinni. Sobib kuni 6cm laiusele r\u00f5du \u00e4\u00e4rele. Drenaazi augud ja alus aitavad sinu taimel p\u00fcsida kaua kaunina. Valmistatud kvaliteetsest ja vastupidavast plastikust. Toote valmistamisel kasutatakse erilisi  v\u00e4rvipigmente, mist\u00f5ttu toodetel p\u00fcsib originaalv\u00e4rv kauem. Kiire ja lihtne kinnitada.<\/p>\n","protected":false},"excerpt":{"rendered":"<p>Lillepott \u00e4\u00e4rele Corsica on trendikas, unikaalne ja elegantne. Kaasas kinnitus kl\u00f5psud, millega lihtne kinnitada r\u00f5du \u00e4\u00e4rele ja seisab turvaliselt kinni. Sobib kuni 6cm laiusele r\u00f5du \u00e4\u00e4rele. Drenaazi augud ja alus aitavad sinu taimel p\u00fcsida kaua kaunina. Valmistatud kvaliteetsest ja vastupidavast plastikust. Toote valmistamisel kasutatakse erilisi v\u00e4rvipigmente, mist\u00f5ttu toodetel p\u00fcsib originaalv\u00e4rv kauem. Kiire ja lihtne kinnitada.<\/p>\n","protected":false},"featured_media":218176,"comment_status":"closed","ping_status":"closed","template":"","meta":{"_themeisle_gutenberg_block_has_review":false},"product_cat":[18563,13444],"product_tag":[],"class_list":{"0":"post-217636","1":"product","2":"type-product","3":"status-publish","4":"has-post-thumbnail","6":"product_cat-lopumuugitooted","7":"product_cat-rodukastid","9":"first","10":"instock","11":"sale","12":"shipping-taxable","13":"purchasable","14":"product-type-simple"},"yoast_head":"<!-- This site is optimized with the Yoast SEO plugin v24.0 - https:\/\/yoast.com\/wordpress\/plugins\/seo\/ -->\n<title>R\u00f5dukast Elho Corsica Flower Bridge d 30cm 6,5L lilla<\/title>\n<meta name=\"description\" content=\"Lillepott \u00e4\u00e4rele Corsica on trendikas, unikaalne ja elegantne. Kaasas kinnitus kl\u00f5psud. Sobib r\u00f5du \u00e4\u00e4rele.\" \/>\n<meta name=\"robots\" content=\"index, follow, max-snippet:-1, max-image-preview:large, max-video-preview:-1\" \/>\n<link rel=\"canonical\" href=\"https:\/\/horticom.ee\/e-pood\/toode\/lillepott-corsica-aarele-30cm-lilla-sp\/\" \/>\n<meta property=\"og:locale\" content=\"et_EE\" \/>\n<meta property=\"og:type\" content=\"article\" \/>\n<meta property=\"og:title\" content=\"R\u00f5dukast Elho Corsica Flower Bridge d 30cm 6,5L lilla\" \/>\n<meta property=\"og:description\" content=\"Lillepott \u00e4\u00e4rele Corsica on trendikas, unikaalne ja elegantne. Kaasas kinnitus kl\u00f5psud. Sobib r\u00f5du \u00e4\u00e4rele.\" \/>\n<meta property=\"og:url\" content=\"https:\/\/horticom.ee\/e-pood\/toode\/lillepott-corsica-aarele-30cm-lilla-sp\/\" \/>\n<meta property=\"og:site_name\" content=\"Horticom.ee\" \/>\n<meta property=\"article:publisher\" content=\"https:\/\/www.facebook.com\/horticom.ee\/e-pood\" \/>\n<meta property=\"article:modified_time\" content=\"2026-04-27T00:16:56+00:00\" \/>\n<meta property=\"og:image\" content=\"https:\/\/horticom.ee\/e-pood\/wp-content\/uploads\/importedmedia\/product-217636_0-640226_256.jpg\" \/>\n\t<meta property=\"og:image:width\" content=\"1000\" \/>\n\t<meta property=\"og:image:height\" content=\"1000\" \/>\n\t<meta property=\"og:image:type\" content=\"image\/jpeg\" \/>\n<meta name=\"twitter:card\" content=\"summary_large_image\" \/>\n<meta name=\"twitter:label1\" content=\"Est. reading time\" \/>\n\t<meta name=\"twitter:data1\" content=\"1 minut\" \/>\n<script type=\"application\/ld+json\" class=\"yoast-schema-graph\">{\"@context\":\"https:\/\/schema.org\",\"@graph\":[{\"@type\":\"WebPage\",\"@id\":\"https:\/\/horticom.ee\/e-pood\/toode\/lillepott-corsica-aarele-30cm-lilla-sp\/\",\"url\":\"https:\/\/horticom.ee\/e-pood\/toode\/lillepott-corsica-aarele-30cm-lilla-sp\/\",\"name\":\"R\u00f5dukast Elho Corsica Flower Bridge d 30cm 6,5L lilla\",\"isPartOf\":{\"@id\":\"https:\/\/horticom.ee\/e-pood\/#website\"},\"primaryImageOfPage\":{\"@id\":\"https:\/\/horticom.ee\/e-pood\/toode\/lillepott-corsica-aarele-30cm-lilla-sp\/#primaryimage\"},\"image\":{\"@id\":\"https:\/\/horticom.ee\/e-pood\/toode\/lillepott-corsica-aarele-30cm-lilla-sp\/#primaryimage\"},\"thumbnailUrl\":\"https:\/\/horticom.ee\/e-pood\/wp-content\/uploads\/importedmedia\/product-217636_0-640226_256.jpg\",\"datePublished\":\"2022-01-21T13:46:44+00:00\",\"dateModified\":\"2026-04-27T00:16:56+00:00\",\"description\":\"Lillepott \u00e4\u00e4rele Corsica on trendikas, unikaalne ja elegantne. Kaasas kinnitus kl\u00f5psud. Sobib r\u00f5du \u00e4\u00e4rele.\",\"breadcrumb\":{\"@id\":\"https:\/\/horticom.ee\/e-pood\/toode\/lillepott-corsica-aarele-30cm-lilla-sp\/#breadcrumb\"},\"inLanguage\":\"et\",\"potentialAction\":[{\"@type\":\"ReadAction\",\"target\":[\"https:\/\/horticom.ee\/e-pood\/toode\/lillepott-corsica-aarele-30cm-lilla-sp\/\"]}]},{\"@type\":\"ImageObject\",\"inLanguage\":\"et\",\"@id\":\"https:\/\/horticom.ee\/e-pood\/toode\/lillepott-corsica-aarele-30cm-lilla-sp\/#primaryimage\",\"url\":\"https:\/\/horticom.ee\/e-pood\/wp-content\/uploads\/importedmedia\/product-217636_0-640226_256.jpg\",\"contentUrl\":\"https:\/\/horticom.ee\/e-pood\/wp-content\/uploads\/importedmedia\/product-217636_0-640226_256.jpg\",\"width\":1000,\"height\":1000,\"caption\":\"R\u00f5dukast Elho Corsica Flower Bridge d 30cm 6,5L lilla\"},{\"@type\":\"BreadcrumbList\",\"@id\":\"https:\/\/horticom.ee\/e-pood\/toode\/lillepott-corsica-aarele-30cm-lilla-sp\/#breadcrumb\",\"itemListElement\":[{\"@type\":\"ListItem\",\"position\":1,\"name\":\"Home\",\"item\":\"https:\/\/horticom.ee\/e-pood\/\"},{\"@type\":\"ListItem\",\"position\":2,\"name\":\"Pood\",\"item\":\"https:\/\/horticom.ee\/e-pood\/pood\/\"},{\"@type\":\"ListItem\",\"position\":3,\"name\":\"R\u00f5dukast Elho Corsica Flower Bridge d 30cm 6,5L lilla\"}]},{\"@type\":\"WebSite\",\"@id\":\"https:\/\/horticom.ee\/e-pood\/#website\",\"url\":\"https:\/\/horticom.ee\/e-pood\/\",\"name\":\"Horticom.ee\",\"description\":\"Aianduskaubad ja kodukaubad nii harrastajatele kui professionaalidele\",\"potentialAction\":[{\"@type\":\"SearchAction\",\"target\":{\"@type\":\"EntryPoint\",\"urlTemplate\":\"https:\/\/horticom.ee\/e-pood\/?s={search_term_string}\"},\"query-input\":{\"@type\":\"PropertyValueSpecification\",\"valueRequired\":true,\"valueName\":\"search_term_string\"}}],\"inLanguage\":\"et\"}]}<\/script>\n<!-- \/ Yoast SEO plugin. -->","yoast_head_json":{"title":"R\u00f5dukast Elho Corsica Flower Bridge d 30cm 6,5L lilla","description":"Lillepott \u00e4\u00e4rele Corsica on trendikas, unikaalne ja elegantne. Kaasas kinnitus kl\u00f5psud. Sobib r\u00f5du \u00e4\u00e4rele.","robots":{"index":"index","follow":"follow","max-snippet":"max-snippet:-1","max-image-preview":"max-image-preview:large","max-video-preview":"max-video-preview:-1"},"canonical":"https:\/\/horticom.ee\/e-pood\/toode\/lillepott-corsica-aarele-30cm-lilla-sp\/","og_locale":"et_EE","og_type":"article","og_title":"R\u00f5dukast Elho Corsica Flower Bridge d 30cm 6,5L lilla","og_description":"Lillepott \u00e4\u00e4rele Corsica on trendikas, unikaalne ja elegantne. Kaasas kinnitus kl\u00f5psud. Sobib r\u00f5du \u00e4\u00e4rele.","og_url":"https:\/\/horticom.ee\/e-pood\/toode\/lillepott-corsica-aarele-30cm-lilla-sp\/","og_site_name":"Horticom.ee","article_publisher":"https:\/\/www.facebook.com\/horticom.ee\/e-pood","article_modified_time":"2026-04-27T00:16:56+00:00","og_image":[{"width":1000,"height":1000,"url":"https:\/\/horticom.ee\/e-pood\/wp-content\/uploads\/importedmedia\/product-217636_0-640226_256.jpg","type":"image\/jpeg"}],"twitter_card":"summary_large_image","twitter_misc":{"Est. reading time":"1 minut"},"schema":{"@context":"https:\/\/schema.org","@graph":[{"@type":"WebPage","@id":"https:\/\/horticom.ee\/e-pood\/toode\/lillepott-corsica-aarele-30cm-lilla-sp\/","url":"https:\/\/horticom.ee\/e-pood\/toode\/lillepott-corsica-aarele-30cm-lilla-sp\/","name":"R\u00f5dukast Elho Corsica Flower Bridge d 30cm 6,5L lilla","isPartOf":{"@id":"https:\/\/horticom.ee\/e-pood\/#website"},"primaryImageOfPage":{"@id":"https:\/\/horticom.ee\/e-pood\/toode\/lillepott-corsica-aarele-30cm-lilla-sp\/#primaryimage"},"image":{"@id":"https:\/\/horticom.ee\/e-pood\/toode\/lillepott-corsica-aarele-30cm-lilla-sp\/#primaryimage"},"thumbnailUrl":"https:\/\/horticom.ee\/e-pood\/wp-content\/uploads\/importedmedia\/product-217636_0-640226_256.jpg","datePublished":"2022-01-21T13:46:44+00:00","dateModified":"2026-04-27T00:16:56+00:00","description":"Lillepott \u00e4\u00e4rele Corsica on trendikas, unikaalne ja elegantne. Kaasas kinnitus kl\u00f5psud. Sobib r\u00f5du \u00e4\u00e4rele.","breadcrumb":{"@id":"https:\/\/horticom.ee\/e-pood\/toode\/lillepott-corsica-aarele-30cm-lilla-sp\/#breadcrumb"},"inLanguage":"et","potentialAction":[{"@type":"ReadAction","target":["https:\/\/horticom.ee\/e-pood\/toode\/lillepott-corsica-aarele-30cm-lilla-sp\/"]}]},{"@type":"ImageObject","inLanguage":"et","@id":"https:\/\/horticom.ee\/e-pood\/toode\/lillepott-corsica-aarele-30cm-lilla-sp\/#primaryimage","url":"https:\/\/horticom.ee\/e-pood\/wp-content\/uploads\/importedmedia\/product-217636_0-640226_256.jpg","contentUrl":"https:\/\/horticom.ee\/e-pood\/wp-content\/uploads\/importedmedia\/product-217636_0-640226_256.jpg","width":1000,"height":1000,"caption":"R\u00f5dukast Elho Corsica Flower Bridge d 30cm 6,5L lilla"},{"@type":"BreadcrumbList","@id":"https:\/\/horticom.ee\/e-pood\/toode\/lillepott-corsica-aarele-30cm-lilla-sp\/#breadcrumb","itemListElement":[{"@type":"ListItem","position":1,"name":"Home","item":"https:\/\/horticom.ee\/e-pood\/"},{"@type":"ListItem","position":2,"name":"Pood","item":"https:\/\/horticom.ee\/e-pood\/pood\/"},{"@type":"ListItem","position":3,"name":"R\u00f5dukast Elho Corsica Flower Bridge d 30cm 6,5L lilla"}]},{"@type":"WebSite","@id":"https:\/\/horticom.ee\/e-pood\/#website","url":"https:\/\/horticom.ee\/e-pood\/","name":"Horticom.ee","description":"Aianduskaubad ja kodukaubad nii harrastajatele kui professionaalidele","potentialAction":[{"@type":"SearchAction","target":{"@type":"EntryPoint","urlTemplate":"https:\/\/horticom.ee\/e-pood\/?s={search_term_string}"},"query-input":{"@type":"PropertyValueSpecification","valueRequired":true,"valueName":"search_term_string"}}],"inLanguage":"et"}]}},"_links":{"self":[{"href":"https:\/\/horticom.ee\/e-pood\/wp-json\/wp\/v2\/product\/217636","targetHints":{"allow":["GET"]}}],"collection":[{"href":"https:\/\/horticom.ee\/e-pood\/wp-json\/wp\/v2\/product"}],"about":[{"href":"https:\/\/horticom.ee\/e-pood\/wp-json\/wp\/v2\/types\/product"}],"replies":[{"embeddable":true,"href":"https:\/\/horticom.ee\/e-pood\/wp-json\/wp\/v2\/comments?post=217636"}],"wp:featuredmedia":[{"embeddable":true,"href":"https:\/\/horticom.ee\/e-pood\/wp-json\/wp\/v2\/media\/218176"}],"wp:attachment":[{"href":"https:\/\/horticom.ee\/e-pood\/wp-json\/wp\/v2\/media?parent=217636"}],"wp:term":[{"taxonomy":"product_cat","embeddable":true,"href":"https:\/\/horticom.ee\/e-pood\/wp-json\/wp\/v2\/product_cat?post=217636"},{"taxonomy":"product_tag","embeddable":true,"href":"https:\/\/horticom.ee\/e-pood\/wp-json\/wp\/v2\/product_tag?post=217636"}],"curies":[{"name":"wp","href":"https:\/\/api.w.org\/{rel}","templated":true}]}}