{"id":217645,"date":"2022-01-21T15:46:50","date_gmt":"2022-01-21T13:46:50","guid":{"rendered":"https:\/\/aednik24.ee\/toode\/lillepott-corsica-lauake-60cm-terra-sp\/"},"modified":"2026-04-29T03:10:34","modified_gmt":"2026-04-29T00:10:34","slug":"lillepott-corsica-lauake-60cm-terra-sp","status":"publish","type":"product","link":"https:\/\/horticom.ee\/e-pood\/toode\/lillepott-corsica-lauake-60cm-terra-sp\/","title":{"rendered":"R\u00f5dukast Elho Corsica + lauake 60cm 9L terra"},"content":{"rendered":"<p>R\u00f5dukast Corsica + lauake on trendikas, unikaalne ja elegantne. Kaasas kinnitus kl\u00f5psud, millega lihtne kinnitada r\u00f5du \u00e4\u00e4rele ja seisab turvaliselt kinni. Valmisatud kvaliteetsest ja vastupidavast plastikust. Toote valmistamisel kasutatakse erilisi  v\u00e4rvipigmente, mist\u00f5ttu toodetel p\u00fcsib originaalv\u00e4rv kauem.<\/p>\n","protected":false},"excerpt":{"rendered":"<p>R\u00f5dukast Corsica + lauake on trendikas, unikaalne ja elegantne. Kaasas kinnitus kl\u00f5psud, millega lihtne kinnitada r\u00f5du \u00e4\u00e4rele ja seisab turvaliselt kinni. Valmisatud kvaliteetsest ja vastupidavast plastikust. Toote valmistamisel kasutatakse erilisi v\u00e4rvipigmente, mist\u00f5ttu toodetel p\u00fcsib originaalv\u00e4rv kauem.<\/p>\n","protected":false},"featured_media":218154,"comment_status":"closed","ping_status":"closed","template":"","meta":{"_themeisle_gutenberg_block_has_review":false},"product_cat":[18563,13444],"product_tag":[],"class_list":{"0":"post-217645","1":"product","2":"type-product","3":"status-publish","4":"has-post-thumbnail","6":"product_cat-lopumuugitooted","7":"product_cat-rodukastid","9":"first","10":"instock","11":"sale","12":"shipping-taxable","13":"purchasable","14":"product-type-simple"},"yoast_head":"<!-- This site is optimized with the Yoast SEO plugin v24.0 - https:\/\/yoast.com\/wordpress\/plugins\/seo\/ -->\n<title>R\u00f5dukast Elho Corsica + lauake 60cm 9L terra - Horticom<\/title>\n<meta name=\"description\" content=\"Lillepott Corsica + lauake on trendikas, unikaalne ja elegantne. Kaasas kinnitus kl\u00f5psud. Valmisatud kvaliteetsest ja vastupidavast plastikust.\" \/>\n<meta name=\"robots\" content=\"index, follow, max-snippet:-1, max-image-preview:large, max-video-preview:-1\" \/>\n<link rel=\"canonical\" href=\"https:\/\/horticom.ee\/e-pood\/toode\/lillepott-corsica-lauake-60cm-terra-sp\/\" \/>\n<meta property=\"og:locale\" content=\"et_EE\" \/>\n<meta property=\"og:type\" content=\"article\" \/>\n<meta property=\"og:title\" content=\"R\u00f5dukast Elho Corsica + lauake 60cm 9L terra - Horticom\" \/>\n<meta property=\"og:description\" content=\"Lillepott Corsica + lauake on trendikas, unikaalne ja elegantne. Kaasas kinnitus kl\u00f5psud. Valmisatud kvaliteetsest ja vastupidavast plastikust.\" \/>\n<meta property=\"og:url\" content=\"https:\/\/horticom.ee\/e-pood\/toode\/lillepott-corsica-lauake-60cm-terra-sp\/\" \/>\n<meta property=\"og:site_name\" content=\"Horticom.ee\" \/>\n<meta property=\"article:publisher\" content=\"https:\/\/www.facebook.com\/horticom.ee\/e-pood\" \/>\n<meta property=\"article:modified_time\" content=\"2026-04-29T00:10:34+00:00\" \/>\n<meta property=\"og:image\" content=\"https:\/\/horticom.ee\/e-pood\/wp-content\/uploads\/importedmedia\/product-217645_0-640344_270.jpg\" \/>\n\t<meta property=\"og:image:width\" content=\"999\" \/>\n\t<meta property=\"og:image:height\" content=\"666\" \/>\n\t<meta property=\"og:image:type\" content=\"image\/jpeg\" \/>\n<meta name=\"twitter:card\" content=\"summary_large_image\" \/>\n<script type=\"application\/ld+json\" class=\"yoast-schema-graph\">{\"@context\":\"https:\/\/schema.org\",\"@graph\":[{\"@type\":\"WebPage\",\"@id\":\"https:\/\/horticom.ee\/e-pood\/toode\/lillepott-corsica-lauake-60cm-terra-sp\/\",\"url\":\"https:\/\/horticom.ee\/e-pood\/toode\/lillepott-corsica-lauake-60cm-terra-sp\/\",\"name\":\"R\u00f5dukast Elho Corsica + lauake 60cm 9L terra - Horticom\",\"isPartOf\":{\"@id\":\"https:\/\/horticom.ee\/e-pood\/#website\"},\"primaryImageOfPage\":{\"@id\":\"https:\/\/horticom.ee\/e-pood\/toode\/lillepott-corsica-lauake-60cm-terra-sp\/#primaryimage\"},\"image\":{\"@id\":\"https:\/\/horticom.ee\/e-pood\/toode\/lillepott-corsica-lauake-60cm-terra-sp\/#primaryimage\"},\"thumbnailUrl\":\"https:\/\/horticom.ee\/e-pood\/wp-content\/uploads\/importedmedia\/product-217645_0-640344_270.jpg\",\"datePublished\":\"2022-01-21T13:46:50+00:00\",\"dateModified\":\"2026-04-29T00:10:34+00:00\",\"description\":\"Lillepott Corsica + lauake on trendikas, unikaalne ja elegantne. Kaasas kinnitus kl\u00f5psud. Valmisatud kvaliteetsest ja vastupidavast plastikust.\",\"breadcrumb\":{\"@id\":\"https:\/\/horticom.ee\/e-pood\/toode\/lillepott-corsica-lauake-60cm-terra-sp\/#breadcrumb\"},\"inLanguage\":\"et\",\"potentialAction\":[{\"@type\":\"ReadAction\",\"target\":[\"https:\/\/horticom.ee\/e-pood\/toode\/lillepott-corsica-lauake-60cm-terra-sp\/\"]}]},{\"@type\":\"ImageObject\",\"inLanguage\":\"et\",\"@id\":\"https:\/\/horticom.ee\/e-pood\/toode\/lillepott-corsica-lauake-60cm-terra-sp\/#primaryimage\",\"url\":\"https:\/\/horticom.ee\/e-pood\/wp-content\/uploads\/importedmedia\/product-217645_0-640344_270.jpg\",\"contentUrl\":\"https:\/\/horticom.ee\/e-pood\/wp-content\/uploads\/importedmedia\/product-217645_0-640344_270.jpg\",\"width\":999,\"height\":666,\"caption\":\"R\u00f5dukast Elho Corsica + lauake 60cm 9L terra\"},{\"@type\":\"BreadcrumbList\",\"@id\":\"https:\/\/horticom.ee\/e-pood\/toode\/lillepott-corsica-lauake-60cm-terra-sp\/#breadcrumb\",\"itemListElement\":[{\"@type\":\"ListItem\",\"position\":1,\"name\":\"Home\",\"item\":\"https:\/\/horticom.ee\/e-pood\/\"},{\"@type\":\"ListItem\",\"position\":2,\"name\":\"Pood\",\"item\":\"https:\/\/horticom.ee\/e-pood\/pood\/\"},{\"@type\":\"ListItem\",\"position\":3,\"name\":\"R\u00f5dukast Elho Corsica + lauake 60cm 9L terra\"}]},{\"@type\":\"WebSite\",\"@id\":\"https:\/\/horticom.ee\/e-pood\/#website\",\"url\":\"https:\/\/horticom.ee\/e-pood\/\",\"name\":\"Horticom.ee\",\"description\":\"Aianduskaubad ja kodukaubad nii harrastajatele kui professionaalidele\",\"potentialAction\":[{\"@type\":\"SearchAction\",\"target\":{\"@type\":\"EntryPoint\",\"urlTemplate\":\"https:\/\/horticom.ee\/e-pood\/?s={search_term_string}\"},\"query-input\":{\"@type\":\"PropertyValueSpecification\",\"valueRequired\":true,\"valueName\":\"search_term_string\"}}],\"inLanguage\":\"et\"}]}<\/script>\n<!-- \/ Yoast SEO plugin. -->","yoast_head_json":{"title":"R\u00f5dukast Elho Corsica + lauake 60cm 9L terra - Horticom","description":"Lillepott Corsica + lauake on trendikas, unikaalne ja elegantne. Kaasas kinnitus kl\u00f5psud. Valmisatud kvaliteetsest ja vastupidavast plastikust.","robots":{"index":"index","follow":"follow","max-snippet":"max-snippet:-1","max-image-preview":"max-image-preview:large","max-video-preview":"max-video-preview:-1"},"canonical":"https:\/\/horticom.ee\/e-pood\/toode\/lillepott-corsica-lauake-60cm-terra-sp\/","og_locale":"et_EE","og_type":"article","og_title":"R\u00f5dukast Elho Corsica + lauake 60cm 9L terra - Horticom","og_description":"Lillepott Corsica + lauake on trendikas, unikaalne ja elegantne. Kaasas kinnitus kl\u00f5psud. Valmisatud kvaliteetsest ja vastupidavast plastikust.","og_url":"https:\/\/horticom.ee\/e-pood\/toode\/lillepott-corsica-lauake-60cm-terra-sp\/","og_site_name":"Horticom.ee","article_publisher":"https:\/\/www.facebook.com\/horticom.ee\/e-pood","article_modified_time":"2026-04-29T00:10:34+00:00","og_image":[{"width":999,"height":666,"url":"https:\/\/horticom.ee\/e-pood\/wp-content\/uploads\/importedmedia\/product-217645_0-640344_270.jpg","type":"image\/jpeg"}],"twitter_card":"summary_large_image","schema":{"@context":"https:\/\/schema.org","@graph":[{"@type":"WebPage","@id":"https:\/\/horticom.ee\/e-pood\/toode\/lillepott-corsica-lauake-60cm-terra-sp\/","url":"https:\/\/horticom.ee\/e-pood\/toode\/lillepott-corsica-lauake-60cm-terra-sp\/","name":"R\u00f5dukast Elho Corsica + lauake 60cm 9L terra - Horticom","isPartOf":{"@id":"https:\/\/horticom.ee\/e-pood\/#website"},"primaryImageOfPage":{"@id":"https:\/\/horticom.ee\/e-pood\/toode\/lillepott-corsica-lauake-60cm-terra-sp\/#primaryimage"},"image":{"@id":"https:\/\/horticom.ee\/e-pood\/toode\/lillepott-corsica-lauake-60cm-terra-sp\/#primaryimage"},"thumbnailUrl":"https:\/\/horticom.ee\/e-pood\/wp-content\/uploads\/importedmedia\/product-217645_0-640344_270.jpg","datePublished":"2022-01-21T13:46:50+00:00","dateModified":"2026-04-29T00:10:34+00:00","description":"Lillepott Corsica + lauake on trendikas, unikaalne ja elegantne. Kaasas kinnitus kl\u00f5psud. Valmisatud kvaliteetsest ja vastupidavast plastikust.","breadcrumb":{"@id":"https:\/\/horticom.ee\/e-pood\/toode\/lillepott-corsica-lauake-60cm-terra-sp\/#breadcrumb"},"inLanguage":"et","potentialAction":[{"@type":"ReadAction","target":["https:\/\/horticom.ee\/e-pood\/toode\/lillepott-corsica-lauake-60cm-terra-sp\/"]}]},{"@type":"ImageObject","inLanguage":"et","@id":"https:\/\/horticom.ee\/e-pood\/toode\/lillepott-corsica-lauake-60cm-terra-sp\/#primaryimage","url":"https:\/\/horticom.ee\/e-pood\/wp-content\/uploads\/importedmedia\/product-217645_0-640344_270.jpg","contentUrl":"https:\/\/horticom.ee\/e-pood\/wp-content\/uploads\/importedmedia\/product-217645_0-640344_270.jpg","width":999,"height":666,"caption":"R\u00f5dukast Elho Corsica + lauake 60cm 9L terra"},{"@type":"BreadcrumbList","@id":"https:\/\/horticom.ee\/e-pood\/toode\/lillepott-corsica-lauake-60cm-terra-sp\/#breadcrumb","itemListElement":[{"@type":"ListItem","position":1,"name":"Home","item":"https:\/\/horticom.ee\/e-pood\/"},{"@type":"ListItem","position":2,"name":"Pood","item":"https:\/\/horticom.ee\/e-pood\/pood\/"},{"@type":"ListItem","position":3,"name":"R\u00f5dukast Elho Corsica + lauake 60cm 9L terra"}]},{"@type":"WebSite","@id":"https:\/\/horticom.ee\/e-pood\/#website","url":"https:\/\/horticom.ee\/e-pood\/","name":"Horticom.ee","description":"Aianduskaubad ja kodukaubad nii harrastajatele kui professionaalidele","potentialAction":[{"@type":"SearchAction","target":{"@type":"EntryPoint","urlTemplate":"https:\/\/horticom.ee\/e-pood\/?s={search_term_string}"},"query-input":{"@type":"PropertyValueSpecification","valueRequired":true,"valueName":"search_term_string"}}],"inLanguage":"et"}]}},"_links":{"self":[{"href":"https:\/\/horticom.ee\/e-pood\/wp-json\/wp\/v2\/product\/217645","targetHints":{"allow":["GET"]}}],"collection":[{"href":"https:\/\/horticom.ee\/e-pood\/wp-json\/wp\/v2\/product"}],"about":[{"href":"https:\/\/horticom.ee\/e-pood\/wp-json\/wp\/v2\/types\/product"}],"replies":[{"embeddable":true,"href":"https:\/\/horticom.ee\/e-pood\/wp-json\/wp\/v2\/comments?post=217645"}],"wp:featuredmedia":[{"embeddable":true,"href":"https:\/\/horticom.ee\/e-pood\/wp-json\/wp\/v2\/media\/218154"}],"wp:attachment":[{"href":"https:\/\/horticom.ee\/e-pood\/wp-json\/wp\/v2\/media?parent=217645"}],"wp:term":[{"taxonomy":"product_cat","embeddable":true,"href":"https:\/\/horticom.ee\/e-pood\/wp-json\/wp\/v2\/product_cat?post=217645"},{"taxonomy":"product_tag","embeddable":true,"href":"https:\/\/horticom.ee\/e-pood\/wp-json\/wp\/v2\/product_tag?post=217645"}],"curies":[{"name":"wp","href":"https:\/\/api.w.org\/{rel}","templated":true}]}}