{"id":2286408,"date":"2024-05-24T12:01:25","date_gmt":"2024-05-24T09:01:25","guid":{"rendered":"https:\/\/horticom.ee\/e-pood\/toode\/putukapuunis-mini-insect-destroyer-3watt-led-15m2\/"},"modified":"2026-04-15T03:13:46","modified_gmt":"2026-04-15T00:13:46","slug":"putukapuunis-mini-insect-destroyer-3watt-led-15m2","status":"publish","type":"product","link":"https:\/\/horticom.ee\/e-pood\/toode\/putukapuunis-mini-insect-destroyer-3watt-led-15m2\/","title":{"rendered":"Putukap\u00fc\u00fcnis Mini Insect Destroyer 3watt LED 15m2"},"content":{"rendered":"<p>Elektriline  LED putukap\u00fc\u00fcnis meelitab ligi putukkahjureid ning k\u00f5rvaldab need \u00fclimalt t\u00f5husalt ilma kemikaale v\u00f5i m\u00fcrkaineid kasutamata. Seejuures ei tekita seade suitsu v\u00f5i l\u00f5hna ega p\u00f5hjusta \u00f5husaastet. T\u00e4nu \u00f5hukesele, kompaktsele ja kaasaegsele v\u00e4limusele sobib seadet kasutada kodu k\u00f5igis ruumides. Putukap\u00fc\u00fcnise LED lamp kiirgab ultraviolett ja sinist valgust, mis koos meelitavad ligi k\u00e4rbseid, koisid, s\u00e4\u00e4ski ja muid lendavaid putukaid, kes imetakse seadmes paikneva tugeva ventilaatori abil kogurisse, kus nad kuivuse t\u00f5ttu surevad. Seadme \u00f5ige k\u00e4itamise korral on selle kasutamine ohutu: selle v\u00e4line kaitsev\u00f5re takistab elektriga laetud v\u00f5re s\u00f5rmedega puudutamist ja valgus, mida LED lamp toodab, on inimestele ja loomadele ohutu. V\u00f5re on roostekindel. LED valgusallikate eelistamiseks fluorestsentslampidele on mitu olulist p\u00f5hjust:\u2022 LED lamp peab vastu mitu korda kauem kui tavaline fluorestsentslamp.\u2022 LED lambi heledus (luumenite valgustustoime) j\u00e4\u00e4b selle kasutusaja jooksul p\u00fcsivalt suureks v\u00f5rreldes tavalise fluorestsentslambiga, mille heledus v\u00e4heneb kiiresti.\u2022 Erinevalt tavalistest fluorestsentslampidest ei kasutata LED lampides elavh\u00f5bedat.\u2022 LED lambid kasutavad energiat efektiivsemalt. T\u00e4pselt sama koguse valguse (luumenite) tekitamiseks tarbib LED lamp kuni pool elektrienergiast, mida vajab fluorestsentslamp. Sisendv\u00f5imsus: 220\u2013240 V, 50 Hz 5 W\u2022 Valgusallikas: 3 W LED\u2022 Toimimise temperatuur : 5 \u00b0 &#8211; 40 \u00b0 C\u2022 Voolutarve: 800 V\u2022 Maks v\u00f5re HV vool: 4 mA\u2022 Maks v\u00f5re HV v\u00f5imsus: 0.35 W\u2022 Kasutusulatus: 15 m\u00b2 \u2022 LED lambi kasutusk\u00f5lblik vastupidavusaeg: 10&#8217;000 tundi.<\/p>\n","protected":false},"excerpt":{"rendered":"<p>Elektriline LED putukap\u00fc\u00fcnis meelitab ligi putukkahjureid ning k\u00f5rvaldab need \u00fclimalt t\u00f5husalt ilma kemikaale v\u00f5i m\u00fcrkaineid kasutamata. Seejuures ei tekita seade suitsu v\u00f5i l\u00f5hna ega p\u00f5hjusta \u00f5husaastet. T\u00e4nu \u00f5hukesele, kompaktsele ja kaasaegsele v\u00e4limusele sobib seadet kasutada kodu k\u00f5igis ruumides. Putukap\u00fc\u00fcnise LED lamp kiirgab ultraviolett ja sinist valgust, mis koos meelitavad ligi k\u00e4rbseid, koisid, s\u00e4\u00e4ski ja muid [&hellip;]<\/p>\n","protected":false},"featured_media":2381670,"comment_status":"closed","ping_status":"closed","template":"","meta":{"_themeisle_gutenberg_block_has_review":false},"product_cat":[13591],"product_tag":[],"class_list":{"0":"post-2286408","1":"product","2":"type-product","3":"status-publish","4":"has-post-thumbnail","6":"product_cat-peletusvahendid-e-repellendid","8":"first","9":"instock","10":"shipping-taxable","11":"purchasable","12":"product-type-simple"},"yoast_head":"<!-- This site is optimized with the Yoast SEO plugin v24.0 - https:\/\/yoast.com\/wordpress\/plugins\/seo\/ -->\n<title>Putukap\u00fc\u00fcnis Mini Insect Destroyer 3watt LED 15m2 - Horticom<\/title>\n<meta name=\"robots\" content=\"index, follow, max-snippet:-1, max-image-preview:large, max-video-preview:-1\" \/>\n<link rel=\"canonical\" href=\"https:\/\/horticom.ee\/e-pood\/toode\/putukapuunis-mini-insect-destroyer-3watt-led-15m2\/\" \/>\n<meta property=\"og:locale\" content=\"et_EE\" \/>\n<meta property=\"og:type\" content=\"article\" \/>\n<meta property=\"og:title\" content=\"Putukap\u00fc\u00fcnis Mini Insect Destroyer 3watt LED 15m2 - Horticom\" \/>\n<meta property=\"og:description\" content=\"Elektriline LED putukap\u00fc\u00fcnis meelitab ligi putukkahjureid ning k\u00f5rvaldab need \u00fclimalt t\u00f5husalt ilma kemikaale v\u00f5i m\u00fcrkaineid kasutamata. Seejuures ei tekita seade suitsu v\u00f5i l\u00f5hna ega p\u00f5hjusta \u00f5husaastet. T\u00e4nu \u00f5hukesele, kompaktsele ja kaasaegsele v\u00e4limusele sobib seadet kasutada kodu k\u00f5igis ruumides. Putukap\u00fc\u00fcnise LED lamp kiirgab ultraviolett ja sinist valgust, mis koos meelitavad ligi k\u00e4rbseid, koisid, s\u00e4\u00e4ski ja muid [&hellip;]\" \/>\n<meta property=\"og:url\" content=\"https:\/\/horticom.ee\/e-pood\/toode\/putukapuunis-mini-insect-destroyer-3watt-led-15m2\/\" \/>\n<meta property=\"og:site_name\" content=\"Horticom.ee\" \/>\n<meta property=\"article:publisher\" content=\"https:\/\/www.facebook.com\/horticom.ee\/e-pood\" \/>\n<meta property=\"article:modified_time\" content=\"2026-04-15T00:13:46+00:00\" \/>\n<meta property=\"og:image\" content=\"https:\/\/horticom.ee\/e-pood\/wp-content\/uploads\/importedmedia\/product-2286408_0-P1122.jpg\" \/>\n\t<meta property=\"og:image:width\" content=\"1000\" \/>\n\t<meta property=\"og:image:height\" content=\"1000\" \/>\n\t<meta property=\"og:image:type\" content=\"image\/jpeg\" \/>\n<meta name=\"twitter:card\" content=\"summary_large_image\" \/>\n<meta name=\"twitter:label1\" content=\"Est. reading time\" \/>\n\t<meta name=\"twitter:data1\" content=\"1 minut\" \/>\n<script type=\"application\/ld+json\" class=\"yoast-schema-graph\">{\"@context\":\"https:\/\/schema.org\",\"@graph\":[{\"@type\":\"WebPage\",\"@id\":\"https:\/\/horticom.ee\/e-pood\/toode\/putukapuunis-mini-insect-destroyer-3watt-led-15m2\/\",\"url\":\"https:\/\/horticom.ee\/e-pood\/toode\/putukapuunis-mini-insect-destroyer-3watt-led-15m2\/\",\"name\":\"Putukap\u00fc\u00fcnis Mini Insect Destroyer 3watt LED 15m2 - Horticom\",\"isPartOf\":{\"@id\":\"https:\/\/horticom.ee\/e-pood\/#website\"},\"primaryImageOfPage\":{\"@id\":\"https:\/\/horticom.ee\/e-pood\/toode\/putukapuunis-mini-insect-destroyer-3watt-led-15m2\/#primaryimage\"},\"image\":{\"@id\":\"https:\/\/horticom.ee\/e-pood\/toode\/putukapuunis-mini-insect-destroyer-3watt-led-15m2\/#primaryimage\"},\"thumbnailUrl\":\"https:\/\/horticom.ee\/e-pood\/wp-content\/uploads\/importedmedia\/product-2286408_0-P1122.jpg\",\"datePublished\":\"2024-05-24T09:01:25+00:00\",\"dateModified\":\"2026-04-15T00:13:46+00:00\",\"breadcrumb\":{\"@id\":\"https:\/\/horticom.ee\/e-pood\/toode\/putukapuunis-mini-insect-destroyer-3watt-led-15m2\/#breadcrumb\"},\"inLanguage\":\"et\",\"potentialAction\":[{\"@type\":\"ReadAction\",\"target\":[\"https:\/\/horticom.ee\/e-pood\/toode\/putukapuunis-mini-insect-destroyer-3watt-led-15m2\/\"]}]},{\"@type\":\"ImageObject\",\"inLanguage\":\"et\",\"@id\":\"https:\/\/horticom.ee\/e-pood\/toode\/putukapuunis-mini-insect-destroyer-3watt-led-15m2\/#primaryimage\",\"url\":\"https:\/\/horticom.ee\/e-pood\/wp-content\/uploads\/importedmedia\/product-2286408_0-P1122.jpg\",\"contentUrl\":\"https:\/\/horticom.ee\/e-pood\/wp-content\/uploads\/importedmedia\/product-2286408_0-P1122.jpg\",\"width\":1000,\"height\":1000},{\"@type\":\"BreadcrumbList\",\"@id\":\"https:\/\/horticom.ee\/e-pood\/toode\/putukapuunis-mini-insect-destroyer-3watt-led-15m2\/#breadcrumb\",\"itemListElement\":[{\"@type\":\"ListItem\",\"position\":1,\"name\":\"Home\",\"item\":\"https:\/\/horticom.ee\/e-pood\/\"},{\"@type\":\"ListItem\",\"position\":2,\"name\":\"Pood\",\"item\":\"https:\/\/horticom.ee\/e-pood\/pood\/\"},{\"@type\":\"ListItem\",\"position\":3,\"name\":\"Putukap\u00fc\u00fcnis Mini Insect Destroyer 3watt LED 15m2\"}]},{\"@type\":\"WebSite\",\"@id\":\"https:\/\/horticom.ee\/e-pood\/#website\",\"url\":\"https:\/\/horticom.ee\/e-pood\/\",\"name\":\"Horticom.ee\",\"description\":\"Aianduskaubad ja kodukaubad nii harrastajatele kui professionaalidele\",\"potentialAction\":[{\"@type\":\"SearchAction\",\"target\":{\"@type\":\"EntryPoint\",\"urlTemplate\":\"https:\/\/horticom.ee\/e-pood\/?s={search_term_string}\"},\"query-input\":{\"@type\":\"PropertyValueSpecification\",\"valueRequired\":true,\"valueName\":\"search_term_string\"}}],\"inLanguage\":\"et\"}]}<\/script>\n<!-- \/ Yoast SEO plugin. -->","yoast_head_json":{"title":"Putukap\u00fc\u00fcnis Mini Insect Destroyer 3watt LED 15m2 - Horticom","robots":{"index":"index","follow":"follow","max-snippet":"max-snippet:-1","max-image-preview":"max-image-preview:large","max-video-preview":"max-video-preview:-1"},"canonical":"https:\/\/horticom.ee\/e-pood\/toode\/putukapuunis-mini-insect-destroyer-3watt-led-15m2\/","og_locale":"et_EE","og_type":"article","og_title":"Putukap\u00fc\u00fcnis Mini Insect Destroyer 3watt LED 15m2 - Horticom","og_description":"Elektriline LED putukap\u00fc\u00fcnis meelitab ligi putukkahjureid ning k\u00f5rvaldab need \u00fclimalt t\u00f5husalt ilma kemikaale v\u00f5i m\u00fcrkaineid kasutamata. Seejuures ei tekita seade suitsu v\u00f5i l\u00f5hna ega p\u00f5hjusta \u00f5husaastet. T\u00e4nu \u00f5hukesele, kompaktsele ja kaasaegsele v\u00e4limusele sobib seadet kasutada kodu k\u00f5igis ruumides. Putukap\u00fc\u00fcnise LED lamp kiirgab ultraviolett ja sinist valgust, mis koos meelitavad ligi k\u00e4rbseid, koisid, s\u00e4\u00e4ski ja muid [&hellip;]","og_url":"https:\/\/horticom.ee\/e-pood\/toode\/putukapuunis-mini-insect-destroyer-3watt-led-15m2\/","og_site_name":"Horticom.ee","article_publisher":"https:\/\/www.facebook.com\/horticom.ee\/e-pood","article_modified_time":"2026-04-15T00:13:46+00:00","og_image":[{"width":1000,"height":1000,"url":"https:\/\/horticom.ee\/e-pood\/wp-content\/uploads\/importedmedia\/product-2286408_0-P1122.jpg","type":"image\/jpeg"}],"twitter_card":"summary_large_image","twitter_misc":{"Est. reading time":"1 minut"},"schema":{"@context":"https:\/\/schema.org","@graph":[{"@type":"WebPage","@id":"https:\/\/horticom.ee\/e-pood\/toode\/putukapuunis-mini-insect-destroyer-3watt-led-15m2\/","url":"https:\/\/horticom.ee\/e-pood\/toode\/putukapuunis-mini-insect-destroyer-3watt-led-15m2\/","name":"Putukap\u00fc\u00fcnis Mini Insect Destroyer 3watt LED 15m2 - Horticom","isPartOf":{"@id":"https:\/\/horticom.ee\/e-pood\/#website"},"primaryImageOfPage":{"@id":"https:\/\/horticom.ee\/e-pood\/toode\/putukapuunis-mini-insect-destroyer-3watt-led-15m2\/#primaryimage"},"image":{"@id":"https:\/\/horticom.ee\/e-pood\/toode\/putukapuunis-mini-insect-destroyer-3watt-led-15m2\/#primaryimage"},"thumbnailUrl":"https:\/\/horticom.ee\/e-pood\/wp-content\/uploads\/importedmedia\/product-2286408_0-P1122.jpg","datePublished":"2024-05-24T09:01:25+00:00","dateModified":"2026-04-15T00:13:46+00:00","breadcrumb":{"@id":"https:\/\/horticom.ee\/e-pood\/toode\/putukapuunis-mini-insect-destroyer-3watt-led-15m2\/#breadcrumb"},"inLanguage":"et","potentialAction":[{"@type":"ReadAction","target":["https:\/\/horticom.ee\/e-pood\/toode\/putukapuunis-mini-insect-destroyer-3watt-led-15m2\/"]}]},{"@type":"ImageObject","inLanguage":"et","@id":"https:\/\/horticom.ee\/e-pood\/toode\/putukapuunis-mini-insect-destroyer-3watt-led-15m2\/#primaryimage","url":"https:\/\/horticom.ee\/e-pood\/wp-content\/uploads\/importedmedia\/product-2286408_0-P1122.jpg","contentUrl":"https:\/\/horticom.ee\/e-pood\/wp-content\/uploads\/importedmedia\/product-2286408_0-P1122.jpg","width":1000,"height":1000},{"@type":"BreadcrumbList","@id":"https:\/\/horticom.ee\/e-pood\/toode\/putukapuunis-mini-insect-destroyer-3watt-led-15m2\/#breadcrumb","itemListElement":[{"@type":"ListItem","position":1,"name":"Home","item":"https:\/\/horticom.ee\/e-pood\/"},{"@type":"ListItem","position":2,"name":"Pood","item":"https:\/\/horticom.ee\/e-pood\/pood\/"},{"@type":"ListItem","position":3,"name":"Putukap\u00fc\u00fcnis Mini Insect Destroyer 3watt LED 15m2"}]},{"@type":"WebSite","@id":"https:\/\/horticom.ee\/e-pood\/#website","url":"https:\/\/horticom.ee\/e-pood\/","name":"Horticom.ee","description":"Aianduskaubad ja kodukaubad nii harrastajatele kui professionaalidele","potentialAction":[{"@type":"SearchAction","target":{"@type":"EntryPoint","urlTemplate":"https:\/\/horticom.ee\/e-pood\/?s={search_term_string}"},"query-input":{"@type":"PropertyValueSpecification","valueRequired":true,"valueName":"search_term_string"}}],"inLanguage":"et"}]}},"_links":{"self":[{"href":"https:\/\/horticom.ee\/e-pood\/wp-json\/wp\/v2\/product\/2286408","targetHints":{"allow":["GET"]}}],"collection":[{"href":"https:\/\/horticom.ee\/e-pood\/wp-json\/wp\/v2\/product"}],"about":[{"href":"https:\/\/horticom.ee\/e-pood\/wp-json\/wp\/v2\/types\/product"}],"replies":[{"embeddable":true,"href":"https:\/\/horticom.ee\/e-pood\/wp-json\/wp\/v2\/comments?post=2286408"}],"wp:featuredmedia":[{"embeddable":true,"href":"https:\/\/horticom.ee\/e-pood\/wp-json\/wp\/v2\/media\/2381670"}],"wp:attachment":[{"href":"https:\/\/horticom.ee\/e-pood\/wp-json\/wp\/v2\/media?parent=2286408"}],"wp:term":[{"taxonomy":"product_cat","embeddable":true,"href":"https:\/\/horticom.ee\/e-pood\/wp-json\/wp\/v2\/product_cat?post=2286408"},{"taxonomy":"product_tag","embeddable":true,"href":"https:\/\/horticom.ee\/e-pood\/wp-json\/wp\/v2\/product_tag?post=2286408"}],"curies":[{"name":"wp","href":"https:\/\/api.w.org\/{rel}","templated":true}]}}