{"id":2293726,"date":"2024-07-24T12:00:55","date_gmt":"2024-07-24T09:00:55","guid":{"rendered":"https:\/\/horticom.ee\/e-pood\/toode\/terraflex-kastmisvaetis-horticom-1kg\/"},"modified":"2026-04-14T22:32:20","modified_gmt":"2026-04-14T19:32:20","slug":"terraflex-kastmisvaetis-horticom-1kg","status":"publish","type":"product","link":"https:\/\/horticom.ee\/e-pood\/toode\/terraflex-kastmisvaetis-horticom-1kg\/","title":{"rendered":"Terraflex kastmisv\u00e4etis Horticom 1kg"},"content":{"rendered":"<p>Terraflex kastmisv\u00e4etis Horticom sobib k\u00f5ikide suvelillede ja p\u00fcsikute v\u00e4etamiseks, parandades taimede kasvu, kiirendades \u00f5itsemise algust ning tagades rikkaliku \u00f5itsemise kuni kasvuperioodi l\u00f5puni. Suur kaaliumisisaldus tagab eluj\u00f5ulised taimed ja erkasav\u00e4rvilised \u00f5ied. 100% veeslahustuv kompleksv\u00e4etis<\/p>\n","protected":false},"excerpt":{"rendered":"<p>Terraflex kastmisv\u00e4etis Horticom sobib k\u00f5ikide suvelillede ja p\u00fcsikute v\u00e4etamiseks, parandades taimede kasvu, kiirendades \u00f5itsemise algust ning tagades rikkaliku \u00f5itsemise kuni kasvuperioodi l\u00f5puni. Suur kaaliumisisaldus tagab eluj\u00f5ulised taimed ja erkasav\u00e4rvilised \u00f5ied. 100% veeslahustuv kompleksv\u00e4etis<\/p>\n","protected":false},"featured_media":2378426,"comment_status":"closed","ping_status":"closed","template":"","meta":{"_themeisle_gutenberg_block_has_review":false},"product_cat":[16964,13572],"product_tag":[],"class_list":{"0":"post-2293726","1":"product","2":"type-product","3":"status-publish","4":"has-post-thumbnail","6":"product_cat-suvelilledele-ja-rodutaimedele","7":"product_cat-vaetised-lilledele","9":"first","10":"instock","11":"shipping-taxable","12":"purchasable","13":"product-type-simple"},"yoast_head":"<!-- This site is optimized with the Yoast SEO plugin v24.0 - https:\/\/yoast.com\/wordpress\/plugins\/seo\/ -->\n<title>Terraflex kastmisv\u00e4etis Horticom 1kg - Horticom<\/title>\n<meta name=\"robots\" content=\"index, follow, max-snippet:-1, max-image-preview:large, max-video-preview:-1\" \/>\n<link rel=\"canonical\" href=\"https:\/\/horticom.ee\/e-pood\/toode\/terraflex-kastmisvaetis-horticom-1kg\/\" \/>\n<meta property=\"og:locale\" content=\"et_EE\" \/>\n<meta property=\"og:type\" content=\"article\" \/>\n<meta property=\"og:title\" content=\"Terraflex kastmisv\u00e4etis Horticom 1kg - Horticom\" \/>\n<meta property=\"og:description\" content=\"Terraflex kastmisv\u00e4etis Horticom sobib k\u00f5ikide suvelillede ja p\u00fcsikute v\u00e4etamiseks, parandades taimede kasvu, kiirendades \u00f5itsemise algust ning tagades rikkaliku \u00f5itsemise kuni kasvuperioodi l\u00f5puni. Suur kaaliumisisaldus tagab eluj\u00f5ulised taimed ja erkasav\u00e4rvilised \u00f5ied. 100% veeslahustuv kompleksv\u00e4etis\" \/>\n<meta property=\"og:url\" content=\"https:\/\/horticom.ee\/e-pood\/toode\/terraflex-kastmisvaetis-horticom-1kg\/\" \/>\n<meta property=\"og:site_name\" content=\"Horticom.ee\" \/>\n<meta property=\"article:publisher\" content=\"https:\/\/www.facebook.com\/horticom.ee\/e-pood\" \/>\n<meta property=\"article:modified_time\" content=\"2026-04-14T19:32:20+00:00\" \/>\n<meta property=\"og:image\" content=\"https:\/\/horticom.ee\/e-pood\/wp-content\/uploads\/importedmedia\/product-2293726_0-6700082.jpg\" \/>\n\t<meta property=\"og:image:width\" content=\"999\" \/>\n\t<meta property=\"og:image:height\" content=\"976\" \/>\n\t<meta property=\"og:image:type\" content=\"image\/jpeg\" \/>\n<meta name=\"twitter:card\" content=\"summary_large_image\" \/>\n<script type=\"application\/ld+json\" class=\"yoast-schema-graph\">{\"@context\":\"https:\/\/schema.org\",\"@graph\":[{\"@type\":\"WebPage\",\"@id\":\"https:\/\/horticom.ee\/e-pood\/toode\/terraflex-kastmisvaetis-horticom-1kg\/\",\"url\":\"https:\/\/horticom.ee\/e-pood\/toode\/terraflex-kastmisvaetis-horticom-1kg\/\",\"name\":\"Terraflex kastmisv\u00e4etis Horticom 1kg - Horticom\",\"isPartOf\":{\"@id\":\"https:\/\/horticom.ee\/e-pood\/#website\"},\"primaryImageOfPage\":{\"@id\":\"https:\/\/horticom.ee\/e-pood\/toode\/terraflex-kastmisvaetis-horticom-1kg\/#primaryimage\"},\"image\":{\"@id\":\"https:\/\/horticom.ee\/e-pood\/toode\/terraflex-kastmisvaetis-horticom-1kg\/#primaryimage\"},\"thumbnailUrl\":\"https:\/\/horticom.ee\/e-pood\/wp-content\/uploads\/importedmedia\/product-2293726_0-6700082.jpg\",\"datePublished\":\"2024-07-24T09:00:55+00:00\",\"dateModified\":\"2026-04-14T19:32:20+00:00\",\"breadcrumb\":{\"@id\":\"https:\/\/horticom.ee\/e-pood\/toode\/terraflex-kastmisvaetis-horticom-1kg\/#breadcrumb\"},\"inLanguage\":\"et\",\"potentialAction\":[{\"@type\":\"ReadAction\",\"target\":[\"https:\/\/horticom.ee\/e-pood\/toode\/terraflex-kastmisvaetis-horticom-1kg\/\"]}]},{\"@type\":\"ImageObject\",\"inLanguage\":\"et\",\"@id\":\"https:\/\/horticom.ee\/e-pood\/toode\/terraflex-kastmisvaetis-horticom-1kg\/#primaryimage\",\"url\":\"https:\/\/horticom.ee\/e-pood\/wp-content\/uploads\/importedmedia\/product-2293726_0-6700082.jpg\",\"contentUrl\":\"https:\/\/horticom.ee\/e-pood\/wp-content\/uploads\/importedmedia\/product-2293726_0-6700082.jpg\",\"width\":999,\"height\":976},{\"@type\":\"BreadcrumbList\",\"@id\":\"https:\/\/horticom.ee\/e-pood\/toode\/terraflex-kastmisvaetis-horticom-1kg\/#breadcrumb\",\"itemListElement\":[{\"@type\":\"ListItem\",\"position\":1,\"name\":\"Home\",\"item\":\"https:\/\/horticom.ee\/e-pood\/\"},{\"@type\":\"ListItem\",\"position\":2,\"name\":\"Pood\",\"item\":\"https:\/\/horticom.ee\/e-pood\/pood\/\"},{\"@type\":\"ListItem\",\"position\":3,\"name\":\"Terraflex kastmisv\u00e4etis Horticom 1kg\"}]},{\"@type\":\"WebSite\",\"@id\":\"https:\/\/horticom.ee\/e-pood\/#website\",\"url\":\"https:\/\/horticom.ee\/e-pood\/\",\"name\":\"Horticom.ee\",\"description\":\"Aianduskaubad ja kodukaubad nii harrastajatele kui professionaalidele\",\"potentialAction\":[{\"@type\":\"SearchAction\",\"target\":{\"@type\":\"EntryPoint\",\"urlTemplate\":\"https:\/\/horticom.ee\/e-pood\/?s={search_term_string}\"},\"query-input\":{\"@type\":\"PropertyValueSpecification\",\"valueRequired\":true,\"valueName\":\"search_term_string\"}}],\"inLanguage\":\"et\"}]}<\/script>\n<!-- \/ Yoast SEO plugin. -->","yoast_head_json":{"title":"Terraflex kastmisv\u00e4etis Horticom 1kg - Horticom","robots":{"index":"index","follow":"follow","max-snippet":"max-snippet:-1","max-image-preview":"max-image-preview:large","max-video-preview":"max-video-preview:-1"},"canonical":"https:\/\/horticom.ee\/e-pood\/toode\/terraflex-kastmisvaetis-horticom-1kg\/","og_locale":"et_EE","og_type":"article","og_title":"Terraflex kastmisv\u00e4etis Horticom 1kg - Horticom","og_description":"Terraflex kastmisv\u00e4etis Horticom sobib k\u00f5ikide suvelillede ja p\u00fcsikute v\u00e4etamiseks, parandades taimede kasvu, kiirendades \u00f5itsemise algust ning tagades rikkaliku \u00f5itsemise kuni kasvuperioodi l\u00f5puni. Suur kaaliumisisaldus tagab eluj\u00f5ulised taimed ja erkasav\u00e4rvilised \u00f5ied. 100% veeslahustuv kompleksv\u00e4etis","og_url":"https:\/\/horticom.ee\/e-pood\/toode\/terraflex-kastmisvaetis-horticom-1kg\/","og_site_name":"Horticom.ee","article_publisher":"https:\/\/www.facebook.com\/horticom.ee\/e-pood","article_modified_time":"2026-04-14T19:32:20+00:00","og_image":[{"width":999,"height":976,"url":"https:\/\/horticom.ee\/e-pood\/wp-content\/uploads\/importedmedia\/product-2293726_0-6700082.jpg","type":"image\/jpeg"}],"twitter_card":"summary_large_image","schema":{"@context":"https:\/\/schema.org","@graph":[{"@type":"WebPage","@id":"https:\/\/horticom.ee\/e-pood\/toode\/terraflex-kastmisvaetis-horticom-1kg\/","url":"https:\/\/horticom.ee\/e-pood\/toode\/terraflex-kastmisvaetis-horticom-1kg\/","name":"Terraflex kastmisv\u00e4etis Horticom 1kg - Horticom","isPartOf":{"@id":"https:\/\/horticom.ee\/e-pood\/#website"},"primaryImageOfPage":{"@id":"https:\/\/horticom.ee\/e-pood\/toode\/terraflex-kastmisvaetis-horticom-1kg\/#primaryimage"},"image":{"@id":"https:\/\/horticom.ee\/e-pood\/toode\/terraflex-kastmisvaetis-horticom-1kg\/#primaryimage"},"thumbnailUrl":"https:\/\/horticom.ee\/e-pood\/wp-content\/uploads\/importedmedia\/product-2293726_0-6700082.jpg","datePublished":"2024-07-24T09:00:55+00:00","dateModified":"2026-04-14T19:32:20+00:00","breadcrumb":{"@id":"https:\/\/horticom.ee\/e-pood\/toode\/terraflex-kastmisvaetis-horticom-1kg\/#breadcrumb"},"inLanguage":"et","potentialAction":[{"@type":"ReadAction","target":["https:\/\/horticom.ee\/e-pood\/toode\/terraflex-kastmisvaetis-horticom-1kg\/"]}]},{"@type":"ImageObject","inLanguage":"et","@id":"https:\/\/horticom.ee\/e-pood\/toode\/terraflex-kastmisvaetis-horticom-1kg\/#primaryimage","url":"https:\/\/horticom.ee\/e-pood\/wp-content\/uploads\/importedmedia\/product-2293726_0-6700082.jpg","contentUrl":"https:\/\/horticom.ee\/e-pood\/wp-content\/uploads\/importedmedia\/product-2293726_0-6700082.jpg","width":999,"height":976},{"@type":"BreadcrumbList","@id":"https:\/\/horticom.ee\/e-pood\/toode\/terraflex-kastmisvaetis-horticom-1kg\/#breadcrumb","itemListElement":[{"@type":"ListItem","position":1,"name":"Home","item":"https:\/\/horticom.ee\/e-pood\/"},{"@type":"ListItem","position":2,"name":"Pood","item":"https:\/\/horticom.ee\/e-pood\/pood\/"},{"@type":"ListItem","position":3,"name":"Terraflex kastmisv\u00e4etis Horticom 1kg"}]},{"@type":"WebSite","@id":"https:\/\/horticom.ee\/e-pood\/#website","url":"https:\/\/horticom.ee\/e-pood\/","name":"Horticom.ee","description":"Aianduskaubad ja kodukaubad nii harrastajatele kui professionaalidele","potentialAction":[{"@type":"SearchAction","target":{"@type":"EntryPoint","urlTemplate":"https:\/\/horticom.ee\/e-pood\/?s={search_term_string}"},"query-input":{"@type":"PropertyValueSpecification","valueRequired":true,"valueName":"search_term_string"}}],"inLanguage":"et"}]}},"_links":{"self":[{"href":"https:\/\/horticom.ee\/e-pood\/wp-json\/wp\/v2\/product\/2293726","targetHints":{"allow":["GET"]}}],"collection":[{"href":"https:\/\/horticom.ee\/e-pood\/wp-json\/wp\/v2\/product"}],"about":[{"href":"https:\/\/horticom.ee\/e-pood\/wp-json\/wp\/v2\/types\/product"}],"replies":[{"embeddable":true,"href":"https:\/\/horticom.ee\/e-pood\/wp-json\/wp\/v2\/comments?post=2293726"}],"wp:featuredmedia":[{"embeddable":true,"href":"https:\/\/horticom.ee\/e-pood\/wp-json\/wp\/v2\/media\/2378426"}],"wp:attachment":[{"href":"https:\/\/horticom.ee\/e-pood\/wp-json\/wp\/v2\/media?parent=2293726"}],"wp:term":[{"taxonomy":"product_cat","embeddable":true,"href":"https:\/\/horticom.ee\/e-pood\/wp-json\/wp\/v2\/product_cat?post=2293726"},{"taxonomy":"product_tag","embeddable":true,"href":"https:\/\/horticom.ee\/e-pood\/wp-json\/wp\/v2\/product_tag?post=2293726"}],"curies":[{"name":"wp","href":"https:\/\/api.w.org\/{rel}","templated":true}]}}