{"id":2295988,"date":"2024-09-16T16:00:47","date_gmt":"2024-09-16T13:00:47","guid":{"rendered":"https:\/\/horticom.ee\/e-pood\/toode\/ruumi-aromatiseerija-bambuspulkadega-50ml-tsitrused\/"},"modified":"2026-04-20T03:08:29","modified_gmt":"2026-04-20T00:08:29","slug":"ruumi-aromatiseerija-bambuspulkadega-50ml-tsitrused","status":"publish","type":"product","link":"https:\/\/horticom.ee\/e-pood\/toode\/ruumi-aromatiseerija-bambuspulkadega-50ml-tsitrused\/","title":{"rendered":"Ruumi aromatiseerija bambuspulkadega 50ml tsitrused"},"content":{"rendered":"<p>Ruumi aromatiseerija sobib koju ja kontorisse. Bambuspulgakesed omavad k\u00f5rget looduse poolt antud poorsust. See omadus v\u00f5imaldab \u00f6konoomselt ja pikkaajaliselt pihustada l\u00f5hnakompositsiooni ruumis. Aroomi ruumis saab tunda \u00f5rnalt ja mitte pealet\u00fckkivalt.<\/p>\n","protected":false},"excerpt":{"rendered":"<p>Ruumi aromatiseerija sobib koju ja kontorisse. Bambuspulgakesed omavad k\u00f5rget looduse poolt antud poorsust. See omadus v\u00f5imaldab \u00f6konoomselt ja pikkaajaliselt pihustada l\u00f5hnakompositsiooni ruumis. Aroomi ruumis saab tunda \u00f5rnalt ja mitte pealet\u00fckkivalt.<\/p>\n","protected":false},"featured_media":2297619,"comment_status":"closed","ping_status":"closed","template":"","meta":{"_themeisle_gutenberg_block_has_review":false},"product_cat":[13460],"product_tag":[],"class_list":{"0":"post-2295988","1":"product","2":"type-product","3":"status-publish","4":"has-post-thumbnail","6":"product_cat-aromatiseerija","8":"first","9":"instock","10":"sale","11":"shipping-taxable","12":"purchasable","13":"product-type-simple"},"yoast_head":"<!-- This site is optimized with the Yoast SEO plugin v24.0 - https:\/\/yoast.com\/wordpress\/plugins\/seo\/ -->\n<title>Ruumi aromatiseerija bambuspulkadega 50ml tsitrused - Horticom<\/title>\n<meta name=\"robots\" content=\"index, follow, max-snippet:-1, max-image-preview:large, max-video-preview:-1\" \/>\n<link rel=\"canonical\" href=\"https:\/\/horticom.ee\/e-pood\/toode\/ruumi-aromatiseerija-bambuspulkadega-50ml-tsitrused\/\" \/>\n<meta property=\"og:locale\" content=\"et_EE\" \/>\n<meta property=\"og:type\" content=\"article\" \/>\n<meta property=\"og:title\" content=\"Ruumi aromatiseerija bambuspulkadega 50ml tsitrused - Horticom\" \/>\n<meta property=\"og:description\" content=\"Ruumi aromatiseerija sobib koju ja kontorisse. Bambuspulgakesed omavad k\u00f5rget looduse poolt antud poorsust. See omadus v\u00f5imaldab \u00f6konoomselt ja pikkaajaliselt pihustada l\u00f5hnakompositsiooni ruumis. Aroomi ruumis saab tunda \u00f5rnalt ja mitte pealet\u00fckkivalt.\" \/>\n<meta property=\"og:url\" content=\"https:\/\/horticom.ee\/e-pood\/toode\/ruumi-aromatiseerija-bambuspulkadega-50ml-tsitrused\/\" \/>\n<meta property=\"og:site_name\" content=\"Horticom.ee\" \/>\n<meta property=\"article:publisher\" content=\"https:\/\/www.facebook.com\/horticom.ee\/e-pood\" \/>\n<meta property=\"article:modified_time\" content=\"2026-04-20T00:08:29+00:00\" \/>\n<meta property=\"og:image\" content=\"https:\/\/horticom.ee\/e-pood\/wp-content\/uploads\/2024\/09\/5411708157029-scaled.jpg\" \/>\n\t<meta property=\"og:image:width\" content=\"1169\" \/>\n\t<meta property=\"og:image:height\" content=\"2560\" \/>\n\t<meta property=\"og:image:type\" content=\"image\/jpeg\" \/>\n<meta name=\"twitter:card\" content=\"summary_large_image\" \/>\n<meta name=\"twitter:label1\" content=\"Est. reading time\" \/>\n\t<meta name=\"twitter:data1\" content=\"1 minut\" \/>\n<script type=\"application\/ld+json\" class=\"yoast-schema-graph\">{\"@context\":\"https:\/\/schema.org\",\"@graph\":[{\"@type\":\"WebPage\",\"@id\":\"https:\/\/horticom.ee\/e-pood\/toode\/ruumi-aromatiseerija-bambuspulkadega-50ml-tsitrused\/\",\"url\":\"https:\/\/horticom.ee\/e-pood\/toode\/ruumi-aromatiseerija-bambuspulkadega-50ml-tsitrused\/\",\"name\":\"Ruumi aromatiseerija bambuspulkadega 50ml tsitrused - Horticom\",\"isPartOf\":{\"@id\":\"https:\/\/horticom.ee\/e-pood\/#website\"},\"primaryImageOfPage\":{\"@id\":\"https:\/\/horticom.ee\/e-pood\/toode\/ruumi-aromatiseerija-bambuspulkadega-50ml-tsitrused\/#primaryimage\"},\"image\":{\"@id\":\"https:\/\/horticom.ee\/e-pood\/toode\/ruumi-aromatiseerija-bambuspulkadega-50ml-tsitrused\/#primaryimage\"},\"thumbnailUrl\":\"https:\/\/horticom.ee\/e-pood\/wp-content\/uploads\/2024\/09\/5411708157029-scaled.jpg\",\"datePublished\":\"2024-09-16T13:00:47+00:00\",\"dateModified\":\"2026-04-20T00:08:29+00:00\",\"breadcrumb\":{\"@id\":\"https:\/\/horticom.ee\/e-pood\/toode\/ruumi-aromatiseerija-bambuspulkadega-50ml-tsitrused\/#breadcrumb\"},\"inLanguage\":\"et\",\"potentialAction\":[{\"@type\":\"ReadAction\",\"target\":[\"https:\/\/horticom.ee\/e-pood\/toode\/ruumi-aromatiseerija-bambuspulkadega-50ml-tsitrused\/\"]}]},{\"@type\":\"ImageObject\",\"inLanguage\":\"et\",\"@id\":\"https:\/\/horticom.ee\/e-pood\/toode\/ruumi-aromatiseerija-bambuspulkadega-50ml-tsitrused\/#primaryimage\",\"url\":\"https:\/\/horticom.ee\/e-pood\/wp-content\/uploads\/2024\/09\/5411708157029-scaled.jpg\",\"contentUrl\":\"https:\/\/horticom.ee\/e-pood\/wp-content\/uploads\/2024\/09\/5411708157029-scaled.jpg\",\"width\":1169,\"height\":2560},{\"@type\":\"BreadcrumbList\",\"@id\":\"https:\/\/horticom.ee\/e-pood\/toode\/ruumi-aromatiseerija-bambuspulkadega-50ml-tsitrused\/#breadcrumb\",\"itemListElement\":[{\"@type\":\"ListItem\",\"position\":1,\"name\":\"Home\",\"item\":\"https:\/\/horticom.ee\/e-pood\/\"},{\"@type\":\"ListItem\",\"position\":2,\"name\":\"Pood\",\"item\":\"https:\/\/horticom.ee\/e-pood\/pood\/\"},{\"@type\":\"ListItem\",\"position\":3,\"name\":\"Ruumi aromatiseerija bambuspulkadega 50ml tsitrused\"}]},{\"@type\":\"WebSite\",\"@id\":\"https:\/\/horticom.ee\/e-pood\/#website\",\"url\":\"https:\/\/horticom.ee\/e-pood\/\",\"name\":\"Horticom.ee\",\"description\":\"Aianduskaubad ja kodukaubad nii harrastajatele kui professionaalidele\",\"potentialAction\":[{\"@type\":\"SearchAction\",\"target\":{\"@type\":\"EntryPoint\",\"urlTemplate\":\"https:\/\/horticom.ee\/e-pood\/?s={search_term_string}\"},\"query-input\":{\"@type\":\"PropertyValueSpecification\",\"valueRequired\":true,\"valueName\":\"search_term_string\"}}],\"inLanguage\":\"et\"}]}<\/script>\n<!-- \/ Yoast SEO plugin. -->","yoast_head_json":{"title":"Ruumi aromatiseerija bambuspulkadega 50ml tsitrused - Horticom","robots":{"index":"index","follow":"follow","max-snippet":"max-snippet:-1","max-image-preview":"max-image-preview:large","max-video-preview":"max-video-preview:-1"},"canonical":"https:\/\/horticom.ee\/e-pood\/toode\/ruumi-aromatiseerija-bambuspulkadega-50ml-tsitrused\/","og_locale":"et_EE","og_type":"article","og_title":"Ruumi aromatiseerija bambuspulkadega 50ml tsitrused - Horticom","og_description":"Ruumi aromatiseerija sobib koju ja kontorisse. Bambuspulgakesed omavad k\u00f5rget looduse poolt antud poorsust. See omadus v\u00f5imaldab \u00f6konoomselt ja pikkaajaliselt pihustada l\u00f5hnakompositsiooni ruumis. Aroomi ruumis saab tunda \u00f5rnalt ja mitte pealet\u00fckkivalt.","og_url":"https:\/\/horticom.ee\/e-pood\/toode\/ruumi-aromatiseerija-bambuspulkadega-50ml-tsitrused\/","og_site_name":"Horticom.ee","article_publisher":"https:\/\/www.facebook.com\/horticom.ee\/e-pood","article_modified_time":"2026-04-20T00:08:29+00:00","og_image":[{"width":1169,"height":2560,"url":"https:\/\/horticom.ee\/e-pood\/wp-content\/uploads\/2024\/09\/5411708157029-scaled.jpg","type":"image\/jpeg"}],"twitter_card":"summary_large_image","twitter_misc":{"Est. reading time":"1 minut"},"schema":{"@context":"https:\/\/schema.org","@graph":[{"@type":"WebPage","@id":"https:\/\/horticom.ee\/e-pood\/toode\/ruumi-aromatiseerija-bambuspulkadega-50ml-tsitrused\/","url":"https:\/\/horticom.ee\/e-pood\/toode\/ruumi-aromatiseerija-bambuspulkadega-50ml-tsitrused\/","name":"Ruumi aromatiseerija bambuspulkadega 50ml tsitrused - Horticom","isPartOf":{"@id":"https:\/\/horticom.ee\/e-pood\/#website"},"primaryImageOfPage":{"@id":"https:\/\/horticom.ee\/e-pood\/toode\/ruumi-aromatiseerija-bambuspulkadega-50ml-tsitrused\/#primaryimage"},"image":{"@id":"https:\/\/horticom.ee\/e-pood\/toode\/ruumi-aromatiseerija-bambuspulkadega-50ml-tsitrused\/#primaryimage"},"thumbnailUrl":"https:\/\/horticom.ee\/e-pood\/wp-content\/uploads\/2024\/09\/5411708157029-scaled.jpg","datePublished":"2024-09-16T13:00:47+00:00","dateModified":"2026-04-20T00:08:29+00:00","breadcrumb":{"@id":"https:\/\/horticom.ee\/e-pood\/toode\/ruumi-aromatiseerija-bambuspulkadega-50ml-tsitrused\/#breadcrumb"},"inLanguage":"et","potentialAction":[{"@type":"ReadAction","target":["https:\/\/horticom.ee\/e-pood\/toode\/ruumi-aromatiseerija-bambuspulkadega-50ml-tsitrused\/"]}]},{"@type":"ImageObject","inLanguage":"et","@id":"https:\/\/horticom.ee\/e-pood\/toode\/ruumi-aromatiseerija-bambuspulkadega-50ml-tsitrused\/#primaryimage","url":"https:\/\/horticom.ee\/e-pood\/wp-content\/uploads\/2024\/09\/5411708157029-scaled.jpg","contentUrl":"https:\/\/horticom.ee\/e-pood\/wp-content\/uploads\/2024\/09\/5411708157029-scaled.jpg","width":1169,"height":2560},{"@type":"BreadcrumbList","@id":"https:\/\/horticom.ee\/e-pood\/toode\/ruumi-aromatiseerija-bambuspulkadega-50ml-tsitrused\/#breadcrumb","itemListElement":[{"@type":"ListItem","position":1,"name":"Home","item":"https:\/\/horticom.ee\/e-pood\/"},{"@type":"ListItem","position":2,"name":"Pood","item":"https:\/\/horticom.ee\/e-pood\/pood\/"},{"@type":"ListItem","position":3,"name":"Ruumi aromatiseerija bambuspulkadega 50ml tsitrused"}]},{"@type":"WebSite","@id":"https:\/\/horticom.ee\/e-pood\/#website","url":"https:\/\/horticom.ee\/e-pood\/","name":"Horticom.ee","description":"Aianduskaubad ja kodukaubad nii harrastajatele kui professionaalidele","potentialAction":[{"@type":"SearchAction","target":{"@type":"EntryPoint","urlTemplate":"https:\/\/horticom.ee\/e-pood\/?s={search_term_string}"},"query-input":{"@type":"PropertyValueSpecification","valueRequired":true,"valueName":"search_term_string"}}],"inLanguage":"et"}]}},"_links":{"self":[{"href":"https:\/\/horticom.ee\/e-pood\/wp-json\/wp\/v2\/product\/2295988","targetHints":{"allow":["GET"]}}],"collection":[{"href":"https:\/\/horticom.ee\/e-pood\/wp-json\/wp\/v2\/product"}],"about":[{"href":"https:\/\/horticom.ee\/e-pood\/wp-json\/wp\/v2\/types\/product"}],"replies":[{"embeddable":true,"href":"https:\/\/horticom.ee\/e-pood\/wp-json\/wp\/v2\/comments?post=2295988"}],"wp:featuredmedia":[{"embeddable":true,"href":"https:\/\/horticom.ee\/e-pood\/wp-json\/wp\/v2\/media\/2297619"}],"wp:attachment":[{"href":"https:\/\/horticom.ee\/e-pood\/wp-json\/wp\/v2\/media?parent=2295988"}],"wp:term":[{"taxonomy":"product_cat","embeddable":true,"href":"https:\/\/horticom.ee\/e-pood\/wp-json\/wp\/v2\/product_cat?post=2295988"},{"taxonomy":"product_tag","embeddable":true,"href":"https:\/\/horticom.ee\/e-pood\/wp-json\/wp\/v2\/product_tag?post=2295988"}],"curies":[{"name":"wp","href":"https:\/\/api.w.org\/{rel}","templated":true}]}}