{"id":2296390,"date":"2024-09-26T06:00:24","date_gmt":"2024-09-26T03:00:24","guid":{"rendered":"https:\/\/horticom.ee\/e-pood\/toode\/putukavork-uksekardin-festa-poluester-4-x-35-x-220cm-must\/"},"modified":"2026-04-23T03:18:40","modified_gmt":"2026-04-23T00:18:40","slug":"putukavork-uksekardin-festa-poluester-4-x-35-x-220cm-must","status":"publish","type":"product","link":"https:\/\/horticom.ee\/e-pood\/toode\/putukavork-uksekardin-festa-poluester-4-x-35-x-220cm-must\/","title":{"rendered":"Putukav\u00f5rk uksekardin Festa pol\u00fcester 4 x 35 x 220cm must"},"content":{"rendered":"<p>Neljast paanist koosev putukav\u00f5rk-uksekardin, mis takistab putukatel tuppa p\u00e4\u00e4semist. Praktiline abimees igas majapidamises. Putukav\u00f5rgu praktiline jagamine 4 osaks h\u00f5lbustab l\u00e4bip\u00e4\u00e4su, v\u00f5rgu \u00fcksikute ribade alumisse serva \u00f5mmeldud plastkoormus tagab v\u00f5rgu kiire tagasip\u00f6\u00f6rdumise oma algasendisse. V\u00f5rguribad on h\u00f5lpsasti vajaliku pikkusega kinnitatud plastsiinil, mis riputatakse ukse kohale kahe konksu abil. Konksud sisalduvad pakendis. Plastriba saab ka vajaliku pikkuseni l\u00fchendada. S\u00f5ltuvalt ava laiusest varieerub v\u00f5rgu \u00fcksikute ribade kattumise s\u00fcgavus. 4 t\u00fckki v\u00f5rkpaanid: m\u00f5\u00f5tmetega 35 x 220 cm, varda pikkusega 120 cm.<\/p>\n","protected":false},"excerpt":{"rendered":"<p>Neljast paanist koosev putukav\u00f5rk-uksekardin, mis takistab putukatel tuppa p\u00e4\u00e4semist. Praktiline abimees igas majapidamises. Putukav\u00f5rgu praktiline jagamine 4 osaks h\u00f5lbustab l\u00e4bip\u00e4\u00e4su, v\u00f5rgu \u00fcksikute ribade alumisse serva \u00f5mmeldud plastkoormus tagab v\u00f5rgu kiire tagasip\u00f6\u00f6rdumise oma algasendisse. V\u00f5rguribad on h\u00f5lpsasti vajaliku pikkusega kinnitatud plastsiinil, mis riputatakse ukse kohale kahe konksu abil. Konksud sisalduvad pakendis. Plastriba saab ka vajaliku pikkuseni [&hellip;]<\/p>\n","protected":false},"featured_media":2382552,"comment_status":"closed","ping_status":"closed","template":"","meta":{"_themeisle_gutenberg_block_has_review":false},"product_cat":[18563,16360,13597],"product_tag":[],"class_list":{"0":"post-2296390","1":"product","2":"type-product","3":"status-publish","4":"has-post-thumbnail","6":"product_cat-lopumuugitooted","7":"product_cat-putukavorgud","8":"product_cat-karbsed","10":"first","11":"instock","12":"sale","13":"shipping-taxable","14":"purchasable","15":"product-type-simple"},"yoast_head":"<!-- This site is optimized with the Yoast SEO plugin v24.0 - https:\/\/yoast.com\/wordpress\/plugins\/seo\/ -->\n<title>Putukav\u00f5rk uksekardin Festa pol\u00fcester 4 x 35 x 220cm must<\/title>\n<meta name=\"description\" content=\"Neljast osast koosnev putukav\u00f5rk-uksekardin, takistab putukate sissetungi. Plastkoormus tagab kiire tagasip\u00f6\u00f6rdumise algasendisse.\" \/>\n<meta name=\"robots\" content=\"index, follow, max-snippet:-1, max-image-preview:large, max-video-preview:-1\" \/>\n<link rel=\"canonical\" href=\"https:\/\/horticom.ee\/e-pood\/toode\/putukavork-uksekardin-festa-poluester-4-x-35-x-220cm-must\/\" \/>\n<meta property=\"og:locale\" content=\"et_EE\" \/>\n<meta property=\"og:type\" content=\"article\" \/>\n<meta property=\"og:title\" content=\"Putukav\u00f5rk uksekardin Festa pol\u00fcester 4 x 35 x 220cm must\" \/>\n<meta property=\"og:description\" content=\"Neljast osast koosnev putukav\u00f5rk-uksekardin, takistab putukate sissetungi. Plastkoormus tagab kiire tagasip\u00f6\u00f6rdumise algasendisse.\" \/>\n<meta property=\"og:url\" content=\"https:\/\/horticom.ee\/e-pood\/toode\/putukavork-uksekardin-festa-poluester-4-x-35-x-220cm-must\/\" \/>\n<meta property=\"og:site_name\" content=\"Horticom.ee\" \/>\n<meta property=\"article:publisher\" content=\"https:\/\/www.facebook.com\/horticom.ee\/e-pood\" \/>\n<meta property=\"article:modified_time\" content=\"2026-04-23T00:18:40+00:00\" \/>\n<meta property=\"og:image\" content=\"https:\/\/horticom.ee\/e-pood\/wp-content\/uploads\/importedmedia\/product-2296390_0-P040076.jpg\" \/>\n\t<meta property=\"og:image:width\" content=\"1000\" \/>\n\t<meta property=\"og:image:height\" content=\"750\" \/>\n\t<meta property=\"og:image:type\" content=\"image\/jpeg\" \/>\n<meta name=\"twitter:card\" content=\"summary_large_image\" \/>\n<script type=\"application\/ld+json\" class=\"yoast-schema-graph\">{\"@context\":\"https:\/\/schema.org\",\"@graph\":[{\"@type\":\"WebPage\",\"@id\":\"https:\/\/horticom.ee\/e-pood\/toode\/putukavork-uksekardin-festa-poluester-4-x-35-x-220cm-must\/\",\"url\":\"https:\/\/horticom.ee\/e-pood\/toode\/putukavork-uksekardin-festa-poluester-4-x-35-x-220cm-must\/\",\"name\":\"Putukav\u00f5rk uksekardin Festa pol\u00fcester 4 x 35 x 220cm must\",\"isPartOf\":{\"@id\":\"https:\/\/horticom.ee\/e-pood\/#website\"},\"primaryImageOfPage\":{\"@id\":\"https:\/\/horticom.ee\/e-pood\/toode\/putukavork-uksekardin-festa-poluester-4-x-35-x-220cm-must\/#primaryimage\"},\"image\":{\"@id\":\"https:\/\/horticom.ee\/e-pood\/toode\/putukavork-uksekardin-festa-poluester-4-x-35-x-220cm-must\/#primaryimage\"},\"thumbnailUrl\":\"https:\/\/horticom.ee\/e-pood\/wp-content\/uploads\/importedmedia\/product-2296390_0-P040076.jpg\",\"datePublished\":\"2024-09-26T03:00:24+00:00\",\"dateModified\":\"2026-04-23T00:18:40+00:00\",\"description\":\"Neljast osast koosnev putukav\u00f5rk-uksekardin, takistab putukate sissetungi. Plastkoormus tagab kiire tagasip\u00f6\u00f6rdumise algasendisse.\",\"breadcrumb\":{\"@id\":\"https:\/\/horticom.ee\/e-pood\/toode\/putukavork-uksekardin-festa-poluester-4-x-35-x-220cm-must\/#breadcrumb\"},\"inLanguage\":\"et\",\"potentialAction\":[{\"@type\":\"ReadAction\",\"target\":[\"https:\/\/horticom.ee\/e-pood\/toode\/putukavork-uksekardin-festa-poluester-4-x-35-x-220cm-must\/\"]}]},{\"@type\":\"ImageObject\",\"inLanguage\":\"et\",\"@id\":\"https:\/\/horticom.ee\/e-pood\/toode\/putukavork-uksekardin-festa-poluester-4-x-35-x-220cm-must\/#primaryimage\",\"url\":\"https:\/\/horticom.ee\/e-pood\/wp-content\/uploads\/importedmedia\/product-2296390_0-P040076.jpg\",\"contentUrl\":\"https:\/\/horticom.ee\/e-pood\/wp-content\/uploads\/importedmedia\/product-2296390_0-P040076.jpg\",\"width\":1000,\"height\":750},{\"@type\":\"BreadcrumbList\",\"@id\":\"https:\/\/horticom.ee\/e-pood\/toode\/putukavork-uksekardin-festa-poluester-4-x-35-x-220cm-must\/#breadcrumb\",\"itemListElement\":[{\"@type\":\"ListItem\",\"position\":1,\"name\":\"Home\",\"item\":\"https:\/\/horticom.ee\/e-pood\/\"},{\"@type\":\"ListItem\",\"position\":2,\"name\":\"Pood\",\"item\":\"https:\/\/horticom.ee\/e-pood\/pood\/\"},{\"@type\":\"ListItem\",\"position\":3,\"name\":\"Putukav\u00f5rk uksekardin Festa pol\u00fcester 4 x 35 x 220cm must\"}]},{\"@type\":\"WebSite\",\"@id\":\"https:\/\/horticom.ee\/e-pood\/#website\",\"url\":\"https:\/\/horticom.ee\/e-pood\/\",\"name\":\"Horticom.ee\",\"description\":\"Aianduskaubad ja kodukaubad nii harrastajatele kui professionaalidele\",\"potentialAction\":[{\"@type\":\"SearchAction\",\"target\":{\"@type\":\"EntryPoint\",\"urlTemplate\":\"https:\/\/horticom.ee\/e-pood\/?s={search_term_string}\"},\"query-input\":{\"@type\":\"PropertyValueSpecification\",\"valueRequired\":true,\"valueName\":\"search_term_string\"}}],\"inLanguage\":\"et\"}]}<\/script>\n<!-- \/ Yoast SEO plugin. -->","yoast_head_json":{"title":"Putukav\u00f5rk uksekardin Festa pol\u00fcester 4 x 35 x 220cm must","description":"Neljast osast koosnev putukav\u00f5rk-uksekardin, takistab putukate sissetungi. Plastkoormus tagab kiire tagasip\u00f6\u00f6rdumise algasendisse.","robots":{"index":"index","follow":"follow","max-snippet":"max-snippet:-1","max-image-preview":"max-image-preview:large","max-video-preview":"max-video-preview:-1"},"canonical":"https:\/\/horticom.ee\/e-pood\/toode\/putukavork-uksekardin-festa-poluester-4-x-35-x-220cm-must\/","og_locale":"et_EE","og_type":"article","og_title":"Putukav\u00f5rk uksekardin Festa pol\u00fcester 4 x 35 x 220cm must","og_description":"Neljast osast koosnev putukav\u00f5rk-uksekardin, takistab putukate sissetungi. Plastkoormus tagab kiire tagasip\u00f6\u00f6rdumise algasendisse.","og_url":"https:\/\/horticom.ee\/e-pood\/toode\/putukavork-uksekardin-festa-poluester-4-x-35-x-220cm-must\/","og_site_name":"Horticom.ee","article_publisher":"https:\/\/www.facebook.com\/horticom.ee\/e-pood","article_modified_time":"2026-04-23T00:18:40+00:00","og_image":[{"width":1000,"height":750,"url":"https:\/\/horticom.ee\/e-pood\/wp-content\/uploads\/importedmedia\/product-2296390_0-P040076.jpg","type":"image\/jpeg"}],"twitter_card":"summary_large_image","schema":{"@context":"https:\/\/schema.org","@graph":[{"@type":"WebPage","@id":"https:\/\/horticom.ee\/e-pood\/toode\/putukavork-uksekardin-festa-poluester-4-x-35-x-220cm-must\/","url":"https:\/\/horticom.ee\/e-pood\/toode\/putukavork-uksekardin-festa-poluester-4-x-35-x-220cm-must\/","name":"Putukav\u00f5rk uksekardin Festa pol\u00fcester 4 x 35 x 220cm must","isPartOf":{"@id":"https:\/\/horticom.ee\/e-pood\/#website"},"primaryImageOfPage":{"@id":"https:\/\/horticom.ee\/e-pood\/toode\/putukavork-uksekardin-festa-poluester-4-x-35-x-220cm-must\/#primaryimage"},"image":{"@id":"https:\/\/horticom.ee\/e-pood\/toode\/putukavork-uksekardin-festa-poluester-4-x-35-x-220cm-must\/#primaryimage"},"thumbnailUrl":"https:\/\/horticom.ee\/e-pood\/wp-content\/uploads\/importedmedia\/product-2296390_0-P040076.jpg","datePublished":"2024-09-26T03:00:24+00:00","dateModified":"2026-04-23T00:18:40+00:00","description":"Neljast osast koosnev putukav\u00f5rk-uksekardin, takistab putukate sissetungi. Plastkoormus tagab kiire tagasip\u00f6\u00f6rdumise algasendisse.","breadcrumb":{"@id":"https:\/\/horticom.ee\/e-pood\/toode\/putukavork-uksekardin-festa-poluester-4-x-35-x-220cm-must\/#breadcrumb"},"inLanguage":"et","potentialAction":[{"@type":"ReadAction","target":["https:\/\/horticom.ee\/e-pood\/toode\/putukavork-uksekardin-festa-poluester-4-x-35-x-220cm-must\/"]}]},{"@type":"ImageObject","inLanguage":"et","@id":"https:\/\/horticom.ee\/e-pood\/toode\/putukavork-uksekardin-festa-poluester-4-x-35-x-220cm-must\/#primaryimage","url":"https:\/\/horticom.ee\/e-pood\/wp-content\/uploads\/importedmedia\/product-2296390_0-P040076.jpg","contentUrl":"https:\/\/horticom.ee\/e-pood\/wp-content\/uploads\/importedmedia\/product-2296390_0-P040076.jpg","width":1000,"height":750},{"@type":"BreadcrumbList","@id":"https:\/\/horticom.ee\/e-pood\/toode\/putukavork-uksekardin-festa-poluester-4-x-35-x-220cm-must\/#breadcrumb","itemListElement":[{"@type":"ListItem","position":1,"name":"Home","item":"https:\/\/horticom.ee\/e-pood\/"},{"@type":"ListItem","position":2,"name":"Pood","item":"https:\/\/horticom.ee\/e-pood\/pood\/"},{"@type":"ListItem","position":3,"name":"Putukav\u00f5rk uksekardin Festa pol\u00fcester 4 x 35 x 220cm must"}]},{"@type":"WebSite","@id":"https:\/\/horticom.ee\/e-pood\/#website","url":"https:\/\/horticom.ee\/e-pood\/","name":"Horticom.ee","description":"Aianduskaubad ja kodukaubad nii harrastajatele kui professionaalidele","potentialAction":[{"@type":"SearchAction","target":{"@type":"EntryPoint","urlTemplate":"https:\/\/horticom.ee\/e-pood\/?s={search_term_string}"},"query-input":{"@type":"PropertyValueSpecification","valueRequired":true,"valueName":"search_term_string"}}],"inLanguage":"et"}]}},"_links":{"self":[{"href":"https:\/\/horticom.ee\/e-pood\/wp-json\/wp\/v2\/product\/2296390","targetHints":{"allow":["GET"]}}],"collection":[{"href":"https:\/\/horticom.ee\/e-pood\/wp-json\/wp\/v2\/product"}],"about":[{"href":"https:\/\/horticom.ee\/e-pood\/wp-json\/wp\/v2\/types\/product"}],"replies":[{"embeddable":true,"href":"https:\/\/horticom.ee\/e-pood\/wp-json\/wp\/v2\/comments?post=2296390"}],"wp:featuredmedia":[{"embeddable":true,"href":"https:\/\/horticom.ee\/e-pood\/wp-json\/wp\/v2\/media\/2382552"}],"wp:attachment":[{"href":"https:\/\/horticom.ee\/e-pood\/wp-json\/wp\/v2\/media?parent=2296390"}],"wp:term":[{"taxonomy":"product_cat","embeddable":true,"href":"https:\/\/horticom.ee\/e-pood\/wp-json\/wp\/v2\/product_cat?post=2296390"},{"taxonomy":"product_tag","embeddable":true,"href":"https:\/\/horticom.ee\/e-pood\/wp-json\/wp\/v2\/product_tag?post=2296390"}],"curies":[{"name":"wp","href":"https:\/\/api.w.org\/{rel}","templated":true}]}}