{"id":2296562,"date":"2024-09-27T12:00:25","date_gmt":"2024-09-27T09:00:25","guid":{"rendered":"https:\/\/horticom.ee\/e-pood\/toode\/voolikute-stoppliide-rv-13-16mm\/"},"modified":"2026-04-23T03:15:45","modified_gmt":"2026-04-23T00:15:45","slug":"voolikute-stoppliide-rv-13-16mm","status":"publish","type":"product","link":"https:\/\/horticom.ee\/e-pood\/toode\/voolikute-stoppliide-rv-13-16mm\/","title":{"rendered":"Voolikute stoppliide RV 13-16mm"},"content":{"rendered":"<p>Voolikute stoppliide kummiosaga 13-16mm (1\/2&#8243; &#8211; 5\/8&#8243;) vooliku \u00fchendamiseks pihusti v\u00f5i vihmutiga. Stoppliide peatab automaatselt veejoa voolu liitmiku ja vooliku lahti\u00fchnedamise j\u00e4rel. Sobib kastmispihusti ja vihmuti \u00fchendamiseks vooliku otsa. Liitmiku kummiosa takistab m\u00e4rjal liitmikul s\u00f5rmede libimist vooliku ja stopp-liite lahti\u00fchendamisel.<\/p>\n","protected":false},"excerpt":{"rendered":"<p>Voolikute stoppliide kummiosaga 13-16mm (1\/2&#8243; &#8211; 5\/8&#8243;) vooliku \u00fchendamiseks pihusti v\u00f5i vihmutiga. Stoppliide peatab automaatselt veejoa voolu liitmiku ja vooliku lahti\u00fchnedamise j\u00e4rel. Sobib kastmispihusti ja vihmuti \u00fchendamiseks vooliku otsa. Liitmiku kummiosa takistab m\u00e4rjal liitmikul s\u00f5rmede libimist vooliku ja stopp-liite lahti\u00fchendamisel.<\/p>\n","protected":false},"featured_media":2381566,"comment_status":"closed","ping_status":"closed","template":"","meta":{"_themeisle_gutenberg_block_has_review":false},"product_cat":[18563,13389],"product_tag":[],"class_list":{"0":"post-2296562","1":"product","2":"type-product","3":"status-publish","4":"has-post-thumbnail","6":"product_cat-lopumuugitooted","7":"product_cat-voolikute-uhendused","9":"first","10":"instock","11":"sale","12":"shipping-taxable","13":"purchasable","14":"product-type-simple"},"yoast_head":"<!-- This site is optimized with the Yoast SEO plugin v24.0 - https:\/\/yoast.com\/wordpress\/plugins\/seo\/ -->\n<title>Voolikute stoppliide RV 13-16mm - Horticom<\/title>\n<meta name=\"robots\" content=\"index, follow, max-snippet:-1, max-image-preview:large, max-video-preview:-1\" \/>\n<link rel=\"canonical\" href=\"https:\/\/horticom.ee\/e-pood\/toode\/voolikute-stoppliide-rv-13-16mm\/\" \/>\n<meta property=\"og:locale\" content=\"et_EE\" \/>\n<meta property=\"og:type\" content=\"article\" \/>\n<meta property=\"og:title\" content=\"Voolikute stoppliide RV 13-16mm - Horticom\" \/>\n<meta property=\"og:description\" content=\"Voolikute stoppliide kummiosaga 13-16mm (1\/2&#8243; &#8211; 5\/8&#8243;) vooliku \u00fchendamiseks pihusti v\u00f5i vihmutiga. Stoppliide peatab automaatselt veejoa voolu liitmiku ja vooliku lahti\u00fchnedamise j\u00e4rel. Sobib kastmispihusti ja vihmuti \u00fchendamiseks vooliku otsa. Liitmiku kummiosa takistab m\u00e4rjal liitmikul s\u00f5rmede libimist vooliku ja stopp-liite lahti\u00fchendamisel.\" \/>\n<meta property=\"og:url\" content=\"https:\/\/horticom.ee\/e-pood\/toode\/voolikute-stoppliide-rv-13-16mm\/\" \/>\n<meta property=\"og:site_name\" content=\"Horticom.ee\" \/>\n<meta property=\"article:publisher\" content=\"https:\/\/www.facebook.com\/horticom.ee\/e-pood\" \/>\n<meta property=\"article:modified_time\" content=\"2026-04-23T00:15:45+00:00\" \/>\n<meta property=\"og:image\" content=\"https:\/\/horticom.ee\/e-pood\/wp-content\/uploads\/importedmedia\/product-2296562_0-820007.jpg\" \/>\n\t<meta property=\"og:image:width\" content=\"1000\" \/>\n\t<meta property=\"og:image:height\" content=\"1499\" \/>\n\t<meta property=\"og:image:type\" content=\"image\/jpeg\" \/>\n<meta name=\"twitter:card\" content=\"summary_large_image\" \/>\n<script type=\"application\/ld+json\" class=\"yoast-schema-graph\">{\"@context\":\"https:\/\/schema.org\",\"@graph\":[{\"@type\":\"WebPage\",\"@id\":\"https:\/\/horticom.ee\/e-pood\/toode\/voolikute-stoppliide-rv-13-16mm\/\",\"url\":\"https:\/\/horticom.ee\/e-pood\/toode\/voolikute-stoppliide-rv-13-16mm\/\",\"name\":\"Voolikute stoppliide RV 13-16mm - Horticom\",\"isPartOf\":{\"@id\":\"https:\/\/horticom.ee\/e-pood\/#website\"},\"primaryImageOfPage\":{\"@id\":\"https:\/\/horticom.ee\/e-pood\/toode\/voolikute-stoppliide-rv-13-16mm\/#primaryimage\"},\"image\":{\"@id\":\"https:\/\/horticom.ee\/e-pood\/toode\/voolikute-stoppliide-rv-13-16mm\/#primaryimage\"},\"thumbnailUrl\":\"https:\/\/horticom.ee\/e-pood\/wp-content\/uploads\/importedmedia\/product-2296562_0-820007.jpg\",\"datePublished\":\"2024-09-27T09:00:25+00:00\",\"dateModified\":\"2026-04-23T00:15:45+00:00\",\"breadcrumb\":{\"@id\":\"https:\/\/horticom.ee\/e-pood\/toode\/voolikute-stoppliide-rv-13-16mm\/#breadcrumb\"},\"inLanguage\":\"et\",\"potentialAction\":[{\"@type\":\"ReadAction\",\"target\":[\"https:\/\/horticom.ee\/e-pood\/toode\/voolikute-stoppliide-rv-13-16mm\/\"]}]},{\"@type\":\"ImageObject\",\"inLanguage\":\"et\",\"@id\":\"https:\/\/horticom.ee\/e-pood\/toode\/voolikute-stoppliide-rv-13-16mm\/#primaryimage\",\"url\":\"https:\/\/horticom.ee\/e-pood\/wp-content\/uploads\/importedmedia\/product-2296562_0-820007.jpg\",\"contentUrl\":\"https:\/\/horticom.ee\/e-pood\/wp-content\/uploads\/importedmedia\/product-2296562_0-820007.jpg\",\"width\":1000,\"height\":1499},{\"@type\":\"BreadcrumbList\",\"@id\":\"https:\/\/horticom.ee\/e-pood\/toode\/voolikute-stoppliide-rv-13-16mm\/#breadcrumb\",\"itemListElement\":[{\"@type\":\"ListItem\",\"position\":1,\"name\":\"Home\",\"item\":\"https:\/\/horticom.ee\/e-pood\/\"},{\"@type\":\"ListItem\",\"position\":2,\"name\":\"Pood\",\"item\":\"https:\/\/horticom.ee\/e-pood\/pood\/\"},{\"@type\":\"ListItem\",\"position\":3,\"name\":\"Voolikute stoppliide RV 13-16mm\"}]},{\"@type\":\"WebSite\",\"@id\":\"https:\/\/horticom.ee\/e-pood\/#website\",\"url\":\"https:\/\/horticom.ee\/e-pood\/\",\"name\":\"Horticom.ee\",\"description\":\"Aianduskaubad ja kodukaubad nii harrastajatele kui professionaalidele\",\"potentialAction\":[{\"@type\":\"SearchAction\",\"target\":{\"@type\":\"EntryPoint\",\"urlTemplate\":\"https:\/\/horticom.ee\/e-pood\/?s={search_term_string}\"},\"query-input\":{\"@type\":\"PropertyValueSpecification\",\"valueRequired\":true,\"valueName\":\"search_term_string\"}}],\"inLanguage\":\"et\"}]}<\/script>\n<!-- \/ Yoast SEO plugin. -->","yoast_head_json":{"title":"Voolikute stoppliide RV 13-16mm - Horticom","robots":{"index":"index","follow":"follow","max-snippet":"max-snippet:-1","max-image-preview":"max-image-preview:large","max-video-preview":"max-video-preview:-1"},"canonical":"https:\/\/horticom.ee\/e-pood\/toode\/voolikute-stoppliide-rv-13-16mm\/","og_locale":"et_EE","og_type":"article","og_title":"Voolikute stoppliide RV 13-16mm - Horticom","og_description":"Voolikute stoppliide kummiosaga 13-16mm (1\/2&#8243; &#8211; 5\/8&#8243;) vooliku \u00fchendamiseks pihusti v\u00f5i vihmutiga. Stoppliide peatab automaatselt veejoa voolu liitmiku ja vooliku lahti\u00fchnedamise j\u00e4rel. Sobib kastmispihusti ja vihmuti \u00fchendamiseks vooliku otsa. Liitmiku kummiosa takistab m\u00e4rjal liitmikul s\u00f5rmede libimist vooliku ja stopp-liite lahti\u00fchendamisel.","og_url":"https:\/\/horticom.ee\/e-pood\/toode\/voolikute-stoppliide-rv-13-16mm\/","og_site_name":"Horticom.ee","article_publisher":"https:\/\/www.facebook.com\/horticom.ee\/e-pood","article_modified_time":"2026-04-23T00:15:45+00:00","og_image":[{"width":1000,"height":1499,"url":"https:\/\/horticom.ee\/e-pood\/wp-content\/uploads\/importedmedia\/product-2296562_0-820007.jpg","type":"image\/jpeg"}],"twitter_card":"summary_large_image","schema":{"@context":"https:\/\/schema.org","@graph":[{"@type":"WebPage","@id":"https:\/\/horticom.ee\/e-pood\/toode\/voolikute-stoppliide-rv-13-16mm\/","url":"https:\/\/horticom.ee\/e-pood\/toode\/voolikute-stoppliide-rv-13-16mm\/","name":"Voolikute stoppliide RV 13-16mm - Horticom","isPartOf":{"@id":"https:\/\/horticom.ee\/e-pood\/#website"},"primaryImageOfPage":{"@id":"https:\/\/horticom.ee\/e-pood\/toode\/voolikute-stoppliide-rv-13-16mm\/#primaryimage"},"image":{"@id":"https:\/\/horticom.ee\/e-pood\/toode\/voolikute-stoppliide-rv-13-16mm\/#primaryimage"},"thumbnailUrl":"https:\/\/horticom.ee\/e-pood\/wp-content\/uploads\/importedmedia\/product-2296562_0-820007.jpg","datePublished":"2024-09-27T09:00:25+00:00","dateModified":"2026-04-23T00:15:45+00:00","breadcrumb":{"@id":"https:\/\/horticom.ee\/e-pood\/toode\/voolikute-stoppliide-rv-13-16mm\/#breadcrumb"},"inLanguage":"et","potentialAction":[{"@type":"ReadAction","target":["https:\/\/horticom.ee\/e-pood\/toode\/voolikute-stoppliide-rv-13-16mm\/"]}]},{"@type":"ImageObject","inLanguage":"et","@id":"https:\/\/horticom.ee\/e-pood\/toode\/voolikute-stoppliide-rv-13-16mm\/#primaryimage","url":"https:\/\/horticom.ee\/e-pood\/wp-content\/uploads\/importedmedia\/product-2296562_0-820007.jpg","contentUrl":"https:\/\/horticom.ee\/e-pood\/wp-content\/uploads\/importedmedia\/product-2296562_0-820007.jpg","width":1000,"height":1499},{"@type":"BreadcrumbList","@id":"https:\/\/horticom.ee\/e-pood\/toode\/voolikute-stoppliide-rv-13-16mm\/#breadcrumb","itemListElement":[{"@type":"ListItem","position":1,"name":"Home","item":"https:\/\/horticom.ee\/e-pood\/"},{"@type":"ListItem","position":2,"name":"Pood","item":"https:\/\/horticom.ee\/e-pood\/pood\/"},{"@type":"ListItem","position":3,"name":"Voolikute stoppliide RV 13-16mm"}]},{"@type":"WebSite","@id":"https:\/\/horticom.ee\/e-pood\/#website","url":"https:\/\/horticom.ee\/e-pood\/","name":"Horticom.ee","description":"Aianduskaubad ja kodukaubad nii harrastajatele kui professionaalidele","potentialAction":[{"@type":"SearchAction","target":{"@type":"EntryPoint","urlTemplate":"https:\/\/horticom.ee\/e-pood\/?s={search_term_string}"},"query-input":{"@type":"PropertyValueSpecification","valueRequired":true,"valueName":"search_term_string"}}],"inLanguage":"et"}]}},"_links":{"self":[{"href":"https:\/\/horticom.ee\/e-pood\/wp-json\/wp\/v2\/product\/2296562","targetHints":{"allow":["GET"]}}],"collection":[{"href":"https:\/\/horticom.ee\/e-pood\/wp-json\/wp\/v2\/product"}],"about":[{"href":"https:\/\/horticom.ee\/e-pood\/wp-json\/wp\/v2\/types\/product"}],"replies":[{"embeddable":true,"href":"https:\/\/horticom.ee\/e-pood\/wp-json\/wp\/v2\/comments?post=2296562"}],"wp:featuredmedia":[{"embeddable":true,"href":"https:\/\/horticom.ee\/e-pood\/wp-json\/wp\/v2\/media\/2381566"}],"wp:attachment":[{"href":"https:\/\/horticom.ee\/e-pood\/wp-json\/wp\/v2\/media?parent=2296562"}],"wp:term":[{"taxonomy":"product_cat","embeddable":true,"href":"https:\/\/horticom.ee\/e-pood\/wp-json\/wp\/v2\/product_cat?post=2296562"},{"taxonomy":"product_tag","embeddable":true,"href":"https:\/\/horticom.ee\/e-pood\/wp-json\/wp\/v2\/product_tag?post=2296562"}],"curies":[{"name":"wp","href":"https:\/\/api.w.org\/{rel}","templated":true}]}}