{"id":2298214,"date":"2024-10-11T06:00:36","date_gmt":"2024-10-11T03:00:36","guid":{"rendered":"https:\/\/horticom.ee\/e-pood\/toode\/istutuspott-orhideele-artevasi-madagascar-d-17cm-23l-labipaistev\/"},"modified":"2026-04-21T03:18:00","modified_gmt":"2026-04-21T00:18:00","slug":"istutuspott-orhideele-artevasi-madagascar-d-17cm-23l-labipaistev","status":"publish","type":"product","link":"https:\/\/horticom.ee\/e-pood\/toode\/istutuspott-orhideele-artevasi-madagascar-d-17cm-23l-labipaistev\/","title":{"rendered":"Istutuspott orhideele Artevasi Madagascar d 17cm 2,2L l\u00e4bipaistev"},"content":{"rendered":"<p>Istutuspott orhideele Madagascar To Grow on istutuspott seeriast, mis on spetsiaalselt v\u00e4lja t\u00f6\u00f6tatud orhidee kasvu soodustamiseks. UV kaitsega v\u00e4rvitoonid, sobib kasutamiseks nii sise kui v\u00e4listingimustes, kuna on k\u00fclmakindel. Matt viimistlus. Potile sobib alustaldrik l\u00e4bim\u00f5\u00f5duga 9,5cm.<\/p>\n","protected":false},"excerpt":{"rendered":"<p>Istutuspott orhideele Madagascar To Grow on istutuspott seeriast, mis on spetsiaalselt v\u00e4lja t\u00f6\u00f6tatud orhidee kasvu soodustamiseks. UV kaitsega v\u00e4rvitoonid, sobib kasutamiseks nii sise kui v\u00e4listingimustes, kuna on k\u00fclmakindel. Matt viimistlus. Potile sobib alustaldrik l\u00e4bim\u00f5\u00f5duga 9,5cm.<\/p>\n","protected":false},"featured_media":2466229,"comment_status":"closed","ping_status":"closed","template":"","meta":{"_themeisle_gutenberg_block_has_review":false},"product_cat":[13438],"product_tag":[],"class_list":{"0":"post-2298214","1":"product","2":"type-product","3":"status-publish","4":"has-post-thumbnail","6":"product_cat-orhideepotid-ja-tarvikud","8":"first","9":"instock","10":"shipping-taxable","11":"purchasable","12":"product-type-simple"},"yoast_head":"<!-- This site is optimized with the Yoast SEO plugin v24.0 - https:\/\/yoast.com\/wordpress\/plugins\/seo\/ -->\n<title>Istutuspott orhideele Artevasi Madagascar d 17cm 2,2L l\u00e4bipaistev - Horticom<\/title>\n<meta name=\"robots\" content=\"index, follow, max-snippet:-1, max-image-preview:large, max-video-preview:-1\" \/>\n<link rel=\"canonical\" href=\"https:\/\/horticom.ee\/e-pood\/toode\/istutuspott-orhideele-artevasi-madagascar-d-17cm-23l-labipaistev\/\" \/>\n<meta property=\"og:locale\" content=\"et_EE\" \/>\n<meta property=\"og:type\" content=\"article\" \/>\n<meta property=\"og:title\" content=\"Istutuspott orhideele Artevasi Madagascar d 17cm 2,2L l\u00e4bipaistev - Horticom\" \/>\n<meta property=\"og:description\" content=\"Istutuspott orhideele Madagascar To Grow on istutuspott seeriast, mis on spetsiaalselt v\u00e4lja t\u00f6\u00f6tatud orhidee kasvu soodustamiseks. UV kaitsega v\u00e4rvitoonid, sobib kasutamiseks nii sise kui v\u00e4listingimustes, kuna on k\u00fclmakindel. Matt viimistlus. Potile sobib alustaldrik l\u00e4bim\u00f5\u00f5duga 9,5cm.\" \/>\n<meta property=\"og:url\" content=\"https:\/\/horticom.ee\/e-pood\/toode\/istutuspott-orhideele-artevasi-madagascar-d-17cm-23l-labipaistev\/\" \/>\n<meta property=\"og:site_name\" content=\"Horticom.ee\" \/>\n<meta property=\"article:publisher\" content=\"https:\/\/www.facebook.com\/horticom.ee\/e-pood\" \/>\n<meta property=\"article:modified_time\" content=\"2026-04-21T00:18:00+00:00\" \/>\n<meta property=\"og:image\" content=\"https:\/\/horticom.ee\/e-pood\/wp-content\/uploads\/2024\/10\/5600442822670.jpg\" \/>\n\t<meta property=\"og:image:width\" content=\"1400\" \/>\n\t<meta property=\"og:image:height\" content=\"1600\" \/>\n\t<meta property=\"og:image:type\" content=\"image\/jpeg\" \/>\n<meta name=\"twitter:card\" content=\"summary_large_image\" \/>\n<meta name=\"twitter:label1\" content=\"Est. reading time\" \/>\n\t<meta name=\"twitter:data1\" content=\"1 minut\" \/>\n<script type=\"application\/ld+json\" class=\"yoast-schema-graph\">{\"@context\":\"https:\/\/schema.org\",\"@graph\":[{\"@type\":\"WebPage\",\"@id\":\"https:\/\/horticom.ee\/e-pood\/toode\/istutuspott-orhideele-artevasi-madagascar-d-17cm-23l-labipaistev\/\",\"url\":\"https:\/\/horticom.ee\/e-pood\/toode\/istutuspott-orhideele-artevasi-madagascar-d-17cm-23l-labipaistev\/\",\"name\":\"Istutuspott orhideele Artevasi Madagascar d 17cm 2,2L l\u00e4bipaistev - Horticom\",\"isPartOf\":{\"@id\":\"https:\/\/horticom.ee\/e-pood\/#website\"},\"primaryImageOfPage\":{\"@id\":\"https:\/\/horticom.ee\/e-pood\/toode\/istutuspott-orhideele-artevasi-madagascar-d-17cm-23l-labipaistev\/#primaryimage\"},\"image\":{\"@id\":\"https:\/\/horticom.ee\/e-pood\/toode\/istutuspott-orhideele-artevasi-madagascar-d-17cm-23l-labipaistev\/#primaryimage\"},\"thumbnailUrl\":\"https:\/\/horticom.ee\/e-pood\/wp-content\/uploads\/2024\/10\/5600442822670.jpg\",\"datePublished\":\"2024-10-11T03:00:36+00:00\",\"dateModified\":\"2026-04-21T00:18:00+00:00\",\"breadcrumb\":{\"@id\":\"https:\/\/horticom.ee\/e-pood\/toode\/istutuspott-orhideele-artevasi-madagascar-d-17cm-23l-labipaistev\/#breadcrumb\"},\"inLanguage\":\"et\",\"potentialAction\":[{\"@type\":\"ReadAction\",\"target\":[\"https:\/\/horticom.ee\/e-pood\/toode\/istutuspott-orhideele-artevasi-madagascar-d-17cm-23l-labipaistev\/\"]}]},{\"@type\":\"ImageObject\",\"inLanguage\":\"et\",\"@id\":\"https:\/\/horticom.ee\/e-pood\/toode\/istutuspott-orhideele-artevasi-madagascar-d-17cm-23l-labipaistev\/#primaryimage\",\"url\":\"https:\/\/horticom.ee\/e-pood\/wp-content\/uploads\/2024\/10\/5600442822670.jpg\",\"contentUrl\":\"https:\/\/horticom.ee\/e-pood\/wp-content\/uploads\/2024\/10\/5600442822670.jpg\",\"width\":1400,\"height\":1600},{\"@type\":\"BreadcrumbList\",\"@id\":\"https:\/\/horticom.ee\/e-pood\/toode\/istutuspott-orhideele-artevasi-madagascar-d-17cm-23l-labipaistev\/#breadcrumb\",\"itemListElement\":[{\"@type\":\"ListItem\",\"position\":1,\"name\":\"Home\",\"item\":\"https:\/\/horticom.ee\/e-pood\/\"},{\"@type\":\"ListItem\",\"position\":2,\"name\":\"Pood\",\"item\":\"https:\/\/horticom.ee\/e-pood\/pood\/\"},{\"@type\":\"ListItem\",\"position\":3,\"name\":\"Istutuspott orhideele Artevasi Madagascar d 17cm 2,2L l\u00e4bipaistev\"}]},{\"@type\":\"WebSite\",\"@id\":\"https:\/\/horticom.ee\/e-pood\/#website\",\"url\":\"https:\/\/horticom.ee\/e-pood\/\",\"name\":\"Horticom.ee\",\"description\":\"Aianduskaubad ja kodukaubad nii harrastajatele kui professionaalidele\",\"potentialAction\":[{\"@type\":\"SearchAction\",\"target\":{\"@type\":\"EntryPoint\",\"urlTemplate\":\"https:\/\/horticom.ee\/e-pood\/?s={search_term_string}\"},\"query-input\":{\"@type\":\"PropertyValueSpecification\",\"valueRequired\":true,\"valueName\":\"search_term_string\"}}],\"inLanguage\":\"et\"}]}<\/script>\n<!-- \/ Yoast SEO plugin. -->","yoast_head_json":{"title":"Istutuspott orhideele Artevasi Madagascar d 17cm 2,2L l\u00e4bipaistev - Horticom","robots":{"index":"index","follow":"follow","max-snippet":"max-snippet:-1","max-image-preview":"max-image-preview:large","max-video-preview":"max-video-preview:-1"},"canonical":"https:\/\/horticom.ee\/e-pood\/toode\/istutuspott-orhideele-artevasi-madagascar-d-17cm-23l-labipaistev\/","og_locale":"et_EE","og_type":"article","og_title":"Istutuspott orhideele Artevasi Madagascar d 17cm 2,2L l\u00e4bipaistev - Horticom","og_description":"Istutuspott orhideele Madagascar To Grow on istutuspott seeriast, mis on spetsiaalselt v\u00e4lja t\u00f6\u00f6tatud orhidee kasvu soodustamiseks. UV kaitsega v\u00e4rvitoonid, sobib kasutamiseks nii sise kui v\u00e4listingimustes, kuna on k\u00fclmakindel. Matt viimistlus. Potile sobib alustaldrik l\u00e4bim\u00f5\u00f5duga 9,5cm.","og_url":"https:\/\/horticom.ee\/e-pood\/toode\/istutuspott-orhideele-artevasi-madagascar-d-17cm-23l-labipaistev\/","og_site_name":"Horticom.ee","article_publisher":"https:\/\/www.facebook.com\/horticom.ee\/e-pood","article_modified_time":"2026-04-21T00:18:00+00:00","og_image":[{"width":1400,"height":1600,"url":"https:\/\/horticom.ee\/e-pood\/wp-content\/uploads\/2024\/10\/5600442822670.jpg","type":"image\/jpeg"}],"twitter_card":"summary_large_image","twitter_misc":{"Est. reading time":"1 minut"},"schema":{"@context":"https:\/\/schema.org","@graph":[{"@type":"WebPage","@id":"https:\/\/horticom.ee\/e-pood\/toode\/istutuspott-orhideele-artevasi-madagascar-d-17cm-23l-labipaistev\/","url":"https:\/\/horticom.ee\/e-pood\/toode\/istutuspott-orhideele-artevasi-madagascar-d-17cm-23l-labipaistev\/","name":"Istutuspott orhideele Artevasi Madagascar d 17cm 2,2L l\u00e4bipaistev - Horticom","isPartOf":{"@id":"https:\/\/horticom.ee\/e-pood\/#website"},"primaryImageOfPage":{"@id":"https:\/\/horticom.ee\/e-pood\/toode\/istutuspott-orhideele-artevasi-madagascar-d-17cm-23l-labipaistev\/#primaryimage"},"image":{"@id":"https:\/\/horticom.ee\/e-pood\/toode\/istutuspott-orhideele-artevasi-madagascar-d-17cm-23l-labipaistev\/#primaryimage"},"thumbnailUrl":"https:\/\/horticom.ee\/e-pood\/wp-content\/uploads\/2024\/10\/5600442822670.jpg","datePublished":"2024-10-11T03:00:36+00:00","dateModified":"2026-04-21T00:18:00+00:00","breadcrumb":{"@id":"https:\/\/horticom.ee\/e-pood\/toode\/istutuspott-orhideele-artevasi-madagascar-d-17cm-23l-labipaistev\/#breadcrumb"},"inLanguage":"et","potentialAction":[{"@type":"ReadAction","target":["https:\/\/horticom.ee\/e-pood\/toode\/istutuspott-orhideele-artevasi-madagascar-d-17cm-23l-labipaistev\/"]}]},{"@type":"ImageObject","inLanguage":"et","@id":"https:\/\/horticom.ee\/e-pood\/toode\/istutuspott-orhideele-artevasi-madagascar-d-17cm-23l-labipaistev\/#primaryimage","url":"https:\/\/horticom.ee\/e-pood\/wp-content\/uploads\/2024\/10\/5600442822670.jpg","contentUrl":"https:\/\/horticom.ee\/e-pood\/wp-content\/uploads\/2024\/10\/5600442822670.jpg","width":1400,"height":1600},{"@type":"BreadcrumbList","@id":"https:\/\/horticom.ee\/e-pood\/toode\/istutuspott-orhideele-artevasi-madagascar-d-17cm-23l-labipaistev\/#breadcrumb","itemListElement":[{"@type":"ListItem","position":1,"name":"Home","item":"https:\/\/horticom.ee\/e-pood\/"},{"@type":"ListItem","position":2,"name":"Pood","item":"https:\/\/horticom.ee\/e-pood\/pood\/"},{"@type":"ListItem","position":3,"name":"Istutuspott orhideele Artevasi Madagascar d 17cm 2,2L l\u00e4bipaistev"}]},{"@type":"WebSite","@id":"https:\/\/horticom.ee\/e-pood\/#website","url":"https:\/\/horticom.ee\/e-pood\/","name":"Horticom.ee","description":"Aianduskaubad ja kodukaubad nii harrastajatele kui professionaalidele","potentialAction":[{"@type":"SearchAction","target":{"@type":"EntryPoint","urlTemplate":"https:\/\/horticom.ee\/e-pood\/?s={search_term_string}"},"query-input":{"@type":"PropertyValueSpecification","valueRequired":true,"valueName":"search_term_string"}}],"inLanguage":"et"}]}},"_links":{"self":[{"href":"https:\/\/horticom.ee\/e-pood\/wp-json\/wp\/v2\/product\/2298214","targetHints":{"allow":["GET"]}}],"collection":[{"href":"https:\/\/horticom.ee\/e-pood\/wp-json\/wp\/v2\/product"}],"about":[{"href":"https:\/\/horticom.ee\/e-pood\/wp-json\/wp\/v2\/types\/product"}],"replies":[{"embeddable":true,"href":"https:\/\/horticom.ee\/e-pood\/wp-json\/wp\/v2\/comments?post=2298214"}],"wp:featuredmedia":[{"embeddable":true,"href":"https:\/\/horticom.ee\/e-pood\/wp-json\/wp\/v2\/media\/2466229"}],"wp:attachment":[{"href":"https:\/\/horticom.ee\/e-pood\/wp-json\/wp\/v2\/media?parent=2298214"}],"wp:term":[{"taxonomy":"product_cat","embeddable":true,"href":"https:\/\/horticom.ee\/e-pood\/wp-json\/wp\/v2\/product_cat?post=2298214"},{"taxonomy":"product_tag","embeddable":true,"href":"https:\/\/horticom.ee\/e-pood\/wp-json\/wp\/v2\/product_tag?post=2298214"}],"curies":[{"name":"wp","href":"https:\/\/api.w.org\/{rel}","templated":true}]}}