{"id":2298256,"date":"2024-10-11T06:00:44","date_gmt":"2024-10-11T03:00:44","guid":{"rendered":"https:\/\/horticom.ee\/e-pood\/toode\/kastmissusteem-artevasi-hydrum-istutusnousse\/"},"modified":"2026-04-30T03:11:35","modified_gmt":"2026-04-30T00:11:35","slug":"kastmissusteem-artevasi-hydrum-istutusnousse","status":"publish","type":"product","link":"https:\/\/horticom.ee\/e-pood\/toode\/kastmissusteem-artevasi-hydrum-istutusnousse\/","title":{"rendered":"Kastmiss\u00fcsteem Artevasi Hydrum istutusn\u00f5usse"},"content":{"rendered":"<p>Kastmiss\u00fcsteem Artevasi Hydrum on isekastmiss\u00fcsteem veetaseme indikaatoriga, mis reguleerib mulla niiskust. Kohandatav pottidele alates l\u00e4bim\u00f5\u00f5dust 28cm ja taimekastidele alates pikkusest 50cm. Kohandub \u00fcmmarguse, ruudukujulise v\u00f5i ristk\u00fclikukujulise istutuspotiga. Pikkus 66cm, k\u00f5rgus max 15cm, diameeter 5cm.<\/p>\n","protected":false},"excerpt":{"rendered":"<p>Kastmiss\u00fcsteem Artevasi Hydrum on isekastmiss\u00fcsteem veetaseme indikaatoriga, mis reguleerib mulla niiskust. Kohandatav pottidele alates l\u00e4bim\u00f5\u00f5dust 28cm ja taimekastidele alates pikkusest 50cm. Kohandub \u00fcmmarguse, ruudukujulise v\u00f5i ristk\u00fclikukujulise istutuspotiga. Pikkus 66cm, k\u00f5rgus max 15cm, diameeter 5cm.<\/p>\n","protected":false},"featured_media":2391699,"comment_status":"closed","ping_status":"closed","template":"","meta":{"_themeisle_gutenberg_block_has_review":false},"product_cat":[15864,13388],"product_tag":[],"class_list":{"0":"post-2298256","1":"product","2":"type-product","3":"status-publish","4":"has-post-thumbnail","6":"product_cat-mulla-niisutajad","7":"product_cat-altkastmine","9":"first","10":"instock","11":"shipping-taxable","12":"purchasable","13":"product-type-simple"},"yoast_head":"<!-- This site is optimized with the Yoast SEO plugin v24.0 - https:\/\/yoast.com\/wordpress\/plugins\/seo\/ -->\n<title>Kastmiss\u00fcsteem Artevasi Hydrum istutusn\u00f5usse - Horticom<\/title>\n<meta name=\"robots\" content=\"index, follow, max-snippet:-1, max-image-preview:large, max-video-preview:-1\" \/>\n<link rel=\"canonical\" href=\"https:\/\/horticom.ee\/e-pood\/toode\/kastmissusteem-artevasi-hydrum-istutusnousse\/\" \/>\n<meta property=\"og:locale\" content=\"et_EE\" \/>\n<meta property=\"og:type\" content=\"article\" \/>\n<meta property=\"og:title\" content=\"Kastmiss\u00fcsteem Artevasi Hydrum istutusn\u00f5usse - Horticom\" \/>\n<meta property=\"og:description\" content=\"Kastmiss\u00fcsteem Artevasi Hydrum on isekastmiss\u00fcsteem veetaseme indikaatoriga, mis reguleerib mulla niiskust. Kohandatav pottidele alates l\u00e4bim\u00f5\u00f5dust 28cm ja taimekastidele alates pikkusest 50cm. Kohandub \u00fcmmarguse, ruudukujulise v\u00f5i ristk\u00fclikukujulise istutuspotiga. Pikkus 66cm, k\u00f5rgus max 15cm, diameeter 5cm.\" \/>\n<meta property=\"og:url\" content=\"https:\/\/horticom.ee\/e-pood\/toode\/kastmissusteem-artevasi-hydrum-istutusnousse\/\" \/>\n<meta property=\"og:site_name\" content=\"Horticom.ee\" \/>\n<meta property=\"article:publisher\" content=\"https:\/\/www.facebook.com\/horticom.ee\/e-pood\" \/>\n<meta property=\"article:modified_time\" content=\"2026-04-30T00:11:35+00:00\" \/>\n<meta property=\"og:image\" content=\"https:\/\/horticom.ee\/e-pood\/wp-content\/uploads\/2024\/10\/5600442826777-scaled.jpg\" \/>\n\t<meta property=\"og:image:width\" content=\"2560\" \/>\n\t<meta property=\"og:image:height\" content=\"1336\" \/>\n\t<meta property=\"og:image:type\" content=\"image\/jpeg\" \/>\n<meta name=\"twitter:card\" content=\"summary_large_image\" \/>\n<meta name=\"twitter:label1\" content=\"Est. reading time\" \/>\n\t<meta name=\"twitter:data1\" content=\"1 minut\" \/>\n<script type=\"application\/ld+json\" class=\"yoast-schema-graph\">{\"@context\":\"https:\/\/schema.org\",\"@graph\":[{\"@type\":\"WebPage\",\"@id\":\"https:\/\/horticom.ee\/e-pood\/toode\/kastmissusteem-artevasi-hydrum-istutusnousse\/\",\"url\":\"https:\/\/horticom.ee\/e-pood\/toode\/kastmissusteem-artevasi-hydrum-istutusnousse\/\",\"name\":\"Kastmiss\u00fcsteem Artevasi Hydrum istutusn\u00f5usse - Horticom\",\"isPartOf\":{\"@id\":\"https:\/\/horticom.ee\/e-pood\/#website\"},\"primaryImageOfPage\":{\"@id\":\"https:\/\/horticom.ee\/e-pood\/toode\/kastmissusteem-artevasi-hydrum-istutusnousse\/#primaryimage\"},\"image\":{\"@id\":\"https:\/\/horticom.ee\/e-pood\/toode\/kastmissusteem-artevasi-hydrum-istutusnousse\/#primaryimage\"},\"thumbnailUrl\":\"https:\/\/horticom.ee\/e-pood\/wp-content\/uploads\/2024\/10\/5600442826777-scaled.jpg\",\"datePublished\":\"2024-10-11T03:00:44+00:00\",\"dateModified\":\"2026-04-30T00:11:35+00:00\",\"breadcrumb\":{\"@id\":\"https:\/\/horticom.ee\/e-pood\/toode\/kastmissusteem-artevasi-hydrum-istutusnousse\/#breadcrumb\"},\"inLanguage\":\"et\",\"potentialAction\":[{\"@type\":\"ReadAction\",\"target\":[\"https:\/\/horticom.ee\/e-pood\/toode\/kastmissusteem-artevasi-hydrum-istutusnousse\/\"]}]},{\"@type\":\"ImageObject\",\"inLanguage\":\"et\",\"@id\":\"https:\/\/horticom.ee\/e-pood\/toode\/kastmissusteem-artevasi-hydrum-istutusnousse\/#primaryimage\",\"url\":\"https:\/\/horticom.ee\/e-pood\/wp-content\/uploads\/2024\/10\/5600442826777-scaled.jpg\",\"contentUrl\":\"https:\/\/horticom.ee\/e-pood\/wp-content\/uploads\/2024\/10\/5600442826777-scaled.jpg\",\"width\":2560,\"height\":1336},{\"@type\":\"BreadcrumbList\",\"@id\":\"https:\/\/horticom.ee\/e-pood\/toode\/kastmissusteem-artevasi-hydrum-istutusnousse\/#breadcrumb\",\"itemListElement\":[{\"@type\":\"ListItem\",\"position\":1,\"name\":\"Home\",\"item\":\"https:\/\/horticom.ee\/e-pood\/\"},{\"@type\":\"ListItem\",\"position\":2,\"name\":\"Pood\",\"item\":\"https:\/\/horticom.ee\/e-pood\/pood\/\"},{\"@type\":\"ListItem\",\"position\":3,\"name\":\"Kastmiss\u00fcsteem Artevasi Hydrum istutusn\u00f5usse\"}]},{\"@type\":\"WebSite\",\"@id\":\"https:\/\/horticom.ee\/e-pood\/#website\",\"url\":\"https:\/\/horticom.ee\/e-pood\/\",\"name\":\"Horticom.ee\",\"description\":\"Aianduskaubad ja kodukaubad nii harrastajatele kui professionaalidele\",\"potentialAction\":[{\"@type\":\"SearchAction\",\"target\":{\"@type\":\"EntryPoint\",\"urlTemplate\":\"https:\/\/horticom.ee\/e-pood\/?s={search_term_string}\"},\"query-input\":{\"@type\":\"PropertyValueSpecification\",\"valueRequired\":true,\"valueName\":\"search_term_string\"}}],\"inLanguage\":\"et\"}]}<\/script>\n<!-- \/ Yoast SEO plugin. -->","yoast_head_json":{"title":"Kastmiss\u00fcsteem Artevasi Hydrum istutusn\u00f5usse - Horticom","robots":{"index":"index","follow":"follow","max-snippet":"max-snippet:-1","max-image-preview":"max-image-preview:large","max-video-preview":"max-video-preview:-1"},"canonical":"https:\/\/horticom.ee\/e-pood\/toode\/kastmissusteem-artevasi-hydrum-istutusnousse\/","og_locale":"et_EE","og_type":"article","og_title":"Kastmiss\u00fcsteem Artevasi Hydrum istutusn\u00f5usse - Horticom","og_description":"Kastmiss\u00fcsteem Artevasi Hydrum on isekastmiss\u00fcsteem veetaseme indikaatoriga, mis reguleerib mulla niiskust. Kohandatav pottidele alates l\u00e4bim\u00f5\u00f5dust 28cm ja taimekastidele alates pikkusest 50cm. Kohandub \u00fcmmarguse, ruudukujulise v\u00f5i ristk\u00fclikukujulise istutuspotiga. Pikkus 66cm, k\u00f5rgus max 15cm, diameeter 5cm.","og_url":"https:\/\/horticom.ee\/e-pood\/toode\/kastmissusteem-artevasi-hydrum-istutusnousse\/","og_site_name":"Horticom.ee","article_publisher":"https:\/\/www.facebook.com\/horticom.ee\/e-pood","article_modified_time":"2026-04-30T00:11:35+00:00","og_image":[{"width":2560,"height":1336,"url":"https:\/\/horticom.ee\/e-pood\/wp-content\/uploads\/2024\/10\/5600442826777-scaled.jpg","type":"image\/jpeg"}],"twitter_card":"summary_large_image","twitter_misc":{"Est. reading time":"1 minut"},"schema":{"@context":"https:\/\/schema.org","@graph":[{"@type":"WebPage","@id":"https:\/\/horticom.ee\/e-pood\/toode\/kastmissusteem-artevasi-hydrum-istutusnousse\/","url":"https:\/\/horticom.ee\/e-pood\/toode\/kastmissusteem-artevasi-hydrum-istutusnousse\/","name":"Kastmiss\u00fcsteem Artevasi Hydrum istutusn\u00f5usse - Horticom","isPartOf":{"@id":"https:\/\/horticom.ee\/e-pood\/#website"},"primaryImageOfPage":{"@id":"https:\/\/horticom.ee\/e-pood\/toode\/kastmissusteem-artevasi-hydrum-istutusnousse\/#primaryimage"},"image":{"@id":"https:\/\/horticom.ee\/e-pood\/toode\/kastmissusteem-artevasi-hydrum-istutusnousse\/#primaryimage"},"thumbnailUrl":"https:\/\/horticom.ee\/e-pood\/wp-content\/uploads\/2024\/10\/5600442826777-scaled.jpg","datePublished":"2024-10-11T03:00:44+00:00","dateModified":"2026-04-30T00:11:35+00:00","breadcrumb":{"@id":"https:\/\/horticom.ee\/e-pood\/toode\/kastmissusteem-artevasi-hydrum-istutusnousse\/#breadcrumb"},"inLanguage":"et","potentialAction":[{"@type":"ReadAction","target":["https:\/\/horticom.ee\/e-pood\/toode\/kastmissusteem-artevasi-hydrum-istutusnousse\/"]}]},{"@type":"ImageObject","inLanguage":"et","@id":"https:\/\/horticom.ee\/e-pood\/toode\/kastmissusteem-artevasi-hydrum-istutusnousse\/#primaryimage","url":"https:\/\/horticom.ee\/e-pood\/wp-content\/uploads\/2024\/10\/5600442826777-scaled.jpg","contentUrl":"https:\/\/horticom.ee\/e-pood\/wp-content\/uploads\/2024\/10\/5600442826777-scaled.jpg","width":2560,"height":1336},{"@type":"BreadcrumbList","@id":"https:\/\/horticom.ee\/e-pood\/toode\/kastmissusteem-artevasi-hydrum-istutusnousse\/#breadcrumb","itemListElement":[{"@type":"ListItem","position":1,"name":"Home","item":"https:\/\/horticom.ee\/e-pood\/"},{"@type":"ListItem","position":2,"name":"Pood","item":"https:\/\/horticom.ee\/e-pood\/pood\/"},{"@type":"ListItem","position":3,"name":"Kastmiss\u00fcsteem Artevasi Hydrum istutusn\u00f5usse"}]},{"@type":"WebSite","@id":"https:\/\/horticom.ee\/e-pood\/#website","url":"https:\/\/horticom.ee\/e-pood\/","name":"Horticom.ee","description":"Aianduskaubad ja kodukaubad nii harrastajatele kui professionaalidele","potentialAction":[{"@type":"SearchAction","target":{"@type":"EntryPoint","urlTemplate":"https:\/\/horticom.ee\/e-pood\/?s={search_term_string}"},"query-input":{"@type":"PropertyValueSpecification","valueRequired":true,"valueName":"search_term_string"}}],"inLanguage":"et"}]}},"_links":{"self":[{"href":"https:\/\/horticom.ee\/e-pood\/wp-json\/wp\/v2\/product\/2298256","targetHints":{"allow":["GET"]}}],"collection":[{"href":"https:\/\/horticom.ee\/e-pood\/wp-json\/wp\/v2\/product"}],"about":[{"href":"https:\/\/horticom.ee\/e-pood\/wp-json\/wp\/v2\/types\/product"}],"replies":[{"embeddable":true,"href":"https:\/\/horticom.ee\/e-pood\/wp-json\/wp\/v2\/comments?post=2298256"}],"wp:featuredmedia":[{"embeddable":true,"href":"https:\/\/horticom.ee\/e-pood\/wp-json\/wp\/v2\/media\/2391699"}],"wp:attachment":[{"href":"https:\/\/horticom.ee\/e-pood\/wp-json\/wp\/v2\/media?parent=2298256"}],"wp:term":[{"taxonomy":"product_cat","embeddable":true,"href":"https:\/\/horticom.ee\/e-pood\/wp-json\/wp\/v2\/product_cat?post=2298256"},{"taxonomy":"product_tag","embeddable":true,"href":"https:\/\/horticom.ee\/e-pood\/wp-json\/wp\/v2\/product_tag?post=2298256"}],"curies":[{"name":"wp","href":"https:\/\/api.w.org\/{rel}","templated":true}]}}