{"id":2298290,"date":"2024-10-11T06:00:50","date_gmt":"2024-10-11T03:00:50","guid":{"rendered":"https:\/\/horticom.ee\/e-pood\/toode\/rodukasti-komplekt-artevasi-venezia-l-60cm-18l-terrakota\/"},"modified":"2026-04-24T03:13:36","modified_gmt":"2026-04-24T00:13:36","slug":"rodukasti-komplekt-artevasi-venezia-l-60cm-18l-terrakota","status":"publish","type":"product","link":"https:\/\/horticom.ee\/e-pood\/toode\/rodukasti-komplekt-artevasi-venezia-l-60cm-18l-terrakota\/","title":{"rendered":"R\u00f5dukasti komplekt Artevasi Venezia L 60cm 18L terrakota"},"content":{"rendered":"<p>R\u00f5dukasti komplekt Artevasi Venezia on Veneetsia stiilist inspireeritud kergelt \u00fcmardatud nurkadega ning suurema mahuga r\u00f5dukast koos aluse ning metallist kinnitusraamiga. Toodetud taaskasutatud materjalidest ning on ise samuti taask\u00e4ideldav.  Materjal k\u00fclmakindel ning UV-kaitsega, seega kasutatav nii sise- kui v\u00e4listingimustes.<\/p>\n","protected":false},"excerpt":{"rendered":"<p>R\u00f5dukasti komplekt Artevasi Venezia on Veneetsia stiilist inspireeritud kergelt \u00fcmardatud nurkadega ning suurema mahuga r\u00f5dukast koos aluse ning metallist kinnitusraamiga. Toodetud taaskasutatud materjalidest ning on ise samuti taask\u00e4ideldav. Materjal k\u00fclmakindel ning UV-kaitsega, seega kasutatav nii sise- kui v\u00e4listingimustes.<\/p>\n","protected":false},"featured_media":2380644,"comment_status":"closed","ping_status":"closed","template":"","meta":{"_themeisle_gutenberg_block_has_review":false},"product_cat":[13444],"product_tag":[],"class_list":{"0":"post-2298290","1":"product","2":"type-product","3":"status-publish","4":"has-post-thumbnail","6":"product_cat-rodukastid","8":"first","9":"instock","10":"shipping-taxable","11":"purchasable","12":"product-type-simple"},"yoast_head":"<!-- This site is optimized with the Yoast SEO plugin v24.0 - https:\/\/yoast.com\/wordpress\/plugins\/seo\/ -->\n<title>R\u00f5dukasti komplekt Artevasi Venezia L 60cm 18L terrakota - Horticom<\/title>\n<meta name=\"robots\" content=\"index, follow, max-snippet:-1, max-image-preview:large, max-video-preview:-1\" \/>\n<link rel=\"canonical\" href=\"https:\/\/horticom.ee\/e-pood\/toode\/rodukasti-komplekt-artevasi-venezia-l-60cm-18l-terrakota\/\" \/>\n<meta property=\"og:locale\" content=\"et_EE\" \/>\n<meta property=\"og:type\" content=\"article\" \/>\n<meta property=\"og:title\" content=\"R\u00f5dukasti komplekt Artevasi Venezia L 60cm 18L terrakota - Horticom\" \/>\n<meta property=\"og:description\" content=\"R\u00f5dukasti komplekt Artevasi Venezia on Veneetsia stiilist inspireeritud kergelt \u00fcmardatud nurkadega ning suurema mahuga r\u00f5dukast koos aluse ning metallist kinnitusraamiga. Toodetud taaskasutatud materjalidest ning on ise samuti taask\u00e4ideldav. Materjal k\u00fclmakindel ning UV-kaitsega, seega kasutatav nii sise- kui v\u00e4listingimustes.\" \/>\n<meta property=\"og:url\" content=\"https:\/\/horticom.ee\/e-pood\/toode\/rodukasti-komplekt-artevasi-venezia-l-60cm-18l-terrakota\/\" \/>\n<meta property=\"og:site_name\" content=\"Horticom.ee\" \/>\n<meta property=\"article:publisher\" content=\"https:\/\/www.facebook.com\/horticom.ee\/e-pood\" \/>\n<meta property=\"article:modified_time\" content=\"2026-04-24T00:13:36+00:00\" \/>\n<meta property=\"og:image\" content=\"https:\/\/horticom.ee\/e-pood\/wp-content\/uploads\/importedmedia\/product-2298290_0-532825695.jpg\" \/>\n\t<meta property=\"og:image:width\" content=\"999\" \/>\n\t<meta property=\"og:image:height\" content=\"1142\" \/>\n\t<meta property=\"og:image:type\" content=\"image\/jpeg\" \/>\n<meta name=\"twitter:card\" content=\"summary_large_image\" \/>\n<script type=\"application\/ld+json\" class=\"yoast-schema-graph\">{\"@context\":\"https:\/\/schema.org\",\"@graph\":[{\"@type\":\"WebPage\",\"@id\":\"https:\/\/horticom.ee\/e-pood\/toode\/rodukasti-komplekt-artevasi-venezia-l-60cm-18l-terrakota\/\",\"url\":\"https:\/\/horticom.ee\/e-pood\/toode\/rodukasti-komplekt-artevasi-venezia-l-60cm-18l-terrakota\/\",\"name\":\"R\u00f5dukasti komplekt Artevasi Venezia L 60cm 18L terrakota - Horticom\",\"isPartOf\":{\"@id\":\"https:\/\/horticom.ee\/e-pood\/#website\"},\"primaryImageOfPage\":{\"@id\":\"https:\/\/horticom.ee\/e-pood\/toode\/rodukasti-komplekt-artevasi-venezia-l-60cm-18l-terrakota\/#primaryimage\"},\"image\":{\"@id\":\"https:\/\/horticom.ee\/e-pood\/toode\/rodukasti-komplekt-artevasi-venezia-l-60cm-18l-terrakota\/#primaryimage\"},\"thumbnailUrl\":\"https:\/\/horticom.ee\/e-pood\/wp-content\/uploads\/importedmedia\/product-2298290_0-532825695.jpg\",\"datePublished\":\"2024-10-11T03:00:50+00:00\",\"dateModified\":\"2026-04-24T00:13:36+00:00\",\"breadcrumb\":{\"@id\":\"https:\/\/horticom.ee\/e-pood\/toode\/rodukasti-komplekt-artevasi-venezia-l-60cm-18l-terrakota\/#breadcrumb\"},\"inLanguage\":\"et\",\"potentialAction\":[{\"@type\":\"ReadAction\",\"target\":[\"https:\/\/horticom.ee\/e-pood\/toode\/rodukasti-komplekt-artevasi-venezia-l-60cm-18l-terrakota\/\"]}]},{\"@type\":\"ImageObject\",\"inLanguage\":\"et\",\"@id\":\"https:\/\/horticom.ee\/e-pood\/toode\/rodukasti-komplekt-artevasi-venezia-l-60cm-18l-terrakota\/#primaryimage\",\"url\":\"https:\/\/horticom.ee\/e-pood\/wp-content\/uploads\/importedmedia\/product-2298290_0-532825695.jpg\",\"contentUrl\":\"https:\/\/horticom.ee\/e-pood\/wp-content\/uploads\/importedmedia\/product-2298290_0-532825695.jpg\",\"width\":999,\"height\":1142},{\"@type\":\"BreadcrumbList\",\"@id\":\"https:\/\/horticom.ee\/e-pood\/toode\/rodukasti-komplekt-artevasi-venezia-l-60cm-18l-terrakota\/#breadcrumb\",\"itemListElement\":[{\"@type\":\"ListItem\",\"position\":1,\"name\":\"Home\",\"item\":\"https:\/\/horticom.ee\/e-pood\/\"},{\"@type\":\"ListItem\",\"position\":2,\"name\":\"Pood\",\"item\":\"https:\/\/horticom.ee\/e-pood\/pood\/\"},{\"@type\":\"ListItem\",\"position\":3,\"name\":\"R\u00f5dukasti komplekt Artevasi Venezia L 60cm 18L terrakota\"}]},{\"@type\":\"WebSite\",\"@id\":\"https:\/\/horticom.ee\/e-pood\/#website\",\"url\":\"https:\/\/horticom.ee\/e-pood\/\",\"name\":\"Horticom.ee\",\"description\":\"Aianduskaubad ja kodukaubad nii harrastajatele kui professionaalidele\",\"potentialAction\":[{\"@type\":\"SearchAction\",\"target\":{\"@type\":\"EntryPoint\",\"urlTemplate\":\"https:\/\/horticom.ee\/e-pood\/?s={search_term_string}\"},\"query-input\":{\"@type\":\"PropertyValueSpecification\",\"valueRequired\":true,\"valueName\":\"search_term_string\"}}],\"inLanguage\":\"et\"}]}<\/script>\n<!-- \/ Yoast SEO plugin. -->","yoast_head_json":{"title":"R\u00f5dukasti komplekt Artevasi Venezia L 60cm 18L terrakota - Horticom","robots":{"index":"index","follow":"follow","max-snippet":"max-snippet:-1","max-image-preview":"max-image-preview:large","max-video-preview":"max-video-preview:-1"},"canonical":"https:\/\/horticom.ee\/e-pood\/toode\/rodukasti-komplekt-artevasi-venezia-l-60cm-18l-terrakota\/","og_locale":"et_EE","og_type":"article","og_title":"R\u00f5dukasti komplekt Artevasi Venezia L 60cm 18L terrakota - Horticom","og_description":"R\u00f5dukasti komplekt Artevasi Venezia on Veneetsia stiilist inspireeritud kergelt \u00fcmardatud nurkadega ning suurema mahuga r\u00f5dukast koos aluse ning metallist kinnitusraamiga. Toodetud taaskasutatud materjalidest ning on ise samuti taask\u00e4ideldav. Materjal k\u00fclmakindel ning UV-kaitsega, seega kasutatav nii sise- kui v\u00e4listingimustes.","og_url":"https:\/\/horticom.ee\/e-pood\/toode\/rodukasti-komplekt-artevasi-venezia-l-60cm-18l-terrakota\/","og_site_name":"Horticom.ee","article_publisher":"https:\/\/www.facebook.com\/horticom.ee\/e-pood","article_modified_time":"2026-04-24T00:13:36+00:00","og_image":[{"width":999,"height":1142,"url":"https:\/\/horticom.ee\/e-pood\/wp-content\/uploads\/importedmedia\/product-2298290_0-532825695.jpg","type":"image\/jpeg"}],"twitter_card":"summary_large_image","schema":{"@context":"https:\/\/schema.org","@graph":[{"@type":"WebPage","@id":"https:\/\/horticom.ee\/e-pood\/toode\/rodukasti-komplekt-artevasi-venezia-l-60cm-18l-terrakota\/","url":"https:\/\/horticom.ee\/e-pood\/toode\/rodukasti-komplekt-artevasi-venezia-l-60cm-18l-terrakota\/","name":"R\u00f5dukasti komplekt Artevasi Venezia L 60cm 18L terrakota - Horticom","isPartOf":{"@id":"https:\/\/horticom.ee\/e-pood\/#website"},"primaryImageOfPage":{"@id":"https:\/\/horticom.ee\/e-pood\/toode\/rodukasti-komplekt-artevasi-venezia-l-60cm-18l-terrakota\/#primaryimage"},"image":{"@id":"https:\/\/horticom.ee\/e-pood\/toode\/rodukasti-komplekt-artevasi-venezia-l-60cm-18l-terrakota\/#primaryimage"},"thumbnailUrl":"https:\/\/horticom.ee\/e-pood\/wp-content\/uploads\/importedmedia\/product-2298290_0-532825695.jpg","datePublished":"2024-10-11T03:00:50+00:00","dateModified":"2026-04-24T00:13:36+00:00","breadcrumb":{"@id":"https:\/\/horticom.ee\/e-pood\/toode\/rodukasti-komplekt-artevasi-venezia-l-60cm-18l-terrakota\/#breadcrumb"},"inLanguage":"et","potentialAction":[{"@type":"ReadAction","target":["https:\/\/horticom.ee\/e-pood\/toode\/rodukasti-komplekt-artevasi-venezia-l-60cm-18l-terrakota\/"]}]},{"@type":"ImageObject","inLanguage":"et","@id":"https:\/\/horticom.ee\/e-pood\/toode\/rodukasti-komplekt-artevasi-venezia-l-60cm-18l-terrakota\/#primaryimage","url":"https:\/\/horticom.ee\/e-pood\/wp-content\/uploads\/importedmedia\/product-2298290_0-532825695.jpg","contentUrl":"https:\/\/horticom.ee\/e-pood\/wp-content\/uploads\/importedmedia\/product-2298290_0-532825695.jpg","width":999,"height":1142},{"@type":"BreadcrumbList","@id":"https:\/\/horticom.ee\/e-pood\/toode\/rodukasti-komplekt-artevasi-venezia-l-60cm-18l-terrakota\/#breadcrumb","itemListElement":[{"@type":"ListItem","position":1,"name":"Home","item":"https:\/\/horticom.ee\/e-pood\/"},{"@type":"ListItem","position":2,"name":"Pood","item":"https:\/\/horticom.ee\/e-pood\/pood\/"},{"@type":"ListItem","position":3,"name":"R\u00f5dukasti komplekt Artevasi Venezia L 60cm 18L terrakota"}]},{"@type":"WebSite","@id":"https:\/\/horticom.ee\/e-pood\/#website","url":"https:\/\/horticom.ee\/e-pood\/","name":"Horticom.ee","description":"Aianduskaubad ja kodukaubad nii harrastajatele kui professionaalidele","potentialAction":[{"@type":"SearchAction","target":{"@type":"EntryPoint","urlTemplate":"https:\/\/horticom.ee\/e-pood\/?s={search_term_string}"},"query-input":{"@type":"PropertyValueSpecification","valueRequired":true,"valueName":"search_term_string"}}],"inLanguage":"et"}]}},"_links":{"self":[{"href":"https:\/\/horticom.ee\/e-pood\/wp-json\/wp\/v2\/product\/2298290","targetHints":{"allow":["GET"]}}],"collection":[{"href":"https:\/\/horticom.ee\/e-pood\/wp-json\/wp\/v2\/product"}],"about":[{"href":"https:\/\/horticom.ee\/e-pood\/wp-json\/wp\/v2\/types\/product"}],"replies":[{"embeddable":true,"href":"https:\/\/horticom.ee\/e-pood\/wp-json\/wp\/v2\/comments?post=2298290"}],"wp:featuredmedia":[{"embeddable":true,"href":"https:\/\/horticom.ee\/e-pood\/wp-json\/wp\/v2\/media\/2380644"}],"wp:attachment":[{"href":"https:\/\/horticom.ee\/e-pood\/wp-json\/wp\/v2\/media?parent=2298290"}],"wp:term":[{"taxonomy":"product_cat","embeddable":true,"href":"https:\/\/horticom.ee\/e-pood\/wp-json\/wp\/v2\/product_cat?post=2298290"},{"taxonomy":"product_tag","embeddable":true,"href":"https:\/\/horticom.ee\/e-pood\/wp-json\/wp\/v2\/product_tag?post=2298290"}],"curies":[{"name":"wp","href":"https:\/\/api.w.org\/{rel}","templated":true}]}}