{"id":2298776,"date":"2024-10-15T06:00:27","date_gmt":"2024-10-15T03:00:27","guid":{"rendered":"https:\/\/horticom.ee\/e-pood\/toode\/muru-ja-peenraaaris-15cm-x-9m-roheline\/"},"modified":"2026-04-09T03:03:39","modified_gmt":"2026-04-09T00:03:39","slug":"muru-ja-peenraaaris-15cm-x-9m-roheline","status":"publish","type":"product","link":"https:\/\/horticom.ee\/e-pood\/toode\/muru-ja-peenraaaris-15cm-x-9m-roheline\/","title":{"rendered":"Muru- ja peenra\u00e4\u00e4ris 15cm x 9m roheline"},"content":{"rendered":"<p>Muru- ja peenra\u00e4\u00e4ris mille konstruktsioon tagab \u00e4\u00e4re tugevuse aga samas paindlikkus lubab rajada ka k\u00f5ige keerukamaid k\u00f5verusi ja ringe. Peamiselt on \u00e4\u00e4ris m\u00f5eldud muru, peenra, lillepeenra ja aiaraja eraldamiseks \u00fcmbritsevast pinnast. Korralik tugev \u00e4\u00e4ristus v\u00f5imaldab muuta maastikku tunduvalt ilusamaks ning t\u00f5sta esile jalgradade v\u00f5i siis ilupeenarde mitmekesisust.<\/p>\n","protected":false},"excerpt":{"rendered":"<p>Muru- ja peenra\u00e4\u00e4ris mille konstruktsioon tagab \u00e4\u00e4re tugevuse aga samas paindlikkus lubab rajada ka k\u00f5ige keerukamaid k\u00f5verusi ja ringe. Peamiselt on \u00e4\u00e4ris m\u00f5eldud muru, peenra, lillepeenra ja aiaraja eraldamiseks \u00fcmbritsevast pinnast. Korralik tugev \u00e4\u00e4ristus v\u00f5imaldab muuta maastikku tunduvalt ilusamaks ning t\u00f5sta esile jalgradade v\u00f5i siis ilupeenarde mitmekesisust.<\/p>\n","protected":false},"featured_media":2381424,"comment_status":"closed","ping_status":"closed","template":"","meta":{"_themeisle_gutenberg_block_has_review":false},"product_cat":[13408],"product_tag":[],"class_list":{"0":"post-2298776","1":"product","2":"type-product","3":"status-publish","4":"has-post-thumbnail","6":"product_cat-peenrapiirded","8":"first","9":"instock","10":"shipping-taxable","11":"purchasable","12":"product-type-simple"},"yoast_head":"<!-- This site is optimized with the Yoast SEO plugin v24.0 - https:\/\/yoast.com\/wordpress\/plugins\/seo\/ -->\n<title>Muru- ja peenra\u00e4\u00e4ris 15cm x 9m roheline - Horticom<\/title>\n<meta name=\"robots\" content=\"index, follow, max-snippet:-1, max-image-preview:large, max-video-preview:-1\" \/>\n<link rel=\"canonical\" href=\"https:\/\/horticom.ee\/e-pood\/toode\/muru-ja-peenraaaris-15cm-x-9m-roheline\/\" \/>\n<meta property=\"og:locale\" content=\"et_EE\" \/>\n<meta property=\"og:type\" content=\"article\" \/>\n<meta property=\"og:title\" content=\"Muru- ja peenra\u00e4\u00e4ris 15cm x 9m roheline - Horticom\" \/>\n<meta property=\"og:description\" content=\"Muru- ja peenra\u00e4\u00e4ris mille konstruktsioon tagab \u00e4\u00e4re tugevuse aga samas paindlikkus lubab rajada ka k\u00f5ige keerukamaid k\u00f5verusi ja ringe. Peamiselt on \u00e4\u00e4ris m\u00f5eldud muru, peenra, lillepeenra ja aiaraja eraldamiseks \u00fcmbritsevast pinnast. Korralik tugev \u00e4\u00e4ristus v\u00f5imaldab muuta maastikku tunduvalt ilusamaks ning t\u00f5sta esile jalgradade v\u00f5i siis ilupeenarde mitmekesisust.\" \/>\n<meta property=\"og:url\" content=\"https:\/\/horticom.ee\/e-pood\/toode\/muru-ja-peenraaaris-15cm-x-9m-roheline\/\" \/>\n<meta property=\"og:site_name\" content=\"Horticom.ee\" \/>\n<meta property=\"article:publisher\" content=\"https:\/\/www.facebook.com\/horticom.ee\/e-pood\" \/>\n<meta property=\"article:modified_time\" content=\"2026-04-09T00:03:39+00:00\" \/>\n<meta property=\"og:image\" content=\"https:\/\/horticom.ee\/e-pood\/wp-content\/uploads\/importedmedia\/product-2298776_0-672291.jpg\" \/>\n\t<meta property=\"og:image:width\" content=\"1000\" \/>\n\t<meta property=\"og:image:height\" content=\"1499\" \/>\n\t<meta property=\"og:image:type\" content=\"image\/jpeg\" \/>\n<meta name=\"twitter:card\" content=\"summary_large_image\" \/>\n<script type=\"application\/ld+json\" class=\"yoast-schema-graph\">{\"@context\":\"https:\/\/schema.org\",\"@graph\":[{\"@type\":\"WebPage\",\"@id\":\"https:\/\/horticom.ee\/e-pood\/toode\/muru-ja-peenraaaris-15cm-x-9m-roheline\/\",\"url\":\"https:\/\/horticom.ee\/e-pood\/toode\/muru-ja-peenraaaris-15cm-x-9m-roheline\/\",\"name\":\"Muru- ja peenra\u00e4\u00e4ris 15cm x 9m roheline - Horticom\",\"isPartOf\":{\"@id\":\"https:\/\/horticom.ee\/e-pood\/#website\"},\"primaryImageOfPage\":{\"@id\":\"https:\/\/horticom.ee\/e-pood\/toode\/muru-ja-peenraaaris-15cm-x-9m-roheline\/#primaryimage\"},\"image\":{\"@id\":\"https:\/\/horticom.ee\/e-pood\/toode\/muru-ja-peenraaaris-15cm-x-9m-roheline\/#primaryimage\"},\"thumbnailUrl\":\"https:\/\/horticom.ee\/e-pood\/wp-content\/uploads\/importedmedia\/product-2298776_0-672291.jpg\",\"datePublished\":\"2024-10-15T03:00:27+00:00\",\"dateModified\":\"2026-04-09T00:03:39+00:00\",\"breadcrumb\":{\"@id\":\"https:\/\/horticom.ee\/e-pood\/toode\/muru-ja-peenraaaris-15cm-x-9m-roheline\/#breadcrumb\"},\"inLanguage\":\"et\",\"potentialAction\":[{\"@type\":\"ReadAction\",\"target\":[\"https:\/\/horticom.ee\/e-pood\/toode\/muru-ja-peenraaaris-15cm-x-9m-roheline\/\"]}]},{\"@type\":\"ImageObject\",\"inLanguage\":\"et\",\"@id\":\"https:\/\/horticom.ee\/e-pood\/toode\/muru-ja-peenraaaris-15cm-x-9m-roheline\/#primaryimage\",\"url\":\"https:\/\/horticom.ee\/e-pood\/wp-content\/uploads\/importedmedia\/product-2298776_0-672291.jpg\",\"contentUrl\":\"https:\/\/horticom.ee\/e-pood\/wp-content\/uploads\/importedmedia\/product-2298776_0-672291.jpg\",\"width\":1000,\"height\":1499},{\"@type\":\"BreadcrumbList\",\"@id\":\"https:\/\/horticom.ee\/e-pood\/toode\/muru-ja-peenraaaris-15cm-x-9m-roheline\/#breadcrumb\",\"itemListElement\":[{\"@type\":\"ListItem\",\"position\":1,\"name\":\"Home\",\"item\":\"https:\/\/horticom.ee\/e-pood\/\"},{\"@type\":\"ListItem\",\"position\":2,\"name\":\"Pood\",\"item\":\"https:\/\/horticom.ee\/e-pood\/pood\/\"},{\"@type\":\"ListItem\",\"position\":3,\"name\":\"Muru- ja peenra\u00e4\u00e4ris 15cm x 9m roheline\"}]},{\"@type\":\"WebSite\",\"@id\":\"https:\/\/horticom.ee\/e-pood\/#website\",\"url\":\"https:\/\/horticom.ee\/e-pood\/\",\"name\":\"Horticom.ee\",\"description\":\"Aianduskaubad ja kodukaubad nii harrastajatele kui professionaalidele\",\"potentialAction\":[{\"@type\":\"SearchAction\",\"target\":{\"@type\":\"EntryPoint\",\"urlTemplate\":\"https:\/\/horticom.ee\/e-pood\/?s={search_term_string}\"},\"query-input\":{\"@type\":\"PropertyValueSpecification\",\"valueRequired\":true,\"valueName\":\"search_term_string\"}}],\"inLanguage\":\"et\"}]}<\/script>\n<!-- \/ Yoast SEO plugin. -->","yoast_head_json":{"title":"Muru- ja peenra\u00e4\u00e4ris 15cm x 9m roheline - Horticom","robots":{"index":"index","follow":"follow","max-snippet":"max-snippet:-1","max-image-preview":"max-image-preview:large","max-video-preview":"max-video-preview:-1"},"canonical":"https:\/\/horticom.ee\/e-pood\/toode\/muru-ja-peenraaaris-15cm-x-9m-roheline\/","og_locale":"et_EE","og_type":"article","og_title":"Muru- ja peenra\u00e4\u00e4ris 15cm x 9m roheline - Horticom","og_description":"Muru- ja peenra\u00e4\u00e4ris mille konstruktsioon tagab \u00e4\u00e4re tugevuse aga samas paindlikkus lubab rajada ka k\u00f5ige keerukamaid k\u00f5verusi ja ringe. Peamiselt on \u00e4\u00e4ris m\u00f5eldud muru, peenra, lillepeenra ja aiaraja eraldamiseks \u00fcmbritsevast pinnast. Korralik tugev \u00e4\u00e4ristus v\u00f5imaldab muuta maastikku tunduvalt ilusamaks ning t\u00f5sta esile jalgradade v\u00f5i siis ilupeenarde mitmekesisust.","og_url":"https:\/\/horticom.ee\/e-pood\/toode\/muru-ja-peenraaaris-15cm-x-9m-roheline\/","og_site_name":"Horticom.ee","article_publisher":"https:\/\/www.facebook.com\/horticom.ee\/e-pood","article_modified_time":"2026-04-09T00:03:39+00:00","og_image":[{"width":1000,"height":1499,"url":"https:\/\/horticom.ee\/e-pood\/wp-content\/uploads\/importedmedia\/product-2298776_0-672291.jpg","type":"image\/jpeg"}],"twitter_card":"summary_large_image","schema":{"@context":"https:\/\/schema.org","@graph":[{"@type":"WebPage","@id":"https:\/\/horticom.ee\/e-pood\/toode\/muru-ja-peenraaaris-15cm-x-9m-roheline\/","url":"https:\/\/horticom.ee\/e-pood\/toode\/muru-ja-peenraaaris-15cm-x-9m-roheline\/","name":"Muru- ja peenra\u00e4\u00e4ris 15cm x 9m roheline - Horticom","isPartOf":{"@id":"https:\/\/horticom.ee\/e-pood\/#website"},"primaryImageOfPage":{"@id":"https:\/\/horticom.ee\/e-pood\/toode\/muru-ja-peenraaaris-15cm-x-9m-roheline\/#primaryimage"},"image":{"@id":"https:\/\/horticom.ee\/e-pood\/toode\/muru-ja-peenraaaris-15cm-x-9m-roheline\/#primaryimage"},"thumbnailUrl":"https:\/\/horticom.ee\/e-pood\/wp-content\/uploads\/importedmedia\/product-2298776_0-672291.jpg","datePublished":"2024-10-15T03:00:27+00:00","dateModified":"2026-04-09T00:03:39+00:00","breadcrumb":{"@id":"https:\/\/horticom.ee\/e-pood\/toode\/muru-ja-peenraaaris-15cm-x-9m-roheline\/#breadcrumb"},"inLanguage":"et","potentialAction":[{"@type":"ReadAction","target":["https:\/\/horticom.ee\/e-pood\/toode\/muru-ja-peenraaaris-15cm-x-9m-roheline\/"]}]},{"@type":"ImageObject","inLanguage":"et","@id":"https:\/\/horticom.ee\/e-pood\/toode\/muru-ja-peenraaaris-15cm-x-9m-roheline\/#primaryimage","url":"https:\/\/horticom.ee\/e-pood\/wp-content\/uploads\/importedmedia\/product-2298776_0-672291.jpg","contentUrl":"https:\/\/horticom.ee\/e-pood\/wp-content\/uploads\/importedmedia\/product-2298776_0-672291.jpg","width":1000,"height":1499},{"@type":"BreadcrumbList","@id":"https:\/\/horticom.ee\/e-pood\/toode\/muru-ja-peenraaaris-15cm-x-9m-roheline\/#breadcrumb","itemListElement":[{"@type":"ListItem","position":1,"name":"Home","item":"https:\/\/horticom.ee\/e-pood\/"},{"@type":"ListItem","position":2,"name":"Pood","item":"https:\/\/horticom.ee\/e-pood\/pood\/"},{"@type":"ListItem","position":3,"name":"Muru- ja peenra\u00e4\u00e4ris 15cm x 9m roheline"}]},{"@type":"WebSite","@id":"https:\/\/horticom.ee\/e-pood\/#website","url":"https:\/\/horticom.ee\/e-pood\/","name":"Horticom.ee","description":"Aianduskaubad ja kodukaubad nii harrastajatele kui professionaalidele","potentialAction":[{"@type":"SearchAction","target":{"@type":"EntryPoint","urlTemplate":"https:\/\/horticom.ee\/e-pood\/?s={search_term_string}"},"query-input":{"@type":"PropertyValueSpecification","valueRequired":true,"valueName":"search_term_string"}}],"inLanguage":"et"}]}},"_links":{"self":[{"href":"https:\/\/horticom.ee\/e-pood\/wp-json\/wp\/v2\/product\/2298776","targetHints":{"allow":["GET"]}}],"collection":[{"href":"https:\/\/horticom.ee\/e-pood\/wp-json\/wp\/v2\/product"}],"about":[{"href":"https:\/\/horticom.ee\/e-pood\/wp-json\/wp\/v2\/types\/product"}],"replies":[{"embeddable":true,"href":"https:\/\/horticom.ee\/e-pood\/wp-json\/wp\/v2\/comments?post=2298776"}],"wp:featuredmedia":[{"embeddable":true,"href":"https:\/\/horticom.ee\/e-pood\/wp-json\/wp\/v2\/media\/2381424"}],"wp:attachment":[{"href":"https:\/\/horticom.ee\/e-pood\/wp-json\/wp\/v2\/media?parent=2298776"}],"wp:term":[{"taxonomy":"product_cat","embeddable":true,"href":"https:\/\/horticom.ee\/e-pood\/wp-json\/wp\/v2\/product_cat?post=2298776"},{"taxonomy":"product_tag","embeddable":true,"href":"https:\/\/horticom.ee\/e-pood\/wp-json\/wp\/v2\/product_tag?post=2298776"}],"curies":[{"name":"wp","href":"https:\/\/api.w.org\/{rel}","templated":true}]}}