{"id":2298868,"date":"2024-10-15T06:00:43","date_gmt":"2024-10-15T03:00:43","guid":{"rendered":"https:\/\/horticom.ee\/e-pood\/toode\/istutuspoti-alus-medea-d-22cm-elevandiluu\/"},"modified":"2026-04-27T03:15:51","modified_gmt":"2026-04-27T00:15:51","slug":"istutuspoti-alus-medea-d-22cm-elevandiluu","status":"publish","type":"product","link":"https:\/\/horticom.ee\/e-pood\/toode\/istutuspoti-alus-medea-d-22cm-elevandiluu\/","title":{"rendered":"Istutuspoti alus Medea d 22cm elevandiluu"},"content":{"rendered":"<p>Istutuspoti alus Medea on modernne, kuid lihtne plastikust alus, mis on valmistatud taime kuju j\u00e4rgi. Toovad s\u00e4ra ja r\u00f5\u00f5mu sinu koju. Saadaval erinevates suurustes ja v\u00e4rvides. Valmistatud kvaliteetsest plastikust mis on kerge, p\u00f5rutuskindel ja 100% \u00fcmbert\u00f6\u00f6deldav. Kannatab kuni -20 \u00b0C  k\u00fclma. T\u00e4nu alusele saab taim alati k\u00e4tte vajaliku vee ja ei kahjusta veeloikudega lauda ega p\u00f5randat.<\/p>\n","protected":false},"excerpt":{"rendered":"<p>Istutuspoti alus Medea on modernne, kuid lihtne plastikust alus, mis on valmistatud taime kuju j\u00e4rgi. Toovad s\u00e4ra ja r\u00f5\u00f5mu sinu koju. Saadaval erinevates suurustes ja v\u00e4rvides. Valmistatud kvaliteetsest plastikust mis on kerge, p\u00f5rutuskindel ja 100% \u00fcmbert\u00f6\u00f6deldav. Kannatab kuni -20 \u00b0C k\u00fclma. T\u00e4nu alusele saab taim alati k\u00e4tte vajaliku vee ja ei kahjusta veeloikudega lauda ega [&hellip;]<\/p>\n","protected":false},"featured_media":2381838,"comment_status":"closed","ping_status":"closed","template":"","meta":{"_themeisle_gutenberg_block_has_review":false},"product_cat":[18563,13474],"product_tag":[],"class_list":{"0":"post-2298868","1":"product","2":"type-product","3":"status-publish","4":"has-post-thumbnail","6":"product_cat-lopumuugitooted","7":"product_cat-potialused","9":"first","10":"instock","11":"sale","12":"shipping-taxable","13":"purchasable","14":"product-type-simple"},"yoast_head":"<!-- This site is optimized with the Yoast SEO plugin v24.0 - https:\/\/yoast.com\/wordpress\/plugins\/seo\/ -->\n<title>Istutuspoti alus Medea d 22cm elevandiluu - Horticom<\/title>\n<meta name=\"robots\" content=\"index, follow, max-snippet:-1, max-image-preview:large, max-video-preview:-1\" \/>\n<link rel=\"canonical\" href=\"https:\/\/horticom.ee\/e-pood\/toode\/istutuspoti-alus-medea-d-22cm-elevandiluu\/\" \/>\n<meta property=\"og:locale\" content=\"et_EE\" \/>\n<meta property=\"og:type\" content=\"article\" \/>\n<meta property=\"og:title\" content=\"Istutuspoti alus Medea d 22cm elevandiluu - Horticom\" \/>\n<meta property=\"og:description\" content=\"Istutuspoti alus Medea on modernne, kuid lihtne plastikust alus, mis on valmistatud taime kuju j\u00e4rgi. Toovad s\u00e4ra ja r\u00f5\u00f5mu sinu koju. Saadaval erinevates suurustes ja v\u00e4rvides. Valmistatud kvaliteetsest plastikust mis on kerge, p\u00f5rutuskindel ja 100% \u00fcmbert\u00f6\u00f6deldav. Kannatab kuni -20 \u00b0C k\u00fclma. T\u00e4nu alusele saab taim alati k\u00e4tte vajaliku vee ja ei kahjusta veeloikudega lauda ega [&hellip;]\" \/>\n<meta property=\"og:url\" content=\"https:\/\/horticom.ee\/e-pood\/toode\/istutuspoti-alus-medea-d-22cm-elevandiluu\/\" \/>\n<meta property=\"og:site_name\" content=\"Horticom.ee\" \/>\n<meta property=\"article:publisher\" content=\"https:\/\/www.facebook.com\/horticom.ee\/e-pood\" \/>\n<meta property=\"article:modified_time\" content=\"2026-04-27T00:15:51+00:00\" \/>\n<meta property=\"og:image\" content=\"https:\/\/horticom.ee\/e-pood\/wp-content\/uploads\/importedmedia\/product-2298868_0-147669.jpg\" \/>\n\t<meta property=\"og:image:width\" content=\"999\" \/>\n\t<meta property=\"og:image:height\" content=\"862\" \/>\n\t<meta property=\"og:image:type\" content=\"image\/jpeg\" \/>\n<meta name=\"twitter:card\" content=\"summary_large_image\" \/>\n<script type=\"application\/ld+json\" class=\"yoast-schema-graph\">{\"@context\":\"https:\/\/schema.org\",\"@graph\":[{\"@type\":\"WebPage\",\"@id\":\"https:\/\/horticom.ee\/e-pood\/toode\/istutuspoti-alus-medea-d-22cm-elevandiluu\/\",\"url\":\"https:\/\/horticom.ee\/e-pood\/toode\/istutuspoti-alus-medea-d-22cm-elevandiluu\/\",\"name\":\"Istutuspoti alus Medea d 22cm elevandiluu - Horticom\",\"isPartOf\":{\"@id\":\"https:\/\/horticom.ee\/e-pood\/#website\"},\"primaryImageOfPage\":{\"@id\":\"https:\/\/horticom.ee\/e-pood\/toode\/istutuspoti-alus-medea-d-22cm-elevandiluu\/#primaryimage\"},\"image\":{\"@id\":\"https:\/\/horticom.ee\/e-pood\/toode\/istutuspoti-alus-medea-d-22cm-elevandiluu\/#primaryimage\"},\"thumbnailUrl\":\"https:\/\/horticom.ee\/e-pood\/wp-content\/uploads\/importedmedia\/product-2298868_0-147669.jpg\",\"datePublished\":\"2024-10-15T03:00:43+00:00\",\"dateModified\":\"2026-04-27T00:15:51+00:00\",\"breadcrumb\":{\"@id\":\"https:\/\/horticom.ee\/e-pood\/toode\/istutuspoti-alus-medea-d-22cm-elevandiluu\/#breadcrumb\"},\"inLanguage\":\"et\",\"potentialAction\":[{\"@type\":\"ReadAction\",\"target\":[\"https:\/\/horticom.ee\/e-pood\/toode\/istutuspoti-alus-medea-d-22cm-elevandiluu\/\"]}]},{\"@type\":\"ImageObject\",\"inLanguage\":\"et\",\"@id\":\"https:\/\/horticom.ee\/e-pood\/toode\/istutuspoti-alus-medea-d-22cm-elevandiluu\/#primaryimage\",\"url\":\"https:\/\/horticom.ee\/e-pood\/wp-content\/uploads\/importedmedia\/product-2298868_0-147669.jpg\",\"contentUrl\":\"https:\/\/horticom.ee\/e-pood\/wp-content\/uploads\/importedmedia\/product-2298868_0-147669.jpg\",\"width\":999,\"height\":862},{\"@type\":\"BreadcrumbList\",\"@id\":\"https:\/\/horticom.ee\/e-pood\/toode\/istutuspoti-alus-medea-d-22cm-elevandiluu\/#breadcrumb\",\"itemListElement\":[{\"@type\":\"ListItem\",\"position\":1,\"name\":\"Home\",\"item\":\"https:\/\/horticom.ee\/e-pood\/\"},{\"@type\":\"ListItem\",\"position\":2,\"name\":\"Pood\",\"item\":\"https:\/\/horticom.ee\/e-pood\/pood\/\"},{\"@type\":\"ListItem\",\"position\":3,\"name\":\"Istutuspoti alus Medea d 22cm elevandiluu\"}]},{\"@type\":\"WebSite\",\"@id\":\"https:\/\/horticom.ee\/e-pood\/#website\",\"url\":\"https:\/\/horticom.ee\/e-pood\/\",\"name\":\"Horticom.ee\",\"description\":\"Aianduskaubad ja kodukaubad nii harrastajatele kui professionaalidele\",\"potentialAction\":[{\"@type\":\"SearchAction\",\"target\":{\"@type\":\"EntryPoint\",\"urlTemplate\":\"https:\/\/horticom.ee\/e-pood\/?s={search_term_string}\"},\"query-input\":{\"@type\":\"PropertyValueSpecification\",\"valueRequired\":true,\"valueName\":\"search_term_string\"}}],\"inLanguage\":\"et\"}]}<\/script>\n<!-- \/ Yoast SEO plugin. -->","yoast_head_json":{"title":"Istutuspoti alus Medea d 22cm elevandiluu - Horticom","robots":{"index":"index","follow":"follow","max-snippet":"max-snippet:-1","max-image-preview":"max-image-preview:large","max-video-preview":"max-video-preview:-1"},"canonical":"https:\/\/horticom.ee\/e-pood\/toode\/istutuspoti-alus-medea-d-22cm-elevandiluu\/","og_locale":"et_EE","og_type":"article","og_title":"Istutuspoti alus Medea d 22cm elevandiluu - Horticom","og_description":"Istutuspoti alus Medea on modernne, kuid lihtne plastikust alus, mis on valmistatud taime kuju j\u00e4rgi. Toovad s\u00e4ra ja r\u00f5\u00f5mu sinu koju. Saadaval erinevates suurustes ja v\u00e4rvides. Valmistatud kvaliteetsest plastikust mis on kerge, p\u00f5rutuskindel ja 100% \u00fcmbert\u00f6\u00f6deldav. Kannatab kuni -20 \u00b0C k\u00fclma. T\u00e4nu alusele saab taim alati k\u00e4tte vajaliku vee ja ei kahjusta veeloikudega lauda ega [&hellip;]","og_url":"https:\/\/horticom.ee\/e-pood\/toode\/istutuspoti-alus-medea-d-22cm-elevandiluu\/","og_site_name":"Horticom.ee","article_publisher":"https:\/\/www.facebook.com\/horticom.ee\/e-pood","article_modified_time":"2026-04-27T00:15:51+00:00","og_image":[{"width":999,"height":862,"url":"https:\/\/horticom.ee\/e-pood\/wp-content\/uploads\/importedmedia\/product-2298868_0-147669.jpg","type":"image\/jpeg"}],"twitter_card":"summary_large_image","schema":{"@context":"https:\/\/schema.org","@graph":[{"@type":"WebPage","@id":"https:\/\/horticom.ee\/e-pood\/toode\/istutuspoti-alus-medea-d-22cm-elevandiluu\/","url":"https:\/\/horticom.ee\/e-pood\/toode\/istutuspoti-alus-medea-d-22cm-elevandiluu\/","name":"Istutuspoti alus Medea d 22cm elevandiluu - Horticom","isPartOf":{"@id":"https:\/\/horticom.ee\/e-pood\/#website"},"primaryImageOfPage":{"@id":"https:\/\/horticom.ee\/e-pood\/toode\/istutuspoti-alus-medea-d-22cm-elevandiluu\/#primaryimage"},"image":{"@id":"https:\/\/horticom.ee\/e-pood\/toode\/istutuspoti-alus-medea-d-22cm-elevandiluu\/#primaryimage"},"thumbnailUrl":"https:\/\/horticom.ee\/e-pood\/wp-content\/uploads\/importedmedia\/product-2298868_0-147669.jpg","datePublished":"2024-10-15T03:00:43+00:00","dateModified":"2026-04-27T00:15:51+00:00","breadcrumb":{"@id":"https:\/\/horticom.ee\/e-pood\/toode\/istutuspoti-alus-medea-d-22cm-elevandiluu\/#breadcrumb"},"inLanguage":"et","potentialAction":[{"@type":"ReadAction","target":["https:\/\/horticom.ee\/e-pood\/toode\/istutuspoti-alus-medea-d-22cm-elevandiluu\/"]}]},{"@type":"ImageObject","inLanguage":"et","@id":"https:\/\/horticom.ee\/e-pood\/toode\/istutuspoti-alus-medea-d-22cm-elevandiluu\/#primaryimage","url":"https:\/\/horticom.ee\/e-pood\/wp-content\/uploads\/importedmedia\/product-2298868_0-147669.jpg","contentUrl":"https:\/\/horticom.ee\/e-pood\/wp-content\/uploads\/importedmedia\/product-2298868_0-147669.jpg","width":999,"height":862},{"@type":"BreadcrumbList","@id":"https:\/\/horticom.ee\/e-pood\/toode\/istutuspoti-alus-medea-d-22cm-elevandiluu\/#breadcrumb","itemListElement":[{"@type":"ListItem","position":1,"name":"Home","item":"https:\/\/horticom.ee\/e-pood\/"},{"@type":"ListItem","position":2,"name":"Pood","item":"https:\/\/horticom.ee\/e-pood\/pood\/"},{"@type":"ListItem","position":3,"name":"Istutuspoti alus Medea d 22cm elevandiluu"}]},{"@type":"WebSite","@id":"https:\/\/horticom.ee\/e-pood\/#website","url":"https:\/\/horticom.ee\/e-pood\/","name":"Horticom.ee","description":"Aianduskaubad ja kodukaubad nii harrastajatele kui professionaalidele","potentialAction":[{"@type":"SearchAction","target":{"@type":"EntryPoint","urlTemplate":"https:\/\/horticom.ee\/e-pood\/?s={search_term_string}"},"query-input":{"@type":"PropertyValueSpecification","valueRequired":true,"valueName":"search_term_string"}}],"inLanguage":"et"}]}},"_links":{"self":[{"href":"https:\/\/horticom.ee\/e-pood\/wp-json\/wp\/v2\/product\/2298868","targetHints":{"allow":["GET"]}}],"collection":[{"href":"https:\/\/horticom.ee\/e-pood\/wp-json\/wp\/v2\/product"}],"about":[{"href":"https:\/\/horticom.ee\/e-pood\/wp-json\/wp\/v2\/types\/product"}],"replies":[{"embeddable":true,"href":"https:\/\/horticom.ee\/e-pood\/wp-json\/wp\/v2\/comments?post=2298868"}],"wp:featuredmedia":[{"embeddable":true,"href":"https:\/\/horticom.ee\/e-pood\/wp-json\/wp\/v2\/media\/2381838"}],"wp:attachment":[{"href":"https:\/\/horticom.ee\/e-pood\/wp-json\/wp\/v2\/media?parent=2298868"}],"wp:term":[{"taxonomy":"product_cat","embeddable":true,"href":"https:\/\/horticom.ee\/e-pood\/wp-json\/wp\/v2\/product_cat?post=2298868"},{"taxonomy":"product_tag","embeddable":true,"href":"https:\/\/horticom.ee\/e-pood\/wp-json\/wp\/v2\/product_tag?post=2298868"}],"curies":[{"name":"wp","href":"https:\/\/api.w.org\/{rel}","templated":true}]}}