{"id":2298878,"date":"2024-10-15T06:00:44","date_gmt":"2024-10-15T03:00:44","guid":{"rendered":"https:\/\/horticom.ee\/e-pood\/toode\/istutuspoti-alus-d-40cm-roheline\/"},"modified":"2026-04-18T03:14:35","modified_gmt":"2026-04-18T00:14:35","slug":"istutuspoti-alus-d-40cm-roheline","status":"publish","type":"product","link":"https:\/\/horticom.ee\/e-pood\/toode\/istutuspoti-alus-d-40cm-roheline\/","title":{"rendered":"Istutuspoti alus d 40cm roheline"},"content":{"rendered":"<p>Istutuspoti alus SV on valmistatud vastupidavast plastikust. Alustaldrik on parim taimede jootmise s\u00fcsteem, mis mahutab alusele vee \u00fclej\u00e4\u00e4gi ja salvestab selle taime jaoks. See t\u00e4hendab, et taim saab alati vajalikul ajal oma vee k\u00e4tte.<\/p>\n","protected":false},"excerpt":{"rendered":"<p>Istutuspoti alus SV on valmistatud vastupidavast plastikust. Alustaldrik on parim taimede jootmise s\u00fcsteem, mis mahutab alusele vee \u00fclej\u00e4\u00e4gi ja salvestab selle taime jaoks. See t\u00e4hendab, et taim saab alati vajalikul ajal oma vee k\u00e4tte.<\/p>\n","protected":false},"featured_media":2382144,"comment_status":"closed","ping_status":"closed","template":"","meta":{"_themeisle_gutenberg_block_has_review":false},"product_cat":[13474],"product_tag":[],"class_list":{"0":"post-2298878","1":"product","2":"type-product","3":"status-publish","4":"has-post-thumbnail","6":"product_cat-potialused","8":"first","9":"instock","10":"sale","11":"shipping-taxable","12":"purchasable","13":"product-type-simple"},"yoast_head":"<!-- This site is optimized with the Yoast SEO plugin v24.0 - https:\/\/yoast.com\/wordpress\/plugins\/seo\/ -->\n<title>Istutuspoti alus d 40cm roheline - Horticom.ee\/e-pood<\/title>\n<meta name=\"description\" content=\"Istutuspoti alus SV on vastupidavast plastikust. Alustaldrik on parim taimede jootmise s\u00fcsteem, hoiab vee \u00fclej\u00e4\u00e4ki taime jaoks.\" \/>\n<meta name=\"robots\" content=\"index, follow, max-snippet:-1, max-image-preview:large, max-video-preview:-1\" \/>\n<link rel=\"canonical\" href=\"https:\/\/horticom.ee\/e-pood\/toode\/istutuspoti-alus-d-40cm-roheline\/\" \/>\n<meta property=\"og:locale\" content=\"et_EE\" \/>\n<meta property=\"og:type\" content=\"article\" \/>\n<meta property=\"og:title\" content=\"Istutuspoti alus d 40cm roheline - Horticom.ee\/e-pood\" \/>\n<meta property=\"og:description\" content=\"Istutuspoti alus SV on vastupidavast plastikust. Alustaldrik on parim taimede jootmise s\u00fcsteem, hoiab vee \u00fclej\u00e4\u00e4ki taime jaoks.\" \/>\n<meta property=\"og:url\" content=\"https:\/\/horticom.ee\/e-pood\/toode\/istutuspoti-alus-d-40cm-roheline\/\" \/>\n<meta property=\"og:site_name\" content=\"Horticom.ee\" \/>\n<meta property=\"article:publisher\" content=\"https:\/\/www.facebook.com\/horticom.ee\/e-pood\" \/>\n<meta property=\"article:modified_time\" content=\"2026-04-18T00:14:35+00:00\" \/>\n<meta property=\"og:image\" content=\"https:\/\/horticom.ee\/e-pood\/wp-content\/uploads\/importedmedia\/product-2298878_0-644211_66.jpg\" \/>\n\t<meta property=\"og:image:width\" content=\"1000\" \/>\n\t<meta property=\"og:image:height\" content=\"896\" \/>\n\t<meta property=\"og:image:type\" content=\"image\/jpeg\" \/>\n<meta name=\"twitter:card\" content=\"summary_large_image\" \/>\n<script type=\"application\/ld+json\" class=\"yoast-schema-graph\">{\"@context\":\"https:\/\/schema.org\",\"@graph\":[{\"@type\":\"WebPage\",\"@id\":\"https:\/\/horticom.ee\/e-pood\/toode\/istutuspoti-alus-d-40cm-roheline\/\",\"url\":\"https:\/\/horticom.ee\/e-pood\/toode\/istutuspoti-alus-d-40cm-roheline\/\",\"name\":\"Istutuspoti alus d 40cm roheline - Horticom.ee\/e-pood\",\"isPartOf\":{\"@id\":\"https:\/\/horticom.ee\/e-pood\/#website\"},\"primaryImageOfPage\":{\"@id\":\"https:\/\/horticom.ee\/e-pood\/toode\/istutuspoti-alus-d-40cm-roheline\/#primaryimage\"},\"image\":{\"@id\":\"https:\/\/horticom.ee\/e-pood\/toode\/istutuspoti-alus-d-40cm-roheline\/#primaryimage\"},\"thumbnailUrl\":\"https:\/\/horticom.ee\/e-pood\/wp-content\/uploads\/importedmedia\/product-2298878_0-644211_66.jpg\",\"datePublished\":\"2024-10-15T03:00:44+00:00\",\"dateModified\":\"2026-04-18T00:14:35+00:00\",\"description\":\"Istutuspoti alus SV on vastupidavast plastikust. Alustaldrik on parim taimede jootmise s\u00fcsteem, hoiab vee \u00fclej\u00e4\u00e4ki taime jaoks.\",\"breadcrumb\":{\"@id\":\"https:\/\/horticom.ee\/e-pood\/toode\/istutuspoti-alus-d-40cm-roheline\/#breadcrumb\"},\"inLanguage\":\"et\",\"potentialAction\":[{\"@type\":\"ReadAction\",\"target\":[\"https:\/\/horticom.ee\/e-pood\/toode\/istutuspoti-alus-d-40cm-roheline\/\"]}]},{\"@type\":\"ImageObject\",\"inLanguage\":\"et\",\"@id\":\"https:\/\/horticom.ee\/e-pood\/toode\/istutuspoti-alus-d-40cm-roheline\/#primaryimage\",\"url\":\"https:\/\/horticom.ee\/e-pood\/wp-content\/uploads\/importedmedia\/product-2298878_0-644211_66.jpg\",\"contentUrl\":\"https:\/\/horticom.ee\/e-pood\/wp-content\/uploads\/importedmedia\/product-2298878_0-644211_66.jpg\",\"width\":1000,\"height\":896},{\"@type\":\"BreadcrumbList\",\"@id\":\"https:\/\/horticom.ee\/e-pood\/toode\/istutuspoti-alus-d-40cm-roheline\/#breadcrumb\",\"itemListElement\":[{\"@type\":\"ListItem\",\"position\":1,\"name\":\"Home\",\"item\":\"https:\/\/horticom.ee\/e-pood\/\"},{\"@type\":\"ListItem\",\"position\":2,\"name\":\"Pood\",\"item\":\"https:\/\/horticom.ee\/e-pood\/pood\/\"},{\"@type\":\"ListItem\",\"position\":3,\"name\":\"Istutuspoti alus d 40cm roheline\"}]},{\"@type\":\"WebSite\",\"@id\":\"https:\/\/horticom.ee\/e-pood\/#website\",\"url\":\"https:\/\/horticom.ee\/e-pood\/\",\"name\":\"Horticom.ee\",\"description\":\"Aianduskaubad ja kodukaubad nii harrastajatele kui professionaalidele\",\"potentialAction\":[{\"@type\":\"SearchAction\",\"target\":{\"@type\":\"EntryPoint\",\"urlTemplate\":\"https:\/\/horticom.ee\/e-pood\/?s={search_term_string}\"},\"query-input\":{\"@type\":\"PropertyValueSpecification\",\"valueRequired\":true,\"valueName\":\"search_term_string\"}}],\"inLanguage\":\"et\"}]}<\/script>\n<!-- \/ Yoast SEO plugin. -->","yoast_head_json":{"title":"Istutuspoti alus d 40cm roheline - Horticom.ee\/e-pood","description":"Istutuspoti alus SV on vastupidavast plastikust. Alustaldrik on parim taimede jootmise s\u00fcsteem, hoiab vee \u00fclej\u00e4\u00e4ki taime jaoks.","robots":{"index":"index","follow":"follow","max-snippet":"max-snippet:-1","max-image-preview":"max-image-preview:large","max-video-preview":"max-video-preview:-1"},"canonical":"https:\/\/horticom.ee\/e-pood\/toode\/istutuspoti-alus-d-40cm-roheline\/","og_locale":"et_EE","og_type":"article","og_title":"Istutuspoti alus d 40cm roheline - Horticom.ee\/e-pood","og_description":"Istutuspoti alus SV on vastupidavast plastikust. Alustaldrik on parim taimede jootmise s\u00fcsteem, hoiab vee \u00fclej\u00e4\u00e4ki taime jaoks.","og_url":"https:\/\/horticom.ee\/e-pood\/toode\/istutuspoti-alus-d-40cm-roheline\/","og_site_name":"Horticom.ee","article_publisher":"https:\/\/www.facebook.com\/horticom.ee\/e-pood","article_modified_time":"2026-04-18T00:14:35+00:00","og_image":[{"width":1000,"height":896,"url":"https:\/\/horticom.ee\/e-pood\/wp-content\/uploads\/importedmedia\/product-2298878_0-644211_66.jpg","type":"image\/jpeg"}],"twitter_card":"summary_large_image","schema":{"@context":"https:\/\/schema.org","@graph":[{"@type":"WebPage","@id":"https:\/\/horticom.ee\/e-pood\/toode\/istutuspoti-alus-d-40cm-roheline\/","url":"https:\/\/horticom.ee\/e-pood\/toode\/istutuspoti-alus-d-40cm-roheline\/","name":"Istutuspoti alus d 40cm roheline - Horticom.ee\/e-pood","isPartOf":{"@id":"https:\/\/horticom.ee\/e-pood\/#website"},"primaryImageOfPage":{"@id":"https:\/\/horticom.ee\/e-pood\/toode\/istutuspoti-alus-d-40cm-roheline\/#primaryimage"},"image":{"@id":"https:\/\/horticom.ee\/e-pood\/toode\/istutuspoti-alus-d-40cm-roheline\/#primaryimage"},"thumbnailUrl":"https:\/\/horticom.ee\/e-pood\/wp-content\/uploads\/importedmedia\/product-2298878_0-644211_66.jpg","datePublished":"2024-10-15T03:00:44+00:00","dateModified":"2026-04-18T00:14:35+00:00","description":"Istutuspoti alus SV on vastupidavast plastikust. Alustaldrik on parim taimede jootmise s\u00fcsteem, hoiab vee \u00fclej\u00e4\u00e4ki taime jaoks.","breadcrumb":{"@id":"https:\/\/horticom.ee\/e-pood\/toode\/istutuspoti-alus-d-40cm-roheline\/#breadcrumb"},"inLanguage":"et","potentialAction":[{"@type":"ReadAction","target":["https:\/\/horticom.ee\/e-pood\/toode\/istutuspoti-alus-d-40cm-roheline\/"]}]},{"@type":"ImageObject","inLanguage":"et","@id":"https:\/\/horticom.ee\/e-pood\/toode\/istutuspoti-alus-d-40cm-roheline\/#primaryimage","url":"https:\/\/horticom.ee\/e-pood\/wp-content\/uploads\/importedmedia\/product-2298878_0-644211_66.jpg","contentUrl":"https:\/\/horticom.ee\/e-pood\/wp-content\/uploads\/importedmedia\/product-2298878_0-644211_66.jpg","width":1000,"height":896},{"@type":"BreadcrumbList","@id":"https:\/\/horticom.ee\/e-pood\/toode\/istutuspoti-alus-d-40cm-roheline\/#breadcrumb","itemListElement":[{"@type":"ListItem","position":1,"name":"Home","item":"https:\/\/horticom.ee\/e-pood\/"},{"@type":"ListItem","position":2,"name":"Pood","item":"https:\/\/horticom.ee\/e-pood\/pood\/"},{"@type":"ListItem","position":3,"name":"Istutuspoti alus d 40cm roheline"}]},{"@type":"WebSite","@id":"https:\/\/horticom.ee\/e-pood\/#website","url":"https:\/\/horticom.ee\/e-pood\/","name":"Horticom.ee","description":"Aianduskaubad ja kodukaubad nii harrastajatele kui professionaalidele","potentialAction":[{"@type":"SearchAction","target":{"@type":"EntryPoint","urlTemplate":"https:\/\/horticom.ee\/e-pood\/?s={search_term_string}"},"query-input":{"@type":"PropertyValueSpecification","valueRequired":true,"valueName":"search_term_string"}}],"inLanguage":"et"}]}},"_links":{"self":[{"href":"https:\/\/horticom.ee\/e-pood\/wp-json\/wp\/v2\/product\/2298878","targetHints":{"allow":["GET"]}}],"collection":[{"href":"https:\/\/horticom.ee\/e-pood\/wp-json\/wp\/v2\/product"}],"about":[{"href":"https:\/\/horticom.ee\/e-pood\/wp-json\/wp\/v2\/types\/product"}],"replies":[{"embeddable":true,"href":"https:\/\/horticom.ee\/e-pood\/wp-json\/wp\/v2\/comments?post=2298878"}],"wp:featuredmedia":[{"embeddable":true,"href":"https:\/\/horticom.ee\/e-pood\/wp-json\/wp\/v2\/media\/2382144"}],"wp:attachment":[{"href":"https:\/\/horticom.ee\/e-pood\/wp-json\/wp\/v2\/media?parent=2298878"}],"wp:term":[{"taxonomy":"product_cat","embeddable":true,"href":"https:\/\/horticom.ee\/e-pood\/wp-json\/wp\/v2\/product_cat?post=2298878"},{"taxonomy":"product_tag","embeddable":true,"href":"https:\/\/horticom.ee\/e-pood\/wp-json\/wp\/v2\/product_tag?post=2298878"}],"curies":[{"name":"wp","href":"https:\/\/api.w.org\/{rel}","templated":true}]}}