{"id":2299069,"date":"2024-10-15T06:01:17","date_gmt":"2024-10-15T03:01:17","guid":{"rendered":"https:\/\/horticom.ee\/e-pood\/toode\/kasiprits-mercury-super-360-1l\/"},"modified":"2026-05-13T03:09:22","modified_gmt":"2026-05-13T00:09:22","slug":"kasiprits-mercury-super-360-1l","status":"publish","type":"product","link":"https:\/\/horticom.ee\/e-pood\/toode\/kasiprits-mercury-super-360-1l\/","title":{"rendered":"K\u00e4siprits Mercury Super 360\u00b0 1L"},"content":{"rendered":"<p>K\u00e4siprits Mercury Super on kvaliteetne ja mugav plastmassist prits, mahutavusega 1L. K\u00e4siprits on 360 kraadi s\u00fcsteemiga (pritsi sees oleva elastse vooliku otsas on v\u00e4ike raskus), mis v\u00f5imaldab pihustada hoides pritsi alaspidi.<\/p>\n","protected":false},"excerpt":{"rendered":"<p>K\u00e4siprits Mercury Super on kvaliteetne ja mugav plastmassist prits, mahutavusega 1L. K\u00e4siprits on 360 kraadi s\u00fcsteemiga (pritsi sees oleva elastse vooliku otsas on v\u00e4ike raskus), mis v\u00f5imaldab pihustada hoides pritsi alaspidi.<\/p>\n","protected":false},"featured_media":2304873,"comment_status":"closed","ping_status":"closed","template":"","meta":{"_themeisle_gutenberg_block_has_review":false},"product_cat":[14015,13621],"product_tag":[],"class_list":{"0":"post-2299069","1":"product","2":"type-product","3":"status-publish","4":"has-post-thumbnail","6":"product_cat-pritsid","7":"product_cat-kasipritsid-tootjale","9":"first","10":"instock","11":"shipping-taxable","12":"purchasable","13":"product-type-simple"},"yoast_head":"<!-- This site is optimized with the Yoast SEO plugin v24.0 - https:\/\/yoast.com\/wordpress\/plugins\/seo\/ -->\n<title>K\u00e4siprits Mercury Super 360\u00b0 1L - Horticom<\/title>\n<meta name=\"robots\" content=\"index, follow, max-snippet:-1, max-image-preview:large, max-video-preview:-1\" \/>\n<link rel=\"canonical\" href=\"https:\/\/horticom.ee\/e-pood\/toode\/kasiprits-mercury-super-360-1l\/\" \/>\n<meta property=\"og:locale\" content=\"et_EE\" \/>\n<meta property=\"og:type\" content=\"article\" \/>\n<meta property=\"og:title\" content=\"K\u00e4siprits Mercury Super 360\u00b0 1L - Horticom\" \/>\n<meta property=\"og:description\" content=\"K\u00e4siprits Mercury Super on kvaliteetne ja mugav plastmassist prits, mahutavusega 1L. K\u00e4siprits on 360 kraadi s\u00fcsteemiga (pritsi sees oleva elastse vooliku otsas on v\u00e4ike raskus), mis v\u00f5imaldab pihustada hoides pritsi alaspidi.\" \/>\n<meta property=\"og:url\" content=\"https:\/\/horticom.ee\/e-pood\/toode\/kasiprits-mercury-super-360-1l\/\" \/>\n<meta property=\"og:site_name\" content=\"Horticom.ee\" \/>\n<meta property=\"article:publisher\" content=\"https:\/\/www.facebook.com\/horticom.ee\/e-pood\" \/>\n<meta property=\"article:modified_time\" content=\"2026-05-13T00:09:22+00:00\" \/>\n<meta property=\"og:image\" content=\"https:\/\/horticom.ee\/e-pood\/wp-content\/uploads\/importedmedia\/product-2299069_0-825001.jpg\" \/>\n\t<meta property=\"og:image:width\" content=\"1000\" \/>\n\t<meta property=\"og:image:height\" content=\"1498\" \/>\n\t<meta property=\"og:image:type\" content=\"image\/jpeg\" \/>\n<meta name=\"twitter:card\" content=\"summary_large_image\" \/>\n<script type=\"application\/ld+json\" class=\"yoast-schema-graph\">{\"@context\":\"https:\/\/schema.org\",\"@graph\":[{\"@type\":\"WebPage\",\"@id\":\"https:\/\/horticom.ee\/e-pood\/toode\/kasiprits-mercury-super-360-1l\/\",\"url\":\"https:\/\/horticom.ee\/e-pood\/toode\/kasiprits-mercury-super-360-1l\/\",\"name\":\"K\u00e4siprits Mercury Super 360\u00b0 1L - Horticom\",\"isPartOf\":{\"@id\":\"https:\/\/horticom.ee\/e-pood\/#website\"},\"primaryImageOfPage\":{\"@id\":\"https:\/\/horticom.ee\/e-pood\/toode\/kasiprits-mercury-super-360-1l\/#primaryimage\"},\"image\":{\"@id\":\"https:\/\/horticom.ee\/e-pood\/toode\/kasiprits-mercury-super-360-1l\/#primaryimage\"},\"thumbnailUrl\":\"https:\/\/horticom.ee\/e-pood\/wp-content\/uploads\/importedmedia\/product-2299069_0-825001.jpg\",\"datePublished\":\"2024-10-15T03:01:17+00:00\",\"dateModified\":\"2026-05-13T00:09:22+00:00\",\"breadcrumb\":{\"@id\":\"https:\/\/horticom.ee\/e-pood\/toode\/kasiprits-mercury-super-360-1l\/#breadcrumb\"},\"inLanguage\":\"et\",\"potentialAction\":[{\"@type\":\"ReadAction\",\"target\":[\"https:\/\/horticom.ee\/e-pood\/toode\/kasiprits-mercury-super-360-1l\/\"]}]},{\"@type\":\"ImageObject\",\"inLanguage\":\"et\",\"@id\":\"https:\/\/horticom.ee\/e-pood\/toode\/kasiprits-mercury-super-360-1l\/#primaryimage\",\"url\":\"https:\/\/horticom.ee\/e-pood\/wp-content\/uploads\/importedmedia\/product-2299069_0-825001.jpg\",\"contentUrl\":\"https:\/\/horticom.ee\/e-pood\/wp-content\/uploads\/importedmedia\/product-2299069_0-825001.jpg\",\"width\":1000,\"height\":1498},{\"@type\":\"BreadcrumbList\",\"@id\":\"https:\/\/horticom.ee\/e-pood\/toode\/kasiprits-mercury-super-360-1l\/#breadcrumb\",\"itemListElement\":[{\"@type\":\"ListItem\",\"position\":1,\"name\":\"Home\",\"item\":\"https:\/\/horticom.ee\/e-pood\/\"},{\"@type\":\"ListItem\",\"position\":2,\"name\":\"Pood\",\"item\":\"https:\/\/horticom.ee\/e-pood\/pood\/\"},{\"@type\":\"ListItem\",\"position\":3,\"name\":\"K\u00e4siprits Mercury Super 360\u00b0 1L\"}]},{\"@type\":\"WebSite\",\"@id\":\"https:\/\/horticom.ee\/e-pood\/#website\",\"url\":\"https:\/\/horticom.ee\/e-pood\/\",\"name\":\"Horticom.ee\",\"description\":\"Aianduskaubad ja kodukaubad nii harrastajatele kui professionaalidele\",\"potentialAction\":[{\"@type\":\"SearchAction\",\"target\":{\"@type\":\"EntryPoint\",\"urlTemplate\":\"https:\/\/horticom.ee\/e-pood\/?s={search_term_string}\"},\"query-input\":{\"@type\":\"PropertyValueSpecification\",\"valueRequired\":true,\"valueName\":\"search_term_string\"}}],\"inLanguage\":\"et\"}]}<\/script>\n<!-- \/ Yoast SEO plugin. -->","yoast_head_json":{"title":"K\u00e4siprits Mercury Super 360\u00b0 1L - Horticom","robots":{"index":"index","follow":"follow","max-snippet":"max-snippet:-1","max-image-preview":"max-image-preview:large","max-video-preview":"max-video-preview:-1"},"canonical":"https:\/\/horticom.ee\/e-pood\/toode\/kasiprits-mercury-super-360-1l\/","og_locale":"et_EE","og_type":"article","og_title":"K\u00e4siprits Mercury Super 360\u00b0 1L - Horticom","og_description":"K\u00e4siprits Mercury Super on kvaliteetne ja mugav plastmassist prits, mahutavusega 1L. K\u00e4siprits on 360 kraadi s\u00fcsteemiga (pritsi sees oleva elastse vooliku otsas on v\u00e4ike raskus), mis v\u00f5imaldab pihustada hoides pritsi alaspidi.","og_url":"https:\/\/horticom.ee\/e-pood\/toode\/kasiprits-mercury-super-360-1l\/","og_site_name":"Horticom.ee","article_publisher":"https:\/\/www.facebook.com\/horticom.ee\/e-pood","article_modified_time":"2026-05-13T00:09:22+00:00","og_image":[{"width":1000,"height":1498,"url":"https:\/\/horticom.ee\/e-pood\/wp-content\/uploads\/importedmedia\/product-2299069_0-825001.jpg","type":"image\/jpeg"}],"twitter_card":"summary_large_image","schema":{"@context":"https:\/\/schema.org","@graph":[{"@type":"WebPage","@id":"https:\/\/horticom.ee\/e-pood\/toode\/kasiprits-mercury-super-360-1l\/","url":"https:\/\/horticom.ee\/e-pood\/toode\/kasiprits-mercury-super-360-1l\/","name":"K\u00e4siprits Mercury Super 360\u00b0 1L - Horticom","isPartOf":{"@id":"https:\/\/horticom.ee\/e-pood\/#website"},"primaryImageOfPage":{"@id":"https:\/\/horticom.ee\/e-pood\/toode\/kasiprits-mercury-super-360-1l\/#primaryimage"},"image":{"@id":"https:\/\/horticom.ee\/e-pood\/toode\/kasiprits-mercury-super-360-1l\/#primaryimage"},"thumbnailUrl":"https:\/\/horticom.ee\/e-pood\/wp-content\/uploads\/importedmedia\/product-2299069_0-825001.jpg","datePublished":"2024-10-15T03:01:17+00:00","dateModified":"2026-05-13T00:09:22+00:00","breadcrumb":{"@id":"https:\/\/horticom.ee\/e-pood\/toode\/kasiprits-mercury-super-360-1l\/#breadcrumb"},"inLanguage":"et","potentialAction":[{"@type":"ReadAction","target":["https:\/\/horticom.ee\/e-pood\/toode\/kasiprits-mercury-super-360-1l\/"]}]},{"@type":"ImageObject","inLanguage":"et","@id":"https:\/\/horticom.ee\/e-pood\/toode\/kasiprits-mercury-super-360-1l\/#primaryimage","url":"https:\/\/horticom.ee\/e-pood\/wp-content\/uploads\/importedmedia\/product-2299069_0-825001.jpg","contentUrl":"https:\/\/horticom.ee\/e-pood\/wp-content\/uploads\/importedmedia\/product-2299069_0-825001.jpg","width":1000,"height":1498},{"@type":"BreadcrumbList","@id":"https:\/\/horticom.ee\/e-pood\/toode\/kasiprits-mercury-super-360-1l\/#breadcrumb","itemListElement":[{"@type":"ListItem","position":1,"name":"Home","item":"https:\/\/horticom.ee\/e-pood\/"},{"@type":"ListItem","position":2,"name":"Pood","item":"https:\/\/horticom.ee\/e-pood\/pood\/"},{"@type":"ListItem","position":3,"name":"K\u00e4siprits Mercury Super 360\u00b0 1L"}]},{"@type":"WebSite","@id":"https:\/\/horticom.ee\/e-pood\/#website","url":"https:\/\/horticom.ee\/e-pood\/","name":"Horticom.ee","description":"Aianduskaubad ja kodukaubad nii harrastajatele kui professionaalidele","potentialAction":[{"@type":"SearchAction","target":{"@type":"EntryPoint","urlTemplate":"https:\/\/horticom.ee\/e-pood\/?s={search_term_string}"},"query-input":{"@type":"PropertyValueSpecification","valueRequired":true,"valueName":"search_term_string"}}],"inLanguage":"et"}]}},"_links":{"self":[{"href":"https:\/\/horticom.ee\/e-pood\/wp-json\/wp\/v2\/product\/2299069","targetHints":{"allow":["GET"]}}],"collection":[{"href":"https:\/\/horticom.ee\/e-pood\/wp-json\/wp\/v2\/product"}],"about":[{"href":"https:\/\/horticom.ee\/e-pood\/wp-json\/wp\/v2\/types\/product"}],"replies":[{"embeddable":true,"href":"https:\/\/horticom.ee\/e-pood\/wp-json\/wp\/v2\/comments?post=2299069"}],"wp:featuredmedia":[{"embeddable":true,"href":"https:\/\/horticom.ee\/e-pood\/wp-json\/wp\/v2\/media\/2304873"}],"wp:attachment":[{"href":"https:\/\/horticom.ee\/e-pood\/wp-json\/wp\/v2\/media?parent=2299069"}],"wp:term":[{"taxonomy":"product_cat","embeddable":true,"href":"https:\/\/horticom.ee\/e-pood\/wp-json\/wp\/v2\/product_cat?post=2299069"},{"taxonomy":"product_tag","embeddable":true,"href":"https:\/\/horticom.ee\/e-pood\/wp-json\/wp\/v2\/product_tag?post=2299069"}],"curies":[{"name":"wp","href":"https:\/\/api.w.org\/{rel}","templated":true}]}}