{"id":2301803,"date":"2024-11-01T12:00:39","date_gmt":"2024-11-01T10:00:39","guid":{"rendered":"https:\/\/horticom.ee\/e-pood\/toode\/tiigivalgustus-smart-light-decklight-3-w-soe-valge-roostevaba-teras\/"},"modified":"2026-05-02T03:10:47","modified_gmt":"2026-05-02T00:10:47","slug":"tiigivalgustus-smart-light-decklight-3-w-soe-valge-roostevaba-teras","status":"publish","type":"product","link":"https:\/\/horticom.ee\/e-pood\/toode\/tiigivalgustus-smart-light-decklight-3-w-soe-valge-roostevaba-teras\/","title":{"rendered":"Tiigivalgustus Smart Light Decklight 3 W soe valge roostevaba teras"},"content":{"rendered":"<p>Metallkorpusega ning suunatava valgusvihuga v\u00e4listingimustes kasutatav valgusti. Kasutamiseks nii veekogu kaldal, terassidel kui ka vee all. Valguse t\u00fc\u00fcp &#8211; soe valge. LED pirn vahetatav. Parameetrid: d 80 x 92mm, 3W, 150lm<\/p>\n","protected":false},"excerpt":{"rendered":"<p>Metallkorpusega ning suunatava valgusvihuga v\u00e4listingimustes kasutatav valgusti. Kasutamiseks nii veekogu kaldal, terassidel kui ka vee all. Valguse t\u00fc\u00fcp &#8211; soe valge. LED pirn vahetatav. Parameetrid: d 80 x 92mm, 3W, 150lm<\/p>\n","protected":false},"featured_media":2377824,"comment_status":"closed","ping_status":"closed","template":"","meta":{"_themeisle_gutenberg_block_has_review":false},"product_cat":[18563,13356],"product_tag":[],"class_list":{"0":"post-2301803","1":"product","2":"type-product","3":"status-publish","4":"has-post-thumbnail","6":"product_cat-lopumuugitooted","7":"product_cat-niiskuskindlad-valgustid","9":"first","10":"instock","11":"sale","12":"shipping-taxable","13":"purchasable","14":"product-type-simple"},"yoast_head":"<!-- This site is optimized with the Yoast SEO plugin v24.0 - https:\/\/yoast.com\/wordpress\/plugins\/seo\/ -->\n<title>Tiigivalgustus Smart Light Decklight 3 W soe valge roostevaba teras - Horticom<\/title>\n<meta name=\"robots\" content=\"index, follow, max-snippet:-1, max-image-preview:large, max-video-preview:-1\" \/>\n<link rel=\"canonical\" href=\"https:\/\/horticom.ee\/e-pood\/toode\/tiigivalgustus-smart-light-decklight-3-w-soe-valge-roostevaba-teras\/\" \/>\n<meta property=\"og:locale\" content=\"et_EE\" \/>\n<meta property=\"og:type\" content=\"article\" \/>\n<meta property=\"og:title\" content=\"Tiigivalgustus Smart Light Decklight 3 W soe valge roostevaba teras - Horticom\" \/>\n<meta property=\"og:description\" content=\"Metallkorpusega ning suunatava valgusvihuga v\u00e4listingimustes kasutatav valgusti. Kasutamiseks nii veekogu kaldal, terassidel kui ka vee all. Valguse t\u00fc\u00fcp &#8211; soe valge. LED pirn vahetatav. Parameetrid: d 80 x 92mm, 3W, 150lm\" \/>\n<meta property=\"og:url\" content=\"https:\/\/horticom.ee\/e-pood\/toode\/tiigivalgustus-smart-light-decklight-3-w-soe-valge-roostevaba-teras\/\" \/>\n<meta property=\"og:site_name\" content=\"Horticom.ee\" \/>\n<meta property=\"article:publisher\" content=\"https:\/\/www.facebook.com\/horticom.ee\/e-pood\" \/>\n<meta property=\"article:modified_time\" content=\"2026-05-02T00:10:47+00:00\" \/>\n<meta property=\"og:image\" content=\"https:\/\/horticom.ee\/e-pood\/wp-content\/uploads\/importedmedia\/product-2301803_0-850L453.jpg\" \/>\n\t<meta property=\"og:image:width\" content=\"1000\" \/>\n\t<meta property=\"og:image:height\" content=\"1000\" \/>\n\t<meta property=\"og:image:type\" content=\"image\/jpeg\" \/>\n<meta name=\"twitter:card\" content=\"summary_large_image\" \/>\n<script type=\"application\/ld+json\" class=\"yoast-schema-graph\">{\"@context\":\"https:\/\/schema.org\",\"@graph\":[{\"@type\":\"WebPage\",\"@id\":\"https:\/\/horticom.ee\/e-pood\/toode\/tiigivalgustus-smart-light-decklight-3-w-soe-valge-roostevaba-teras\/\",\"url\":\"https:\/\/horticom.ee\/e-pood\/toode\/tiigivalgustus-smart-light-decklight-3-w-soe-valge-roostevaba-teras\/\",\"name\":\"Tiigivalgustus Smart Light Decklight 3 W soe valge roostevaba teras - Horticom\",\"isPartOf\":{\"@id\":\"https:\/\/horticom.ee\/e-pood\/#website\"},\"primaryImageOfPage\":{\"@id\":\"https:\/\/horticom.ee\/e-pood\/toode\/tiigivalgustus-smart-light-decklight-3-w-soe-valge-roostevaba-teras\/#primaryimage\"},\"image\":{\"@id\":\"https:\/\/horticom.ee\/e-pood\/toode\/tiigivalgustus-smart-light-decklight-3-w-soe-valge-roostevaba-teras\/#primaryimage\"},\"thumbnailUrl\":\"https:\/\/horticom.ee\/e-pood\/wp-content\/uploads\/importedmedia\/product-2301803_0-850L453.jpg\",\"datePublished\":\"2024-11-01T10:00:39+00:00\",\"dateModified\":\"2026-05-02T00:10:47+00:00\",\"breadcrumb\":{\"@id\":\"https:\/\/horticom.ee\/e-pood\/toode\/tiigivalgustus-smart-light-decklight-3-w-soe-valge-roostevaba-teras\/#breadcrumb\"},\"inLanguage\":\"et\",\"potentialAction\":[{\"@type\":\"ReadAction\",\"target\":[\"https:\/\/horticom.ee\/e-pood\/toode\/tiigivalgustus-smart-light-decklight-3-w-soe-valge-roostevaba-teras\/\"]}]},{\"@type\":\"ImageObject\",\"inLanguage\":\"et\",\"@id\":\"https:\/\/horticom.ee\/e-pood\/toode\/tiigivalgustus-smart-light-decklight-3-w-soe-valge-roostevaba-teras\/#primaryimage\",\"url\":\"https:\/\/horticom.ee\/e-pood\/wp-content\/uploads\/importedmedia\/product-2301803_0-850L453.jpg\",\"contentUrl\":\"https:\/\/horticom.ee\/e-pood\/wp-content\/uploads\/importedmedia\/product-2301803_0-850L453.jpg\",\"width\":1000,\"height\":1000},{\"@type\":\"BreadcrumbList\",\"@id\":\"https:\/\/horticom.ee\/e-pood\/toode\/tiigivalgustus-smart-light-decklight-3-w-soe-valge-roostevaba-teras\/#breadcrumb\",\"itemListElement\":[{\"@type\":\"ListItem\",\"position\":1,\"name\":\"Home\",\"item\":\"https:\/\/horticom.ee\/e-pood\/\"},{\"@type\":\"ListItem\",\"position\":2,\"name\":\"Pood\",\"item\":\"https:\/\/horticom.ee\/e-pood\/pood\/\"},{\"@type\":\"ListItem\",\"position\":3,\"name\":\"Tiigivalgustus Smart Light Decklight 3 W soe valge roostevaba teras\"}]},{\"@type\":\"WebSite\",\"@id\":\"https:\/\/horticom.ee\/e-pood\/#website\",\"url\":\"https:\/\/horticom.ee\/e-pood\/\",\"name\":\"Horticom.ee\",\"description\":\"Aianduskaubad ja kodukaubad nii harrastajatele kui professionaalidele\",\"potentialAction\":[{\"@type\":\"SearchAction\",\"target\":{\"@type\":\"EntryPoint\",\"urlTemplate\":\"https:\/\/horticom.ee\/e-pood\/?s={search_term_string}\"},\"query-input\":{\"@type\":\"PropertyValueSpecification\",\"valueRequired\":true,\"valueName\":\"search_term_string\"}}],\"inLanguage\":\"et\"}]}<\/script>\n<!-- \/ Yoast SEO plugin. -->","yoast_head_json":{"title":"Tiigivalgustus Smart Light Decklight 3 W soe valge roostevaba teras - Horticom","robots":{"index":"index","follow":"follow","max-snippet":"max-snippet:-1","max-image-preview":"max-image-preview:large","max-video-preview":"max-video-preview:-1"},"canonical":"https:\/\/horticom.ee\/e-pood\/toode\/tiigivalgustus-smart-light-decklight-3-w-soe-valge-roostevaba-teras\/","og_locale":"et_EE","og_type":"article","og_title":"Tiigivalgustus Smart Light Decklight 3 W soe valge roostevaba teras - Horticom","og_description":"Metallkorpusega ning suunatava valgusvihuga v\u00e4listingimustes kasutatav valgusti. Kasutamiseks nii veekogu kaldal, terassidel kui ka vee all. Valguse t\u00fc\u00fcp &#8211; soe valge. LED pirn vahetatav. Parameetrid: d 80 x 92mm, 3W, 150lm","og_url":"https:\/\/horticom.ee\/e-pood\/toode\/tiigivalgustus-smart-light-decklight-3-w-soe-valge-roostevaba-teras\/","og_site_name":"Horticom.ee","article_publisher":"https:\/\/www.facebook.com\/horticom.ee\/e-pood","article_modified_time":"2026-05-02T00:10:47+00:00","og_image":[{"width":1000,"height":1000,"url":"https:\/\/horticom.ee\/e-pood\/wp-content\/uploads\/importedmedia\/product-2301803_0-850L453.jpg","type":"image\/jpeg"}],"twitter_card":"summary_large_image","schema":{"@context":"https:\/\/schema.org","@graph":[{"@type":"WebPage","@id":"https:\/\/horticom.ee\/e-pood\/toode\/tiigivalgustus-smart-light-decklight-3-w-soe-valge-roostevaba-teras\/","url":"https:\/\/horticom.ee\/e-pood\/toode\/tiigivalgustus-smart-light-decklight-3-w-soe-valge-roostevaba-teras\/","name":"Tiigivalgustus Smart Light Decklight 3 W soe valge roostevaba teras - Horticom","isPartOf":{"@id":"https:\/\/horticom.ee\/e-pood\/#website"},"primaryImageOfPage":{"@id":"https:\/\/horticom.ee\/e-pood\/toode\/tiigivalgustus-smart-light-decklight-3-w-soe-valge-roostevaba-teras\/#primaryimage"},"image":{"@id":"https:\/\/horticom.ee\/e-pood\/toode\/tiigivalgustus-smart-light-decklight-3-w-soe-valge-roostevaba-teras\/#primaryimage"},"thumbnailUrl":"https:\/\/horticom.ee\/e-pood\/wp-content\/uploads\/importedmedia\/product-2301803_0-850L453.jpg","datePublished":"2024-11-01T10:00:39+00:00","dateModified":"2026-05-02T00:10:47+00:00","breadcrumb":{"@id":"https:\/\/horticom.ee\/e-pood\/toode\/tiigivalgustus-smart-light-decklight-3-w-soe-valge-roostevaba-teras\/#breadcrumb"},"inLanguage":"et","potentialAction":[{"@type":"ReadAction","target":["https:\/\/horticom.ee\/e-pood\/toode\/tiigivalgustus-smart-light-decklight-3-w-soe-valge-roostevaba-teras\/"]}]},{"@type":"ImageObject","inLanguage":"et","@id":"https:\/\/horticom.ee\/e-pood\/toode\/tiigivalgustus-smart-light-decklight-3-w-soe-valge-roostevaba-teras\/#primaryimage","url":"https:\/\/horticom.ee\/e-pood\/wp-content\/uploads\/importedmedia\/product-2301803_0-850L453.jpg","contentUrl":"https:\/\/horticom.ee\/e-pood\/wp-content\/uploads\/importedmedia\/product-2301803_0-850L453.jpg","width":1000,"height":1000},{"@type":"BreadcrumbList","@id":"https:\/\/horticom.ee\/e-pood\/toode\/tiigivalgustus-smart-light-decklight-3-w-soe-valge-roostevaba-teras\/#breadcrumb","itemListElement":[{"@type":"ListItem","position":1,"name":"Home","item":"https:\/\/horticom.ee\/e-pood\/"},{"@type":"ListItem","position":2,"name":"Pood","item":"https:\/\/horticom.ee\/e-pood\/pood\/"},{"@type":"ListItem","position":3,"name":"Tiigivalgustus Smart Light Decklight 3 W soe valge roostevaba teras"}]},{"@type":"WebSite","@id":"https:\/\/horticom.ee\/e-pood\/#website","url":"https:\/\/horticom.ee\/e-pood\/","name":"Horticom.ee","description":"Aianduskaubad ja kodukaubad nii harrastajatele kui professionaalidele","potentialAction":[{"@type":"SearchAction","target":{"@type":"EntryPoint","urlTemplate":"https:\/\/horticom.ee\/e-pood\/?s={search_term_string}"},"query-input":{"@type":"PropertyValueSpecification","valueRequired":true,"valueName":"search_term_string"}}],"inLanguage":"et"}]}},"_links":{"self":[{"href":"https:\/\/horticom.ee\/e-pood\/wp-json\/wp\/v2\/product\/2301803","targetHints":{"allow":["GET"]}}],"collection":[{"href":"https:\/\/horticom.ee\/e-pood\/wp-json\/wp\/v2\/product"}],"about":[{"href":"https:\/\/horticom.ee\/e-pood\/wp-json\/wp\/v2\/types\/product"}],"replies":[{"embeddable":true,"href":"https:\/\/horticom.ee\/e-pood\/wp-json\/wp\/v2\/comments?post=2301803"}],"wp:featuredmedia":[{"embeddable":true,"href":"https:\/\/horticom.ee\/e-pood\/wp-json\/wp\/v2\/media\/2377824"}],"wp:attachment":[{"href":"https:\/\/horticom.ee\/e-pood\/wp-json\/wp\/v2\/media?parent=2301803"}],"wp:term":[{"taxonomy":"product_cat","embeddable":true,"href":"https:\/\/horticom.ee\/e-pood\/wp-json\/wp\/v2\/product_cat?post=2301803"},{"taxonomy":"product_tag","embeddable":true,"href":"https:\/\/horticom.ee\/e-pood\/wp-json\/wp\/v2\/product_tag?post=2301803"}],"curies":[{"name":"wp","href":"https:\/\/api.w.org\/{rel}","templated":true}]}}