{"id":2301833,"date":"2024-11-01T12:00:45","date_gmt":"2024-11-01T10:00:45","guid":{"rendered":"https:\/\/horticom.ee\/e-pood\/toode\/rodukast-elho-greenville-trough-pikk-alusega-70cm-166l-valge\/"},"modified":"2026-03-30T03:12:14","modified_gmt":"2026-03-30T00:12:14","slug":"rodukast-elho-greenville-trough-pikk-alusega-70cm-166l-valge","status":"publish","type":"product","link":"https:\/\/horticom.ee\/e-pood\/toode\/rodukast-elho-greenville-trough-pikk-alusega-70cm-166l-valge\/","title":{"rendered":"R\u00f5dukast Elho Greenville Trough pikk alusega 70cm 16,6L valge"},"content":{"rendered":"<p>R\u00f5dukast Elho Greenville Trough  on modernse sileda disainiga ning s\u00fcgava alusega r\u00f5dukast. R\u00f5dukast on integreeritud veereservuaariga, t\u00e4nu millele taimed saavad alati vajaliku vee. R\u00f5dukast on valmistatud \u00fcmbert\u00f6\u00f6deldud plastikus ja on 100% taast\u00f6\u00f6deldav. Sobib kasutamiseks igal aastaajal, kuna on k\u00fclmakindel.<\/p>\n","protected":false},"excerpt":{"rendered":"<p>R\u00f5dukast Elho Greenville Trough on modernse sileda disainiga ning s\u00fcgava alusega r\u00f5dukast. R\u00f5dukast on integreeritud veereservuaariga, t\u00e4nu millele taimed saavad alati vajaliku vee. R\u00f5dukast on valmistatud \u00fcmbert\u00f6\u00f6deldud plastikus ja on 100% taast\u00f6\u00f6deldav. Sobib kasutamiseks igal aastaajal, kuna on k\u00fclmakindel.<\/p>\n","protected":false},"featured_media":2398809,"comment_status":"closed","ping_status":"closed","template":"","meta":{"_themeisle_gutenberg_block_has_review":false},"product_cat":[13444],"product_tag":[],"class_list":{"0":"post-2301833","1":"product","2":"type-product","3":"status-publish","4":"has-post-thumbnail","6":"product_cat-rodukastid","8":"first","9":"outofstock","10":"sale","11":"shipping-taxable","12":"purchasable","13":"product-type-simple"},"yoast_head":"<!-- This site is optimized with the Yoast SEO plugin v24.0 - https:\/\/yoast.com\/wordpress\/plugins\/seo\/ -->\n<title>R\u00f5dukast Elho Greenville Trough pikk alusega 70cm 16,6L valge - Horticom<\/title>\n<meta name=\"robots\" content=\"index, follow, max-snippet:-1, max-image-preview:large, max-video-preview:-1\" \/>\n<link rel=\"canonical\" href=\"https:\/\/horticom.ee\/e-pood\/toode\/rodukast-elho-greenville-trough-pikk-alusega-70cm-166l-valge\/\" \/>\n<meta property=\"og:locale\" content=\"et_EE\" \/>\n<meta property=\"og:type\" content=\"article\" \/>\n<meta property=\"og:title\" content=\"R\u00f5dukast Elho Greenville Trough pikk alusega 70cm 16,6L valge - Horticom\" \/>\n<meta property=\"og:description\" content=\"R\u00f5dukast Elho Greenville Trough on modernse sileda disainiga ning s\u00fcgava alusega r\u00f5dukast. R\u00f5dukast on integreeritud veereservuaariga, t\u00e4nu millele taimed saavad alati vajaliku vee. R\u00f5dukast on valmistatud \u00fcmbert\u00f6\u00f6deldud plastikus ja on 100% taast\u00f6\u00f6deldav. Sobib kasutamiseks igal aastaajal, kuna on k\u00fclmakindel.\" \/>\n<meta property=\"og:url\" content=\"https:\/\/horticom.ee\/e-pood\/toode\/rodukast-elho-greenville-trough-pikk-alusega-70cm-166l-valge\/\" \/>\n<meta property=\"og:site_name\" content=\"Horticom.ee\" \/>\n<meta property=\"article:publisher\" content=\"https:\/\/www.facebook.com\/horticom.ee\/e-pood\" \/>\n<meta property=\"article:modified_time\" content=\"2026-03-30T00:12:14+00:00\" \/>\n<meta property=\"og:image\" content=\"https:\/\/horticom.ee\/e-pood\/wp-content\/uploads\/2024\/11\/8711904357672-scaled.jpg\" \/>\n\t<meta property=\"og:image:width\" content=\"2560\" \/>\n\t<meta property=\"og:image:height\" content=\"2560\" \/>\n\t<meta property=\"og:image:type\" content=\"image\/jpeg\" \/>\n<meta name=\"twitter:card\" content=\"summary_large_image\" \/>\n<meta name=\"twitter:label1\" content=\"Est. reading time\" \/>\n\t<meta name=\"twitter:data1\" content=\"1 minut\" \/>\n<script type=\"application\/ld+json\" class=\"yoast-schema-graph\">{\"@context\":\"https:\/\/schema.org\",\"@graph\":[{\"@type\":\"WebPage\",\"@id\":\"https:\/\/horticom.ee\/e-pood\/toode\/rodukast-elho-greenville-trough-pikk-alusega-70cm-166l-valge\/\",\"url\":\"https:\/\/horticom.ee\/e-pood\/toode\/rodukast-elho-greenville-trough-pikk-alusega-70cm-166l-valge\/\",\"name\":\"R\u00f5dukast Elho Greenville Trough pikk alusega 70cm 16,6L valge - Horticom\",\"isPartOf\":{\"@id\":\"https:\/\/horticom.ee\/e-pood\/#website\"},\"primaryImageOfPage\":{\"@id\":\"https:\/\/horticom.ee\/e-pood\/toode\/rodukast-elho-greenville-trough-pikk-alusega-70cm-166l-valge\/#primaryimage\"},\"image\":{\"@id\":\"https:\/\/horticom.ee\/e-pood\/toode\/rodukast-elho-greenville-trough-pikk-alusega-70cm-166l-valge\/#primaryimage\"},\"thumbnailUrl\":\"https:\/\/horticom.ee\/e-pood\/wp-content\/uploads\/2024\/11\/8711904357672-scaled.jpg\",\"datePublished\":\"2024-11-01T10:00:45+00:00\",\"dateModified\":\"2026-03-30T00:12:14+00:00\",\"breadcrumb\":{\"@id\":\"https:\/\/horticom.ee\/e-pood\/toode\/rodukast-elho-greenville-trough-pikk-alusega-70cm-166l-valge\/#breadcrumb\"},\"inLanguage\":\"et\",\"potentialAction\":[{\"@type\":\"ReadAction\",\"target\":[\"https:\/\/horticom.ee\/e-pood\/toode\/rodukast-elho-greenville-trough-pikk-alusega-70cm-166l-valge\/\"]}]},{\"@type\":\"ImageObject\",\"inLanguage\":\"et\",\"@id\":\"https:\/\/horticom.ee\/e-pood\/toode\/rodukast-elho-greenville-trough-pikk-alusega-70cm-166l-valge\/#primaryimage\",\"url\":\"https:\/\/horticom.ee\/e-pood\/wp-content\/uploads\/2024\/11\/8711904357672-scaled.jpg\",\"contentUrl\":\"https:\/\/horticom.ee\/e-pood\/wp-content\/uploads\/2024\/11\/8711904357672-scaled.jpg\",\"width\":2560,\"height\":2560},{\"@type\":\"BreadcrumbList\",\"@id\":\"https:\/\/horticom.ee\/e-pood\/toode\/rodukast-elho-greenville-trough-pikk-alusega-70cm-166l-valge\/#breadcrumb\",\"itemListElement\":[{\"@type\":\"ListItem\",\"position\":1,\"name\":\"Home\",\"item\":\"https:\/\/horticom.ee\/e-pood\/\"},{\"@type\":\"ListItem\",\"position\":2,\"name\":\"Pood\",\"item\":\"https:\/\/horticom.ee\/e-pood\/pood\/\"},{\"@type\":\"ListItem\",\"position\":3,\"name\":\"R\u00f5dukast Elho Greenville Trough pikk alusega 70cm 16,6L valge\"}]},{\"@type\":\"WebSite\",\"@id\":\"https:\/\/horticom.ee\/e-pood\/#website\",\"url\":\"https:\/\/horticom.ee\/e-pood\/\",\"name\":\"Horticom.ee\",\"description\":\"Aianduskaubad ja kodukaubad nii harrastajatele kui professionaalidele\",\"potentialAction\":[{\"@type\":\"SearchAction\",\"target\":{\"@type\":\"EntryPoint\",\"urlTemplate\":\"https:\/\/horticom.ee\/e-pood\/?s={search_term_string}\"},\"query-input\":{\"@type\":\"PropertyValueSpecification\",\"valueRequired\":true,\"valueName\":\"search_term_string\"}}],\"inLanguage\":\"et\"}]}<\/script>\n<!-- \/ Yoast SEO plugin. -->","yoast_head_json":{"title":"R\u00f5dukast Elho Greenville Trough pikk alusega 70cm 16,6L valge - Horticom","robots":{"index":"index","follow":"follow","max-snippet":"max-snippet:-1","max-image-preview":"max-image-preview:large","max-video-preview":"max-video-preview:-1"},"canonical":"https:\/\/horticom.ee\/e-pood\/toode\/rodukast-elho-greenville-trough-pikk-alusega-70cm-166l-valge\/","og_locale":"et_EE","og_type":"article","og_title":"R\u00f5dukast Elho Greenville Trough pikk alusega 70cm 16,6L valge - Horticom","og_description":"R\u00f5dukast Elho Greenville Trough on modernse sileda disainiga ning s\u00fcgava alusega r\u00f5dukast. R\u00f5dukast on integreeritud veereservuaariga, t\u00e4nu millele taimed saavad alati vajaliku vee. R\u00f5dukast on valmistatud \u00fcmbert\u00f6\u00f6deldud plastikus ja on 100% taast\u00f6\u00f6deldav. Sobib kasutamiseks igal aastaajal, kuna on k\u00fclmakindel.","og_url":"https:\/\/horticom.ee\/e-pood\/toode\/rodukast-elho-greenville-trough-pikk-alusega-70cm-166l-valge\/","og_site_name":"Horticom.ee","article_publisher":"https:\/\/www.facebook.com\/horticom.ee\/e-pood","article_modified_time":"2026-03-30T00:12:14+00:00","og_image":[{"width":2560,"height":2560,"url":"https:\/\/horticom.ee\/e-pood\/wp-content\/uploads\/2024\/11\/8711904357672-scaled.jpg","type":"image\/jpeg"}],"twitter_card":"summary_large_image","twitter_misc":{"Est. reading time":"1 minut"},"schema":{"@context":"https:\/\/schema.org","@graph":[{"@type":"WebPage","@id":"https:\/\/horticom.ee\/e-pood\/toode\/rodukast-elho-greenville-trough-pikk-alusega-70cm-166l-valge\/","url":"https:\/\/horticom.ee\/e-pood\/toode\/rodukast-elho-greenville-trough-pikk-alusega-70cm-166l-valge\/","name":"R\u00f5dukast Elho Greenville Trough pikk alusega 70cm 16,6L valge - Horticom","isPartOf":{"@id":"https:\/\/horticom.ee\/e-pood\/#website"},"primaryImageOfPage":{"@id":"https:\/\/horticom.ee\/e-pood\/toode\/rodukast-elho-greenville-trough-pikk-alusega-70cm-166l-valge\/#primaryimage"},"image":{"@id":"https:\/\/horticom.ee\/e-pood\/toode\/rodukast-elho-greenville-trough-pikk-alusega-70cm-166l-valge\/#primaryimage"},"thumbnailUrl":"https:\/\/horticom.ee\/e-pood\/wp-content\/uploads\/2024\/11\/8711904357672-scaled.jpg","datePublished":"2024-11-01T10:00:45+00:00","dateModified":"2026-03-30T00:12:14+00:00","breadcrumb":{"@id":"https:\/\/horticom.ee\/e-pood\/toode\/rodukast-elho-greenville-trough-pikk-alusega-70cm-166l-valge\/#breadcrumb"},"inLanguage":"et","potentialAction":[{"@type":"ReadAction","target":["https:\/\/horticom.ee\/e-pood\/toode\/rodukast-elho-greenville-trough-pikk-alusega-70cm-166l-valge\/"]}]},{"@type":"ImageObject","inLanguage":"et","@id":"https:\/\/horticom.ee\/e-pood\/toode\/rodukast-elho-greenville-trough-pikk-alusega-70cm-166l-valge\/#primaryimage","url":"https:\/\/horticom.ee\/e-pood\/wp-content\/uploads\/2024\/11\/8711904357672-scaled.jpg","contentUrl":"https:\/\/horticom.ee\/e-pood\/wp-content\/uploads\/2024\/11\/8711904357672-scaled.jpg","width":2560,"height":2560},{"@type":"BreadcrumbList","@id":"https:\/\/horticom.ee\/e-pood\/toode\/rodukast-elho-greenville-trough-pikk-alusega-70cm-166l-valge\/#breadcrumb","itemListElement":[{"@type":"ListItem","position":1,"name":"Home","item":"https:\/\/horticom.ee\/e-pood\/"},{"@type":"ListItem","position":2,"name":"Pood","item":"https:\/\/horticom.ee\/e-pood\/pood\/"},{"@type":"ListItem","position":3,"name":"R\u00f5dukast Elho Greenville Trough pikk alusega 70cm 16,6L valge"}]},{"@type":"WebSite","@id":"https:\/\/horticom.ee\/e-pood\/#website","url":"https:\/\/horticom.ee\/e-pood\/","name":"Horticom.ee","description":"Aianduskaubad ja kodukaubad nii harrastajatele kui professionaalidele","potentialAction":[{"@type":"SearchAction","target":{"@type":"EntryPoint","urlTemplate":"https:\/\/horticom.ee\/e-pood\/?s={search_term_string}"},"query-input":{"@type":"PropertyValueSpecification","valueRequired":true,"valueName":"search_term_string"}}],"inLanguage":"et"}]}},"_links":{"self":[{"href":"https:\/\/horticom.ee\/e-pood\/wp-json\/wp\/v2\/product\/2301833","targetHints":{"allow":["GET"]}}],"collection":[{"href":"https:\/\/horticom.ee\/e-pood\/wp-json\/wp\/v2\/product"}],"about":[{"href":"https:\/\/horticom.ee\/e-pood\/wp-json\/wp\/v2\/types\/product"}],"replies":[{"embeddable":true,"href":"https:\/\/horticom.ee\/e-pood\/wp-json\/wp\/v2\/comments?post=2301833"}],"wp:featuredmedia":[{"embeddable":true,"href":"https:\/\/horticom.ee\/e-pood\/wp-json\/wp\/v2\/media\/2398809"}],"wp:attachment":[{"href":"https:\/\/horticom.ee\/e-pood\/wp-json\/wp\/v2\/media?parent=2301833"}],"wp:term":[{"taxonomy":"product_cat","embeddable":true,"href":"https:\/\/horticom.ee\/e-pood\/wp-json\/wp\/v2\/product_cat?post=2301833"},{"taxonomy":"product_tag","embeddable":true,"href":"https:\/\/horticom.ee\/e-pood\/wp-json\/wp\/v2\/product_tag?post=2301833"}],"curies":[{"name":"wp","href":"https:\/\/api.w.org\/{rel}","templated":true}]}}