{"id":2301860,"date":"2024-11-01T12:00:51","date_gmt":"2024-11-01T10:00:51","guid":{"rendered":"https:\/\/horticom.ee\/e-pood\/toode\/istutuspott-artevasi-havana-tropical-d-40cm-31l-mudahall\/"},"modified":"2026-05-04T03:11:12","modified_gmt":"2026-05-04T00:11:12","slug":"istutuspott-artevasi-havana-tropical-d-40cm-31l-mudahall","status":"publish","type":"product","link":"https:\/\/horticom.ee\/e-pood\/toode\/istutuspott-artevasi-havana-tropical-d-40cm-31l-mudahall\/","title":{"rendered":"Istutuspott Artevasi Havana Tropical d 40cm 31L mudahall"},"content":{"rendered":"<p>Troopilisest keskkonnast inpireeritud anassiliku tekstuuriga istutuspott. Korgiga \u00e4ravooluava.<br \/>\nToodetud taaskasutatud materjalidest ning on ise samuti taask\u00e4ideldatav.<br \/>\nMaterjal on UV-kaitsega ja k\u00fclmakindel. Kasutatav nii sise- kui v\u00e4listingimustes.<\/p>\n","protected":false},"excerpt":{"rendered":"<p>Troopilisest keskkonnast inpireeritud anassiliku tekstuuriga istutuspott. Korgiga \u00e4ravooluava. Toodetud taaskasutatud materjalidest ning on ise samuti taask\u00e4ideldatav. Materjal on UV-kaitsega ja k\u00fclmakindel. Kasutatav nii sise- kui v\u00e4listingimustes.<\/p>\n","protected":false},"featured_media":2380724,"comment_status":"closed","ping_status":"closed","template":"","meta":{"_themeisle_gutenberg_block_has_review":false},"product_cat":[13475],"product_tag":[],"class_list":{"0":"post-2301860","1":"product","2":"type-product","3":"status-publish","4":"has-post-thumbnail","6":"product_cat-istutuspotid","8":"first","9":"instock","10":"shipping-taxable","11":"purchasable","12":"product-type-simple"},"yoast_head":"<!-- This site is optimized with the Yoast SEO plugin v24.0 - https:\/\/yoast.com\/wordpress\/plugins\/seo\/ -->\n<title>Istutuspott Artevasi Havana Tropical d 40cm 31L mudahall - Horticom<\/title>\n<meta name=\"robots\" content=\"index, follow, max-snippet:-1, max-image-preview:large, max-video-preview:-1\" \/>\n<link rel=\"canonical\" href=\"https:\/\/horticom.ee\/e-pood\/toode\/istutuspott-artevasi-havana-tropical-d-40cm-31l-mudahall\/\" \/>\n<meta property=\"og:locale\" content=\"et_EE\" \/>\n<meta property=\"og:type\" content=\"article\" \/>\n<meta property=\"og:title\" content=\"Istutuspott Artevasi Havana Tropical d 40cm 31L mudahall - Horticom\" \/>\n<meta property=\"og:description\" content=\"Troopilisest keskkonnast inpireeritud anassiliku tekstuuriga istutuspott. Korgiga \u00e4ravooluava. Toodetud taaskasutatud materjalidest ning on ise samuti taask\u00e4ideldatav. Materjal on UV-kaitsega ja k\u00fclmakindel. Kasutatav nii sise- kui v\u00e4listingimustes.\" \/>\n<meta property=\"og:url\" content=\"https:\/\/horticom.ee\/e-pood\/toode\/istutuspott-artevasi-havana-tropical-d-40cm-31l-mudahall\/\" \/>\n<meta property=\"og:site_name\" content=\"Horticom.ee\" \/>\n<meta property=\"article:publisher\" content=\"https:\/\/www.facebook.com\/horticom.ee\/e-pood\" \/>\n<meta property=\"article:modified_time\" content=\"2026-05-04T00:11:12+00:00\" \/>\n<meta property=\"og:image\" content=\"https:\/\/horticom.ee\/e-pood\/wp-content\/uploads\/importedmedia\/product-2301860_0-532839098.jpg\" \/>\n\t<meta property=\"og:image:width\" content=\"999\" \/>\n\t<meta property=\"og:image:height\" content=\"1142\" \/>\n\t<meta property=\"og:image:type\" content=\"image\/jpeg\" \/>\n<meta name=\"twitter:card\" content=\"summary_large_image\" \/>\n<meta name=\"twitter:label1\" content=\"Est. reading time\" \/>\n\t<meta name=\"twitter:data1\" content=\"1 minut\" \/>\n<script type=\"application\/ld+json\" class=\"yoast-schema-graph\">{\"@context\":\"https:\/\/schema.org\",\"@graph\":[{\"@type\":\"WebPage\",\"@id\":\"https:\/\/horticom.ee\/e-pood\/toode\/istutuspott-artevasi-havana-tropical-d-40cm-31l-mudahall\/\",\"url\":\"https:\/\/horticom.ee\/e-pood\/toode\/istutuspott-artevasi-havana-tropical-d-40cm-31l-mudahall\/\",\"name\":\"Istutuspott Artevasi Havana Tropical d 40cm 31L mudahall - Horticom\",\"isPartOf\":{\"@id\":\"https:\/\/horticom.ee\/e-pood\/#website\"},\"primaryImageOfPage\":{\"@id\":\"https:\/\/horticom.ee\/e-pood\/toode\/istutuspott-artevasi-havana-tropical-d-40cm-31l-mudahall\/#primaryimage\"},\"image\":{\"@id\":\"https:\/\/horticom.ee\/e-pood\/toode\/istutuspott-artevasi-havana-tropical-d-40cm-31l-mudahall\/#primaryimage\"},\"thumbnailUrl\":\"https:\/\/horticom.ee\/e-pood\/wp-content\/uploads\/importedmedia\/product-2301860_0-532839098.jpg\",\"datePublished\":\"2024-11-01T10:00:51+00:00\",\"dateModified\":\"2026-05-04T00:11:12+00:00\",\"breadcrumb\":{\"@id\":\"https:\/\/horticom.ee\/e-pood\/toode\/istutuspott-artevasi-havana-tropical-d-40cm-31l-mudahall\/#breadcrumb\"},\"inLanguage\":\"et\",\"potentialAction\":[{\"@type\":\"ReadAction\",\"target\":[\"https:\/\/horticom.ee\/e-pood\/toode\/istutuspott-artevasi-havana-tropical-d-40cm-31l-mudahall\/\"]}]},{\"@type\":\"ImageObject\",\"inLanguage\":\"et\",\"@id\":\"https:\/\/horticom.ee\/e-pood\/toode\/istutuspott-artevasi-havana-tropical-d-40cm-31l-mudahall\/#primaryimage\",\"url\":\"https:\/\/horticom.ee\/e-pood\/wp-content\/uploads\/importedmedia\/product-2301860_0-532839098.jpg\",\"contentUrl\":\"https:\/\/horticom.ee\/e-pood\/wp-content\/uploads\/importedmedia\/product-2301860_0-532839098.jpg\",\"width\":999,\"height\":1142},{\"@type\":\"BreadcrumbList\",\"@id\":\"https:\/\/horticom.ee\/e-pood\/toode\/istutuspott-artevasi-havana-tropical-d-40cm-31l-mudahall\/#breadcrumb\",\"itemListElement\":[{\"@type\":\"ListItem\",\"position\":1,\"name\":\"Home\",\"item\":\"https:\/\/horticom.ee\/e-pood\/\"},{\"@type\":\"ListItem\",\"position\":2,\"name\":\"Pood\",\"item\":\"https:\/\/horticom.ee\/e-pood\/pood\/\"},{\"@type\":\"ListItem\",\"position\":3,\"name\":\"Istutuspott Artevasi Havana Tropical d 40cm 31L mudahall\"}]},{\"@type\":\"WebSite\",\"@id\":\"https:\/\/horticom.ee\/e-pood\/#website\",\"url\":\"https:\/\/horticom.ee\/e-pood\/\",\"name\":\"Horticom.ee\",\"description\":\"Aianduskaubad ja kodukaubad nii harrastajatele kui professionaalidele\",\"potentialAction\":[{\"@type\":\"SearchAction\",\"target\":{\"@type\":\"EntryPoint\",\"urlTemplate\":\"https:\/\/horticom.ee\/e-pood\/?s={search_term_string}\"},\"query-input\":{\"@type\":\"PropertyValueSpecification\",\"valueRequired\":true,\"valueName\":\"search_term_string\"}}],\"inLanguage\":\"et\"}]}<\/script>\n<!-- \/ Yoast SEO plugin. -->","yoast_head_json":{"title":"Istutuspott Artevasi Havana Tropical d 40cm 31L mudahall - Horticom","robots":{"index":"index","follow":"follow","max-snippet":"max-snippet:-1","max-image-preview":"max-image-preview:large","max-video-preview":"max-video-preview:-1"},"canonical":"https:\/\/horticom.ee\/e-pood\/toode\/istutuspott-artevasi-havana-tropical-d-40cm-31l-mudahall\/","og_locale":"et_EE","og_type":"article","og_title":"Istutuspott Artevasi Havana Tropical d 40cm 31L mudahall - Horticom","og_description":"Troopilisest keskkonnast inpireeritud anassiliku tekstuuriga istutuspott. Korgiga \u00e4ravooluava. Toodetud taaskasutatud materjalidest ning on ise samuti taask\u00e4ideldatav. Materjal on UV-kaitsega ja k\u00fclmakindel. Kasutatav nii sise- kui v\u00e4listingimustes.","og_url":"https:\/\/horticom.ee\/e-pood\/toode\/istutuspott-artevasi-havana-tropical-d-40cm-31l-mudahall\/","og_site_name":"Horticom.ee","article_publisher":"https:\/\/www.facebook.com\/horticom.ee\/e-pood","article_modified_time":"2026-05-04T00:11:12+00:00","og_image":[{"width":999,"height":1142,"url":"https:\/\/horticom.ee\/e-pood\/wp-content\/uploads\/importedmedia\/product-2301860_0-532839098.jpg","type":"image\/jpeg"}],"twitter_card":"summary_large_image","twitter_misc":{"Est. reading time":"1 minut"},"schema":{"@context":"https:\/\/schema.org","@graph":[{"@type":"WebPage","@id":"https:\/\/horticom.ee\/e-pood\/toode\/istutuspott-artevasi-havana-tropical-d-40cm-31l-mudahall\/","url":"https:\/\/horticom.ee\/e-pood\/toode\/istutuspott-artevasi-havana-tropical-d-40cm-31l-mudahall\/","name":"Istutuspott Artevasi Havana Tropical d 40cm 31L mudahall - Horticom","isPartOf":{"@id":"https:\/\/horticom.ee\/e-pood\/#website"},"primaryImageOfPage":{"@id":"https:\/\/horticom.ee\/e-pood\/toode\/istutuspott-artevasi-havana-tropical-d-40cm-31l-mudahall\/#primaryimage"},"image":{"@id":"https:\/\/horticom.ee\/e-pood\/toode\/istutuspott-artevasi-havana-tropical-d-40cm-31l-mudahall\/#primaryimage"},"thumbnailUrl":"https:\/\/horticom.ee\/e-pood\/wp-content\/uploads\/importedmedia\/product-2301860_0-532839098.jpg","datePublished":"2024-11-01T10:00:51+00:00","dateModified":"2026-05-04T00:11:12+00:00","breadcrumb":{"@id":"https:\/\/horticom.ee\/e-pood\/toode\/istutuspott-artevasi-havana-tropical-d-40cm-31l-mudahall\/#breadcrumb"},"inLanguage":"et","potentialAction":[{"@type":"ReadAction","target":["https:\/\/horticom.ee\/e-pood\/toode\/istutuspott-artevasi-havana-tropical-d-40cm-31l-mudahall\/"]}]},{"@type":"ImageObject","inLanguage":"et","@id":"https:\/\/horticom.ee\/e-pood\/toode\/istutuspott-artevasi-havana-tropical-d-40cm-31l-mudahall\/#primaryimage","url":"https:\/\/horticom.ee\/e-pood\/wp-content\/uploads\/importedmedia\/product-2301860_0-532839098.jpg","contentUrl":"https:\/\/horticom.ee\/e-pood\/wp-content\/uploads\/importedmedia\/product-2301860_0-532839098.jpg","width":999,"height":1142},{"@type":"BreadcrumbList","@id":"https:\/\/horticom.ee\/e-pood\/toode\/istutuspott-artevasi-havana-tropical-d-40cm-31l-mudahall\/#breadcrumb","itemListElement":[{"@type":"ListItem","position":1,"name":"Home","item":"https:\/\/horticom.ee\/e-pood\/"},{"@type":"ListItem","position":2,"name":"Pood","item":"https:\/\/horticom.ee\/e-pood\/pood\/"},{"@type":"ListItem","position":3,"name":"Istutuspott Artevasi Havana Tropical d 40cm 31L mudahall"}]},{"@type":"WebSite","@id":"https:\/\/horticom.ee\/e-pood\/#website","url":"https:\/\/horticom.ee\/e-pood\/","name":"Horticom.ee","description":"Aianduskaubad ja kodukaubad nii harrastajatele kui professionaalidele","potentialAction":[{"@type":"SearchAction","target":{"@type":"EntryPoint","urlTemplate":"https:\/\/horticom.ee\/e-pood\/?s={search_term_string}"},"query-input":{"@type":"PropertyValueSpecification","valueRequired":true,"valueName":"search_term_string"}}],"inLanguage":"et"}]}},"_links":{"self":[{"href":"https:\/\/horticom.ee\/e-pood\/wp-json\/wp\/v2\/product\/2301860","targetHints":{"allow":["GET"]}}],"collection":[{"href":"https:\/\/horticom.ee\/e-pood\/wp-json\/wp\/v2\/product"}],"about":[{"href":"https:\/\/horticom.ee\/e-pood\/wp-json\/wp\/v2\/types\/product"}],"replies":[{"embeddable":true,"href":"https:\/\/horticom.ee\/e-pood\/wp-json\/wp\/v2\/comments?post=2301860"}],"wp:featuredmedia":[{"embeddable":true,"href":"https:\/\/horticom.ee\/e-pood\/wp-json\/wp\/v2\/media\/2380724"}],"wp:attachment":[{"href":"https:\/\/horticom.ee\/e-pood\/wp-json\/wp\/v2\/media?parent=2301860"}],"wp:term":[{"taxonomy":"product_cat","embeddable":true,"href":"https:\/\/horticom.ee\/e-pood\/wp-json\/wp\/v2\/product_cat?post=2301860"},{"taxonomy":"product_tag","embeddable":true,"href":"https:\/\/horticom.ee\/e-pood\/wp-json\/wp\/v2\/product_tag?post=2301860"}],"curies":[{"name":"wp","href":"https:\/\/api.w.org\/{rel}","templated":true}]}}