{"id":2301969,"date":"2024-11-01T12:01:17","date_gmt":"2024-11-01T10:01:17","guid":{"rendered":"https:\/\/horticom.ee\/e-pood\/toode\/kann-keraamiline-gaia-h-20cm-antratsiit\/"},"modified":"2026-05-03T03:12:11","modified_gmt":"2026-05-03T00:12:11","slug":"kann-keraamiline-gaia-h-20cm-antratsiit","status":"publish","type":"product","link":"https:\/\/horticom.ee\/e-pood\/toode\/kann-keraamiline-gaia-h-20cm-antratsiit\/","title":{"rendered":"Kann keraamiline Artevasi Gaia h 20cm 2L antratsiit"},"content":{"rendered":"<p>Traditsioonilise veekannu disainiga ning loodusest inspireeritud toonis keraamiline kann, mis sobitub t\u00e4iendama igat laadi interj\u00f6\u00f6ri. Valminud k\u00e4sit\u00f6\u00f6na. NB! Ei ole 100% veekindel.<\/p>\n","protected":false},"excerpt":{"rendered":"<p>Traditsioonilise veekannu disainiga ning loodusest inspireeritud toonis keraamiline kann, mis sobitub t\u00e4iendama igat laadi interj\u00f6\u00f6ri. Valminud k\u00e4sit\u00f6\u00f6na. NB! Ei ole 100% veekindel.<\/p>\n","protected":false},"featured_media":2380766,"comment_status":"closed","ping_status":"closed","template":"","meta":{"_themeisle_gutenberg_block_has_review":false},"product_cat":[17909],"product_tag":[],"class_list":{"0":"post-2301969","1":"product","2":"type-product","3":"status-publish","4":"has-post-thumbnail","6":"product_cat-vaasid","8":"first","9":"instock","10":"shipping-taxable","11":"purchasable","12":"product-type-simple"},"yoast_head":"<!-- This site is optimized with the Yoast SEO plugin v24.0 - https:\/\/yoast.com\/wordpress\/plugins\/seo\/ -->\n<title>Kann keraamiline Artevasi Gaia h 20cm 2L antratsiit - Horticom<\/title>\n<meta name=\"robots\" content=\"index, follow, max-snippet:-1, max-image-preview:large, max-video-preview:-1\" \/>\n<link rel=\"canonical\" href=\"https:\/\/horticom.ee\/e-pood\/toode\/kann-keraamiline-gaia-h-20cm-antratsiit\/\" \/>\n<meta property=\"og:locale\" content=\"et_EE\" \/>\n<meta property=\"og:type\" content=\"article\" \/>\n<meta property=\"og:title\" content=\"Kann keraamiline Artevasi Gaia h 20cm 2L antratsiit - Horticom\" \/>\n<meta property=\"og:description\" content=\"Traditsioonilise veekannu disainiga ning loodusest inspireeritud toonis keraamiline kann, mis sobitub t\u00e4iendama igat laadi interj\u00f6\u00f6ri. Valminud k\u00e4sit\u00f6\u00f6na. NB! Ei ole 100% veekindel.\" \/>\n<meta property=\"og:url\" content=\"https:\/\/horticom.ee\/e-pood\/toode\/kann-keraamiline-gaia-h-20cm-antratsiit\/\" \/>\n<meta property=\"og:site_name\" content=\"Horticom.ee\" \/>\n<meta property=\"article:publisher\" content=\"https:\/\/www.facebook.com\/horticom.ee\/e-pood\" \/>\n<meta property=\"article:modified_time\" content=\"2026-05-03T00:12:11+00:00\" \/>\n<meta property=\"og:image\" content=\"https:\/\/horticom.ee\/e-pood\/wp-content\/uploads\/importedmedia\/product-2301969_0-532844658.jpg\" \/>\n\t<meta property=\"og:image:width\" content=\"1000\" \/>\n\t<meta property=\"og:image:height\" content=\"1000\" \/>\n\t<meta property=\"og:image:type\" content=\"image\/jpeg\" \/>\n<meta name=\"twitter:card\" content=\"summary_large_image\" \/>\n<script type=\"application\/ld+json\" class=\"yoast-schema-graph\">{\"@context\":\"https:\/\/schema.org\",\"@graph\":[{\"@type\":\"WebPage\",\"@id\":\"https:\/\/horticom.ee\/e-pood\/toode\/kann-keraamiline-gaia-h-20cm-antratsiit\/\",\"url\":\"https:\/\/horticom.ee\/e-pood\/toode\/kann-keraamiline-gaia-h-20cm-antratsiit\/\",\"name\":\"Kann keraamiline Artevasi Gaia h 20cm 2L antratsiit - Horticom\",\"isPartOf\":{\"@id\":\"https:\/\/horticom.ee\/e-pood\/#website\"},\"primaryImageOfPage\":{\"@id\":\"https:\/\/horticom.ee\/e-pood\/toode\/kann-keraamiline-gaia-h-20cm-antratsiit\/#primaryimage\"},\"image\":{\"@id\":\"https:\/\/horticom.ee\/e-pood\/toode\/kann-keraamiline-gaia-h-20cm-antratsiit\/#primaryimage\"},\"thumbnailUrl\":\"https:\/\/horticom.ee\/e-pood\/wp-content\/uploads\/importedmedia\/product-2301969_0-532844658.jpg\",\"datePublished\":\"2024-11-01T10:01:17+00:00\",\"dateModified\":\"2026-05-03T00:12:11+00:00\",\"breadcrumb\":{\"@id\":\"https:\/\/horticom.ee\/e-pood\/toode\/kann-keraamiline-gaia-h-20cm-antratsiit\/#breadcrumb\"},\"inLanguage\":\"et\",\"potentialAction\":[{\"@type\":\"ReadAction\",\"target\":[\"https:\/\/horticom.ee\/e-pood\/toode\/kann-keraamiline-gaia-h-20cm-antratsiit\/\"]}]},{\"@type\":\"ImageObject\",\"inLanguage\":\"et\",\"@id\":\"https:\/\/horticom.ee\/e-pood\/toode\/kann-keraamiline-gaia-h-20cm-antratsiit\/#primaryimage\",\"url\":\"https:\/\/horticom.ee\/e-pood\/wp-content\/uploads\/importedmedia\/product-2301969_0-532844658.jpg\",\"contentUrl\":\"https:\/\/horticom.ee\/e-pood\/wp-content\/uploads\/importedmedia\/product-2301969_0-532844658.jpg\",\"width\":1000,\"height\":1000},{\"@type\":\"BreadcrumbList\",\"@id\":\"https:\/\/horticom.ee\/e-pood\/toode\/kann-keraamiline-gaia-h-20cm-antratsiit\/#breadcrumb\",\"itemListElement\":[{\"@type\":\"ListItem\",\"position\":1,\"name\":\"Home\",\"item\":\"https:\/\/horticom.ee\/e-pood\/\"},{\"@type\":\"ListItem\",\"position\":2,\"name\":\"Pood\",\"item\":\"https:\/\/horticom.ee\/e-pood\/pood\/\"},{\"@type\":\"ListItem\",\"position\":3,\"name\":\"Kann keraamiline Artevasi Gaia h 20cm 2L antratsiit\"}]},{\"@type\":\"WebSite\",\"@id\":\"https:\/\/horticom.ee\/e-pood\/#website\",\"url\":\"https:\/\/horticom.ee\/e-pood\/\",\"name\":\"Horticom.ee\",\"description\":\"Aianduskaubad ja kodukaubad nii harrastajatele kui professionaalidele\",\"potentialAction\":[{\"@type\":\"SearchAction\",\"target\":{\"@type\":\"EntryPoint\",\"urlTemplate\":\"https:\/\/horticom.ee\/e-pood\/?s={search_term_string}\"},\"query-input\":{\"@type\":\"PropertyValueSpecification\",\"valueRequired\":true,\"valueName\":\"search_term_string\"}}],\"inLanguage\":\"et\"}]}<\/script>\n<!-- \/ Yoast SEO plugin. -->","yoast_head_json":{"title":"Kann keraamiline Artevasi Gaia h 20cm 2L antratsiit - Horticom","robots":{"index":"index","follow":"follow","max-snippet":"max-snippet:-1","max-image-preview":"max-image-preview:large","max-video-preview":"max-video-preview:-1"},"canonical":"https:\/\/horticom.ee\/e-pood\/toode\/kann-keraamiline-gaia-h-20cm-antratsiit\/","og_locale":"et_EE","og_type":"article","og_title":"Kann keraamiline Artevasi Gaia h 20cm 2L antratsiit - Horticom","og_description":"Traditsioonilise veekannu disainiga ning loodusest inspireeritud toonis keraamiline kann, mis sobitub t\u00e4iendama igat laadi interj\u00f6\u00f6ri. Valminud k\u00e4sit\u00f6\u00f6na. NB! Ei ole 100% veekindel.","og_url":"https:\/\/horticom.ee\/e-pood\/toode\/kann-keraamiline-gaia-h-20cm-antratsiit\/","og_site_name":"Horticom.ee","article_publisher":"https:\/\/www.facebook.com\/horticom.ee\/e-pood","article_modified_time":"2026-05-03T00:12:11+00:00","og_image":[{"width":1000,"height":1000,"url":"https:\/\/horticom.ee\/e-pood\/wp-content\/uploads\/importedmedia\/product-2301969_0-532844658.jpg","type":"image\/jpeg"}],"twitter_card":"summary_large_image","schema":{"@context":"https:\/\/schema.org","@graph":[{"@type":"WebPage","@id":"https:\/\/horticom.ee\/e-pood\/toode\/kann-keraamiline-gaia-h-20cm-antratsiit\/","url":"https:\/\/horticom.ee\/e-pood\/toode\/kann-keraamiline-gaia-h-20cm-antratsiit\/","name":"Kann keraamiline Artevasi Gaia h 20cm 2L antratsiit - Horticom","isPartOf":{"@id":"https:\/\/horticom.ee\/e-pood\/#website"},"primaryImageOfPage":{"@id":"https:\/\/horticom.ee\/e-pood\/toode\/kann-keraamiline-gaia-h-20cm-antratsiit\/#primaryimage"},"image":{"@id":"https:\/\/horticom.ee\/e-pood\/toode\/kann-keraamiline-gaia-h-20cm-antratsiit\/#primaryimage"},"thumbnailUrl":"https:\/\/horticom.ee\/e-pood\/wp-content\/uploads\/importedmedia\/product-2301969_0-532844658.jpg","datePublished":"2024-11-01T10:01:17+00:00","dateModified":"2026-05-03T00:12:11+00:00","breadcrumb":{"@id":"https:\/\/horticom.ee\/e-pood\/toode\/kann-keraamiline-gaia-h-20cm-antratsiit\/#breadcrumb"},"inLanguage":"et","potentialAction":[{"@type":"ReadAction","target":["https:\/\/horticom.ee\/e-pood\/toode\/kann-keraamiline-gaia-h-20cm-antratsiit\/"]}]},{"@type":"ImageObject","inLanguage":"et","@id":"https:\/\/horticom.ee\/e-pood\/toode\/kann-keraamiline-gaia-h-20cm-antratsiit\/#primaryimage","url":"https:\/\/horticom.ee\/e-pood\/wp-content\/uploads\/importedmedia\/product-2301969_0-532844658.jpg","contentUrl":"https:\/\/horticom.ee\/e-pood\/wp-content\/uploads\/importedmedia\/product-2301969_0-532844658.jpg","width":1000,"height":1000},{"@type":"BreadcrumbList","@id":"https:\/\/horticom.ee\/e-pood\/toode\/kann-keraamiline-gaia-h-20cm-antratsiit\/#breadcrumb","itemListElement":[{"@type":"ListItem","position":1,"name":"Home","item":"https:\/\/horticom.ee\/e-pood\/"},{"@type":"ListItem","position":2,"name":"Pood","item":"https:\/\/horticom.ee\/e-pood\/pood\/"},{"@type":"ListItem","position":3,"name":"Kann keraamiline Artevasi Gaia h 20cm 2L antratsiit"}]},{"@type":"WebSite","@id":"https:\/\/horticom.ee\/e-pood\/#website","url":"https:\/\/horticom.ee\/e-pood\/","name":"Horticom.ee","description":"Aianduskaubad ja kodukaubad nii harrastajatele kui professionaalidele","potentialAction":[{"@type":"SearchAction","target":{"@type":"EntryPoint","urlTemplate":"https:\/\/horticom.ee\/e-pood\/?s={search_term_string}"},"query-input":{"@type":"PropertyValueSpecification","valueRequired":true,"valueName":"search_term_string"}}],"inLanguage":"et"}]}},"_links":{"self":[{"href":"https:\/\/horticom.ee\/e-pood\/wp-json\/wp\/v2\/product\/2301969","targetHints":{"allow":["GET"]}}],"collection":[{"href":"https:\/\/horticom.ee\/e-pood\/wp-json\/wp\/v2\/product"}],"about":[{"href":"https:\/\/horticom.ee\/e-pood\/wp-json\/wp\/v2\/types\/product"}],"replies":[{"embeddable":true,"href":"https:\/\/horticom.ee\/e-pood\/wp-json\/wp\/v2\/comments?post=2301969"}],"wp:featuredmedia":[{"embeddable":true,"href":"https:\/\/horticom.ee\/e-pood\/wp-json\/wp\/v2\/media\/2380766"}],"wp:attachment":[{"href":"https:\/\/horticom.ee\/e-pood\/wp-json\/wp\/v2\/media?parent=2301969"}],"wp:term":[{"taxonomy":"product_cat","embeddable":true,"href":"https:\/\/horticom.ee\/e-pood\/wp-json\/wp\/v2\/product_cat?post=2301969"},{"taxonomy":"product_tag","embeddable":true,"href":"https:\/\/horticom.ee\/e-pood\/wp-json\/wp\/v2\/product_tag?post=2301969"}],"curies":[{"name":"wp","href":"https:\/\/api.w.org\/{rel}","templated":true}]}}