{"id":2302057,"date":"2024-11-01T12:01:36","date_gmt":"2024-11-01T10:01:36","guid":{"rendered":"https:\/\/horticom.ee\/e-pood\/toode\/lohnastatud-teekuunal-45h-labipaistvas-topsis-vanilliois-muskus-18tk-pakis\/"},"modified":"2026-04-06T03:14:08","modified_gmt":"2026-04-06T00:14:08","slug":"lohnastatud-teekuunal-45h-labipaistvas-topsis-vanilliois-muskus-18tk-pakis","status":"publish","type":"product","link":"https:\/\/horticom.ee\/e-pood\/toode\/lohnastatud-teekuunal-45h-labipaistvas-topsis-vanilliois-muskus-18tk-pakis\/","title":{"rendered":"L\u00f5hnastatud teek\u00fc\u00fcnal 4,5h l\u00e4bipaistvas topsis vanilli\u00f5is-muskus 18tk\/pakis"},"content":{"rendered":"<p>Mahedas s\u00fcgis\/talvises v\u00e4rvitoonis klassikaline l\u00f5hnastatud teek\u00fc\u00fcnal, mis p\u00f5leb ereda ja stabiilse leegiga. Valmistatud kvaliteetset toormest k.a k\u00fc\u00fcnla taht, mis on k\u00fc\u00fcnalde juures v\u00e4ga oluline n\u00e4itaja. Valmistatud parafiinist ja steariinist. Kvaliteetsed k\u00fc\u00fcnlad firmalt, kellel on 150+ aastat kogemust valmistamaks parimatest saadaolevatest koostisosadest h\u00e4sti p\u00f5levaid k\u00fc\u00fcnlaid, mis ei saasta \u00f5hku ega ole tervisele ohtlikud.<\/p>\n","protected":false},"excerpt":{"rendered":"<p>Mahedas s\u00fcgis\/talvises v\u00e4rvitoonis klassikaline l\u00f5hnastatud teek\u00fc\u00fcnal, mis p\u00f5leb ereda ja stabiilse leegiga. Valmistatud kvaliteetset toormest k.a k\u00fc\u00fcnla taht, mis on k\u00fc\u00fcnalde juures v\u00e4ga oluline n\u00e4itaja. Valmistatud parafiinist ja steariinist. Kvaliteetsed k\u00fc\u00fcnlad firmalt, kellel on 150+ aastat kogemust valmistamaks parimatest saadaolevatest koostisosadest h\u00e4sti p\u00f5levaid k\u00fc\u00fcnlaid, mis ei saasta \u00f5hku ega ole tervisele ohtlikud.<\/p>\n","protected":false},"featured_media":2380448,"comment_status":"closed","ping_status":"closed","template":"","meta":{"_themeisle_gutenberg_block_has_review":false},"product_cat":[13453,13450],"product_tag":[],"class_list":{"0":"post-2302057","1":"product","2":"type-product","3":"status-publish","4":"has-post-thumbnail","6":"product_cat-lohnakuunlad","7":"product_cat-teekuunlad","9":"first","10":"instock","11":"shipping-taxable","12":"purchasable","13":"product-type-simple"},"yoast_head":"<!-- This site is optimized with the Yoast SEO plugin v24.0 - https:\/\/yoast.com\/wordpress\/plugins\/seo\/ -->\n<title>L\u00f5hnastatud teek\u00fc\u00fcnal 4,5h l\u00e4bipaistvas topsis vanilli\u00f5is-muskus 18tk\/pakis - Horticom<\/title>\n<meta name=\"robots\" content=\"index, follow, max-snippet:-1, max-image-preview:large, max-video-preview:-1\" \/>\n<link rel=\"canonical\" href=\"https:\/\/horticom.ee\/e-pood\/toode\/lohnastatud-teekuunal-45h-labipaistvas-topsis-vanilliois-muskus-18tk-pakis\/\" \/>\n<meta property=\"og:locale\" content=\"et_EE\" \/>\n<meta property=\"og:type\" content=\"article\" \/>\n<meta property=\"og:title\" content=\"L\u00f5hnastatud teek\u00fc\u00fcnal 4,5h l\u00e4bipaistvas topsis vanilli\u00f5is-muskus 18tk\/pakis - Horticom\" \/>\n<meta property=\"og:description\" content=\"Mahedas s\u00fcgis\/talvises v\u00e4rvitoonis klassikaline l\u00f5hnastatud teek\u00fc\u00fcnal, mis p\u00f5leb ereda ja stabiilse leegiga. Valmistatud kvaliteetset toormest k.a k\u00fc\u00fcnla taht, mis on k\u00fc\u00fcnalde juures v\u00e4ga oluline n\u00e4itaja. Valmistatud parafiinist ja steariinist. Kvaliteetsed k\u00fc\u00fcnlad firmalt, kellel on 150+ aastat kogemust valmistamaks parimatest saadaolevatest koostisosadest h\u00e4sti p\u00f5levaid k\u00fc\u00fcnlaid, mis ei saasta \u00f5hku ega ole tervisele ohtlikud.\" \/>\n<meta property=\"og:url\" content=\"https:\/\/horticom.ee\/e-pood\/toode\/lohnastatud-teekuunal-45h-labipaistvas-topsis-vanilliois-muskus-18tk-pakis\/\" \/>\n<meta property=\"og:site_name\" content=\"Horticom.ee\" \/>\n<meta property=\"article:publisher\" content=\"https:\/\/www.facebook.com\/horticom.ee\/e-pood\" \/>\n<meta property=\"article:modified_time\" content=\"2026-04-06T00:14:08+00:00\" \/>\n<meta property=\"og:image\" content=\"https:\/\/horticom.ee\/e-pood\/wp-content\/uploads\/importedmedia\/product-2302057_0-690412_813.jpg\" \/>\n\t<meta property=\"og:image:width\" content=\"1000\" \/>\n\t<meta property=\"og:image:height\" content=\"1000\" \/>\n\t<meta property=\"og:image:type\" content=\"image\/jpeg\" \/>\n<meta name=\"twitter:card\" content=\"summary_large_image\" \/>\n<script type=\"application\/ld+json\" class=\"yoast-schema-graph\">{\"@context\":\"https:\/\/schema.org\",\"@graph\":[{\"@type\":\"WebPage\",\"@id\":\"https:\/\/horticom.ee\/e-pood\/toode\/lohnastatud-teekuunal-45h-labipaistvas-topsis-vanilliois-muskus-18tk-pakis\/\",\"url\":\"https:\/\/horticom.ee\/e-pood\/toode\/lohnastatud-teekuunal-45h-labipaistvas-topsis-vanilliois-muskus-18tk-pakis\/\",\"name\":\"L\u00f5hnastatud teek\u00fc\u00fcnal 4,5h l\u00e4bipaistvas topsis vanilli\u00f5is-muskus 18tk\/pakis - Horticom\",\"isPartOf\":{\"@id\":\"https:\/\/horticom.ee\/e-pood\/#website\"},\"primaryImageOfPage\":{\"@id\":\"https:\/\/horticom.ee\/e-pood\/toode\/lohnastatud-teekuunal-45h-labipaistvas-topsis-vanilliois-muskus-18tk-pakis\/#primaryimage\"},\"image\":{\"@id\":\"https:\/\/horticom.ee\/e-pood\/toode\/lohnastatud-teekuunal-45h-labipaistvas-topsis-vanilliois-muskus-18tk-pakis\/#primaryimage\"},\"thumbnailUrl\":\"https:\/\/horticom.ee\/e-pood\/wp-content\/uploads\/importedmedia\/product-2302057_0-690412_813.jpg\",\"datePublished\":\"2024-11-01T10:01:36+00:00\",\"dateModified\":\"2026-04-06T00:14:08+00:00\",\"breadcrumb\":{\"@id\":\"https:\/\/horticom.ee\/e-pood\/toode\/lohnastatud-teekuunal-45h-labipaistvas-topsis-vanilliois-muskus-18tk-pakis\/#breadcrumb\"},\"inLanguage\":\"et\",\"potentialAction\":[{\"@type\":\"ReadAction\",\"target\":[\"https:\/\/horticom.ee\/e-pood\/toode\/lohnastatud-teekuunal-45h-labipaistvas-topsis-vanilliois-muskus-18tk-pakis\/\"]}]},{\"@type\":\"ImageObject\",\"inLanguage\":\"et\",\"@id\":\"https:\/\/horticom.ee\/e-pood\/toode\/lohnastatud-teekuunal-45h-labipaistvas-topsis-vanilliois-muskus-18tk-pakis\/#primaryimage\",\"url\":\"https:\/\/horticom.ee\/e-pood\/wp-content\/uploads\/importedmedia\/product-2302057_0-690412_813.jpg\",\"contentUrl\":\"https:\/\/horticom.ee\/e-pood\/wp-content\/uploads\/importedmedia\/product-2302057_0-690412_813.jpg\",\"width\":1000,\"height\":1000},{\"@type\":\"BreadcrumbList\",\"@id\":\"https:\/\/horticom.ee\/e-pood\/toode\/lohnastatud-teekuunal-45h-labipaistvas-topsis-vanilliois-muskus-18tk-pakis\/#breadcrumb\",\"itemListElement\":[{\"@type\":\"ListItem\",\"position\":1,\"name\":\"Home\",\"item\":\"https:\/\/horticom.ee\/e-pood\/\"},{\"@type\":\"ListItem\",\"position\":2,\"name\":\"Pood\",\"item\":\"https:\/\/horticom.ee\/e-pood\/pood\/\"},{\"@type\":\"ListItem\",\"position\":3,\"name\":\"L\u00f5hnastatud teek\u00fc\u00fcnal 4,5h l\u00e4bipaistvas topsis vanilli\u00f5is-muskus 18tk\/pakis\"}]},{\"@type\":\"WebSite\",\"@id\":\"https:\/\/horticom.ee\/e-pood\/#website\",\"url\":\"https:\/\/horticom.ee\/e-pood\/\",\"name\":\"Horticom.ee\",\"description\":\"Aianduskaubad ja kodukaubad nii harrastajatele kui professionaalidele\",\"potentialAction\":[{\"@type\":\"SearchAction\",\"target\":{\"@type\":\"EntryPoint\",\"urlTemplate\":\"https:\/\/horticom.ee\/e-pood\/?s={search_term_string}\"},\"query-input\":{\"@type\":\"PropertyValueSpecification\",\"valueRequired\":true,\"valueName\":\"search_term_string\"}}],\"inLanguage\":\"et\"}]}<\/script>\n<!-- \/ Yoast SEO plugin. -->","yoast_head_json":{"title":"L\u00f5hnastatud teek\u00fc\u00fcnal 4,5h l\u00e4bipaistvas topsis vanilli\u00f5is-muskus 18tk\/pakis - Horticom","robots":{"index":"index","follow":"follow","max-snippet":"max-snippet:-1","max-image-preview":"max-image-preview:large","max-video-preview":"max-video-preview:-1"},"canonical":"https:\/\/horticom.ee\/e-pood\/toode\/lohnastatud-teekuunal-45h-labipaistvas-topsis-vanilliois-muskus-18tk-pakis\/","og_locale":"et_EE","og_type":"article","og_title":"L\u00f5hnastatud teek\u00fc\u00fcnal 4,5h l\u00e4bipaistvas topsis vanilli\u00f5is-muskus 18tk\/pakis - Horticom","og_description":"Mahedas s\u00fcgis\/talvises v\u00e4rvitoonis klassikaline l\u00f5hnastatud teek\u00fc\u00fcnal, mis p\u00f5leb ereda ja stabiilse leegiga. Valmistatud kvaliteetset toormest k.a k\u00fc\u00fcnla taht, mis on k\u00fc\u00fcnalde juures v\u00e4ga oluline n\u00e4itaja. Valmistatud parafiinist ja steariinist. Kvaliteetsed k\u00fc\u00fcnlad firmalt, kellel on 150+ aastat kogemust valmistamaks parimatest saadaolevatest koostisosadest h\u00e4sti p\u00f5levaid k\u00fc\u00fcnlaid, mis ei saasta \u00f5hku ega ole tervisele ohtlikud.","og_url":"https:\/\/horticom.ee\/e-pood\/toode\/lohnastatud-teekuunal-45h-labipaistvas-topsis-vanilliois-muskus-18tk-pakis\/","og_site_name":"Horticom.ee","article_publisher":"https:\/\/www.facebook.com\/horticom.ee\/e-pood","article_modified_time":"2026-04-06T00:14:08+00:00","og_image":[{"width":1000,"height":1000,"url":"https:\/\/horticom.ee\/e-pood\/wp-content\/uploads\/importedmedia\/product-2302057_0-690412_813.jpg","type":"image\/jpeg"}],"twitter_card":"summary_large_image","schema":{"@context":"https:\/\/schema.org","@graph":[{"@type":"WebPage","@id":"https:\/\/horticom.ee\/e-pood\/toode\/lohnastatud-teekuunal-45h-labipaistvas-topsis-vanilliois-muskus-18tk-pakis\/","url":"https:\/\/horticom.ee\/e-pood\/toode\/lohnastatud-teekuunal-45h-labipaistvas-topsis-vanilliois-muskus-18tk-pakis\/","name":"L\u00f5hnastatud teek\u00fc\u00fcnal 4,5h l\u00e4bipaistvas topsis vanilli\u00f5is-muskus 18tk\/pakis - Horticom","isPartOf":{"@id":"https:\/\/horticom.ee\/e-pood\/#website"},"primaryImageOfPage":{"@id":"https:\/\/horticom.ee\/e-pood\/toode\/lohnastatud-teekuunal-45h-labipaistvas-topsis-vanilliois-muskus-18tk-pakis\/#primaryimage"},"image":{"@id":"https:\/\/horticom.ee\/e-pood\/toode\/lohnastatud-teekuunal-45h-labipaistvas-topsis-vanilliois-muskus-18tk-pakis\/#primaryimage"},"thumbnailUrl":"https:\/\/horticom.ee\/e-pood\/wp-content\/uploads\/importedmedia\/product-2302057_0-690412_813.jpg","datePublished":"2024-11-01T10:01:36+00:00","dateModified":"2026-04-06T00:14:08+00:00","breadcrumb":{"@id":"https:\/\/horticom.ee\/e-pood\/toode\/lohnastatud-teekuunal-45h-labipaistvas-topsis-vanilliois-muskus-18tk-pakis\/#breadcrumb"},"inLanguage":"et","potentialAction":[{"@type":"ReadAction","target":["https:\/\/horticom.ee\/e-pood\/toode\/lohnastatud-teekuunal-45h-labipaistvas-topsis-vanilliois-muskus-18tk-pakis\/"]}]},{"@type":"ImageObject","inLanguage":"et","@id":"https:\/\/horticom.ee\/e-pood\/toode\/lohnastatud-teekuunal-45h-labipaistvas-topsis-vanilliois-muskus-18tk-pakis\/#primaryimage","url":"https:\/\/horticom.ee\/e-pood\/wp-content\/uploads\/importedmedia\/product-2302057_0-690412_813.jpg","contentUrl":"https:\/\/horticom.ee\/e-pood\/wp-content\/uploads\/importedmedia\/product-2302057_0-690412_813.jpg","width":1000,"height":1000},{"@type":"BreadcrumbList","@id":"https:\/\/horticom.ee\/e-pood\/toode\/lohnastatud-teekuunal-45h-labipaistvas-topsis-vanilliois-muskus-18tk-pakis\/#breadcrumb","itemListElement":[{"@type":"ListItem","position":1,"name":"Home","item":"https:\/\/horticom.ee\/e-pood\/"},{"@type":"ListItem","position":2,"name":"Pood","item":"https:\/\/horticom.ee\/e-pood\/pood\/"},{"@type":"ListItem","position":3,"name":"L\u00f5hnastatud teek\u00fc\u00fcnal 4,5h l\u00e4bipaistvas topsis vanilli\u00f5is-muskus 18tk\/pakis"}]},{"@type":"WebSite","@id":"https:\/\/horticom.ee\/e-pood\/#website","url":"https:\/\/horticom.ee\/e-pood\/","name":"Horticom.ee","description":"Aianduskaubad ja kodukaubad nii harrastajatele kui professionaalidele","potentialAction":[{"@type":"SearchAction","target":{"@type":"EntryPoint","urlTemplate":"https:\/\/horticom.ee\/e-pood\/?s={search_term_string}"},"query-input":{"@type":"PropertyValueSpecification","valueRequired":true,"valueName":"search_term_string"}}],"inLanguage":"et"}]}},"_links":{"self":[{"href":"https:\/\/horticom.ee\/e-pood\/wp-json\/wp\/v2\/product\/2302057","targetHints":{"allow":["GET"]}}],"collection":[{"href":"https:\/\/horticom.ee\/e-pood\/wp-json\/wp\/v2\/product"}],"about":[{"href":"https:\/\/horticom.ee\/e-pood\/wp-json\/wp\/v2\/types\/product"}],"replies":[{"embeddable":true,"href":"https:\/\/horticom.ee\/e-pood\/wp-json\/wp\/v2\/comments?post=2302057"}],"wp:featuredmedia":[{"embeddable":true,"href":"https:\/\/horticom.ee\/e-pood\/wp-json\/wp\/v2\/media\/2380448"}],"wp:attachment":[{"href":"https:\/\/horticom.ee\/e-pood\/wp-json\/wp\/v2\/media?parent=2302057"}],"wp:term":[{"taxonomy":"product_cat","embeddable":true,"href":"https:\/\/horticom.ee\/e-pood\/wp-json\/wp\/v2\/product_cat?post=2302057"},{"taxonomy":"product_tag","embeddable":true,"href":"https:\/\/horticom.ee\/e-pood\/wp-json\/wp\/v2\/product_tag?post=2302057"}],"curies":[{"name":"wp","href":"https:\/\/api.w.org\/{rel}","templated":true}]}}