{"id":2302090,"date":"2024-11-01T12:01:42","date_gmt":"2024-11-01T10:01:42","guid":{"rendered":"https:\/\/horticom.ee\/e-pood\/toode\/kuunal-rustik-25h-d-70-x-70mm-helesinine\/"},"modified":"2026-04-15T03:14:19","modified_gmt":"2026-04-15T00:14:19","slug":"kuunal-rustik-25h-d-70-x-70mm-helesinine","status":"publish","type":"product","link":"https:\/\/horticom.ee\/e-pood\/toode\/kuunal-rustik-25h-d-70-x-70mm-helesinine\/","title":{"rendered":"K\u00fc\u00fcnal Rustik 25h d 70 x 70mm helesinine"},"content":{"rendered":"<p>K\u00e4sitsi valatud l\u00f5hnatu k\u00fc\u00fcnal on l\u00e4binisti v\u00e4rviline, kergelt kriibitud pinnaga ja mustrilt varieeruv. K\u00fc\u00fcnal ei tilgu ning selle taht ei ulatu vaha p\u00f5hja ja t\u00e4nu sellele k\u00fc\u00fcnal kustub enne l\u00f5puni p\u00f5lemist. Valmistatud 100% parafiinist. Kvaliteetsed k\u00fc\u00fcnlad firmalt, kellel on 150+ aastat kogemust valmistamaks parimatest saadaolevatest koostisosadest h\u00e4sti p\u00f5levaid k\u00fc\u00fcnlaid, mis ei saasta \u00f5hku ega ole tervisele ohtlikud.<\/p>\n","protected":false},"excerpt":{"rendered":"<p>K\u00e4sitsi valatud l\u00f5hnatu k\u00fc\u00fcnal on l\u00e4binisti v\u00e4rviline, kergelt kriibitud pinnaga ja mustrilt varieeruv. K\u00fc\u00fcnal ei tilgu ning selle taht ei ulatu vaha p\u00f5hja ja t\u00e4nu sellele k\u00fc\u00fcnal kustub enne l\u00f5puni p\u00f5lemist. Valmistatud 100% parafiinist. Kvaliteetsed k\u00fc\u00fcnlad firmalt, kellel on 150+ aastat kogemust valmistamaks parimatest saadaolevatest koostisosadest h\u00e4sti p\u00f5levaid k\u00fc\u00fcnlaid, mis ei saasta \u00f5hku ega ole [&hellip;]<\/p>\n","protected":false},"featured_media":2398051,"comment_status":"closed","ping_status":"closed","template":"","meta":{"_themeisle_gutenberg_block_has_review":false},"product_cat":[13451],"product_tag":[],"class_list":{"0":"post-2302090","1":"product","2":"type-product","3":"status-publish","4":"has-post-thumbnail","6":"product_cat-rustik-kuunlad","8":"first","9":"instock","10":"shipping-taxable","11":"purchasable","12":"product-type-simple"},"yoast_head":"<!-- This site is optimized with the Yoast SEO plugin v24.0 - https:\/\/yoast.com\/wordpress\/plugins\/seo\/ -->\n<title>K\u00fc\u00fcnal Rustik 25h d 70 x 70mm helesinine - Horticom<\/title>\n<meta name=\"robots\" content=\"index, follow, max-snippet:-1, max-image-preview:large, max-video-preview:-1\" \/>\n<link rel=\"canonical\" href=\"https:\/\/horticom.ee\/e-pood\/toode\/kuunal-rustik-25h-d-70-x-70mm-helesinine\/\" \/>\n<meta property=\"og:locale\" content=\"et_EE\" \/>\n<meta property=\"og:type\" content=\"article\" \/>\n<meta property=\"og:title\" content=\"K\u00fc\u00fcnal Rustik 25h d 70 x 70mm helesinine - Horticom\" \/>\n<meta property=\"og:description\" content=\"K\u00e4sitsi valatud l\u00f5hnatu k\u00fc\u00fcnal on l\u00e4binisti v\u00e4rviline, kergelt kriibitud pinnaga ja mustrilt varieeruv. K\u00fc\u00fcnal ei tilgu ning selle taht ei ulatu vaha p\u00f5hja ja t\u00e4nu sellele k\u00fc\u00fcnal kustub enne l\u00f5puni p\u00f5lemist. Valmistatud 100% parafiinist. Kvaliteetsed k\u00fc\u00fcnlad firmalt, kellel on 150+ aastat kogemust valmistamaks parimatest saadaolevatest koostisosadest h\u00e4sti p\u00f5levaid k\u00fc\u00fcnlaid, mis ei saasta \u00f5hku ega ole [&hellip;]\" \/>\n<meta property=\"og:url\" content=\"https:\/\/horticom.ee\/e-pood\/toode\/kuunal-rustik-25h-d-70-x-70mm-helesinine\/\" \/>\n<meta property=\"og:site_name\" content=\"Horticom.ee\" \/>\n<meta property=\"article:publisher\" content=\"https:\/\/www.facebook.com\/horticom.ee\/e-pood\" \/>\n<meta property=\"article:modified_time\" content=\"2026-04-15T00:14:19+00:00\" \/>\n<meta property=\"og:image\" content=\"https:\/\/horticom.ee\/e-pood\/wp-content\/uploads\/2024\/11\/5411708189310.jpg\" \/>\n\t<meta property=\"og:image:width\" content=\"1504\" \/>\n\t<meta property=\"og:image:height\" content=\"1504\" \/>\n\t<meta property=\"og:image:type\" content=\"image\/jpeg\" \/>\n<meta name=\"twitter:card\" content=\"summary_large_image\" \/>\n<meta name=\"twitter:label1\" content=\"Est. reading time\" \/>\n\t<meta name=\"twitter:data1\" content=\"1 minut\" \/>\n<script type=\"application\/ld+json\" class=\"yoast-schema-graph\">{\"@context\":\"https:\/\/schema.org\",\"@graph\":[{\"@type\":\"WebPage\",\"@id\":\"https:\/\/horticom.ee\/e-pood\/toode\/kuunal-rustik-25h-d-70-x-70mm-helesinine\/\",\"url\":\"https:\/\/horticom.ee\/e-pood\/toode\/kuunal-rustik-25h-d-70-x-70mm-helesinine\/\",\"name\":\"K\u00fc\u00fcnal Rustik 25h d 70 x 70mm helesinine - Horticom\",\"isPartOf\":{\"@id\":\"https:\/\/horticom.ee\/e-pood\/#website\"},\"primaryImageOfPage\":{\"@id\":\"https:\/\/horticom.ee\/e-pood\/toode\/kuunal-rustik-25h-d-70-x-70mm-helesinine\/#primaryimage\"},\"image\":{\"@id\":\"https:\/\/horticom.ee\/e-pood\/toode\/kuunal-rustik-25h-d-70-x-70mm-helesinine\/#primaryimage\"},\"thumbnailUrl\":\"https:\/\/horticom.ee\/e-pood\/wp-content\/uploads\/2024\/11\/5411708189310.jpg\",\"datePublished\":\"2024-11-01T10:01:42+00:00\",\"dateModified\":\"2026-04-15T00:14:19+00:00\",\"breadcrumb\":{\"@id\":\"https:\/\/horticom.ee\/e-pood\/toode\/kuunal-rustik-25h-d-70-x-70mm-helesinine\/#breadcrumb\"},\"inLanguage\":\"et\",\"potentialAction\":[{\"@type\":\"ReadAction\",\"target\":[\"https:\/\/horticom.ee\/e-pood\/toode\/kuunal-rustik-25h-d-70-x-70mm-helesinine\/\"]}]},{\"@type\":\"ImageObject\",\"inLanguage\":\"et\",\"@id\":\"https:\/\/horticom.ee\/e-pood\/toode\/kuunal-rustik-25h-d-70-x-70mm-helesinine\/#primaryimage\",\"url\":\"https:\/\/horticom.ee\/e-pood\/wp-content\/uploads\/2024\/11\/5411708189310.jpg\",\"contentUrl\":\"https:\/\/horticom.ee\/e-pood\/wp-content\/uploads\/2024\/11\/5411708189310.jpg\",\"width\":1504,\"height\":1504},{\"@type\":\"BreadcrumbList\",\"@id\":\"https:\/\/horticom.ee\/e-pood\/toode\/kuunal-rustik-25h-d-70-x-70mm-helesinine\/#breadcrumb\",\"itemListElement\":[{\"@type\":\"ListItem\",\"position\":1,\"name\":\"Home\",\"item\":\"https:\/\/horticom.ee\/e-pood\/\"},{\"@type\":\"ListItem\",\"position\":2,\"name\":\"Pood\",\"item\":\"https:\/\/horticom.ee\/e-pood\/pood\/\"},{\"@type\":\"ListItem\",\"position\":3,\"name\":\"K\u00fc\u00fcnal Rustik 25h d 70 x 70mm helesinine\"}]},{\"@type\":\"WebSite\",\"@id\":\"https:\/\/horticom.ee\/e-pood\/#website\",\"url\":\"https:\/\/horticom.ee\/e-pood\/\",\"name\":\"Horticom.ee\",\"description\":\"Aianduskaubad ja kodukaubad nii harrastajatele kui professionaalidele\",\"potentialAction\":[{\"@type\":\"SearchAction\",\"target\":{\"@type\":\"EntryPoint\",\"urlTemplate\":\"https:\/\/horticom.ee\/e-pood\/?s={search_term_string}\"},\"query-input\":{\"@type\":\"PropertyValueSpecification\",\"valueRequired\":true,\"valueName\":\"search_term_string\"}}],\"inLanguage\":\"et\"}]}<\/script>\n<!-- \/ Yoast SEO plugin. -->","yoast_head_json":{"title":"K\u00fc\u00fcnal Rustik 25h d 70 x 70mm helesinine - Horticom","robots":{"index":"index","follow":"follow","max-snippet":"max-snippet:-1","max-image-preview":"max-image-preview:large","max-video-preview":"max-video-preview:-1"},"canonical":"https:\/\/horticom.ee\/e-pood\/toode\/kuunal-rustik-25h-d-70-x-70mm-helesinine\/","og_locale":"et_EE","og_type":"article","og_title":"K\u00fc\u00fcnal Rustik 25h d 70 x 70mm helesinine - Horticom","og_description":"K\u00e4sitsi valatud l\u00f5hnatu k\u00fc\u00fcnal on l\u00e4binisti v\u00e4rviline, kergelt kriibitud pinnaga ja mustrilt varieeruv. K\u00fc\u00fcnal ei tilgu ning selle taht ei ulatu vaha p\u00f5hja ja t\u00e4nu sellele k\u00fc\u00fcnal kustub enne l\u00f5puni p\u00f5lemist. Valmistatud 100% parafiinist. Kvaliteetsed k\u00fc\u00fcnlad firmalt, kellel on 150+ aastat kogemust valmistamaks parimatest saadaolevatest koostisosadest h\u00e4sti p\u00f5levaid k\u00fc\u00fcnlaid, mis ei saasta \u00f5hku ega ole [&hellip;]","og_url":"https:\/\/horticom.ee\/e-pood\/toode\/kuunal-rustik-25h-d-70-x-70mm-helesinine\/","og_site_name":"Horticom.ee","article_publisher":"https:\/\/www.facebook.com\/horticom.ee\/e-pood","article_modified_time":"2026-04-15T00:14:19+00:00","og_image":[{"width":1504,"height":1504,"url":"https:\/\/horticom.ee\/e-pood\/wp-content\/uploads\/2024\/11\/5411708189310.jpg","type":"image\/jpeg"}],"twitter_card":"summary_large_image","twitter_misc":{"Est. reading time":"1 minut"},"schema":{"@context":"https:\/\/schema.org","@graph":[{"@type":"WebPage","@id":"https:\/\/horticom.ee\/e-pood\/toode\/kuunal-rustik-25h-d-70-x-70mm-helesinine\/","url":"https:\/\/horticom.ee\/e-pood\/toode\/kuunal-rustik-25h-d-70-x-70mm-helesinine\/","name":"K\u00fc\u00fcnal Rustik 25h d 70 x 70mm helesinine - Horticom","isPartOf":{"@id":"https:\/\/horticom.ee\/e-pood\/#website"},"primaryImageOfPage":{"@id":"https:\/\/horticom.ee\/e-pood\/toode\/kuunal-rustik-25h-d-70-x-70mm-helesinine\/#primaryimage"},"image":{"@id":"https:\/\/horticom.ee\/e-pood\/toode\/kuunal-rustik-25h-d-70-x-70mm-helesinine\/#primaryimage"},"thumbnailUrl":"https:\/\/horticom.ee\/e-pood\/wp-content\/uploads\/2024\/11\/5411708189310.jpg","datePublished":"2024-11-01T10:01:42+00:00","dateModified":"2026-04-15T00:14:19+00:00","breadcrumb":{"@id":"https:\/\/horticom.ee\/e-pood\/toode\/kuunal-rustik-25h-d-70-x-70mm-helesinine\/#breadcrumb"},"inLanguage":"et","potentialAction":[{"@type":"ReadAction","target":["https:\/\/horticom.ee\/e-pood\/toode\/kuunal-rustik-25h-d-70-x-70mm-helesinine\/"]}]},{"@type":"ImageObject","inLanguage":"et","@id":"https:\/\/horticom.ee\/e-pood\/toode\/kuunal-rustik-25h-d-70-x-70mm-helesinine\/#primaryimage","url":"https:\/\/horticom.ee\/e-pood\/wp-content\/uploads\/2024\/11\/5411708189310.jpg","contentUrl":"https:\/\/horticom.ee\/e-pood\/wp-content\/uploads\/2024\/11\/5411708189310.jpg","width":1504,"height":1504},{"@type":"BreadcrumbList","@id":"https:\/\/horticom.ee\/e-pood\/toode\/kuunal-rustik-25h-d-70-x-70mm-helesinine\/#breadcrumb","itemListElement":[{"@type":"ListItem","position":1,"name":"Home","item":"https:\/\/horticom.ee\/e-pood\/"},{"@type":"ListItem","position":2,"name":"Pood","item":"https:\/\/horticom.ee\/e-pood\/pood\/"},{"@type":"ListItem","position":3,"name":"K\u00fc\u00fcnal Rustik 25h d 70 x 70mm helesinine"}]},{"@type":"WebSite","@id":"https:\/\/horticom.ee\/e-pood\/#website","url":"https:\/\/horticom.ee\/e-pood\/","name":"Horticom.ee","description":"Aianduskaubad ja kodukaubad nii harrastajatele kui professionaalidele","potentialAction":[{"@type":"SearchAction","target":{"@type":"EntryPoint","urlTemplate":"https:\/\/horticom.ee\/e-pood\/?s={search_term_string}"},"query-input":{"@type":"PropertyValueSpecification","valueRequired":true,"valueName":"search_term_string"}}],"inLanguage":"et"}]}},"_links":{"self":[{"href":"https:\/\/horticom.ee\/e-pood\/wp-json\/wp\/v2\/product\/2302090","targetHints":{"allow":["GET"]}}],"collection":[{"href":"https:\/\/horticom.ee\/e-pood\/wp-json\/wp\/v2\/product"}],"about":[{"href":"https:\/\/horticom.ee\/e-pood\/wp-json\/wp\/v2\/types\/product"}],"replies":[{"embeddable":true,"href":"https:\/\/horticom.ee\/e-pood\/wp-json\/wp\/v2\/comments?post=2302090"}],"wp:featuredmedia":[{"embeddable":true,"href":"https:\/\/horticom.ee\/e-pood\/wp-json\/wp\/v2\/media\/2398051"}],"wp:attachment":[{"href":"https:\/\/horticom.ee\/e-pood\/wp-json\/wp\/v2\/media?parent=2302090"}],"wp:term":[{"taxonomy":"product_cat","embeddable":true,"href":"https:\/\/horticom.ee\/e-pood\/wp-json\/wp\/v2\/product_cat?post=2302090"},{"taxonomy":"product_tag","embeddable":true,"href":"https:\/\/horticom.ee\/e-pood\/wp-json\/wp\/v2\/product_tag?post=2302090"}],"curies":[{"name":"wp","href":"https:\/\/api.w.org\/{rel}","templated":true}]}}