{"id":2316334,"date":"2024-11-18T16:00:41","date_gmt":"2024-11-18T14:00:41","guid":{"rendered":"https:\/\/horticom.ee\/e-pood\/toode\/rodukast-elho-corsica-aarele-60cm-hall\/"},"modified":"2025-05-07T13:02:41","modified_gmt":"2025-05-07T10:02:41","slug":"rodukast-elho-corsica-aarele-60cm-hall","status":"publish","type":"product","link":"https:\/\/horticom.ee\/e-pood\/toode\/rodukast-elho-corsica-aarele-60cm-hall\/","title":{"rendered":"R\u00f5dukast Elho Corsica \u00e4\u00e4rele 60cm hall"},"content":{"rendered":"<p>Lillekast Corsica \u00e4\u00e4rele , mis sobib kuni 6cm laiusele r\u00f5du \u00e4\u00e4rele. Mahutab kuni 16cm l\u00e4bim\u00f5\u00f5duga poti. Drenaazi augud ja alus aitavad sinu taimel p\u00fcsida kaua kaunina. Valmistatud kvaliteetsest ja vastupidavast plastikust. Toote valmistamisel kasutatakse erilisi  v\u00e4rvipigmente, mist\u00f5ttu toodetel p\u00fcsib originaalv\u00e4rv kauem.<\/p>\n","protected":false},"excerpt":{"rendered":"<p>Lillekast Corsica \u00e4\u00e4rele , mis sobib kuni 6cm laiusele r\u00f5du \u00e4\u00e4rele. Mahutab kuni 16cm l\u00e4bim\u00f5\u00f5duga poti. Drenaazi augud ja alus aitavad sinu taimel p\u00fcsida kaua kaunina. Valmistatud kvaliteetsest ja vastupidavast plastikust. Toote valmistamisel kasutatakse erilisi v\u00e4rvipigmente, mist\u00f5ttu toodetel p\u00fcsib originaalv\u00e4rv kauem.<\/p>\n","protected":false},"featured_media":2383414,"comment_status":"closed","ping_status":"closed","template":"","meta":{"_themeisle_gutenberg_block_has_review":false},"product_cat":[13444],"product_tag":[],"class_list":{"0":"post-2316334","1":"product","2":"type-product","3":"status-publish","4":"has-post-thumbnail","6":"product_cat-rodukastid","8":"first","9":"outofstock","10":"sale","11":"shipping-taxable","12":"purchasable","13":"product-type-simple"},"yoast_head":"<!-- This site is optimized with the Yoast SEO plugin v24.0 - https:\/\/yoast.com\/wordpress\/plugins\/seo\/ -->\n<title>R\u00f5dukast Elho Corsica \u00e4\u00e4rele 60cm hall - Horticom<\/title>\n<meta name=\"robots\" content=\"index, follow, max-snippet:-1, max-image-preview:large, max-video-preview:-1\" \/>\n<link rel=\"canonical\" href=\"https:\/\/horticom.ee\/e-pood\/toode\/rodukast-elho-corsica-aarele-60cm-hall\/\" \/>\n<meta property=\"og:locale\" content=\"et_EE\" \/>\n<meta property=\"og:type\" content=\"article\" \/>\n<meta property=\"og:title\" content=\"R\u00f5dukast Elho Corsica \u00e4\u00e4rele 60cm hall - Horticom\" \/>\n<meta property=\"og:description\" content=\"Lillekast Corsica \u00e4\u00e4rele , mis sobib kuni 6cm laiusele r\u00f5du \u00e4\u00e4rele. Mahutab kuni 16cm l\u00e4bim\u00f5\u00f5duga poti. Drenaazi augud ja alus aitavad sinu taimel p\u00fcsida kaua kaunina. Valmistatud kvaliteetsest ja vastupidavast plastikust. Toote valmistamisel kasutatakse erilisi v\u00e4rvipigmente, mist\u00f5ttu toodetel p\u00fcsib originaalv\u00e4rv kauem.\" \/>\n<meta property=\"og:url\" content=\"https:\/\/horticom.ee\/e-pood\/toode\/rodukast-elho-corsica-aarele-60cm-hall\/\" \/>\n<meta property=\"og:site_name\" content=\"Horticom.ee\" \/>\n<meta property=\"article:publisher\" content=\"https:\/\/www.facebook.com\/horticom.ee\/e-pood\" \/>\n<meta property=\"article:modified_time\" content=\"2025-05-07T10:02:41+00:00\" \/>\n<meta property=\"og:image\" content=\"https:\/\/horticom.ee\/e-pood\/wp-content\/uploads\/importedmedia\/product-2316334_0-640241_425.jpg\" \/>\n\t<meta property=\"og:image:width\" content=\"999\" \/>\n\t<meta property=\"og:image:height\" content=\"666\" \/>\n\t<meta property=\"og:image:type\" content=\"image\/jpeg\" \/>\n<meta name=\"twitter:card\" content=\"summary_large_image\" \/>\n<script type=\"application\/ld+json\" class=\"yoast-schema-graph\">{\"@context\":\"https:\/\/schema.org\",\"@graph\":[{\"@type\":\"WebPage\",\"@id\":\"https:\/\/horticom.ee\/e-pood\/toode\/rodukast-elho-corsica-aarele-60cm-hall\/\",\"url\":\"https:\/\/horticom.ee\/e-pood\/toode\/rodukast-elho-corsica-aarele-60cm-hall\/\",\"name\":\"R\u00f5dukast Elho Corsica \u00e4\u00e4rele 60cm hall - Horticom\",\"isPartOf\":{\"@id\":\"https:\/\/horticom.ee\/e-pood\/#website\"},\"primaryImageOfPage\":{\"@id\":\"https:\/\/horticom.ee\/e-pood\/toode\/rodukast-elho-corsica-aarele-60cm-hall\/#primaryimage\"},\"image\":{\"@id\":\"https:\/\/horticom.ee\/e-pood\/toode\/rodukast-elho-corsica-aarele-60cm-hall\/#primaryimage\"},\"thumbnailUrl\":\"https:\/\/horticom.ee\/e-pood\/wp-content\/uploads\/importedmedia\/product-2316334_0-640241_425.jpg\",\"datePublished\":\"2024-11-18T14:00:41+00:00\",\"dateModified\":\"2025-05-07T10:02:41+00:00\",\"breadcrumb\":{\"@id\":\"https:\/\/horticom.ee\/e-pood\/toode\/rodukast-elho-corsica-aarele-60cm-hall\/#breadcrumb\"},\"inLanguage\":\"et\",\"potentialAction\":[{\"@type\":\"ReadAction\",\"target\":[\"https:\/\/horticom.ee\/e-pood\/toode\/rodukast-elho-corsica-aarele-60cm-hall\/\"]}]},{\"@type\":\"ImageObject\",\"inLanguage\":\"et\",\"@id\":\"https:\/\/horticom.ee\/e-pood\/toode\/rodukast-elho-corsica-aarele-60cm-hall\/#primaryimage\",\"url\":\"https:\/\/horticom.ee\/e-pood\/wp-content\/uploads\/importedmedia\/product-2316334_0-640241_425.jpg\",\"contentUrl\":\"https:\/\/horticom.ee\/e-pood\/wp-content\/uploads\/importedmedia\/product-2316334_0-640241_425.jpg\",\"width\":999,\"height\":666},{\"@type\":\"BreadcrumbList\",\"@id\":\"https:\/\/horticom.ee\/e-pood\/toode\/rodukast-elho-corsica-aarele-60cm-hall\/#breadcrumb\",\"itemListElement\":[{\"@type\":\"ListItem\",\"position\":1,\"name\":\"Home\",\"item\":\"https:\/\/horticom.ee\/e-pood\/\"},{\"@type\":\"ListItem\",\"position\":2,\"name\":\"Pood\",\"item\":\"https:\/\/horticom.ee\/e-pood\/pood\/\"},{\"@type\":\"ListItem\",\"position\":3,\"name\":\"R\u00f5dukast Elho Corsica \u00e4\u00e4rele 60cm hall\"}]},{\"@type\":\"WebSite\",\"@id\":\"https:\/\/horticom.ee\/e-pood\/#website\",\"url\":\"https:\/\/horticom.ee\/e-pood\/\",\"name\":\"Horticom.ee\",\"description\":\"Aianduskaubad ja kodukaubad nii harrastajatele kui professionaalidele\",\"potentialAction\":[{\"@type\":\"SearchAction\",\"target\":{\"@type\":\"EntryPoint\",\"urlTemplate\":\"https:\/\/horticom.ee\/e-pood\/?s={search_term_string}\"},\"query-input\":{\"@type\":\"PropertyValueSpecification\",\"valueRequired\":true,\"valueName\":\"search_term_string\"}}],\"inLanguage\":\"et\"}]}<\/script>\n<!-- \/ Yoast SEO plugin. -->","yoast_head_json":{"title":"R\u00f5dukast Elho Corsica \u00e4\u00e4rele 60cm hall - Horticom","robots":{"index":"index","follow":"follow","max-snippet":"max-snippet:-1","max-image-preview":"max-image-preview:large","max-video-preview":"max-video-preview:-1"},"canonical":"https:\/\/horticom.ee\/e-pood\/toode\/rodukast-elho-corsica-aarele-60cm-hall\/","og_locale":"et_EE","og_type":"article","og_title":"R\u00f5dukast Elho Corsica \u00e4\u00e4rele 60cm hall - Horticom","og_description":"Lillekast Corsica \u00e4\u00e4rele , mis sobib kuni 6cm laiusele r\u00f5du \u00e4\u00e4rele. Mahutab kuni 16cm l\u00e4bim\u00f5\u00f5duga poti. Drenaazi augud ja alus aitavad sinu taimel p\u00fcsida kaua kaunina. Valmistatud kvaliteetsest ja vastupidavast plastikust. Toote valmistamisel kasutatakse erilisi v\u00e4rvipigmente, mist\u00f5ttu toodetel p\u00fcsib originaalv\u00e4rv kauem.","og_url":"https:\/\/horticom.ee\/e-pood\/toode\/rodukast-elho-corsica-aarele-60cm-hall\/","og_site_name":"Horticom.ee","article_publisher":"https:\/\/www.facebook.com\/horticom.ee\/e-pood","article_modified_time":"2025-05-07T10:02:41+00:00","og_image":[{"width":999,"height":666,"url":"https:\/\/horticom.ee\/e-pood\/wp-content\/uploads\/importedmedia\/product-2316334_0-640241_425.jpg","type":"image\/jpeg"}],"twitter_card":"summary_large_image","schema":{"@context":"https:\/\/schema.org","@graph":[{"@type":"WebPage","@id":"https:\/\/horticom.ee\/e-pood\/toode\/rodukast-elho-corsica-aarele-60cm-hall\/","url":"https:\/\/horticom.ee\/e-pood\/toode\/rodukast-elho-corsica-aarele-60cm-hall\/","name":"R\u00f5dukast Elho Corsica \u00e4\u00e4rele 60cm hall - Horticom","isPartOf":{"@id":"https:\/\/horticom.ee\/e-pood\/#website"},"primaryImageOfPage":{"@id":"https:\/\/horticom.ee\/e-pood\/toode\/rodukast-elho-corsica-aarele-60cm-hall\/#primaryimage"},"image":{"@id":"https:\/\/horticom.ee\/e-pood\/toode\/rodukast-elho-corsica-aarele-60cm-hall\/#primaryimage"},"thumbnailUrl":"https:\/\/horticom.ee\/e-pood\/wp-content\/uploads\/importedmedia\/product-2316334_0-640241_425.jpg","datePublished":"2024-11-18T14:00:41+00:00","dateModified":"2025-05-07T10:02:41+00:00","breadcrumb":{"@id":"https:\/\/horticom.ee\/e-pood\/toode\/rodukast-elho-corsica-aarele-60cm-hall\/#breadcrumb"},"inLanguage":"et","potentialAction":[{"@type":"ReadAction","target":["https:\/\/horticom.ee\/e-pood\/toode\/rodukast-elho-corsica-aarele-60cm-hall\/"]}]},{"@type":"ImageObject","inLanguage":"et","@id":"https:\/\/horticom.ee\/e-pood\/toode\/rodukast-elho-corsica-aarele-60cm-hall\/#primaryimage","url":"https:\/\/horticom.ee\/e-pood\/wp-content\/uploads\/importedmedia\/product-2316334_0-640241_425.jpg","contentUrl":"https:\/\/horticom.ee\/e-pood\/wp-content\/uploads\/importedmedia\/product-2316334_0-640241_425.jpg","width":999,"height":666},{"@type":"BreadcrumbList","@id":"https:\/\/horticom.ee\/e-pood\/toode\/rodukast-elho-corsica-aarele-60cm-hall\/#breadcrumb","itemListElement":[{"@type":"ListItem","position":1,"name":"Home","item":"https:\/\/horticom.ee\/e-pood\/"},{"@type":"ListItem","position":2,"name":"Pood","item":"https:\/\/horticom.ee\/e-pood\/pood\/"},{"@type":"ListItem","position":3,"name":"R\u00f5dukast Elho Corsica \u00e4\u00e4rele 60cm hall"}]},{"@type":"WebSite","@id":"https:\/\/horticom.ee\/e-pood\/#website","url":"https:\/\/horticom.ee\/e-pood\/","name":"Horticom.ee","description":"Aianduskaubad ja kodukaubad nii harrastajatele kui professionaalidele","potentialAction":[{"@type":"SearchAction","target":{"@type":"EntryPoint","urlTemplate":"https:\/\/horticom.ee\/e-pood\/?s={search_term_string}"},"query-input":{"@type":"PropertyValueSpecification","valueRequired":true,"valueName":"search_term_string"}}],"inLanguage":"et"}]}},"_links":{"self":[{"href":"https:\/\/horticom.ee\/e-pood\/wp-json\/wp\/v2\/product\/2316334","targetHints":{"allow":["GET"]}}],"collection":[{"href":"https:\/\/horticom.ee\/e-pood\/wp-json\/wp\/v2\/product"}],"about":[{"href":"https:\/\/horticom.ee\/e-pood\/wp-json\/wp\/v2\/types\/product"}],"replies":[{"embeddable":true,"href":"https:\/\/horticom.ee\/e-pood\/wp-json\/wp\/v2\/comments?post=2316334"}],"wp:featuredmedia":[{"embeddable":true,"href":"https:\/\/horticom.ee\/e-pood\/wp-json\/wp\/v2\/media\/2383414"}],"wp:attachment":[{"href":"https:\/\/horticom.ee\/e-pood\/wp-json\/wp\/v2\/media?parent=2316334"}],"wp:term":[{"taxonomy":"product_cat","embeddable":true,"href":"https:\/\/horticom.ee\/e-pood\/wp-json\/wp\/v2\/product_cat?post=2316334"},{"taxonomy":"product_tag","embeddable":true,"href":"https:\/\/horticom.ee\/e-pood\/wp-json\/wp\/v2\/product_tag?post=2316334"}],"curies":[{"name":"wp","href":"https:\/\/api.w.org\/{rel}","templated":true}]}}