{"id":2316343,"date":"2024-11-18T16:00:44","date_gmt":"2024-11-18T14:00:44","guid":{"rendered":"https:\/\/horticom.ee\/e-pood\/toode\/umbrispott-elho-pure-edge-tahuline-d-47cm-18l-valge\/"},"modified":"2026-04-30T03:10:44","modified_gmt":"2026-04-30T00:10:44","slug":"umbrispott-elho-pure-edge-tahuline-d-47cm-18l-valge","status":"publish","type":"product","link":"https:\/\/horticom.ee\/e-pood\/toode\/umbrispott-elho-pure-edge-tahuline-d-47cm-18l-valge\/","title":{"rendered":"\u00dcmbrispott Elho Pure Edge tahuline d 47cm 18L valge"},"content":{"rendered":"<p>\u00dcmbrispott Pure Edge on modernnse v\u00e4limusega atraktiivne pott. K\u00f5rgendatud p\u00f5hjaga, t\u00e4nu millele ei pea tervet potti t\u00e4itma mullaga. Valmisatud k\u00f5rge kvaliteedilisest s\u00fcnteetilisest materjalist, mist\u00f5ttu v\u00e4rv ei tuhmu p\u00e4ikese k\u00e4es. V\u00e4ga kerge puhastada ja kannatab kuni -40C k\u00fclma. Vastupidav ja p\u00f5rutuskindel pott sinu koju v\u00f5i aeda.<\/p>\n","protected":false},"excerpt":{"rendered":"<p>\u00dcmbrispott Pure Edge on modernnse v\u00e4limusega atraktiivne pott. K\u00f5rgendatud p\u00f5hjaga, t\u00e4nu millele ei pea tervet potti t\u00e4itma mullaga. Valmisatud k\u00f5rge kvaliteedilisest s\u00fcnteetilisest materjalist, mist\u00f5ttu v\u00e4rv ei tuhmu p\u00e4ikese k\u00e4es. V\u00e4ga kerge puhastada ja kannatab kuni -40C k\u00fclma. Vastupidav ja p\u00f5rutuskindel pott sinu koju v\u00f5i aeda.<\/p>\n","protected":false},"featured_media":2384018,"comment_status":"closed","ping_status":"closed","template":"","meta":{"_themeisle_gutenberg_block_has_review":false},"product_cat":[18563,14994],"product_tag":[],"class_list":{"0":"post-2316343","1":"product","2":"type-product","3":"status-publish","4":"has-post-thumbnail","6":"product_cat-lopumuugitooted","7":"product_cat-plastikust-umbrispotid","9":"first","10":"instock","11":"sale","12":"shipping-taxable","13":"purchasable","14":"product-type-simple"},"yoast_head":"<!-- This site is optimized with the Yoast SEO plugin v24.0 - https:\/\/yoast.com\/wordpress\/plugins\/seo\/ -->\n<title>\u00dcmbrispott Elho Pure Edge tahuline d 47cm 18L valge - Horticom<\/title>\n<meta name=\"robots\" content=\"index, follow, max-snippet:-1, max-image-preview:large, max-video-preview:-1\" \/>\n<link rel=\"canonical\" href=\"https:\/\/horticom.ee\/e-pood\/toode\/umbrispott-elho-pure-edge-tahuline-d-47cm-18l-valge\/\" \/>\n<meta property=\"og:locale\" content=\"et_EE\" \/>\n<meta property=\"og:type\" content=\"article\" \/>\n<meta property=\"og:title\" content=\"\u00dcmbrispott Elho Pure Edge tahuline d 47cm 18L valge - Horticom\" \/>\n<meta property=\"og:description\" content=\"\u00dcmbrispott Pure Edge on modernnse v\u00e4limusega atraktiivne pott. K\u00f5rgendatud p\u00f5hjaga, t\u00e4nu millele ei pea tervet potti t\u00e4itma mullaga. Valmisatud k\u00f5rge kvaliteedilisest s\u00fcnteetilisest materjalist, mist\u00f5ttu v\u00e4rv ei tuhmu p\u00e4ikese k\u00e4es. V\u00e4ga kerge puhastada ja kannatab kuni -40C k\u00fclma. Vastupidav ja p\u00f5rutuskindel pott sinu koju v\u00f5i aeda.\" \/>\n<meta property=\"og:url\" content=\"https:\/\/horticom.ee\/e-pood\/toode\/umbrispott-elho-pure-edge-tahuline-d-47cm-18l-valge\/\" \/>\n<meta property=\"og:site_name\" content=\"Horticom.ee\" \/>\n<meta property=\"article:publisher\" content=\"https:\/\/www.facebook.com\/horticom.ee\/e-pood\" \/>\n<meta property=\"article:modified_time\" content=\"2026-04-30T00:10:44+00:00\" \/>\n<meta property=\"og:image\" content=\"https:\/\/horticom.ee\/e-pood\/wp-content\/uploads\/importedmedia\/product-2316343_0-6489245_150.jpg\" \/>\n\t<meta property=\"og:image:width\" content=\"1000\" \/>\n\t<meta property=\"og:image:height\" content=\"1001\" \/>\n\t<meta property=\"og:image:type\" content=\"image\/jpeg\" \/>\n<meta name=\"twitter:card\" content=\"summary_large_image\" \/>\n<script type=\"application\/ld+json\" class=\"yoast-schema-graph\">{\"@context\":\"https:\/\/schema.org\",\"@graph\":[{\"@type\":\"WebPage\",\"@id\":\"https:\/\/horticom.ee\/e-pood\/toode\/umbrispott-elho-pure-edge-tahuline-d-47cm-18l-valge\/\",\"url\":\"https:\/\/horticom.ee\/e-pood\/toode\/umbrispott-elho-pure-edge-tahuline-d-47cm-18l-valge\/\",\"name\":\"\u00dcmbrispott Elho Pure Edge tahuline d 47cm 18L valge - Horticom\",\"isPartOf\":{\"@id\":\"https:\/\/horticom.ee\/e-pood\/#website\"},\"primaryImageOfPage\":{\"@id\":\"https:\/\/horticom.ee\/e-pood\/toode\/umbrispott-elho-pure-edge-tahuline-d-47cm-18l-valge\/#primaryimage\"},\"image\":{\"@id\":\"https:\/\/horticom.ee\/e-pood\/toode\/umbrispott-elho-pure-edge-tahuline-d-47cm-18l-valge\/#primaryimage\"},\"thumbnailUrl\":\"https:\/\/horticom.ee\/e-pood\/wp-content\/uploads\/importedmedia\/product-2316343_0-6489245_150.jpg\",\"datePublished\":\"2024-11-18T14:00:44+00:00\",\"dateModified\":\"2026-04-30T00:10:44+00:00\",\"breadcrumb\":{\"@id\":\"https:\/\/horticom.ee\/e-pood\/toode\/umbrispott-elho-pure-edge-tahuline-d-47cm-18l-valge\/#breadcrumb\"},\"inLanguage\":\"et\",\"potentialAction\":[{\"@type\":\"ReadAction\",\"target\":[\"https:\/\/horticom.ee\/e-pood\/toode\/umbrispott-elho-pure-edge-tahuline-d-47cm-18l-valge\/\"]}]},{\"@type\":\"ImageObject\",\"inLanguage\":\"et\",\"@id\":\"https:\/\/horticom.ee\/e-pood\/toode\/umbrispott-elho-pure-edge-tahuline-d-47cm-18l-valge\/#primaryimage\",\"url\":\"https:\/\/horticom.ee\/e-pood\/wp-content\/uploads\/importedmedia\/product-2316343_0-6489245_150.jpg\",\"contentUrl\":\"https:\/\/horticom.ee\/e-pood\/wp-content\/uploads\/importedmedia\/product-2316343_0-6489245_150.jpg\",\"width\":1000,\"height\":1001},{\"@type\":\"BreadcrumbList\",\"@id\":\"https:\/\/horticom.ee\/e-pood\/toode\/umbrispott-elho-pure-edge-tahuline-d-47cm-18l-valge\/#breadcrumb\",\"itemListElement\":[{\"@type\":\"ListItem\",\"position\":1,\"name\":\"Home\",\"item\":\"https:\/\/horticom.ee\/e-pood\/\"},{\"@type\":\"ListItem\",\"position\":2,\"name\":\"Pood\",\"item\":\"https:\/\/horticom.ee\/e-pood\/pood\/\"},{\"@type\":\"ListItem\",\"position\":3,\"name\":\"\u00dcmbrispott Elho Pure Edge tahuline d 47cm 18L valge\"}]},{\"@type\":\"WebSite\",\"@id\":\"https:\/\/horticom.ee\/e-pood\/#website\",\"url\":\"https:\/\/horticom.ee\/e-pood\/\",\"name\":\"Horticom.ee\",\"description\":\"Aianduskaubad ja kodukaubad nii harrastajatele kui professionaalidele\",\"potentialAction\":[{\"@type\":\"SearchAction\",\"target\":{\"@type\":\"EntryPoint\",\"urlTemplate\":\"https:\/\/horticom.ee\/e-pood\/?s={search_term_string}\"},\"query-input\":{\"@type\":\"PropertyValueSpecification\",\"valueRequired\":true,\"valueName\":\"search_term_string\"}}],\"inLanguage\":\"et\"}]}<\/script>\n<!-- \/ Yoast SEO plugin. -->","yoast_head_json":{"title":"\u00dcmbrispott Elho Pure Edge tahuline d 47cm 18L valge - Horticom","robots":{"index":"index","follow":"follow","max-snippet":"max-snippet:-1","max-image-preview":"max-image-preview:large","max-video-preview":"max-video-preview:-1"},"canonical":"https:\/\/horticom.ee\/e-pood\/toode\/umbrispott-elho-pure-edge-tahuline-d-47cm-18l-valge\/","og_locale":"et_EE","og_type":"article","og_title":"\u00dcmbrispott Elho Pure Edge tahuline d 47cm 18L valge - Horticom","og_description":"\u00dcmbrispott Pure Edge on modernnse v\u00e4limusega atraktiivne pott. K\u00f5rgendatud p\u00f5hjaga, t\u00e4nu millele ei pea tervet potti t\u00e4itma mullaga. Valmisatud k\u00f5rge kvaliteedilisest s\u00fcnteetilisest materjalist, mist\u00f5ttu v\u00e4rv ei tuhmu p\u00e4ikese k\u00e4es. V\u00e4ga kerge puhastada ja kannatab kuni -40C k\u00fclma. Vastupidav ja p\u00f5rutuskindel pott sinu koju v\u00f5i aeda.","og_url":"https:\/\/horticom.ee\/e-pood\/toode\/umbrispott-elho-pure-edge-tahuline-d-47cm-18l-valge\/","og_site_name":"Horticom.ee","article_publisher":"https:\/\/www.facebook.com\/horticom.ee\/e-pood","article_modified_time":"2026-04-30T00:10:44+00:00","og_image":[{"width":1000,"height":1001,"url":"https:\/\/horticom.ee\/e-pood\/wp-content\/uploads\/importedmedia\/product-2316343_0-6489245_150.jpg","type":"image\/jpeg"}],"twitter_card":"summary_large_image","schema":{"@context":"https:\/\/schema.org","@graph":[{"@type":"WebPage","@id":"https:\/\/horticom.ee\/e-pood\/toode\/umbrispott-elho-pure-edge-tahuline-d-47cm-18l-valge\/","url":"https:\/\/horticom.ee\/e-pood\/toode\/umbrispott-elho-pure-edge-tahuline-d-47cm-18l-valge\/","name":"\u00dcmbrispott Elho Pure Edge tahuline d 47cm 18L valge - Horticom","isPartOf":{"@id":"https:\/\/horticom.ee\/e-pood\/#website"},"primaryImageOfPage":{"@id":"https:\/\/horticom.ee\/e-pood\/toode\/umbrispott-elho-pure-edge-tahuline-d-47cm-18l-valge\/#primaryimage"},"image":{"@id":"https:\/\/horticom.ee\/e-pood\/toode\/umbrispott-elho-pure-edge-tahuline-d-47cm-18l-valge\/#primaryimage"},"thumbnailUrl":"https:\/\/horticom.ee\/e-pood\/wp-content\/uploads\/importedmedia\/product-2316343_0-6489245_150.jpg","datePublished":"2024-11-18T14:00:44+00:00","dateModified":"2026-04-30T00:10:44+00:00","breadcrumb":{"@id":"https:\/\/horticom.ee\/e-pood\/toode\/umbrispott-elho-pure-edge-tahuline-d-47cm-18l-valge\/#breadcrumb"},"inLanguage":"et","potentialAction":[{"@type":"ReadAction","target":["https:\/\/horticom.ee\/e-pood\/toode\/umbrispott-elho-pure-edge-tahuline-d-47cm-18l-valge\/"]}]},{"@type":"ImageObject","inLanguage":"et","@id":"https:\/\/horticom.ee\/e-pood\/toode\/umbrispott-elho-pure-edge-tahuline-d-47cm-18l-valge\/#primaryimage","url":"https:\/\/horticom.ee\/e-pood\/wp-content\/uploads\/importedmedia\/product-2316343_0-6489245_150.jpg","contentUrl":"https:\/\/horticom.ee\/e-pood\/wp-content\/uploads\/importedmedia\/product-2316343_0-6489245_150.jpg","width":1000,"height":1001},{"@type":"BreadcrumbList","@id":"https:\/\/horticom.ee\/e-pood\/toode\/umbrispott-elho-pure-edge-tahuline-d-47cm-18l-valge\/#breadcrumb","itemListElement":[{"@type":"ListItem","position":1,"name":"Home","item":"https:\/\/horticom.ee\/e-pood\/"},{"@type":"ListItem","position":2,"name":"Pood","item":"https:\/\/horticom.ee\/e-pood\/pood\/"},{"@type":"ListItem","position":3,"name":"\u00dcmbrispott Elho Pure Edge tahuline d 47cm 18L valge"}]},{"@type":"WebSite","@id":"https:\/\/horticom.ee\/e-pood\/#website","url":"https:\/\/horticom.ee\/e-pood\/","name":"Horticom.ee","description":"Aianduskaubad ja kodukaubad nii harrastajatele kui professionaalidele","potentialAction":[{"@type":"SearchAction","target":{"@type":"EntryPoint","urlTemplate":"https:\/\/horticom.ee\/e-pood\/?s={search_term_string}"},"query-input":{"@type":"PropertyValueSpecification","valueRequired":true,"valueName":"search_term_string"}}],"inLanguage":"et"}]}},"_links":{"self":[{"href":"https:\/\/horticom.ee\/e-pood\/wp-json\/wp\/v2\/product\/2316343","targetHints":{"allow":["GET"]}}],"collection":[{"href":"https:\/\/horticom.ee\/e-pood\/wp-json\/wp\/v2\/product"}],"about":[{"href":"https:\/\/horticom.ee\/e-pood\/wp-json\/wp\/v2\/types\/product"}],"replies":[{"embeddable":true,"href":"https:\/\/horticom.ee\/e-pood\/wp-json\/wp\/v2\/comments?post=2316343"}],"wp:featuredmedia":[{"embeddable":true,"href":"https:\/\/horticom.ee\/e-pood\/wp-json\/wp\/v2\/media\/2384018"}],"wp:attachment":[{"href":"https:\/\/horticom.ee\/e-pood\/wp-json\/wp\/v2\/media?parent=2316343"}],"wp:term":[{"taxonomy":"product_cat","embeddable":true,"href":"https:\/\/horticom.ee\/e-pood\/wp-json\/wp\/v2\/product_cat?post=2316343"},{"taxonomy":"product_tag","embeddable":true,"href":"https:\/\/horticom.ee\/e-pood\/wp-json\/wp\/v2\/product_tag?post=2316343"}],"curies":[{"name":"wp","href":"https:\/\/api.w.org\/{rel}","templated":true}]}}