{"id":2316346,"date":"2024-11-18T16:00:44","date_gmt":"2024-11-18T14:00:44","guid":{"rendered":"https:\/\/horticom.ee\/e-pood\/toode\/umbrispott-elho-brussels-bowl-d-23cm-35l-madal-beez\/"},"modified":"2026-04-29T03:10:43","modified_gmt":"2026-04-29T00:10:43","slug":"umbrispott-elho-brussels-bowl-d-23cm-35l-madal-beez","status":"publish","type":"product","link":"https:\/\/horticom.ee\/e-pood\/toode\/umbrispott-elho-brussels-bowl-d-23cm-35l-madal-beez\/","title":{"rendered":"\u00dcmbrispott Elho Brussels Bowl d 23cm 3,5L madal beez"},"content":{"rendered":"<p>\u00dcmbrispott Elho Brussels on valmistatud vastupidavast plastikust, t\u00e4nu millele peab vastu aastaid ja aastaid. Sobib kasutamiseks siseruumides lilledele ja taimedele. Kauss on vettpidav, t\u00e4nu millele ei riku erinevaid pindasid. Toote valmistamisel kasutatakse erilisi  erilisi v\u00e4rvipigmente, mist\u00f5ttu toodetel p\u00fcsib originaalv\u00e4rv kauem.<\/p>\n","protected":false},"excerpt":{"rendered":"<p>\u00dcmbrispott Elho Brussels on valmistatud vastupidavast plastikust, t\u00e4nu millele peab vastu aastaid ja aastaid. Sobib kasutamiseks siseruumides lilledele ja taimedele. Kauss on vettpidav, t\u00e4nu millele ei riku erinevaid pindasid. Toote valmistamisel kasutatakse erilisi erilisi v\u00e4rvipigmente, mist\u00f5ttu toodetel p\u00fcsib originaalv\u00e4rv kauem.<\/p>\n","protected":false},"featured_media":2384006,"comment_status":"closed","ping_status":"closed","template":"","meta":{"_themeisle_gutenberg_block_has_review":false},"product_cat":[14994],"product_tag":[],"class_list":{"0":"post-2316346","1":"product","2":"type-product","3":"status-publish","4":"has-post-thumbnail","6":"product_cat-plastikust-umbrispotid","8":"first","9":"instock","10":"sale","11":"shipping-taxable","12":"purchasable","13":"product-type-simple"},"yoast_head":"<!-- This site is optimized with the Yoast SEO plugin v24.0 - https:\/\/yoast.com\/wordpress\/plugins\/seo\/ -->\n<title>\u00dcmbrispott Elho Brussels Bowl d 23cm 3,5L madal beez - Horticom<\/title>\n<meta name=\"robots\" content=\"index, follow, max-snippet:-1, max-image-preview:large, max-video-preview:-1\" \/>\n<link rel=\"canonical\" href=\"https:\/\/horticom.ee\/e-pood\/toode\/umbrispott-elho-brussels-bowl-d-23cm-35l-madal-beez\/\" \/>\n<meta property=\"og:locale\" content=\"et_EE\" \/>\n<meta property=\"og:type\" content=\"article\" \/>\n<meta property=\"og:title\" content=\"\u00dcmbrispott Elho Brussels Bowl d 23cm 3,5L madal beez - Horticom\" \/>\n<meta property=\"og:description\" content=\"\u00dcmbrispott Elho Brussels on valmistatud vastupidavast plastikust, t\u00e4nu millele peab vastu aastaid ja aastaid. Sobib kasutamiseks siseruumides lilledele ja taimedele. Kauss on vettpidav, t\u00e4nu millele ei riku erinevaid pindasid. Toote valmistamisel kasutatakse erilisi erilisi v\u00e4rvipigmente, mist\u00f5ttu toodetel p\u00fcsib originaalv\u00e4rv kauem.\" \/>\n<meta property=\"og:url\" content=\"https:\/\/horticom.ee\/e-pood\/toode\/umbrispott-elho-brussels-bowl-d-23cm-35l-madal-beez\/\" \/>\n<meta property=\"og:site_name\" content=\"Horticom.ee\" \/>\n<meta property=\"article:publisher\" content=\"https:\/\/www.facebook.com\/horticom.ee\/e-pood\" \/>\n<meta property=\"article:modified_time\" content=\"2026-04-29T00:10:43+00:00\" \/>\n<meta property=\"og:image\" content=\"https:\/\/horticom.ee\/e-pood\/wp-content\/uploads\/importedmedia\/product-2316346_0-64611423_454.jpg\" \/>\n\t<meta property=\"og:image:width\" content=\"999\" \/>\n\t<meta property=\"og:image:height\" content=\"998\" \/>\n\t<meta property=\"og:image:type\" content=\"image\/jpeg\" \/>\n<meta name=\"twitter:card\" content=\"summary_large_image\" \/>\n<script type=\"application\/ld+json\" class=\"yoast-schema-graph\">{\"@context\":\"https:\/\/schema.org\",\"@graph\":[{\"@type\":\"WebPage\",\"@id\":\"https:\/\/horticom.ee\/e-pood\/toode\/umbrispott-elho-brussels-bowl-d-23cm-35l-madal-beez\/\",\"url\":\"https:\/\/horticom.ee\/e-pood\/toode\/umbrispott-elho-brussels-bowl-d-23cm-35l-madal-beez\/\",\"name\":\"\u00dcmbrispott Elho Brussels Bowl d 23cm 3,5L madal beez - Horticom\",\"isPartOf\":{\"@id\":\"https:\/\/horticom.ee\/e-pood\/#website\"},\"primaryImageOfPage\":{\"@id\":\"https:\/\/horticom.ee\/e-pood\/toode\/umbrispott-elho-brussels-bowl-d-23cm-35l-madal-beez\/#primaryimage\"},\"image\":{\"@id\":\"https:\/\/horticom.ee\/e-pood\/toode\/umbrispott-elho-brussels-bowl-d-23cm-35l-madal-beez\/#primaryimage\"},\"thumbnailUrl\":\"https:\/\/horticom.ee\/e-pood\/wp-content\/uploads\/importedmedia\/product-2316346_0-64611423_454.jpg\",\"datePublished\":\"2024-11-18T14:00:44+00:00\",\"dateModified\":\"2026-04-29T00:10:43+00:00\",\"breadcrumb\":{\"@id\":\"https:\/\/horticom.ee\/e-pood\/toode\/umbrispott-elho-brussels-bowl-d-23cm-35l-madal-beez\/#breadcrumb\"},\"inLanguage\":\"et\",\"potentialAction\":[{\"@type\":\"ReadAction\",\"target\":[\"https:\/\/horticom.ee\/e-pood\/toode\/umbrispott-elho-brussels-bowl-d-23cm-35l-madal-beez\/\"]}]},{\"@type\":\"ImageObject\",\"inLanguage\":\"et\",\"@id\":\"https:\/\/horticom.ee\/e-pood\/toode\/umbrispott-elho-brussels-bowl-d-23cm-35l-madal-beez\/#primaryimage\",\"url\":\"https:\/\/horticom.ee\/e-pood\/wp-content\/uploads\/importedmedia\/product-2316346_0-64611423_454.jpg\",\"contentUrl\":\"https:\/\/horticom.ee\/e-pood\/wp-content\/uploads\/importedmedia\/product-2316346_0-64611423_454.jpg\",\"width\":999,\"height\":998},{\"@type\":\"BreadcrumbList\",\"@id\":\"https:\/\/horticom.ee\/e-pood\/toode\/umbrispott-elho-brussels-bowl-d-23cm-35l-madal-beez\/#breadcrumb\",\"itemListElement\":[{\"@type\":\"ListItem\",\"position\":1,\"name\":\"Home\",\"item\":\"https:\/\/horticom.ee\/e-pood\/\"},{\"@type\":\"ListItem\",\"position\":2,\"name\":\"Pood\",\"item\":\"https:\/\/horticom.ee\/e-pood\/pood\/\"},{\"@type\":\"ListItem\",\"position\":3,\"name\":\"\u00dcmbrispott Elho Brussels Bowl d 23cm 3,5L madal beez\"}]},{\"@type\":\"WebSite\",\"@id\":\"https:\/\/horticom.ee\/e-pood\/#website\",\"url\":\"https:\/\/horticom.ee\/e-pood\/\",\"name\":\"Horticom.ee\",\"description\":\"Aianduskaubad ja kodukaubad nii harrastajatele kui professionaalidele\",\"potentialAction\":[{\"@type\":\"SearchAction\",\"target\":{\"@type\":\"EntryPoint\",\"urlTemplate\":\"https:\/\/horticom.ee\/e-pood\/?s={search_term_string}\"},\"query-input\":{\"@type\":\"PropertyValueSpecification\",\"valueRequired\":true,\"valueName\":\"search_term_string\"}}],\"inLanguage\":\"et\"}]}<\/script>\n<!-- \/ Yoast SEO plugin. -->","yoast_head_json":{"title":"\u00dcmbrispott Elho Brussels Bowl d 23cm 3,5L madal beez - Horticom","robots":{"index":"index","follow":"follow","max-snippet":"max-snippet:-1","max-image-preview":"max-image-preview:large","max-video-preview":"max-video-preview:-1"},"canonical":"https:\/\/horticom.ee\/e-pood\/toode\/umbrispott-elho-brussels-bowl-d-23cm-35l-madal-beez\/","og_locale":"et_EE","og_type":"article","og_title":"\u00dcmbrispott Elho Brussels Bowl d 23cm 3,5L madal beez - Horticom","og_description":"\u00dcmbrispott Elho Brussels on valmistatud vastupidavast plastikust, t\u00e4nu millele peab vastu aastaid ja aastaid. Sobib kasutamiseks siseruumides lilledele ja taimedele. Kauss on vettpidav, t\u00e4nu millele ei riku erinevaid pindasid. Toote valmistamisel kasutatakse erilisi erilisi v\u00e4rvipigmente, mist\u00f5ttu toodetel p\u00fcsib originaalv\u00e4rv kauem.","og_url":"https:\/\/horticom.ee\/e-pood\/toode\/umbrispott-elho-brussels-bowl-d-23cm-35l-madal-beez\/","og_site_name":"Horticom.ee","article_publisher":"https:\/\/www.facebook.com\/horticom.ee\/e-pood","article_modified_time":"2026-04-29T00:10:43+00:00","og_image":[{"width":999,"height":998,"url":"https:\/\/horticom.ee\/e-pood\/wp-content\/uploads\/importedmedia\/product-2316346_0-64611423_454.jpg","type":"image\/jpeg"}],"twitter_card":"summary_large_image","schema":{"@context":"https:\/\/schema.org","@graph":[{"@type":"WebPage","@id":"https:\/\/horticom.ee\/e-pood\/toode\/umbrispott-elho-brussels-bowl-d-23cm-35l-madal-beez\/","url":"https:\/\/horticom.ee\/e-pood\/toode\/umbrispott-elho-brussels-bowl-d-23cm-35l-madal-beez\/","name":"\u00dcmbrispott Elho Brussels Bowl d 23cm 3,5L madal beez - Horticom","isPartOf":{"@id":"https:\/\/horticom.ee\/e-pood\/#website"},"primaryImageOfPage":{"@id":"https:\/\/horticom.ee\/e-pood\/toode\/umbrispott-elho-brussels-bowl-d-23cm-35l-madal-beez\/#primaryimage"},"image":{"@id":"https:\/\/horticom.ee\/e-pood\/toode\/umbrispott-elho-brussels-bowl-d-23cm-35l-madal-beez\/#primaryimage"},"thumbnailUrl":"https:\/\/horticom.ee\/e-pood\/wp-content\/uploads\/importedmedia\/product-2316346_0-64611423_454.jpg","datePublished":"2024-11-18T14:00:44+00:00","dateModified":"2026-04-29T00:10:43+00:00","breadcrumb":{"@id":"https:\/\/horticom.ee\/e-pood\/toode\/umbrispott-elho-brussels-bowl-d-23cm-35l-madal-beez\/#breadcrumb"},"inLanguage":"et","potentialAction":[{"@type":"ReadAction","target":["https:\/\/horticom.ee\/e-pood\/toode\/umbrispott-elho-brussels-bowl-d-23cm-35l-madal-beez\/"]}]},{"@type":"ImageObject","inLanguage":"et","@id":"https:\/\/horticom.ee\/e-pood\/toode\/umbrispott-elho-brussels-bowl-d-23cm-35l-madal-beez\/#primaryimage","url":"https:\/\/horticom.ee\/e-pood\/wp-content\/uploads\/importedmedia\/product-2316346_0-64611423_454.jpg","contentUrl":"https:\/\/horticom.ee\/e-pood\/wp-content\/uploads\/importedmedia\/product-2316346_0-64611423_454.jpg","width":999,"height":998},{"@type":"BreadcrumbList","@id":"https:\/\/horticom.ee\/e-pood\/toode\/umbrispott-elho-brussels-bowl-d-23cm-35l-madal-beez\/#breadcrumb","itemListElement":[{"@type":"ListItem","position":1,"name":"Home","item":"https:\/\/horticom.ee\/e-pood\/"},{"@type":"ListItem","position":2,"name":"Pood","item":"https:\/\/horticom.ee\/e-pood\/pood\/"},{"@type":"ListItem","position":3,"name":"\u00dcmbrispott Elho Brussels Bowl d 23cm 3,5L madal beez"}]},{"@type":"WebSite","@id":"https:\/\/horticom.ee\/e-pood\/#website","url":"https:\/\/horticom.ee\/e-pood\/","name":"Horticom.ee","description":"Aianduskaubad ja kodukaubad nii harrastajatele kui professionaalidele","potentialAction":[{"@type":"SearchAction","target":{"@type":"EntryPoint","urlTemplate":"https:\/\/horticom.ee\/e-pood\/?s={search_term_string}"},"query-input":{"@type":"PropertyValueSpecification","valueRequired":true,"valueName":"search_term_string"}}],"inLanguage":"et"}]}},"_links":{"self":[{"href":"https:\/\/horticom.ee\/e-pood\/wp-json\/wp\/v2\/product\/2316346","targetHints":{"allow":["GET"]}}],"collection":[{"href":"https:\/\/horticom.ee\/e-pood\/wp-json\/wp\/v2\/product"}],"about":[{"href":"https:\/\/horticom.ee\/e-pood\/wp-json\/wp\/v2\/types\/product"}],"replies":[{"embeddable":true,"href":"https:\/\/horticom.ee\/e-pood\/wp-json\/wp\/v2\/comments?post=2316346"}],"wp:featuredmedia":[{"embeddable":true,"href":"https:\/\/horticom.ee\/e-pood\/wp-json\/wp\/v2\/media\/2384006"}],"wp:attachment":[{"href":"https:\/\/horticom.ee\/e-pood\/wp-json\/wp\/v2\/media?parent=2316346"}],"wp:term":[{"taxonomy":"product_cat","embeddable":true,"href":"https:\/\/horticom.ee\/e-pood\/wp-json\/wp\/v2\/product_cat?post=2316346"},{"taxonomy":"product_tag","embeddable":true,"href":"https:\/\/horticom.ee\/e-pood\/wp-json\/wp\/v2\/product_tag?post=2316346"}],"curies":[{"name":"wp","href":"https:\/\/api.w.org\/{rel}","templated":true}]}}