{"id":2323365,"date":"2024-12-13T15:02:00","date_gmt":"2024-12-13T13:02:00","guid":{"rendered":"https:\/\/horticom.ee\/e-pood\/toode\/univent-kh-luugi-avaja-7kg\/"},"modified":"2024-12-13T15:02:00","modified_gmt":"2024-12-13T13:02:00","slug":"univent-kh-luugi-avaja-7kg","status":"publish","type":"product","link":"https:\/\/horticom.ee\/e-pood\/toode\/univent-kh-luugi-avaja-7kg\/","title":{"rendered":"Univent KH luugi avaja 7kg"},"content":{"rendered":"<p>Kasvuhoone luugi avaja on m\u00f5eldud kasvuhoone jahutamiseks. Luugiavaja on automaatne, kui temperatuur l\u00e4heb liiga kuumaks kasvuhoones, avab end ise. Luugi t\u00f5stej\u00f5ud on kuni 7kg.<\/p>\n","protected":false},"excerpt":{"rendered":"<p>Kasvuhoone luugi avaja on m\u00f5eldud kasvuhoone jahutamiseks. Luugiavaja on automaatne, kui temperatuur l\u00e4heb liiga kuumaks kasvuhoones, avab end ise. Luugi t\u00f5stej\u00f5ud on kuni 7kg.<\/p>\n","protected":false},"featured_media":0,"comment_status":"closed","ping_status":"closed","template":"","meta":{"_themeisle_gutenberg_block_has_review":false},"product_cat":[13700],"product_tag":[],"class_list":{"0":"post-2323365","1":"product","2":"type-product","3":"status-publish","5":"product_cat-kasvuhoonetarvikud","7":"first","8":"instock","9":"shipping-taxable","10":"product-type-simple"},"yoast_head":"<!-- This site is optimized with the Yoast SEO plugin v24.0 - https:\/\/yoast.com\/wordpress\/plugins\/seo\/ -->\n<title>Univent KH luugi avaja 7kg - Horticom<\/title>\n<meta name=\"robots\" content=\"index, follow, max-snippet:-1, max-image-preview:large, max-video-preview:-1\" \/>\n<link rel=\"canonical\" href=\"https:\/\/horticom.ee\/e-pood\/toode\/univent-kh-luugi-avaja-7kg\/\" \/>\n<meta property=\"og:locale\" content=\"et_EE\" \/>\n<meta property=\"og:type\" content=\"article\" \/>\n<meta property=\"og:title\" content=\"Univent KH luugi avaja 7kg - Horticom\" \/>\n<meta property=\"og:description\" content=\"Kasvuhoone luugi avaja on m\u00f5eldud kasvuhoone jahutamiseks. Luugiavaja on automaatne, kui temperatuur l\u00e4heb liiga kuumaks kasvuhoones, avab end ise. Luugi t\u00f5stej\u00f5ud on kuni 7kg.\" \/>\n<meta property=\"og:url\" content=\"https:\/\/horticom.ee\/e-pood\/toode\/univent-kh-luugi-avaja-7kg\/\" \/>\n<meta property=\"og:site_name\" content=\"Horticom.ee\" \/>\n<meta property=\"article:publisher\" content=\"https:\/\/www.facebook.com\/horticom.ee\/e-pood\" \/>\n<meta name=\"twitter:card\" content=\"summary_large_image\" \/>\n<script type=\"application\/ld+json\" class=\"yoast-schema-graph\">{\"@context\":\"https:\/\/schema.org\",\"@graph\":[{\"@type\":\"WebPage\",\"@id\":\"https:\/\/horticom.ee\/e-pood\/toode\/univent-kh-luugi-avaja-7kg\/\",\"url\":\"https:\/\/horticom.ee\/e-pood\/toode\/univent-kh-luugi-avaja-7kg\/\",\"name\":\"Univent KH luugi avaja 7kg - Horticom\",\"isPartOf\":{\"@id\":\"https:\/\/horticom.ee\/e-pood\/#website\"},\"datePublished\":\"2024-12-13T13:02:00+00:00\",\"dateModified\":\"2024-12-13T13:02:00+00:00\",\"breadcrumb\":{\"@id\":\"https:\/\/horticom.ee\/e-pood\/toode\/univent-kh-luugi-avaja-7kg\/#breadcrumb\"},\"inLanguage\":\"et\",\"potentialAction\":[{\"@type\":\"ReadAction\",\"target\":[\"https:\/\/horticom.ee\/e-pood\/toode\/univent-kh-luugi-avaja-7kg\/\"]}]},{\"@type\":\"BreadcrumbList\",\"@id\":\"https:\/\/horticom.ee\/e-pood\/toode\/univent-kh-luugi-avaja-7kg\/#breadcrumb\",\"itemListElement\":[{\"@type\":\"ListItem\",\"position\":1,\"name\":\"Home\",\"item\":\"https:\/\/horticom.ee\/e-pood\/\"},{\"@type\":\"ListItem\",\"position\":2,\"name\":\"Pood\",\"item\":\"https:\/\/horticom.ee\/e-pood\/pood\/\"},{\"@type\":\"ListItem\",\"position\":3,\"name\":\"Univent KH luugi avaja 7kg\"}]},{\"@type\":\"WebSite\",\"@id\":\"https:\/\/horticom.ee\/e-pood\/#website\",\"url\":\"https:\/\/horticom.ee\/e-pood\/\",\"name\":\"Horticom.ee\",\"description\":\"Aianduskaubad ja kodukaubad nii harrastajatele kui professionaalidele\",\"potentialAction\":[{\"@type\":\"SearchAction\",\"target\":{\"@type\":\"EntryPoint\",\"urlTemplate\":\"https:\/\/horticom.ee\/e-pood\/?s={search_term_string}\"},\"query-input\":{\"@type\":\"PropertyValueSpecification\",\"valueRequired\":true,\"valueName\":\"search_term_string\"}}],\"inLanguage\":\"et\"}]}<\/script>\n<!-- \/ Yoast SEO plugin. -->","yoast_head_json":{"title":"Univent KH luugi avaja 7kg - Horticom","robots":{"index":"index","follow":"follow","max-snippet":"max-snippet:-1","max-image-preview":"max-image-preview:large","max-video-preview":"max-video-preview:-1"},"canonical":"https:\/\/horticom.ee\/e-pood\/toode\/univent-kh-luugi-avaja-7kg\/","og_locale":"et_EE","og_type":"article","og_title":"Univent KH luugi avaja 7kg - Horticom","og_description":"Kasvuhoone luugi avaja on m\u00f5eldud kasvuhoone jahutamiseks. Luugiavaja on automaatne, kui temperatuur l\u00e4heb liiga kuumaks kasvuhoones, avab end ise. Luugi t\u00f5stej\u00f5ud on kuni 7kg.","og_url":"https:\/\/horticom.ee\/e-pood\/toode\/univent-kh-luugi-avaja-7kg\/","og_site_name":"Horticom.ee","article_publisher":"https:\/\/www.facebook.com\/horticom.ee\/e-pood","twitter_card":"summary_large_image","schema":{"@context":"https:\/\/schema.org","@graph":[{"@type":"WebPage","@id":"https:\/\/horticom.ee\/e-pood\/toode\/univent-kh-luugi-avaja-7kg\/","url":"https:\/\/horticom.ee\/e-pood\/toode\/univent-kh-luugi-avaja-7kg\/","name":"Univent KH luugi avaja 7kg - Horticom","isPartOf":{"@id":"https:\/\/horticom.ee\/e-pood\/#website"},"datePublished":"2024-12-13T13:02:00+00:00","dateModified":"2024-12-13T13:02:00+00:00","breadcrumb":{"@id":"https:\/\/horticom.ee\/e-pood\/toode\/univent-kh-luugi-avaja-7kg\/#breadcrumb"},"inLanguage":"et","potentialAction":[{"@type":"ReadAction","target":["https:\/\/horticom.ee\/e-pood\/toode\/univent-kh-luugi-avaja-7kg\/"]}]},{"@type":"BreadcrumbList","@id":"https:\/\/horticom.ee\/e-pood\/toode\/univent-kh-luugi-avaja-7kg\/#breadcrumb","itemListElement":[{"@type":"ListItem","position":1,"name":"Home","item":"https:\/\/horticom.ee\/e-pood\/"},{"@type":"ListItem","position":2,"name":"Pood","item":"https:\/\/horticom.ee\/e-pood\/pood\/"},{"@type":"ListItem","position":3,"name":"Univent KH luugi avaja 7kg"}]},{"@type":"WebSite","@id":"https:\/\/horticom.ee\/e-pood\/#website","url":"https:\/\/horticom.ee\/e-pood\/","name":"Horticom.ee","description":"Aianduskaubad ja kodukaubad nii harrastajatele kui professionaalidele","potentialAction":[{"@type":"SearchAction","target":{"@type":"EntryPoint","urlTemplate":"https:\/\/horticom.ee\/e-pood\/?s={search_term_string}"},"query-input":{"@type":"PropertyValueSpecification","valueRequired":true,"valueName":"search_term_string"}}],"inLanguage":"et"}]}},"_links":{"self":[{"href":"https:\/\/horticom.ee\/e-pood\/wp-json\/wp\/v2\/product\/2323365","targetHints":{"allow":["GET"]}}],"collection":[{"href":"https:\/\/horticom.ee\/e-pood\/wp-json\/wp\/v2\/product"}],"about":[{"href":"https:\/\/horticom.ee\/e-pood\/wp-json\/wp\/v2\/types\/product"}],"replies":[{"embeddable":true,"href":"https:\/\/horticom.ee\/e-pood\/wp-json\/wp\/v2\/comments?post=2323365"}],"wp:attachment":[{"href":"https:\/\/horticom.ee\/e-pood\/wp-json\/wp\/v2\/media?parent=2323365"}],"wp:term":[{"taxonomy":"product_cat","embeddable":true,"href":"https:\/\/horticom.ee\/e-pood\/wp-json\/wp\/v2\/product_cat?post=2323365"},{"taxonomy":"product_tag","embeddable":true,"href":"https:\/\/horticom.ee\/e-pood\/wp-json\/wp\/v2\/product_tag?post=2323365"}],"curies":[{"name":"wp","href":"https:\/\/api.w.org\/{rel}","templated":true}]}}