{"id":2324009,"date":"2024-12-17T12:00:39","date_gmt":"2024-12-17T10:00:39","guid":{"rendered":"https:\/\/horticom.ee\/e-pood\/toode\/karate-zeon-5cs-kahjurite-torjeks-2ml\/"},"modified":"2026-04-23T03:16:29","modified_gmt":"2026-04-23T00:16:29","slug":"karate-zeon-5cs-kahjurite-torjeks-2ml","status":"publish","type":"product","link":"https:\/\/horticom.ee\/e-pood\/toode\/karate-zeon-5cs-kahjurite-torjeks-2ml\/","title":{"rendered":"Karate Zeon 5CS kahjurite t\u00f5rjeks 2ml"},"content":{"rendered":"<p>Taimekaitsevahend Karate Zeon on laia toimespektriga kontaktne ja s\u00f6\u00f6tm\u00fcrk kahjurputukate t\u00f5rjeks aianduses, p\u00f5llul ja hoidlates. Insektitsiid.  Laia toimespektriga kontaktne ja s\u00f6\u00f6tm\u00fcrk kahjurputukate t\u00f5rjeks aianduses, p\u00f5llukultuuridel ja hoidlates. Toimeaine paral\u00fcseerib kahjurputuka n\u00e4rvis\u00fcsteemi m\u00f5ne minuti jooksul.  Mesilastele ja teistele tolmeldajatele ohtlik. Keelatud kasutada \u00f5itsvatel p\u00f5llumajanduskultuuridel ja umbrohtudel.<\/p>\n","protected":false},"excerpt":{"rendered":"<p>Taimekaitsevahend Karate Zeon on laia toimespektriga kontaktne ja s\u00f6\u00f6tm\u00fcrk kahjurputukate t\u00f5rjeks aianduses, p\u00f5llul ja hoidlates. Insektitsiid. Laia toimespektriga kontaktne ja s\u00f6\u00f6tm\u00fcrk kahjurputukate t\u00f5rjeks aianduses, p\u00f5llukultuuridel ja hoidlates. Toimeaine paral\u00fcseerib kahjurputuka n\u00e4rvis\u00fcsteemi m\u00f5ne minuti jooksul. Mesilastele ja teistele tolmeldajatele ohtlik. Keelatud kasutada \u00f5itsvatel p\u00f5llumajanduskultuuridel ja umbrohtudel.<\/p>\n","protected":false},"featured_media":2379256,"comment_status":"closed","ping_status":"closed","template":"","meta":{"_themeisle_gutenberg_block_has_review":false},"product_cat":[13585],"product_tag":[],"class_list":{"0":"post-2324009","1":"product","2":"type-product","3":"status-publish","4":"has-post-thumbnail","6":"product_cat-insektitsiidid","8":"first","9":"instock","10":"shipping-taxable","11":"purchasable","12":"product-type-simple"},"yoast_head":"<!-- This site is optimized with the Yoast SEO plugin v24.0 - https:\/\/yoast.com\/wordpress\/plugins\/seo\/ -->\n<title>Karate Zeon 5CS kahjurite t\u00f5rjeks 2ml - Horticom<\/title>\n<meta name=\"robots\" content=\"index, follow, max-snippet:-1, max-image-preview:large, max-video-preview:-1\" \/>\n<link rel=\"canonical\" href=\"https:\/\/horticom.ee\/e-pood\/toode\/karate-zeon-5cs-kahjurite-torjeks-2ml\/\" \/>\n<meta property=\"og:locale\" content=\"et_EE\" \/>\n<meta property=\"og:type\" content=\"article\" \/>\n<meta property=\"og:title\" content=\"Karate Zeon 5CS kahjurite t\u00f5rjeks 2ml - Horticom\" \/>\n<meta property=\"og:description\" content=\"Taimekaitsevahend Karate Zeon on laia toimespektriga kontaktne ja s\u00f6\u00f6tm\u00fcrk kahjurputukate t\u00f5rjeks aianduses, p\u00f5llul ja hoidlates. Insektitsiid. Laia toimespektriga kontaktne ja s\u00f6\u00f6tm\u00fcrk kahjurputukate t\u00f5rjeks aianduses, p\u00f5llukultuuridel ja hoidlates. Toimeaine paral\u00fcseerib kahjurputuka n\u00e4rvis\u00fcsteemi m\u00f5ne minuti jooksul. Mesilastele ja teistele tolmeldajatele ohtlik. Keelatud kasutada \u00f5itsvatel p\u00f5llumajanduskultuuridel ja umbrohtudel.\" \/>\n<meta property=\"og:url\" content=\"https:\/\/horticom.ee\/e-pood\/toode\/karate-zeon-5cs-kahjurite-torjeks-2ml\/\" \/>\n<meta property=\"og:site_name\" content=\"Horticom.ee\" \/>\n<meta property=\"article:publisher\" content=\"https:\/\/www.facebook.com\/horticom.ee\/e-pood\" \/>\n<meta property=\"article:modified_time\" content=\"2026-04-23T00:16:29+00:00\" \/>\n<meta property=\"og:image\" content=\"https:\/\/horticom.ee\/e-pood\/wp-content\/uploads\/importedmedia\/product-2324009_0-P3088.jpg\" \/>\n\t<meta property=\"og:image:width\" content=\"1000\" \/>\n\t<meta property=\"og:image:height\" content=\"1325\" \/>\n\t<meta property=\"og:image:type\" content=\"image\/jpeg\" \/>\n<meta name=\"twitter:card\" content=\"summary_large_image\" \/>\n<script type=\"application\/ld+json\" class=\"yoast-schema-graph\">{\"@context\":\"https:\/\/schema.org\",\"@graph\":[{\"@type\":\"WebPage\",\"@id\":\"https:\/\/horticom.ee\/e-pood\/toode\/karate-zeon-5cs-kahjurite-torjeks-2ml\/\",\"url\":\"https:\/\/horticom.ee\/e-pood\/toode\/karate-zeon-5cs-kahjurite-torjeks-2ml\/\",\"name\":\"Karate Zeon 5CS kahjurite t\u00f5rjeks 2ml - Horticom\",\"isPartOf\":{\"@id\":\"https:\/\/horticom.ee\/e-pood\/#website\"},\"primaryImageOfPage\":{\"@id\":\"https:\/\/horticom.ee\/e-pood\/toode\/karate-zeon-5cs-kahjurite-torjeks-2ml\/#primaryimage\"},\"image\":{\"@id\":\"https:\/\/horticom.ee\/e-pood\/toode\/karate-zeon-5cs-kahjurite-torjeks-2ml\/#primaryimage\"},\"thumbnailUrl\":\"https:\/\/horticom.ee\/e-pood\/wp-content\/uploads\/importedmedia\/product-2324009_0-P3088.jpg\",\"datePublished\":\"2024-12-17T10:00:39+00:00\",\"dateModified\":\"2026-04-23T00:16:29+00:00\",\"breadcrumb\":{\"@id\":\"https:\/\/horticom.ee\/e-pood\/toode\/karate-zeon-5cs-kahjurite-torjeks-2ml\/#breadcrumb\"},\"inLanguage\":\"et\",\"potentialAction\":[{\"@type\":\"ReadAction\",\"target\":[\"https:\/\/horticom.ee\/e-pood\/toode\/karate-zeon-5cs-kahjurite-torjeks-2ml\/\"]}]},{\"@type\":\"ImageObject\",\"inLanguage\":\"et\",\"@id\":\"https:\/\/horticom.ee\/e-pood\/toode\/karate-zeon-5cs-kahjurite-torjeks-2ml\/#primaryimage\",\"url\":\"https:\/\/horticom.ee\/e-pood\/wp-content\/uploads\/importedmedia\/product-2324009_0-P3088.jpg\",\"contentUrl\":\"https:\/\/horticom.ee\/e-pood\/wp-content\/uploads\/importedmedia\/product-2324009_0-P3088.jpg\",\"width\":1000,\"height\":1325},{\"@type\":\"BreadcrumbList\",\"@id\":\"https:\/\/horticom.ee\/e-pood\/toode\/karate-zeon-5cs-kahjurite-torjeks-2ml\/#breadcrumb\",\"itemListElement\":[{\"@type\":\"ListItem\",\"position\":1,\"name\":\"Home\",\"item\":\"https:\/\/horticom.ee\/e-pood\/\"},{\"@type\":\"ListItem\",\"position\":2,\"name\":\"Pood\",\"item\":\"https:\/\/horticom.ee\/e-pood\/pood\/\"},{\"@type\":\"ListItem\",\"position\":3,\"name\":\"Karate Zeon 5CS kahjurite t\u00f5rjeks 2ml\"}]},{\"@type\":\"WebSite\",\"@id\":\"https:\/\/horticom.ee\/e-pood\/#website\",\"url\":\"https:\/\/horticom.ee\/e-pood\/\",\"name\":\"Horticom.ee\",\"description\":\"Aianduskaubad ja kodukaubad nii harrastajatele kui professionaalidele\",\"potentialAction\":[{\"@type\":\"SearchAction\",\"target\":{\"@type\":\"EntryPoint\",\"urlTemplate\":\"https:\/\/horticom.ee\/e-pood\/?s={search_term_string}\"},\"query-input\":{\"@type\":\"PropertyValueSpecification\",\"valueRequired\":true,\"valueName\":\"search_term_string\"}}],\"inLanguage\":\"et\"}]}<\/script>\n<!-- \/ Yoast SEO plugin. -->","yoast_head_json":{"title":"Karate Zeon 5CS kahjurite t\u00f5rjeks 2ml - Horticom","robots":{"index":"index","follow":"follow","max-snippet":"max-snippet:-1","max-image-preview":"max-image-preview:large","max-video-preview":"max-video-preview:-1"},"canonical":"https:\/\/horticom.ee\/e-pood\/toode\/karate-zeon-5cs-kahjurite-torjeks-2ml\/","og_locale":"et_EE","og_type":"article","og_title":"Karate Zeon 5CS kahjurite t\u00f5rjeks 2ml - Horticom","og_description":"Taimekaitsevahend Karate Zeon on laia toimespektriga kontaktne ja s\u00f6\u00f6tm\u00fcrk kahjurputukate t\u00f5rjeks aianduses, p\u00f5llul ja hoidlates. Insektitsiid. Laia toimespektriga kontaktne ja s\u00f6\u00f6tm\u00fcrk kahjurputukate t\u00f5rjeks aianduses, p\u00f5llukultuuridel ja hoidlates. Toimeaine paral\u00fcseerib kahjurputuka n\u00e4rvis\u00fcsteemi m\u00f5ne minuti jooksul. Mesilastele ja teistele tolmeldajatele ohtlik. Keelatud kasutada \u00f5itsvatel p\u00f5llumajanduskultuuridel ja umbrohtudel.","og_url":"https:\/\/horticom.ee\/e-pood\/toode\/karate-zeon-5cs-kahjurite-torjeks-2ml\/","og_site_name":"Horticom.ee","article_publisher":"https:\/\/www.facebook.com\/horticom.ee\/e-pood","article_modified_time":"2026-04-23T00:16:29+00:00","og_image":[{"width":1000,"height":1325,"url":"https:\/\/horticom.ee\/e-pood\/wp-content\/uploads\/importedmedia\/product-2324009_0-P3088.jpg","type":"image\/jpeg"}],"twitter_card":"summary_large_image","schema":{"@context":"https:\/\/schema.org","@graph":[{"@type":"WebPage","@id":"https:\/\/horticom.ee\/e-pood\/toode\/karate-zeon-5cs-kahjurite-torjeks-2ml\/","url":"https:\/\/horticom.ee\/e-pood\/toode\/karate-zeon-5cs-kahjurite-torjeks-2ml\/","name":"Karate Zeon 5CS kahjurite t\u00f5rjeks 2ml - Horticom","isPartOf":{"@id":"https:\/\/horticom.ee\/e-pood\/#website"},"primaryImageOfPage":{"@id":"https:\/\/horticom.ee\/e-pood\/toode\/karate-zeon-5cs-kahjurite-torjeks-2ml\/#primaryimage"},"image":{"@id":"https:\/\/horticom.ee\/e-pood\/toode\/karate-zeon-5cs-kahjurite-torjeks-2ml\/#primaryimage"},"thumbnailUrl":"https:\/\/horticom.ee\/e-pood\/wp-content\/uploads\/importedmedia\/product-2324009_0-P3088.jpg","datePublished":"2024-12-17T10:00:39+00:00","dateModified":"2026-04-23T00:16:29+00:00","breadcrumb":{"@id":"https:\/\/horticom.ee\/e-pood\/toode\/karate-zeon-5cs-kahjurite-torjeks-2ml\/#breadcrumb"},"inLanguage":"et","potentialAction":[{"@type":"ReadAction","target":["https:\/\/horticom.ee\/e-pood\/toode\/karate-zeon-5cs-kahjurite-torjeks-2ml\/"]}]},{"@type":"ImageObject","inLanguage":"et","@id":"https:\/\/horticom.ee\/e-pood\/toode\/karate-zeon-5cs-kahjurite-torjeks-2ml\/#primaryimage","url":"https:\/\/horticom.ee\/e-pood\/wp-content\/uploads\/importedmedia\/product-2324009_0-P3088.jpg","contentUrl":"https:\/\/horticom.ee\/e-pood\/wp-content\/uploads\/importedmedia\/product-2324009_0-P3088.jpg","width":1000,"height":1325},{"@type":"BreadcrumbList","@id":"https:\/\/horticom.ee\/e-pood\/toode\/karate-zeon-5cs-kahjurite-torjeks-2ml\/#breadcrumb","itemListElement":[{"@type":"ListItem","position":1,"name":"Home","item":"https:\/\/horticom.ee\/e-pood\/"},{"@type":"ListItem","position":2,"name":"Pood","item":"https:\/\/horticom.ee\/e-pood\/pood\/"},{"@type":"ListItem","position":3,"name":"Karate Zeon 5CS kahjurite t\u00f5rjeks 2ml"}]},{"@type":"WebSite","@id":"https:\/\/horticom.ee\/e-pood\/#website","url":"https:\/\/horticom.ee\/e-pood\/","name":"Horticom.ee","description":"Aianduskaubad ja kodukaubad nii harrastajatele kui professionaalidele","potentialAction":[{"@type":"SearchAction","target":{"@type":"EntryPoint","urlTemplate":"https:\/\/horticom.ee\/e-pood\/?s={search_term_string}"},"query-input":{"@type":"PropertyValueSpecification","valueRequired":true,"valueName":"search_term_string"}}],"inLanguage":"et"}]}},"_links":{"self":[{"href":"https:\/\/horticom.ee\/e-pood\/wp-json\/wp\/v2\/product\/2324009","targetHints":{"allow":["GET"]}}],"collection":[{"href":"https:\/\/horticom.ee\/e-pood\/wp-json\/wp\/v2\/product"}],"about":[{"href":"https:\/\/horticom.ee\/e-pood\/wp-json\/wp\/v2\/types\/product"}],"replies":[{"embeddable":true,"href":"https:\/\/horticom.ee\/e-pood\/wp-json\/wp\/v2\/comments?post=2324009"}],"wp:featuredmedia":[{"embeddable":true,"href":"https:\/\/horticom.ee\/e-pood\/wp-json\/wp\/v2\/media\/2379256"}],"wp:attachment":[{"href":"https:\/\/horticom.ee\/e-pood\/wp-json\/wp\/v2\/media?parent=2324009"}],"wp:term":[{"taxonomy":"product_cat","embeddable":true,"href":"https:\/\/horticom.ee\/e-pood\/wp-json\/wp\/v2\/product_cat?post=2324009"},{"taxonomy":"product_tag","embeddable":true,"href":"https:\/\/horticom.ee\/e-pood\/wp-json\/wp\/v2\/product_tag?post=2324009"}],"curies":[{"name":"wp","href":"https:\/\/api.w.org\/{rel}","templated":true}]}}