{"id":2324078,"date":"2024-12-17T12:01:05","date_gmt":"2024-12-17T10:01:05","guid":{"rendered":"https:\/\/horticom.ee\/e-pood\/toode\/unimagun-paeoniflorum-03g-a\/"},"modified":"2026-05-02T03:10:59","modified_gmt":"2026-05-02T00:10:59","slug":"unimagun-paeoniflorum-03g-a","status":"publish","type":"product","link":"https:\/\/horticom.ee\/e-pood\/toode\/unimagun-paeoniflorum-03g-a\/","title":{"rendered":"Unimagun Paeoniflorum 0,3g A"},"content":{"rendered":"<p>Unimagun on \u00fcheaastane ning eristub teistest magunatest silmapaistvalt hallikassiniste laiade ja lopsakate hambuliste siledate lehtede poolest. Taime k\u00f5rgus kuni 80 cm. Juulis alustab taim \u00f5itsemist ja suuri, sordist olenevalt valgeid, roosasid, punaseid lillasid, mustjaid, liht- v\u00f5i t\u00e4idis\u00f5isi jagub augustissegi. Seej\u00e4rel paisuvad suured seemnekuprad ning valmivad seemned. Pole eriti n\u00f5udlik mullastiku suhtes, eelistab vaid p\u00e4ikeselist kasvukohta. \u00dcsna h\u00e4sti lepib taim kehvema aiamullaga ning ka p\u00f5uaperioodid elab kenasti \u00fcle. Seemned v\u00f5ib k\u00fclvata kasvukohale kevadel, aprilli l\u00f5pus v\u00f5i mai alguses v\u00f5i ka s\u00fcgisel. Et taimed kasvaksid lopsakamad, tuleks taimed tiheda seisu korral harvendada. \u00dcmberistutamist ei talu eriti.<\/p>\n","protected":false},"excerpt":{"rendered":"<p>Unimagun on \u00fcheaastane ning eristub teistest magunatest silmapaistvalt hallikassiniste laiade ja lopsakate hambuliste siledate lehtede poolest. Taime k\u00f5rgus kuni 80 cm. Juulis alustab taim \u00f5itsemist ja suuri, sordist olenevalt valgeid, roosasid, punaseid lillasid, mustjaid, liht- v\u00f5i t\u00e4idis\u00f5isi jagub augustissegi. Seej\u00e4rel paisuvad suured seemnekuprad ning valmivad seemned. Pole eriti n\u00f5udlik mullastiku suhtes, eelistab vaid p\u00e4ikeselist kasvukohta. [&hellip;]<\/p>\n","protected":false},"featured_media":2360982,"comment_status":"closed","ping_status":"closed","template":"","meta":{"_themeisle_gutenberg_block_has_review":false},"product_cat":[18316],"product_tag":[],"class_list":{"0":"post-2324078","1":"product","2":"type-product","3":"status-publish","4":"has-post-thumbnail","6":"product_cat-magun","8":"first","9":"outofstock","10":"shipping-taxable","11":"purchasable","12":"product-type-simple"},"yoast_head":"<!-- This site is optimized with the Yoast SEO plugin v24.0 - https:\/\/yoast.com\/wordpress\/plugins\/seo\/ -->\n<title>Unimagun Paeoniflorum 0,3g A - Horticom<\/title>\n<meta name=\"robots\" content=\"index, follow, max-snippet:-1, max-image-preview:large, max-video-preview:-1\" \/>\n<link rel=\"canonical\" href=\"https:\/\/horticom.ee\/e-pood\/toode\/unimagun-paeoniflorum-03g-a\/\" \/>\n<meta property=\"og:locale\" content=\"et_EE\" \/>\n<meta property=\"og:type\" content=\"article\" \/>\n<meta property=\"og:title\" content=\"Unimagun Paeoniflorum 0,3g A - Horticom\" \/>\n<meta property=\"og:description\" content=\"Unimagun on \u00fcheaastane ning eristub teistest magunatest silmapaistvalt hallikassiniste laiade ja lopsakate hambuliste siledate lehtede poolest. Taime k\u00f5rgus kuni 80 cm. Juulis alustab taim \u00f5itsemist ja suuri, sordist olenevalt valgeid, roosasid, punaseid lillasid, mustjaid, liht- v\u00f5i t\u00e4idis\u00f5isi jagub augustissegi. Seej\u00e4rel paisuvad suured seemnekuprad ning valmivad seemned. Pole eriti n\u00f5udlik mullastiku suhtes, eelistab vaid p\u00e4ikeselist kasvukohta. [&hellip;]\" \/>\n<meta property=\"og:url\" content=\"https:\/\/horticom.ee\/e-pood\/toode\/unimagun-paeoniflorum-03g-a\/\" \/>\n<meta property=\"og:site_name\" content=\"Horticom.ee\" \/>\n<meta property=\"article:publisher\" content=\"https:\/\/www.facebook.com\/horticom.ee\/e-pood\" \/>\n<meta property=\"article:modified_time\" content=\"2026-05-02T00:10:59+00:00\" \/>\n<meta property=\"og:image\" content=\"https:\/\/horticom.ee\/e-pood\/wp-content\/uploads\/importedmedia\/product-2324078_0-14043157.jpg\" \/>\n\t<meta property=\"og:image:width\" content=\"1000\" \/>\n\t<meta property=\"og:image:height\" content=\"1502\" \/>\n\t<meta property=\"og:image:type\" content=\"image\/jpeg\" \/>\n<meta name=\"twitter:card\" content=\"summary_large_image\" \/>\n<meta name=\"twitter:label1\" content=\"Est. reading time\" \/>\n\t<meta name=\"twitter:data1\" content=\"1 minut\" \/>\n<script type=\"application\/ld+json\" class=\"yoast-schema-graph\">{\"@context\":\"https:\/\/schema.org\",\"@graph\":[{\"@type\":\"WebPage\",\"@id\":\"https:\/\/horticom.ee\/e-pood\/toode\/unimagun-paeoniflorum-03g-a\/\",\"url\":\"https:\/\/horticom.ee\/e-pood\/toode\/unimagun-paeoniflorum-03g-a\/\",\"name\":\"Unimagun Paeoniflorum 0,3g A - Horticom\",\"isPartOf\":{\"@id\":\"https:\/\/horticom.ee\/e-pood\/#website\"},\"primaryImageOfPage\":{\"@id\":\"https:\/\/horticom.ee\/e-pood\/toode\/unimagun-paeoniflorum-03g-a\/#primaryimage\"},\"image\":{\"@id\":\"https:\/\/horticom.ee\/e-pood\/toode\/unimagun-paeoniflorum-03g-a\/#primaryimage\"},\"thumbnailUrl\":\"https:\/\/horticom.ee\/e-pood\/wp-content\/uploads\/importedmedia\/product-2324078_0-14043157.jpg\",\"datePublished\":\"2024-12-17T10:01:05+00:00\",\"dateModified\":\"2026-05-02T00:10:59+00:00\",\"breadcrumb\":{\"@id\":\"https:\/\/horticom.ee\/e-pood\/toode\/unimagun-paeoniflorum-03g-a\/#breadcrumb\"},\"inLanguage\":\"et\",\"potentialAction\":[{\"@type\":\"ReadAction\",\"target\":[\"https:\/\/horticom.ee\/e-pood\/toode\/unimagun-paeoniflorum-03g-a\/\"]}]},{\"@type\":\"ImageObject\",\"inLanguage\":\"et\",\"@id\":\"https:\/\/horticom.ee\/e-pood\/toode\/unimagun-paeoniflorum-03g-a\/#primaryimage\",\"url\":\"https:\/\/horticom.ee\/e-pood\/wp-content\/uploads\/importedmedia\/product-2324078_0-14043157.jpg\",\"contentUrl\":\"https:\/\/horticom.ee\/e-pood\/wp-content\/uploads\/importedmedia\/product-2324078_0-14043157.jpg\",\"width\":1000,\"height\":1502},{\"@type\":\"BreadcrumbList\",\"@id\":\"https:\/\/horticom.ee\/e-pood\/toode\/unimagun-paeoniflorum-03g-a\/#breadcrumb\",\"itemListElement\":[{\"@type\":\"ListItem\",\"position\":1,\"name\":\"Home\",\"item\":\"https:\/\/horticom.ee\/e-pood\/\"},{\"@type\":\"ListItem\",\"position\":2,\"name\":\"Pood\",\"item\":\"https:\/\/horticom.ee\/e-pood\/pood\/\"},{\"@type\":\"ListItem\",\"position\":3,\"name\":\"Unimagun Paeoniflorum 0,3g A\"}]},{\"@type\":\"WebSite\",\"@id\":\"https:\/\/horticom.ee\/e-pood\/#website\",\"url\":\"https:\/\/horticom.ee\/e-pood\/\",\"name\":\"Horticom.ee\",\"description\":\"Aianduskaubad ja kodukaubad nii harrastajatele kui professionaalidele\",\"potentialAction\":[{\"@type\":\"SearchAction\",\"target\":{\"@type\":\"EntryPoint\",\"urlTemplate\":\"https:\/\/horticom.ee\/e-pood\/?s={search_term_string}\"},\"query-input\":{\"@type\":\"PropertyValueSpecification\",\"valueRequired\":true,\"valueName\":\"search_term_string\"}}],\"inLanguage\":\"et\"}]}<\/script>\n<!-- \/ Yoast SEO plugin. -->","yoast_head_json":{"title":"Unimagun Paeoniflorum 0,3g A - Horticom","robots":{"index":"index","follow":"follow","max-snippet":"max-snippet:-1","max-image-preview":"max-image-preview:large","max-video-preview":"max-video-preview:-1"},"canonical":"https:\/\/horticom.ee\/e-pood\/toode\/unimagun-paeoniflorum-03g-a\/","og_locale":"et_EE","og_type":"article","og_title":"Unimagun Paeoniflorum 0,3g A - Horticom","og_description":"Unimagun on \u00fcheaastane ning eristub teistest magunatest silmapaistvalt hallikassiniste laiade ja lopsakate hambuliste siledate lehtede poolest. Taime k\u00f5rgus kuni 80 cm. Juulis alustab taim \u00f5itsemist ja suuri, sordist olenevalt valgeid, roosasid, punaseid lillasid, mustjaid, liht- v\u00f5i t\u00e4idis\u00f5isi jagub augustissegi. Seej\u00e4rel paisuvad suured seemnekuprad ning valmivad seemned. Pole eriti n\u00f5udlik mullastiku suhtes, eelistab vaid p\u00e4ikeselist kasvukohta. [&hellip;]","og_url":"https:\/\/horticom.ee\/e-pood\/toode\/unimagun-paeoniflorum-03g-a\/","og_site_name":"Horticom.ee","article_publisher":"https:\/\/www.facebook.com\/horticom.ee\/e-pood","article_modified_time":"2026-05-02T00:10:59+00:00","og_image":[{"width":1000,"height":1502,"url":"https:\/\/horticom.ee\/e-pood\/wp-content\/uploads\/importedmedia\/product-2324078_0-14043157.jpg","type":"image\/jpeg"}],"twitter_card":"summary_large_image","twitter_misc":{"Est. reading time":"1 minut"},"schema":{"@context":"https:\/\/schema.org","@graph":[{"@type":"WebPage","@id":"https:\/\/horticom.ee\/e-pood\/toode\/unimagun-paeoniflorum-03g-a\/","url":"https:\/\/horticom.ee\/e-pood\/toode\/unimagun-paeoniflorum-03g-a\/","name":"Unimagun Paeoniflorum 0,3g A - Horticom","isPartOf":{"@id":"https:\/\/horticom.ee\/e-pood\/#website"},"primaryImageOfPage":{"@id":"https:\/\/horticom.ee\/e-pood\/toode\/unimagun-paeoniflorum-03g-a\/#primaryimage"},"image":{"@id":"https:\/\/horticom.ee\/e-pood\/toode\/unimagun-paeoniflorum-03g-a\/#primaryimage"},"thumbnailUrl":"https:\/\/horticom.ee\/e-pood\/wp-content\/uploads\/importedmedia\/product-2324078_0-14043157.jpg","datePublished":"2024-12-17T10:01:05+00:00","dateModified":"2026-05-02T00:10:59+00:00","breadcrumb":{"@id":"https:\/\/horticom.ee\/e-pood\/toode\/unimagun-paeoniflorum-03g-a\/#breadcrumb"},"inLanguage":"et","potentialAction":[{"@type":"ReadAction","target":["https:\/\/horticom.ee\/e-pood\/toode\/unimagun-paeoniflorum-03g-a\/"]}]},{"@type":"ImageObject","inLanguage":"et","@id":"https:\/\/horticom.ee\/e-pood\/toode\/unimagun-paeoniflorum-03g-a\/#primaryimage","url":"https:\/\/horticom.ee\/e-pood\/wp-content\/uploads\/importedmedia\/product-2324078_0-14043157.jpg","contentUrl":"https:\/\/horticom.ee\/e-pood\/wp-content\/uploads\/importedmedia\/product-2324078_0-14043157.jpg","width":1000,"height":1502},{"@type":"BreadcrumbList","@id":"https:\/\/horticom.ee\/e-pood\/toode\/unimagun-paeoniflorum-03g-a\/#breadcrumb","itemListElement":[{"@type":"ListItem","position":1,"name":"Home","item":"https:\/\/horticom.ee\/e-pood\/"},{"@type":"ListItem","position":2,"name":"Pood","item":"https:\/\/horticom.ee\/e-pood\/pood\/"},{"@type":"ListItem","position":3,"name":"Unimagun Paeoniflorum 0,3g A"}]},{"@type":"WebSite","@id":"https:\/\/horticom.ee\/e-pood\/#website","url":"https:\/\/horticom.ee\/e-pood\/","name":"Horticom.ee","description":"Aianduskaubad ja kodukaubad nii harrastajatele kui professionaalidele","potentialAction":[{"@type":"SearchAction","target":{"@type":"EntryPoint","urlTemplate":"https:\/\/horticom.ee\/e-pood\/?s={search_term_string}"},"query-input":{"@type":"PropertyValueSpecification","valueRequired":true,"valueName":"search_term_string"}}],"inLanguage":"et"}]}},"_links":{"self":[{"href":"https:\/\/horticom.ee\/e-pood\/wp-json\/wp\/v2\/product\/2324078","targetHints":{"allow":["GET"]}}],"collection":[{"href":"https:\/\/horticom.ee\/e-pood\/wp-json\/wp\/v2\/product"}],"about":[{"href":"https:\/\/horticom.ee\/e-pood\/wp-json\/wp\/v2\/types\/product"}],"replies":[{"embeddable":true,"href":"https:\/\/horticom.ee\/e-pood\/wp-json\/wp\/v2\/comments?post=2324078"}],"wp:featuredmedia":[{"embeddable":true,"href":"https:\/\/horticom.ee\/e-pood\/wp-json\/wp\/v2\/media\/2360982"}],"wp:attachment":[{"href":"https:\/\/horticom.ee\/e-pood\/wp-json\/wp\/v2\/media?parent=2324078"}],"wp:term":[{"taxonomy":"product_cat","embeddable":true,"href":"https:\/\/horticom.ee\/e-pood\/wp-json\/wp\/v2\/product_cat?post=2324078"},{"taxonomy":"product_tag","embeddable":true,"href":"https:\/\/horticom.ee\/e-pood\/wp-json\/wp\/v2\/product_tag?post=2324078"}],"curies":[{"name":"wp","href":"https:\/\/api.w.org\/{rel}","templated":true}]}}