{"id":2324080,"date":"2024-12-17T12:01:06","date_gmt":"2024-12-17T10:01:06","guid":{"rendered":"https:\/\/horticom.ee\/e-pood\/toode\/melon-charentais\/"},"modified":"2026-04-22T03:12:34","modified_gmt":"2026-04-22T00:12:34","slug":"melon-charentais","status":"publish","type":"product","link":"https:\/\/horticom.ee\/e-pood\/toode\/melon-charentais\/","title":{"rendered":"Melon Charentais"},"content":{"rendered":"<p>Melonile sobib soe ja niiske kasvukoht. Saaki koristatakse 70\u201390 p\u00e4eva p\u00e4rast seemikute istutamist. Viljad on \u00fcmarad, hallrohelise koorega, kaaluvad umbes 800\u2013900 g. Viljaliha on oran\u017e, aromaatne, mahlane ja v\u00e4ga magus. Meie kliimas kasvatada kasvuhoones, aga v\u00f5ib kasvatada ka avamaal, kui on tuule eest kaitstud p\u00e4ikesepaisteline koht. Varajane saak kasvatatakse seemikutest.<\/p>\n","protected":false},"excerpt":{"rendered":"<p>Melonile sobib soe ja niiske kasvukoht. Saaki koristatakse 70\u201390 p\u00e4eva p\u00e4rast seemikute istutamist. Viljad on \u00fcmarad, hallrohelise koorega, kaaluvad umbes 800\u2013900 g. Viljaliha on oran\u017e, aromaatne, mahlane ja v\u00e4ga magus. Meie kliimas kasvatada kasvuhoones, aga v\u00f5ib kasvatada ka avamaal, kui on tuule eest kaitstud p\u00e4ikesepaisteline koht. Varajane saak kasvatatakse seemikutest.<\/p>\n","protected":false},"featured_media":2360976,"comment_status":"closed","ping_status":"closed","template":"","meta":{"_themeisle_gutenberg_block_has_review":false},"product_cat":[13498],"product_tag":[],"class_list":{"0":"post-2324080","1":"product","2":"type-product","3":"status-publish","4":"has-post-thumbnail","6":"product_cat-arbuus-melon","8":"first","9":"instock","10":"shipping-taxable","11":"purchasable","12":"product-type-simple"},"yoast_head":"<!-- This site is optimized with the Yoast SEO plugin v24.0 - https:\/\/yoast.com\/wordpress\/plugins\/seo\/ -->\n<title>Melon Charentais - Horticom<\/title>\n<meta name=\"robots\" content=\"index, follow, max-snippet:-1, max-image-preview:large, max-video-preview:-1\" \/>\n<link rel=\"canonical\" href=\"https:\/\/horticom.ee\/e-pood\/toode\/melon-charentais\/\" \/>\n<meta property=\"og:locale\" content=\"et_EE\" \/>\n<meta property=\"og:type\" content=\"article\" \/>\n<meta property=\"og:title\" content=\"Melon Charentais - Horticom\" \/>\n<meta property=\"og:description\" content=\"Melonile sobib soe ja niiske kasvukoht. Saaki koristatakse 70\u201390 p\u00e4eva p\u00e4rast seemikute istutamist. Viljad on \u00fcmarad, hallrohelise koorega, kaaluvad umbes 800\u2013900 g. Viljaliha on oran\u017e, aromaatne, mahlane ja v\u00e4ga magus. Meie kliimas kasvatada kasvuhoones, aga v\u00f5ib kasvatada ka avamaal, kui on tuule eest kaitstud p\u00e4ikesepaisteline koht. Varajane saak kasvatatakse seemikutest.\" \/>\n<meta property=\"og:url\" content=\"https:\/\/horticom.ee\/e-pood\/toode\/melon-charentais\/\" \/>\n<meta property=\"og:site_name\" content=\"Horticom.ee\" \/>\n<meta property=\"article:publisher\" content=\"https:\/\/www.facebook.com\/horticom.ee\/e-pood\" \/>\n<meta property=\"article:modified_time\" content=\"2026-04-22T00:12:34+00:00\" \/>\n<meta property=\"og:image\" content=\"https:\/\/horticom.ee\/e-pood\/wp-content\/uploads\/importedmedia\/product-2324080_0-PL0570.jpg\" \/>\n\t<meta property=\"og:image:width\" content=\"1000\" \/>\n\t<meta property=\"og:image:height\" content=\"1666\" \/>\n\t<meta property=\"og:image:type\" content=\"image\/jpeg\" \/>\n<meta name=\"twitter:card\" content=\"summary_large_image\" \/>\n<script type=\"application\/ld+json\" class=\"yoast-schema-graph\">{\"@context\":\"https:\/\/schema.org\",\"@graph\":[{\"@type\":\"WebPage\",\"@id\":\"https:\/\/horticom.ee\/e-pood\/toode\/melon-charentais\/\",\"url\":\"https:\/\/horticom.ee\/e-pood\/toode\/melon-charentais\/\",\"name\":\"Melon Charentais - Horticom\",\"isPartOf\":{\"@id\":\"https:\/\/horticom.ee\/e-pood\/#website\"},\"primaryImageOfPage\":{\"@id\":\"https:\/\/horticom.ee\/e-pood\/toode\/melon-charentais\/#primaryimage\"},\"image\":{\"@id\":\"https:\/\/horticom.ee\/e-pood\/toode\/melon-charentais\/#primaryimage\"},\"thumbnailUrl\":\"https:\/\/horticom.ee\/e-pood\/wp-content\/uploads\/importedmedia\/product-2324080_0-PL0570.jpg\",\"datePublished\":\"2024-12-17T10:01:06+00:00\",\"dateModified\":\"2026-04-22T00:12:34+00:00\",\"breadcrumb\":{\"@id\":\"https:\/\/horticom.ee\/e-pood\/toode\/melon-charentais\/#breadcrumb\"},\"inLanguage\":\"et\",\"potentialAction\":[{\"@type\":\"ReadAction\",\"target\":[\"https:\/\/horticom.ee\/e-pood\/toode\/melon-charentais\/\"]}]},{\"@type\":\"ImageObject\",\"inLanguage\":\"et\",\"@id\":\"https:\/\/horticom.ee\/e-pood\/toode\/melon-charentais\/#primaryimage\",\"url\":\"https:\/\/horticom.ee\/e-pood\/wp-content\/uploads\/importedmedia\/product-2324080_0-PL0570.jpg\",\"contentUrl\":\"https:\/\/horticom.ee\/e-pood\/wp-content\/uploads\/importedmedia\/product-2324080_0-PL0570.jpg\",\"width\":1000,\"height\":1666},{\"@type\":\"BreadcrumbList\",\"@id\":\"https:\/\/horticom.ee\/e-pood\/toode\/melon-charentais\/#breadcrumb\",\"itemListElement\":[{\"@type\":\"ListItem\",\"position\":1,\"name\":\"Home\",\"item\":\"https:\/\/horticom.ee\/e-pood\/\"},{\"@type\":\"ListItem\",\"position\":2,\"name\":\"Pood\",\"item\":\"https:\/\/horticom.ee\/e-pood\/pood\/\"},{\"@type\":\"ListItem\",\"position\":3,\"name\":\"Melon Charentais\"}]},{\"@type\":\"WebSite\",\"@id\":\"https:\/\/horticom.ee\/e-pood\/#website\",\"url\":\"https:\/\/horticom.ee\/e-pood\/\",\"name\":\"Horticom.ee\",\"description\":\"Aianduskaubad ja kodukaubad nii harrastajatele kui professionaalidele\",\"potentialAction\":[{\"@type\":\"SearchAction\",\"target\":{\"@type\":\"EntryPoint\",\"urlTemplate\":\"https:\/\/horticom.ee\/e-pood\/?s={search_term_string}\"},\"query-input\":{\"@type\":\"PropertyValueSpecification\",\"valueRequired\":true,\"valueName\":\"search_term_string\"}}],\"inLanguage\":\"et\"}]}<\/script>\n<!-- \/ Yoast SEO plugin. -->","yoast_head_json":{"title":"Melon Charentais - Horticom","robots":{"index":"index","follow":"follow","max-snippet":"max-snippet:-1","max-image-preview":"max-image-preview:large","max-video-preview":"max-video-preview:-1"},"canonical":"https:\/\/horticom.ee\/e-pood\/toode\/melon-charentais\/","og_locale":"et_EE","og_type":"article","og_title":"Melon Charentais - Horticom","og_description":"Melonile sobib soe ja niiske kasvukoht. Saaki koristatakse 70\u201390 p\u00e4eva p\u00e4rast seemikute istutamist. Viljad on \u00fcmarad, hallrohelise koorega, kaaluvad umbes 800\u2013900 g. Viljaliha on oran\u017e, aromaatne, mahlane ja v\u00e4ga magus. Meie kliimas kasvatada kasvuhoones, aga v\u00f5ib kasvatada ka avamaal, kui on tuule eest kaitstud p\u00e4ikesepaisteline koht. Varajane saak kasvatatakse seemikutest.","og_url":"https:\/\/horticom.ee\/e-pood\/toode\/melon-charentais\/","og_site_name":"Horticom.ee","article_publisher":"https:\/\/www.facebook.com\/horticom.ee\/e-pood","article_modified_time":"2026-04-22T00:12:34+00:00","og_image":[{"width":1000,"height":1666,"url":"https:\/\/horticom.ee\/e-pood\/wp-content\/uploads\/importedmedia\/product-2324080_0-PL0570.jpg","type":"image\/jpeg"}],"twitter_card":"summary_large_image","schema":{"@context":"https:\/\/schema.org","@graph":[{"@type":"WebPage","@id":"https:\/\/horticom.ee\/e-pood\/toode\/melon-charentais\/","url":"https:\/\/horticom.ee\/e-pood\/toode\/melon-charentais\/","name":"Melon Charentais - Horticom","isPartOf":{"@id":"https:\/\/horticom.ee\/e-pood\/#website"},"primaryImageOfPage":{"@id":"https:\/\/horticom.ee\/e-pood\/toode\/melon-charentais\/#primaryimage"},"image":{"@id":"https:\/\/horticom.ee\/e-pood\/toode\/melon-charentais\/#primaryimage"},"thumbnailUrl":"https:\/\/horticom.ee\/e-pood\/wp-content\/uploads\/importedmedia\/product-2324080_0-PL0570.jpg","datePublished":"2024-12-17T10:01:06+00:00","dateModified":"2026-04-22T00:12:34+00:00","breadcrumb":{"@id":"https:\/\/horticom.ee\/e-pood\/toode\/melon-charentais\/#breadcrumb"},"inLanguage":"et","potentialAction":[{"@type":"ReadAction","target":["https:\/\/horticom.ee\/e-pood\/toode\/melon-charentais\/"]}]},{"@type":"ImageObject","inLanguage":"et","@id":"https:\/\/horticom.ee\/e-pood\/toode\/melon-charentais\/#primaryimage","url":"https:\/\/horticom.ee\/e-pood\/wp-content\/uploads\/importedmedia\/product-2324080_0-PL0570.jpg","contentUrl":"https:\/\/horticom.ee\/e-pood\/wp-content\/uploads\/importedmedia\/product-2324080_0-PL0570.jpg","width":1000,"height":1666},{"@type":"BreadcrumbList","@id":"https:\/\/horticom.ee\/e-pood\/toode\/melon-charentais\/#breadcrumb","itemListElement":[{"@type":"ListItem","position":1,"name":"Home","item":"https:\/\/horticom.ee\/e-pood\/"},{"@type":"ListItem","position":2,"name":"Pood","item":"https:\/\/horticom.ee\/e-pood\/pood\/"},{"@type":"ListItem","position":3,"name":"Melon Charentais"}]},{"@type":"WebSite","@id":"https:\/\/horticom.ee\/e-pood\/#website","url":"https:\/\/horticom.ee\/e-pood\/","name":"Horticom.ee","description":"Aianduskaubad ja kodukaubad nii harrastajatele kui professionaalidele","potentialAction":[{"@type":"SearchAction","target":{"@type":"EntryPoint","urlTemplate":"https:\/\/horticom.ee\/e-pood\/?s={search_term_string}"},"query-input":{"@type":"PropertyValueSpecification","valueRequired":true,"valueName":"search_term_string"}}],"inLanguage":"et"}]}},"_links":{"self":[{"href":"https:\/\/horticom.ee\/e-pood\/wp-json\/wp\/v2\/product\/2324080","targetHints":{"allow":["GET"]}}],"collection":[{"href":"https:\/\/horticom.ee\/e-pood\/wp-json\/wp\/v2\/product"}],"about":[{"href":"https:\/\/horticom.ee\/e-pood\/wp-json\/wp\/v2\/types\/product"}],"replies":[{"embeddable":true,"href":"https:\/\/horticom.ee\/e-pood\/wp-json\/wp\/v2\/comments?post=2324080"}],"wp:featuredmedia":[{"embeddable":true,"href":"https:\/\/horticom.ee\/e-pood\/wp-json\/wp\/v2\/media\/2360976"}],"wp:attachment":[{"href":"https:\/\/horticom.ee\/e-pood\/wp-json\/wp\/v2\/media?parent=2324080"}],"wp:term":[{"taxonomy":"product_cat","embeddable":true,"href":"https:\/\/horticom.ee\/e-pood\/wp-json\/wp\/v2\/product_cat?post=2324080"},{"taxonomy":"product_tag","embeddable":true,"href":"https:\/\/horticom.ee\/e-pood\/wp-json\/wp\/v2\/product_tag?post=2324080"}],"curies":[{"name":"wp","href":"https:\/\/api.w.org\/{rel}","templated":true}]}}