{"id":2324091,"date":"2024-12-17T12:01:09","date_gmt":"2024-12-17T10:01:09","guid":{"rendered":"https:\/\/horticom.ee\/e-pood\/toode\/paprika-quadrato-dsti-giallo-capsicum-annuum-l\/"},"modified":"2026-04-28T03:10:58","modified_gmt":"2026-04-28T00:10:58","slug":"paprika-quadrato-dsti-giallo-capsicum-annuum-l","status":"publish","type":"product","link":"https:\/\/horticom.ee\/e-pood\/toode\/paprika-quadrato-dsti-giallo-capsicum-annuum-l\/","title":{"rendered":"Paprika Quadrato d&#8217;?sti giallo &#8211; Capsicum annuum L."},"content":{"rendered":"<p>Keskmiselt varajane sort. Taimed on lopsakad, kasvavad k\u00fcllaltki k\u00f5rgeks. Viljad on pirnikujulised, kollase koorega ja magusa, oran\u017ei viljalihaga, millel on meeldiv p\u00e4hklimaitse, kaaluga 280grammi. Sobivad aurutamiseks, praadimiseks, suppide valmistamiseks, k\u00fcpsetamiseks ja konserveerimiseks. Kasvab k\u00f5ige paremini tuule eest kaitstud alal, liivsavi v\u00f5i kerges savipinnas.<\/p>\n","protected":false},"excerpt":{"rendered":"<p>Keskmiselt varajane sort. Taimed on lopsakad, kasvavad k\u00fcllaltki k\u00f5rgeks. Viljad on pirnikujulised, kollase koorega ja magusa, oran\u017ei viljalihaga, millel on meeldiv p\u00e4hklimaitse, kaaluga 280grammi. Sobivad aurutamiseks, praadimiseks, suppide valmistamiseks, k\u00fcpsetamiseks ja konserveerimiseks. Kasvab k\u00f5ige paremini tuule eest kaitstud alal, liivsavi v\u00f5i kerges savipinnas.<\/p>\n","protected":false},"featured_media":2400587,"comment_status":"closed","ping_status":"closed","template":"","meta":{"_themeisle_gutenberg_block_has_review":false},"product_cat":[13489],"product_tag":[],"class_list":{"0":"post-2324091","1":"product","2":"type-product","3":"status-publish","4":"has-post-thumbnail","6":"product_cat-paprika-kibepipar","8":"first","9":"instock","10":"shipping-taxable","11":"purchasable","12":"product-type-simple"},"yoast_head":"<!-- This site is optimized with the Yoast SEO plugin v24.0 - https:\/\/yoast.com\/wordpress\/plugins\/seo\/ -->\n<title>Paprika Quadrato d&#039;?sti giallo - Capsicum annuum L. - Horticom<\/title>\n<meta name=\"robots\" content=\"index, follow, max-snippet:-1, max-image-preview:large, max-video-preview:-1\" \/>\n<link rel=\"canonical\" href=\"https:\/\/horticom.ee\/e-pood\/toode\/paprika-quadrato-dsti-giallo-capsicum-annuum-l\/\" \/>\n<meta property=\"og:locale\" content=\"et_EE\" \/>\n<meta property=\"og:type\" content=\"article\" \/>\n<meta property=\"og:title\" content=\"Paprika Quadrato d&#039;?sti giallo - Capsicum annuum L. - Horticom\" \/>\n<meta property=\"og:description\" content=\"Keskmiselt varajane sort. Taimed on lopsakad, kasvavad k\u00fcllaltki k\u00f5rgeks. Viljad on pirnikujulised, kollase koorega ja magusa, oran\u017ei viljalihaga, millel on meeldiv p\u00e4hklimaitse, kaaluga 280grammi. Sobivad aurutamiseks, praadimiseks, suppide valmistamiseks, k\u00fcpsetamiseks ja konserveerimiseks. Kasvab k\u00f5ige paremini tuule eest kaitstud alal, liivsavi v\u00f5i kerges savipinnas.\" \/>\n<meta property=\"og:url\" content=\"https:\/\/horticom.ee\/e-pood\/toode\/paprika-quadrato-dsti-giallo-capsicum-annuum-l\/\" \/>\n<meta property=\"og:site_name\" content=\"Horticom.ee\" \/>\n<meta property=\"article:publisher\" content=\"https:\/\/www.facebook.com\/horticom.ee\/e-pood\" \/>\n<meta property=\"article:modified_time\" content=\"2026-04-28T00:10:58+00:00\" \/>\n<meta property=\"og:image\" content=\"https:\/\/horticom.ee\/e-pood\/wp-content\/uploads\/2024\/12\/4770168131873.jpg\" \/>\n\t<meta property=\"og:image:width\" content=\"900\" \/>\n\t<meta property=\"og:image:height\" content=\"962\" \/>\n\t<meta property=\"og:image:type\" content=\"image\/jpeg\" \/>\n<meta name=\"twitter:card\" content=\"summary_large_image\" \/>\n<meta name=\"twitter:label1\" content=\"Est. reading time\" \/>\n\t<meta name=\"twitter:data1\" content=\"1 minut\" \/>\n<script type=\"application\/ld+json\" class=\"yoast-schema-graph\">{\"@context\":\"https:\/\/schema.org\",\"@graph\":[{\"@type\":\"WebPage\",\"@id\":\"https:\/\/horticom.ee\/e-pood\/toode\/paprika-quadrato-dsti-giallo-capsicum-annuum-l\/\",\"url\":\"https:\/\/horticom.ee\/e-pood\/toode\/paprika-quadrato-dsti-giallo-capsicum-annuum-l\/\",\"name\":\"Paprika Quadrato d'?sti giallo - Capsicum annuum L. - Horticom\",\"isPartOf\":{\"@id\":\"https:\/\/horticom.ee\/e-pood\/#website\"},\"primaryImageOfPage\":{\"@id\":\"https:\/\/horticom.ee\/e-pood\/toode\/paprika-quadrato-dsti-giallo-capsicum-annuum-l\/#primaryimage\"},\"image\":{\"@id\":\"https:\/\/horticom.ee\/e-pood\/toode\/paprika-quadrato-dsti-giallo-capsicum-annuum-l\/#primaryimage\"},\"thumbnailUrl\":\"https:\/\/horticom.ee\/e-pood\/wp-content\/uploads\/2024\/12\/4770168131873.jpg\",\"datePublished\":\"2024-12-17T10:01:09+00:00\",\"dateModified\":\"2026-04-28T00:10:58+00:00\",\"breadcrumb\":{\"@id\":\"https:\/\/horticom.ee\/e-pood\/toode\/paprika-quadrato-dsti-giallo-capsicum-annuum-l\/#breadcrumb\"},\"inLanguage\":\"et\",\"potentialAction\":[{\"@type\":\"ReadAction\",\"target\":[\"https:\/\/horticom.ee\/e-pood\/toode\/paprika-quadrato-dsti-giallo-capsicum-annuum-l\/\"]}]},{\"@type\":\"ImageObject\",\"inLanguage\":\"et\",\"@id\":\"https:\/\/horticom.ee\/e-pood\/toode\/paprika-quadrato-dsti-giallo-capsicum-annuum-l\/#primaryimage\",\"url\":\"https:\/\/horticom.ee\/e-pood\/wp-content\/uploads\/2024\/12\/4770168131873.jpg\",\"contentUrl\":\"https:\/\/horticom.ee\/e-pood\/wp-content\/uploads\/2024\/12\/4770168131873.jpg\",\"width\":900,\"height\":962},{\"@type\":\"BreadcrumbList\",\"@id\":\"https:\/\/horticom.ee\/e-pood\/toode\/paprika-quadrato-dsti-giallo-capsicum-annuum-l\/#breadcrumb\",\"itemListElement\":[{\"@type\":\"ListItem\",\"position\":1,\"name\":\"Home\",\"item\":\"https:\/\/horticom.ee\/e-pood\/\"},{\"@type\":\"ListItem\",\"position\":2,\"name\":\"Pood\",\"item\":\"https:\/\/horticom.ee\/e-pood\/pood\/\"},{\"@type\":\"ListItem\",\"position\":3,\"name\":\"Paprika Quadrato d&#8217;?sti giallo &#8211; Capsicum annuum L.\"}]},{\"@type\":\"WebSite\",\"@id\":\"https:\/\/horticom.ee\/e-pood\/#website\",\"url\":\"https:\/\/horticom.ee\/e-pood\/\",\"name\":\"Horticom.ee\",\"description\":\"Aianduskaubad ja kodukaubad nii harrastajatele kui professionaalidele\",\"potentialAction\":[{\"@type\":\"SearchAction\",\"target\":{\"@type\":\"EntryPoint\",\"urlTemplate\":\"https:\/\/horticom.ee\/e-pood\/?s={search_term_string}\"},\"query-input\":{\"@type\":\"PropertyValueSpecification\",\"valueRequired\":true,\"valueName\":\"search_term_string\"}}],\"inLanguage\":\"et\"}]}<\/script>\n<!-- \/ Yoast SEO plugin. -->","yoast_head_json":{"title":"Paprika Quadrato d'?sti giallo - Capsicum annuum L. - Horticom","robots":{"index":"index","follow":"follow","max-snippet":"max-snippet:-1","max-image-preview":"max-image-preview:large","max-video-preview":"max-video-preview:-1"},"canonical":"https:\/\/horticom.ee\/e-pood\/toode\/paprika-quadrato-dsti-giallo-capsicum-annuum-l\/","og_locale":"et_EE","og_type":"article","og_title":"Paprika Quadrato d'?sti giallo - Capsicum annuum L. - Horticom","og_description":"Keskmiselt varajane sort. Taimed on lopsakad, kasvavad k\u00fcllaltki k\u00f5rgeks. Viljad on pirnikujulised, kollase koorega ja magusa, oran\u017ei viljalihaga, millel on meeldiv p\u00e4hklimaitse, kaaluga 280grammi. Sobivad aurutamiseks, praadimiseks, suppide valmistamiseks, k\u00fcpsetamiseks ja konserveerimiseks. Kasvab k\u00f5ige paremini tuule eest kaitstud alal, liivsavi v\u00f5i kerges savipinnas.","og_url":"https:\/\/horticom.ee\/e-pood\/toode\/paprika-quadrato-dsti-giallo-capsicum-annuum-l\/","og_site_name":"Horticom.ee","article_publisher":"https:\/\/www.facebook.com\/horticom.ee\/e-pood","article_modified_time":"2026-04-28T00:10:58+00:00","og_image":[{"width":900,"height":962,"url":"https:\/\/horticom.ee\/e-pood\/wp-content\/uploads\/2024\/12\/4770168131873.jpg","type":"image\/jpeg"}],"twitter_card":"summary_large_image","twitter_misc":{"Est. reading time":"1 minut"},"schema":{"@context":"https:\/\/schema.org","@graph":[{"@type":"WebPage","@id":"https:\/\/horticom.ee\/e-pood\/toode\/paprika-quadrato-dsti-giallo-capsicum-annuum-l\/","url":"https:\/\/horticom.ee\/e-pood\/toode\/paprika-quadrato-dsti-giallo-capsicum-annuum-l\/","name":"Paprika Quadrato d'?sti giallo - Capsicum annuum L. - Horticom","isPartOf":{"@id":"https:\/\/horticom.ee\/e-pood\/#website"},"primaryImageOfPage":{"@id":"https:\/\/horticom.ee\/e-pood\/toode\/paprika-quadrato-dsti-giallo-capsicum-annuum-l\/#primaryimage"},"image":{"@id":"https:\/\/horticom.ee\/e-pood\/toode\/paprika-quadrato-dsti-giallo-capsicum-annuum-l\/#primaryimage"},"thumbnailUrl":"https:\/\/horticom.ee\/e-pood\/wp-content\/uploads\/2024\/12\/4770168131873.jpg","datePublished":"2024-12-17T10:01:09+00:00","dateModified":"2026-04-28T00:10:58+00:00","breadcrumb":{"@id":"https:\/\/horticom.ee\/e-pood\/toode\/paprika-quadrato-dsti-giallo-capsicum-annuum-l\/#breadcrumb"},"inLanguage":"et","potentialAction":[{"@type":"ReadAction","target":["https:\/\/horticom.ee\/e-pood\/toode\/paprika-quadrato-dsti-giallo-capsicum-annuum-l\/"]}]},{"@type":"ImageObject","inLanguage":"et","@id":"https:\/\/horticom.ee\/e-pood\/toode\/paprika-quadrato-dsti-giallo-capsicum-annuum-l\/#primaryimage","url":"https:\/\/horticom.ee\/e-pood\/wp-content\/uploads\/2024\/12\/4770168131873.jpg","contentUrl":"https:\/\/horticom.ee\/e-pood\/wp-content\/uploads\/2024\/12\/4770168131873.jpg","width":900,"height":962},{"@type":"BreadcrumbList","@id":"https:\/\/horticom.ee\/e-pood\/toode\/paprika-quadrato-dsti-giallo-capsicum-annuum-l\/#breadcrumb","itemListElement":[{"@type":"ListItem","position":1,"name":"Home","item":"https:\/\/horticom.ee\/e-pood\/"},{"@type":"ListItem","position":2,"name":"Pood","item":"https:\/\/horticom.ee\/e-pood\/pood\/"},{"@type":"ListItem","position":3,"name":"Paprika Quadrato d&#8217;?sti giallo &#8211; Capsicum annuum L."}]},{"@type":"WebSite","@id":"https:\/\/horticom.ee\/e-pood\/#website","url":"https:\/\/horticom.ee\/e-pood\/","name":"Horticom.ee","description":"Aianduskaubad ja kodukaubad nii harrastajatele kui professionaalidele","potentialAction":[{"@type":"SearchAction","target":{"@type":"EntryPoint","urlTemplate":"https:\/\/horticom.ee\/e-pood\/?s={search_term_string}"},"query-input":{"@type":"PropertyValueSpecification","valueRequired":true,"valueName":"search_term_string"}}],"inLanguage":"et"}]}},"_links":{"self":[{"href":"https:\/\/horticom.ee\/e-pood\/wp-json\/wp\/v2\/product\/2324091","targetHints":{"allow":["GET"]}}],"collection":[{"href":"https:\/\/horticom.ee\/e-pood\/wp-json\/wp\/v2\/product"}],"about":[{"href":"https:\/\/horticom.ee\/e-pood\/wp-json\/wp\/v2\/types\/product"}],"replies":[{"embeddable":true,"href":"https:\/\/horticom.ee\/e-pood\/wp-json\/wp\/v2\/comments?post=2324091"}],"wp:featuredmedia":[{"embeddable":true,"href":"https:\/\/horticom.ee\/e-pood\/wp-json\/wp\/v2\/media\/2400587"}],"wp:attachment":[{"href":"https:\/\/horticom.ee\/e-pood\/wp-json\/wp\/v2\/media?parent=2324091"}],"wp:term":[{"taxonomy":"product_cat","embeddable":true,"href":"https:\/\/horticom.ee\/e-pood\/wp-json\/wp\/v2\/product_cat?post=2324091"},{"taxonomy":"product_tag","embeddable":true,"href":"https:\/\/horticom.ee\/e-pood\/wp-json\/wp\/v2\/product_tag?post=2324091"}],"curies":[{"name":"wp","href":"https:\/\/api.w.org\/{rel}","templated":true}]}}