{"id":2324094,"date":"2024-12-17T12:01:10","date_gmt":"2024-12-17T10:01:10","guid":{"rendered":"https:\/\/horticom.ee\/e-pood\/toode\/redis-vienna-h-raphanus-sativus-l\/"},"modified":"2026-04-24T03:13:44","modified_gmt":"2026-04-24T00:13:44","slug":"redis-vienna-h-raphanus-sativus-l","status":"publish","type":"product","link":"https:\/\/horticom.ee\/e-pood\/toode\/redis-vienna-h-raphanus-sativus-l\/","title":{"rendered":"Redis Vienna H &#8211; Raphanus sativus L."},"content":{"rendered":"<p>Varajane suureviljaline h\u00fcbriid, juurvilja l\u00e4bim\u00f5\u00f5t kuni 5 cm, vastupidav haigustele. Juurikad on \u00fcmmargused, punast v\u00e4rvi, mahlased, maheda maitsega. Kasvatatakse kevadiseks, suviseks, s\u00fcgiseseks saagiks katte all ja avamaal. Paremini kasvab kerges ja keskmise raskusega, kobedas, huumusrikkas, umbrohuvabas ja mittehappelises mullas. Taim on vastupidav ennak\u00f5idumisele.<\/p>\n","protected":false},"excerpt":{"rendered":"<p>Varajane suureviljaline h\u00fcbriid, juurvilja l\u00e4bim\u00f5\u00f5t kuni 5 cm, vastupidav haigustele. Juurikad on \u00fcmmargused, punast v\u00e4rvi, mahlased, maheda maitsega. Kasvatatakse kevadiseks, suviseks, s\u00fcgiseseks saagiks katte all ja avamaal. Paremini kasvab kerges ja keskmise raskusega, kobedas, huumusrikkas, umbrohuvabas ja mittehappelises mullas. Taim on vastupidav ennak\u00f5idumisele.<\/p>\n","protected":false},"featured_media":2400231,"comment_status":"closed","ping_status":"closed","template":"","meta":{"_themeisle_gutenberg_block_has_review":false},"product_cat":[13485],"product_tag":[],"class_list":{"0":"post-2324094","1":"product","2":"type-product","3":"status-publish","4":"has-post-thumbnail","6":"product_cat-redis-roigas","8":"first","9":"instock","10":"shipping-taxable","11":"purchasable","12":"product-type-simple"},"yoast_head":"<!-- This site is optimized with the Yoast SEO plugin v24.0 - https:\/\/yoast.com\/wordpress\/plugins\/seo\/ -->\n<title>Redis Vienna H - Raphanus sativus L. - Horticom<\/title>\n<meta name=\"robots\" content=\"index, follow, max-snippet:-1, max-image-preview:large, max-video-preview:-1\" \/>\n<link rel=\"canonical\" href=\"https:\/\/horticom.ee\/e-pood\/toode\/redis-vienna-h-raphanus-sativus-l\/\" \/>\n<meta property=\"og:locale\" content=\"et_EE\" \/>\n<meta property=\"og:type\" content=\"article\" \/>\n<meta property=\"og:title\" content=\"Redis Vienna H - Raphanus sativus L. - Horticom\" \/>\n<meta property=\"og:description\" content=\"Varajane suureviljaline h\u00fcbriid, juurvilja l\u00e4bim\u00f5\u00f5t kuni 5 cm, vastupidav haigustele. Juurikad on \u00fcmmargused, punast v\u00e4rvi, mahlased, maheda maitsega. Kasvatatakse kevadiseks, suviseks, s\u00fcgiseseks saagiks katte all ja avamaal. Paremini kasvab kerges ja keskmise raskusega, kobedas, huumusrikkas, umbrohuvabas ja mittehappelises mullas. Taim on vastupidav ennak\u00f5idumisele.\" \/>\n<meta property=\"og:url\" content=\"https:\/\/horticom.ee\/e-pood\/toode\/redis-vienna-h-raphanus-sativus-l\/\" \/>\n<meta property=\"og:site_name\" content=\"Horticom.ee\" \/>\n<meta property=\"article:publisher\" content=\"https:\/\/www.facebook.com\/horticom.ee\/e-pood\" \/>\n<meta property=\"article:modified_time\" content=\"2026-04-24T00:13:44+00:00\" \/>\n<meta property=\"og:image\" content=\"https:\/\/horticom.ee\/e-pood\/wp-content\/uploads\/2024\/12\/4770168136816.jpg\" \/>\n\t<meta property=\"og:image:width\" content=\"900\" \/>\n\t<meta property=\"og:image:height\" content=\"962\" \/>\n\t<meta property=\"og:image:type\" content=\"image\/jpeg\" \/>\n<meta name=\"twitter:card\" content=\"summary_large_image\" \/>\n<meta name=\"twitter:label1\" content=\"Est. reading time\" \/>\n\t<meta name=\"twitter:data1\" content=\"1 minut\" \/>\n<script type=\"application\/ld+json\" class=\"yoast-schema-graph\">{\"@context\":\"https:\/\/schema.org\",\"@graph\":[{\"@type\":\"WebPage\",\"@id\":\"https:\/\/horticom.ee\/e-pood\/toode\/redis-vienna-h-raphanus-sativus-l\/\",\"url\":\"https:\/\/horticom.ee\/e-pood\/toode\/redis-vienna-h-raphanus-sativus-l\/\",\"name\":\"Redis Vienna H - Raphanus sativus L. - Horticom\",\"isPartOf\":{\"@id\":\"https:\/\/horticom.ee\/e-pood\/#website\"},\"primaryImageOfPage\":{\"@id\":\"https:\/\/horticom.ee\/e-pood\/toode\/redis-vienna-h-raphanus-sativus-l\/#primaryimage\"},\"image\":{\"@id\":\"https:\/\/horticom.ee\/e-pood\/toode\/redis-vienna-h-raphanus-sativus-l\/#primaryimage\"},\"thumbnailUrl\":\"https:\/\/horticom.ee\/e-pood\/wp-content\/uploads\/2024\/12\/4770168136816.jpg\",\"datePublished\":\"2024-12-17T10:01:10+00:00\",\"dateModified\":\"2026-04-24T00:13:44+00:00\",\"breadcrumb\":{\"@id\":\"https:\/\/horticom.ee\/e-pood\/toode\/redis-vienna-h-raphanus-sativus-l\/#breadcrumb\"},\"inLanguage\":\"et\",\"potentialAction\":[{\"@type\":\"ReadAction\",\"target\":[\"https:\/\/horticom.ee\/e-pood\/toode\/redis-vienna-h-raphanus-sativus-l\/\"]}]},{\"@type\":\"ImageObject\",\"inLanguage\":\"et\",\"@id\":\"https:\/\/horticom.ee\/e-pood\/toode\/redis-vienna-h-raphanus-sativus-l\/#primaryimage\",\"url\":\"https:\/\/horticom.ee\/e-pood\/wp-content\/uploads\/2024\/12\/4770168136816.jpg\",\"contentUrl\":\"https:\/\/horticom.ee\/e-pood\/wp-content\/uploads\/2024\/12\/4770168136816.jpg\",\"width\":900,\"height\":962},{\"@type\":\"BreadcrumbList\",\"@id\":\"https:\/\/horticom.ee\/e-pood\/toode\/redis-vienna-h-raphanus-sativus-l\/#breadcrumb\",\"itemListElement\":[{\"@type\":\"ListItem\",\"position\":1,\"name\":\"Home\",\"item\":\"https:\/\/horticom.ee\/e-pood\/\"},{\"@type\":\"ListItem\",\"position\":2,\"name\":\"Pood\",\"item\":\"https:\/\/horticom.ee\/e-pood\/pood\/\"},{\"@type\":\"ListItem\",\"position\":3,\"name\":\"Redis Vienna H &#8211; Raphanus sativus L.\"}]},{\"@type\":\"WebSite\",\"@id\":\"https:\/\/horticom.ee\/e-pood\/#website\",\"url\":\"https:\/\/horticom.ee\/e-pood\/\",\"name\":\"Horticom.ee\",\"description\":\"Aianduskaubad ja kodukaubad nii harrastajatele kui professionaalidele\",\"potentialAction\":[{\"@type\":\"SearchAction\",\"target\":{\"@type\":\"EntryPoint\",\"urlTemplate\":\"https:\/\/horticom.ee\/e-pood\/?s={search_term_string}\"},\"query-input\":{\"@type\":\"PropertyValueSpecification\",\"valueRequired\":true,\"valueName\":\"search_term_string\"}}],\"inLanguage\":\"et\"}]}<\/script>\n<!-- \/ Yoast SEO plugin. -->","yoast_head_json":{"title":"Redis Vienna H - Raphanus sativus L. - Horticom","robots":{"index":"index","follow":"follow","max-snippet":"max-snippet:-1","max-image-preview":"max-image-preview:large","max-video-preview":"max-video-preview:-1"},"canonical":"https:\/\/horticom.ee\/e-pood\/toode\/redis-vienna-h-raphanus-sativus-l\/","og_locale":"et_EE","og_type":"article","og_title":"Redis Vienna H - Raphanus sativus L. - Horticom","og_description":"Varajane suureviljaline h\u00fcbriid, juurvilja l\u00e4bim\u00f5\u00f5t kuni 5 cm, vastupidav haigustele. Juurikad on \u00fcmmargused, punast v\u00e4rvi, mahlased, maheda maitsega. Kasvatatakse kevadiseks, suviseks, s\u00fcgiseseks saagiks katte all ja avamaal. Paremini kasvab kerges ja keskmise raskusega, kobedas, huumusrikkas, umbrohuvabas ja mittehappelises mullas. Taim on vastupidav ennak\u00f5idumisele.","og_url":"https:\/\/horticom.ee\/e-pood\/toode\/redis-vienna-h-raphanus-sativus-l\/","og_site_name":"Horticom.ee","article_publisher":"https:\/\/www.facebook.com\/horticom.ee\/e-pood","article_modified_time":"2026-04-24T00:13:44+00:00","og_image":[{"width":900,"height":962,"url":"https:\/\/horticom.ee\/e-pood\/wp-content\/uploads\/2024\/12\/4770168136816.jpg","type":"image\/jpeg"}],"twitter_card":"summary_large_image","twitter_misc":{"Est. reading time":"1 minut"},"schema":{"@context":"https:\/\/schema.org","@graph":[{"@type":"WebPage","@id":"https:\/\/horticom.ee\/e-pood\/toode\/redis-vienna-h-raphanus-sativus-l\/","url":"https:\/\/horticom.ee\/e-pood\/toode\/redis-vienna-h-raphanus-sativus-l\/","name":"Redis Vienna H - Raphanus sativus L. - Horticom","isPartOf":{"@id":"https:\/\/horticom.ee\/e-pood\/#website"},"primaryImageOfPage":{"@id":"https:\/\/horticom.ee\/e-pood\/toode\/redis-vienna-h-raphanus-sativus-l\/#primaryimage"},"image":{"@id":"https:\/\/horticom.ee\/e-pood\/toode\/redis-vienna-h-raphanus-sativus-l\/#primaryimage"},"thumbnailUrl":"https:\/\/horticom.ee\/e-pood\/wp-content\/uploads\/2024\/12\/4770168136816.jpg","datePublished":"2024-12-17T10:01:10+00:00","dateModified":"2026-04-24T00:13:44+00:00","breadcrumb":{"@id":"https:\/\/horticom.ee\/e-pood\/toode\/redis-vienna-h-raphanus-sativus-l\/#breadcrumb"},"inLanguage":"et","potentialAction":[{"@type":"ReadAction","target":["https:\/\/horticom.ee\/e-pood\/toode\/redis-vienna-h-raphanus-sativus-l\/"]}]},{"@type":"ImageObject","inLanguage":"et","@id":"https:\/\/horticom.ee\/e-pood\/toode\/redis-vienna-h-raphanus-sativus-l\/#primaryimage","url":"https:\/\/horticom.ee\/e-pood\/wp-content\/uploads\/2024\/12\/4770168136816.jpg","contentUrl":"https:\/\/horticom.ee\/e-pood\/wp-content\/uploads\/2024\/12\/4770168136816.jpg","width":900,"height":962},{"@type":"BreadcrumbList","@id":"https:\/\/horticom.ee\/e-pood\/toode\/redis-vienna-h-raphanus-sativus-l\/#breadcrumb","itemListElement":[{"@type":"ListItem","position":1,"name":"Home","item":"https:\/\/horticom.ee\/e-pood\/"},{"@type":"ListItem","position":2,"name":"Pood","item":"https:\/\/horticom.ee\/e-pood\/pood\/"},{"@type":"ListItem","position":3,"name":"Redis Vienna H &#8211; Raphanus sativus L."}]},{"@type":"WebSite","@id":"https:\/\/horticom.ee\/e-pood\/#website","url":"https:\/\/horticom.ee\/e-pood\/","name":"Horticom.ee","description":"Aianduskaubad ja kodukaubad nii harrastajatele kui professionaalidele","potentialAction":[{"@type":"SearchAction","target":{"@type":"EntryPoint","urlTemplate":"https:\/\/horticom.ee\/e-pood\/?s={search_term_string}"},"query-input":{"@type":"PropertyValueSpecification","valueRequired":true,"valueName":"search_term_string"}}],"inLanguage":"et"}]}},"_links":{"self":[{"href":"https:\/\/horticom.ee\/e-pood\/wp-json\/wp\/v2\/product\/2324094","targetHints":{"allow":["GET"]}}],"collection":[{"href":"https:\/\/horticom.ee\/e-pood\/wp-json\/wp\/v2\/product"}],"about":[{"href":"https:\/\/horticom.ee\/e-pood\/wp-json\/wp\/v2\/types\/product"}],"replies":[{"embeddable":true,"href":"https:\/\/horticom.ee\/e-pood\/wp-json\/wp\/v2\/comments?post=2324094"}],"wp:featuredmedia":[{"embeddable":true,"href":"https:\/\/horticom.ee\/e-pood\/wp-json\/wp\/v2\/media\/2400231"}],"wp:attachment":[{"href":"https:\/\/horticom.ee\/e-pood\/wp-json\/wp\/v2\/media?parent=2324094"}],"wp:term":[{"taxonomy":"product_cat","embeddable":true,"href":"https:\/\/horticom.ee\/e-pood\/wp-json\/wp\/v2\/product_cat?post=2324094"},{"taxonomy":"product_tag","embeddable":true,"href":"https:\/\/horticom.ee\/e-pood\/wp-json\/wp\/v2\/product_tag?post=2324094"}],"curies":[{"name":"wp","href":"https:\/\/api.w.org\/{rel}","templated":true}]}}