{"id":2324095,"date":"2024-12-17T12:01:10","date_gmt":"2024-12-17T10:01:10","guid":{"rendered":"https:\/\/horticom.ee\/e-pood\/toode\/spargelkapsas-brokkoli-lucky-h-brassica-oleracea-l\/"},"modified":"2026-05-03T03:12:15","modified_gmt":"2026-05-03T00:12:15","slug":"spargelkapsas-brokkoli-lucky-h-brassica-oleracea-l","status":"publish","type":"product","link":"https:\/\/horticom.ee\/e-pood\/toode\/spargelkapsas-brokkoli-lucky-h-brassica-oleracea-l\/","title":{"rendered":"Spargelkapsas brokkoli Lucky H &#8211; Brassica oleracea L."},"content":{"rendered":"<p>Varajane, saagikas h\u00fcbriid. T\u00f5usmetest saagini kuni 70 p\u00e4eva. \u00d5isikud on \u00fchtlase suurusega, vastupidavad \u00f5itsemise suhtes. Sobib suviseks ja s\u00fcgiseseks saagiks. Brokkoli l\u00fchikesel, rohkete lehtedega \u00f5isikukandjal, moodustub palju rohkem v\u00e4ikeseid kapsakesi kui lillkapsal. Neid l\u00fchikesi v\u00f5rseid koos mahlakate lehtede ja puhkemata \u00f5itega tarvitataksegi s\u00f6\u00f6giks. Brokkolis sisalduv tselluliit aitab organismi puhastuda radionukliididest. Tavaliselt varastel sortidel moodustub v\u00e4ike, pehme keskpea ja samaaegselt k\u00fclgpeakesed lehe kaenlas aga hilistel sortidel moodustub algul suur ja tihe keskpea ja k\u00fclgmised alles siis kui keskpea \u00e4ra l\u00f5igata. Vastupidav seenhaigustele.<\/p>\n","protected":false},"excerpt":{"rendered":"<p>Varajane, saagikas h\u00fcbriid. T\u00f5usmetest saagini kuni 70 p\u00e4eva. \u00d5isikud on \u00fchtlase suurusega, vastupidavad \u00f5itsemise suhtes. Sobib suviseks ja s\u00fcgiseseks saagiks. Brokkoli l\u00fchikesel, rohkete lehtedega \u00f5isikukandjal, moodustub palju rohkem v\u00e4ikeseid kapsakesi kui lillkapsal. Neid l\u00fchikesi v\u00f5rseid koos mahlakate lehtede ja puhkemata \u00f5itega tarvitataksegi s\u00f6\u00f6giks. Brokkolis sisalduv tselluliit aitab organismi puhastuda radionukliididest. Tavaliselt varastel sortidel moodustub v\u00e4ike, [&hellip;]<\/p>\n","protected":false},"featured_media":2400555,"comment_status":"closed","ping_status":"closed","template":"","meta":{"_themeisle_gutenberg_block_has_review":false},"product_cat":[13494],"product_tag":[],"class_list":{"0":"post-2324095","1":"product","2":"type-product","3":"status-publish","4":"has-post-thumbnail","6":"product_cat-kapsas","8":"first","9":"instock","10":"shipping-taxable","11":"purchasable","12":"product-type-simple"},"yoast_head":"<!-- This site is optimized with the Yoast SEO plugin v24.0 - https:\/\/yoast.com\/wordpress\/plugins\/seo\/ -->\n<title>Spargelkapsas brokkoli Lucky H - Brassica oleracea L. - Horticom<\/title>\n<meta name=\"robots\" content=\"index, follow, max-snippet:-1, max-image-preview:large, max-video-preview:-1\" \/>\n<link rel=\"canonical\" href=\"https:\/\/horticom.ee\/e-pood\/toode\/spargelkapsas-brokkoli-lucky-h-brassica-oleracea-l\/\" \/>\n<meta property=\"og:locale\" content=\"et_EE\" \/>\n<meta property=\"og:type\" content=\"article\" \/>\n<meta property=\"og:title\" content=\"Spargelkapsas brokkoli Lucky H - Brassica oleracea L. - Horticom\" \/>\n<meta property=\"og:description\" content=\"Varajane, saagikas h\u00fcbriid. T\u00f5usmetest saagini kuni 70 p\u00e4eva. \u00d5isikud on \u00fchtlase suurusega, vastupidavad \u00f5itsemise suhtes. Sobib suviseks ja s\u00fcgiseseks saagiks. Brokkoli l\u00fchikesel, rohkete lehtedega \u00f5isikukandjal, moodustub palju rohkem v\u00e4ikeseid kapsakesi kui lillkapsal. Neid l\u00fchikesi v\u00f5rseid koos mahlakate lehtede ja puhkemata \u00f5itega tarvitataksegi s\u00f6\u00f6giks. Brokkolis sisalduv tselluliit aitab organismi puhastuda radionukliididest. Tavaliselt varastel sortidel moodustub v\u00e4ike, [&hellip;]\" \/>\n<meta property=\"og:url\" content=\"https:\/\/horticom.ee\/e-pood\/toode\/spargelkapsas-brokkoli-lucky-h-brassica-oleracea-l\/\" \/>\n<meta property=\"og:site_name\" content=\"Horticom.ee\" \/>\n<meta property=\"article:publisher\" content=\"https:\/\/www.facebook.com\/horticom.ee\/e-pood\" \/>\n<meta property=\"article:modified_time\" content=\"2026-05-03T00:12:15+00:00\" \/>\n<meta property=\"og:image\" content=\"https:\/\/horticom.ee\/e-pood\/wp-content\/uploads\/2024\/12\/4770168105089.jpg\" \/>\n\t<meta property=\"og:image:width\" content=\"398\" \/>\n\t<meta property=\"og:image:height\" content=\"425\" \/>\n\t<meta property=\"og:image:type\" content=\"image\/jpeg\" \/>\n<meta name=\"twitter:card\" content=\"summary_large_image\" \/>\n<meta name=\"twitter:label1\" content=\"Est. reading time\" \/>\n\t<meta name=\"twitter:data1\" content=\"1 minut\" \/>\n<script type=\"application\/ld+json\" class=\"yoast-schema-graph\">{\"@context\":\"https:\/\/schema.org\",\"@graph\":[{\"@type\":\"WebPage\",\"@id\":\"https:\/\/horticom.ee\/e-pood\/toode\/spargelkapsas-brokkoli-lucky-h-brassica-oleracea-l\/\",\"url\":\"https:\/\/horticom.ee\/e-pood\/toode\/spargelkapsas-brokkoli-lucky-h-brassica-oleracea-l\/\",\"name\":\"Spargelkapsas brokkoli Lucky H - Brassica oleracea L. - Horticom\",\"isPartOf\":{\"@id\":\"https:\/\/horticom.ee\/e-pood\/#website\"},\"primaryImageOfPage\":{\"@id\":\"https:\/\/horticom.ee\/e-pood\/toode\/spargelkapsas-brokkoli-lucky-h-brassica-oleracea-l\/#primaryimage\"},\"image\":{\"@id\":\"https:\/\/horticom.ee\/e-pood\/toode\/spargelkapsas-brokkoli-lucky-h-brassica-oleracea-l\/#primaryimage\"},\"thumbnailUrl\":\"https:\/\/horticom.ee\/e-pood\/wp-content\/uploads\/2024\/12\/4770168105089.jpg\",\"datePublished\":\"2024-12-17T10:01:10+00:00\",\"dateModified\":\"2026-05-03T00:12:15+00:00\",\"breadcrumb\":{\"@id\":\"https:\/\/horticom.ee\/e-pood\/toode\/spargelkapsas-brokkoli-lucky-h-brassica-oleracea-l\/#breadcrumb\"},\"inLanguage\":\"et\",\"potentialAction\":[{\"@type\":\"ReadAction\",\"target\":[\"https:\/\/horticom.ee\/e-pood\/toode\/spargelkapsas-brokkoli-lucky-h-brassica-oleracea-l\/\"]}]},{\"@type\":\"ImageObject\",\"inLanguage\":\"et\",\"@id\":\"https:\/\/horticom.ee\/e-pood\/toode\/spargelkapsas-brokkoli-lucky-h-brassica-oleracea-l\/#primaryimage\",\"url\":\"https:\/\/horticom.ee\/e-pood\/wp-content\/uploads\/2024\/12\/4770168105089.jpg\",\"contentUrl\":\"https:\/\/horticom.ee\/e-pood\/wp-content\/uploads\/2024\/12\/4770168105089.jpg\",\"width\":398,\"height\":425},{\"@type\":\"BreadcrumbList\",\"@id\":\"https:\/\/horticom.ee\/e-pood\/toode\/spargelkapsas-brokkoli-lucky-h-brassica-oleracea-l\/#breadcrumb\",\"itemListElement\":[{\"@type\":\"ListItem\",\"position\":1,\"name\":\"Home\",\"item\":\"https:\/\/horticom.ee\/e-pood\/\"},{\"@type\":\"ListItem\",\"position\":2,\"name\":\"Pood\",\"item\":\"https:\/\/horticom.ee\/e-pood\/pood\/\"},{\"@type\":\"ListItem\",\"position\":3,\"name\":\"Spargelkapsas brokkoli Lucky H &#8211; Brassica oleracea L.\"}]},{\"@type\":\"WebSite\",\"@id\":\"https:\/\/horticom.ee\/e-pood\/#website\",\"url\":\"https:\/\/horticom.ee\/e-pood\/\",\"name\":\"Horticom.ee\",\"description\":\"Aianduskaubad ja kodukaubad nii harrastajatele kui professionaalidele\",\"potentialAction\":[{\"@type\":\"SearchAction\",\"target\":{\"@type\":\"EntryPoint\",\"urlTemplate\":\"https:\/\/horticom.ee\/e-pood\/?s={search_term_string}\"},\"query-input\":{\"@type\":\"PropertyValueSpecification\",\"valueRequired\":true,\"valueName\":\"search_term_string\"}}],\"inLanguage\":\"et\"}]}<\/script>\n<!-- \/ Yoast SEO plugin. -->","yoast_head_json":{"title":"Spargelkapsas brokkoli Lucky H - Brassica oleracea L. - Horticom","robots":{"index":"index","follow":"follow","max-snippet":"max-snippet:-1","max-image-preview":"max-image-preview:large","max-video-preview":"max-video-preview:-1"},"canonical":"https:\/\/horticom.ee\/e-pood\/toode\/spargelkapsas-brokkoli-lucky-h-brassica-oleracea-l\/","og_locale":"et_EE","og_type":"article","og_title":"Spargelkapsas brokkoli Lucky H - Brassica oleracea L. - Horticom","og_description":"Varajane, saagikas h\u00fcbriid. T\u00f5usmetest saagini kuni 70 p\u00e4eva. \u00d5isikud on \u00fchtlase suurusega, vastupidavad \u00f5itsemise suhtes. Sobib suviseks ja s\u00fcgiseseks saagiks. Brokkoli l\u00fchikesel, rohkete lehtedega \u00f5isikukandjal, moodustub palju rohkem v\u00e4ikeseid kapsakesi kui lillkapsal. Neid l\u00fchikesi v\u00f5rseid koos mahlakate lehtede ja puhkemata \u00f5itega tarvitataksegi s\u00f6\u00f6giks. Brokkolis sisalduv tselluliit aitab organismi puhastuda radionukliididest. Tavaliselt varastel sortidel moodustub v\u00e4ike, [&hellip;]","og_url":"https:\/\/horticom.ee\/e-pood\/toode\/spargelkapsas-brokkoli-lucky-h-brassica-oleracea-l\/","og_site_name":"Horticom.ee","article_publisher":"https:\/\/www.facebook.com\/horticom.ee\/e-pood","article_modified_time":"2026-05-03T00:12:15+00:00","og_image":[{"width":398,"height":425,"url":"https:\/\/horticom.ee\/e-pood\/wp-content\/uploads\/2024\/12\/4770168105089.jpg","type":"image\/jpeg"}],"twitter_card":"summary_large_image","twitter_misc":{"Est. reading time":"1 minut"},"schema":{"@context":"https:\/\/schema.org","@graph":[{"@type":"WebPage","@id":"https:\/\/horticom.ee\/e-pood\/toode\/spargelkapsas-brokkoli-lucky-h-brassica-oleracea-l\/","url":"https:\/\/horticom.ee\/e-pood\/toode\/spargelkapsas-brokkoli-lucky-h-brassica-oleracea-l\/","name":"Spargelkapsas brokkoli Lucky H - Brassica oleracea L. - Horticom","isPartOf":{"@id":"https:\/\/horticom.ee\/e-pood\/#website"},"primaryImageOfPage":{"@id":"https:\/\/horticom.ee\/e-pood\/toode\/spargelkapsas-brokkoli-lucky-h-brassica-oleracea-l\/#primaryimage"},"image":{"@id":"https:\/\/horticom.ee\/e-pood\/toode\/spargelkapsas-brokkoli-lucky-h-brassica-oleracea-l\/#primaryimage"},"thumbnailUrl":"https:\/\/horticom.ee\/e-pood\/wp-content\/uploads\/2024\/12\/4770168105089.jpg","datePublished":"2024-12-17T10:01:10+00:00","dateModified":"2026-05-03T00:12:15+00:00","breadcrumb":{"@id":"https:\/\/horticom.ee\/e-pood\/toode\/spargelkapsas-brokkoli-lucky-h-brassica-oleracea-l\/#breadcrumb"},"inLanguage":"et","potentialAction":[{"@type":"ReadAction","target":["https:\/\/horticom.ee\/e-pood\/toode\/spargelkapsas-brokkoli-lucky-h-brassica-oleracea-l\/"]}]},{"@type":"ImageObject","inLanguage":"et","@id":"https:\/\/horticom.ee\/e-pood\/toode\/spargelkapsas-brokkoli-lucky-h-brassica-oleracea-l\/#primaryimage","url":"https:\/\/horticom.ee\/e-pood\/wp-content\/uploads\/2024\/12\/4770168105089.jpg","contentUrl":"https:\/\/horticom.ee\/e-pood\/wp-content\/uploads\/2024\/12\/4770168105089.jpg","width":398,"height":425},{"@type":"BreadcrumbList","@id":"https:\/\/horticom.ee\/e-pood\/toode\/spargelkapsas-brokkoli-lucky-h-brassica-oleracea-l\/#breadcrumb","itemListElement":[{"@type":"ListItem","position":1,"name":"Home","item":"https:\/\/horticom.ee\/e-pood\/"},{"@type":"ListItem","position":2,"name":"Pood","item":"https:\/\/horticom.ee\/e-pood\/pood\/"},{"@type":"ListItem","position":3,"name":"Spargelkapsas brokkoli Lucky H &#8211; Brassica oleracea L."}]},{"@type":"WebSite","@id":"https:\/\/horticom.ee\/e-pood\/#website","url":"https:\/\/horticom.ee\/e-pood\/","name":"Horticom.ee","description":"Aianduskaubad ja kodukaubad nii harrastajatele kui professionaalidele","potentialAction":[{"@type":"SearchAction","target":{"@type":"EntryPoint","urlTemplate":"https:\/\/horticom.ee\/e-pood\/?s={search_term_string}"},"query-input":{"@type":"PropertyValueSpecification","valueRequired":true,"valueName":"search_term_string"}}],"inLanguage":"et"}]}},"_links":{"self":[{"href":"https:\/\/horticom.ee\/e-pood\/wp-json\/wp\/v2\/product\/2324095","targetHints":{"allow":["GET"]}}],"collection":[{"href":"https:\/\/horticom.ee\/e-pood\/wp-json\/wp\/v2\/product"}],"about":[{"href":"https:\/\/horticom.ee\/e-pood\/wp-json\/wp\/v2\/types\/product"}],"replies":[{"embeddable":true,"href":"https:\/\/horticom.ee\/e-pood\/wp-json\/wp\/v2\/comments?post=2324095"}],"wp:featuredmedia":[{"embeddable":true,"href":"https:\/\/horticom.ee\/e-pood\/wp-json\/wp\/v2\/media\/2400555"}],"wp:attachment":[{"href":"https:\/\/horticom.ee\/e-pood\/wp-json\/wp\/v2\/media?parent=2324095"}],"wp:term":[{"taxonomy":"product_cat","embeddable":true,"href":"https:\/\/horticom.ee\/e-pood\/wp-json\/wp\/v2\/product_cat?post=2324095"},{"taxonomy":"product_tag","embeddable":true,"href":"https:\/\/horticom.ee\/e-pood\/wp-json\/wp\/v2\/product_tag?post=2324095"}],"curies":[{"name":"wp","href":"https:\/\/api.w.org\/{rel}","templated":true}]}}