{"id":2324124,"date":"2024-12-17T12:01:19","date_gmt":"2024-12-17T10:01:19","guid":{"rendered":"https:\/\/horticom.ee\/e-pood\/toode\/mavrik-kahjurite-torjeks-30ml\/"},"modified":"2026-04-22T03:12:40","modified_gmt":"2026-04-22T00:12:40","slug":"mavrik-kahjurite-torjeks-30ml","status":"publish","type":"product","link":"https:\/\/horticom.ee\/e-pood\/toode\/mavrik-kahjurite-torjeks-30ml\/","title":{"rendered":"Mavrik 2F kahjurite t\u00f5rjeks 30ml"},"content":{"rendered":"<p>Toodet Mavrik v\u00e4ikepakendis kasutatakse kahjurite t\u00f5rjeks hernel, oal, kartulil, porgandil, lillkapsal, brokolil, peakapsal, rooskapsal ja ilutaimedel. Laiendatud kasutusala v\u00e4ikese kasvupinnaga kultuuridele: \u00f5una- ja pirnipuud, kaalikas, suhkru-, s\u00f6\u00f6da- ja s\u00f6\u00f6gipeet.  Mavrik h\u00e4vitab kahjurputukaid ning t\u00f5rjub ja h\u00e4vitab lestasid. Preparaat m\u00f5jub eelk\u00f5ige kontaktsel teel, s.t. et t\u00f5rjutavad kahjurid peavad kokku puutuma pritsimisvedelikuga v\u00f5i selle j\u00e4\u00e4kidega. Hea tulemuse eelduseks on taime korralik katmine pritsimisvedelikuga. Mavrik on lubatud kasutada taimede \u00f5itsemise ajal. Pritsitakse hommiku- ja \u00f5htutundidel, kui<br \/>\nmesilaste ja teiste kasulike putukate lendlus pole alanud v\u00f5i on l\u00f5ppenud (kell 22:00 \u2013<br \/>\n05:00).<\/p>\n","protected":false},"excerpt":{"rendered":"<p>Toodet Mavrik v\u00e4ikepakendis kasutatakse kahjurite t\u00f5rjeks hernel, oal, kartulil, porgandil, lillkapsal, brokolil, peakapsal, rooskapsal ja ilutaimedel. Laiendatud kasutusala v\u00e4ikese kasvupinnaga kultuuridele: \u00f5una- ja pirnipuud, kaalikas, suhkru-, s\u00f6\u00f6da- ja s\u00f6\u00f6gipeet. Mavrik h\u00e4vitab kahjurputukaid ning t\u00f5rjub ja h\u00e4vitab lestasid. Preparaat m\u00f5jub eelk\u00f5ige kontaktsel teel, s.t. et t\u00f5rjutavad kahjurid peavad kokku puutuma pritsimisvedelikuga v\u00f5i selle j\u00e4\u00e4kidega. Hea tulemuse [&hellip;]<\/p>\n","protected":false},"featured_media":2379806,"comment_status":"closed","ping_status":"closed","template":"","meta":{"_themeisle_gutenberg_block_has_review":false},"product_cat":[13585],"product_tag":[],"class_list":{"0":"post-2324124","1":"product","2":"type-product","3":"status-publish","4":"has-post-thumbnail","6":"product_cat-insektitsiidid","8":"first","9":"outofstock","10":"shipping-taxable","11":"purchasable","12":"product-type-simple"},"yoast_head":"<!-- This site is optimized with the Yoast SEO plugin v24.0 - https:\/\/yoast.com\/wordpress\/plugins\/seo\/ -->\n<title>Mavrik 2F kahjurite t\u00f5rjeks 30ml - Horticom<\/title>\n<meta name=\"robots\" content=\"index, follow, max-snippet:-1, max-image-preview:large, max-video-preview:-1\" \/>\n<link rel=\"canonical\" href=\"https:\/\/horticom.ee\/e-pood\/toode\/mavrik-kahjurite-torjeks-30ml\/\" \/>\n<meta property=\"og:locale\" content=\"et_EE\" \/>\n<meta property=\"og:type\" content=\"article\" \/>\n<meta property=\"og:title\" content=\"Mavrik 2F kahjurite t\u00f5rjeks 30ml - Horticom\" \/>\n<meta property=\"og:description\" content=\"Toodet Mavrik v\u00e4ikepakendis kasutatakse kahjurite t\u00f5rjeks hernel, oal, kartulil, porgandil, lillkapsal, brokolil, peakapsal, rooskapsal ja ilutaimedel. Laiendatud kasutusala v\u00e4ikese kasvupinnaga kultuuridele: \u00f5una- ja pirnipuud, kaalikas, suhkru-, s\u00f6\u00f6da- ja s\u00f6\u00f6gipeet. Mavrik h\u00e4vitab kahjurputukaid ning t\u00f5rjub ja h\u00e4vitab lestasid. Preparaat m\u00f5jub eelk\u00f5ige kontaktsel teel, s.t. et t\u00f5rjutavad kahjurid peavad kokku puutuma pritsimisvedelikuga v\u00f5i selle j\u00e4\u00e4kidega. Hea tulemuse [&hellip;]\" \/>\n<meta property=\"og:url\" content=\"https:\/\/horticom.ee\/e-pood\/toode\/mavrik-kahjurite-torjeks-30ml\/\" \/>\n<meta property=\"og:site_name\" content=\"Horticom.ee\" \/>\n<meta property=\"article:publisher\" content=\"https:\/\/www.facebook.com\/horticom.ee\/e-pood\" \/>\n<meta property=\"article:modified_time\" content=\"2026-04-22T00:12:40+00:00\" \/>\n<meta property=\"og:image\" content=\"https:\/\/horticom.ee\/e-pood\/wp-content\/uploads\/importedmedia\/product-2324124_0-TK91523.jpg\" \/>\n\t<meta property=\"og:image:width\" content=\"1000\" \/>\n\t<meta property=\"og:image:height\" content=\"1500\" \/>\n\t<meta property=\"og:image:type\" content=\"image\/jpeg\" \/>\n<meta name=\"twitter:card\" content=\"summary_large_image\" \/>\n<meta name=\"twitter:label1\" content=\"Est. reading time\" \/>\n\t<meta name=\"twitter:data1\" content=\"1 minut\" \/>\n<script type=\"application\/ld+json\" class=\"yoast-schema-graph\">{\"@context\":\"https:\/\/schema.org\",\"@graph\":[{\"@type\":\"WebPage\",\"@id\":\"https:\/\/horticom.ee\/e-pood\/toode\/mavrik-kahjurite-torjeks-30ml\/\",\"url\":\"https:\/\/horticom.ee\/e-pood\/toode\/mavrik-kahjurite-torjeks-30ml\/\",\"name\":\"Mavrik 2F kahjurite t\u00f5rjeks 30ml - Horticom\",\"isPartOf\":{\"@id\":\"https:\/\/horticom.ee\/e-pood\/#website\"},\"primaryImageOfPage\":{\"@id\":\"https:\/\/horticom.ee\/e-pood\/toode\/mavrik-kahjurite-torjeks-30ml\/#primaryimage\"},\"image\":{\"@id\":\"https:\/\/horticom.ee\/e-pood\/toode\/mavrik-kahjurite-torjeks-30ml\/#primaryimage\"},\"thumbnailUrl\":\"https:\/\/horticom.ee\/e-pood\/wp-content\/uploads\/importedmedia\/product-2324124_0-TK91523.jpg\",\"datePublished\":\"2024-12-17T10:01:19+00:00\",\"dateModified\":\"2026-04-22T00:12:40+00:00\",\"breadcrumb\":{\"@id\":\"https:\/\/horticom.ee\/e-pood\/toode\/mavrik-kahjurite-torjeks-30ml\/#breadcrumb\"},\"inLanguage\":\"et\",\"potentialAction\":[{\"@type\":\"ReadAction\",\"target\":[\"https:\/\/horticom.ee\/e-pood\/toode\/mavrik-kahjurite-torjeks-30ml\/\"]}]},{\"@type\":\"ImageObject\",\"inLanguage\":\"et\",\"@id\":\"https:\/\/horticom.ee\/e-pood\/toode\/mavrik-kahjurite-torjeks-30ml\/#primaryimage\",\"url\":\"https:\/\/horticom.ee\/e-pood\/wp-content\/uploads\/importedmedia\/product-2324124_0-TK91523.jpg\",\"contentUrl\":\"https:\/\/horticom.ee\/e-pood\/wp-content\/uploads\/importedmedia\/product-2324124_0-TK91523.jpg\",\"width\":1000,\"height\":1500},{\"@type\":\"BreadcrumbList\",\"@id\":\"https:\/\/horticom.ee\/e-pood\/toode\/mavrik-kahjurite-torjeks-30ml\/#breadcrumb\",\"itemListElement\":[{\"@type\":\"ListItem\",\"position\":1,\"name\":\"Home\",\"item\":\"https:\/\/horticom.ee\/e-pood\/\"},{\"@type\":\"ListItem\",\"position\":2,\"name\":\"Pood\",\"item\":\"https:\/\/horticom.ee\/e-pood\/pood\/\"},{\"@type\":\"ListItem\",\"position\":3,\"name\":\"Mavrik 2F kahjurite t\u00f5rjeks 30ml\"}]},{\"@type\":\"WebSite\",\"@id\":\"https:\/\/horticom.ee\/e-pood\/#website\",\"url\":\"https:\/\/horticom.ee\/e-pood\/\",\"name\":\"Horticom.ee\",\"description\":\"Aianduskaubad ja kodukaubad nii harrastajatele kui professionaalidele\",\"potentialAction\":[{\"@type\":\"SearchAction\",\"target\":{\"@type\":\"EntryPoint\",\"urlTemplate\":\"https:\/\/horticom.ee\/e-pood\/?s={search_term_string}\"},\"query-input\":{\"@type\":\"PropertyValueSpecification\",\"valueRequired\":true,\"valueName\":\"search_term_string\"}}],\"inLanguage\":\"et\"}]}<\/script>\n<!-- \/ Yoast SEO plugin. -->","yoast_head_json":{"title":"Mavrik 2F kahjurite t\u00f5rjeks 30ml - Horticom","robots":{"index":"index","follow":"follow","max-snippet":"max-snippet:-1","max-image-preview":"max-image-preview:large","max-video-preview":"max-video-preview:-1"},"canonical":"https:\/\/horticom.ee\/e-pood\/toode\/mavrik-kahjurite-torjeks-30ml\/","og_locale":"et_EE","og_type":"article","og_title":"Mavrik 2F kahjurite t\u00f5rjeks 30ml - Horticom","og_description":"Toodet Mavrik v\u00e4ikepakendis kasutatakse kahjurite t\u00f5rjeks hernel, oal, kartulil, porgandil, lillkapsal, brokolil, peakapsal, rooskapsal ja ilutaimedel. Laiendatud kasutusala v\u00e4ikese kasvupinnaga kultuuridele: \u00f5una- ja pirnipuud, kaalikas, suhkru-, s\u00f6\u00f6da- ja s\u00f6\u00f6gipeet. Mavrik h\u00e4vitab kahjurputukaid ning t\u00f5rjub ja h\u00e4vitab lestasid. Preparaat m\u00f5jub eelk\u00f5ige kontaktsel teel, s.t. et t\u00f5rjutavad kahjurid peavad kokku puutuma pritsimisvedelikuga v\u00f5i selle j\u00e4\u00e4kidega. Hea tulemuse [&hellip;]","og_url":"https:\/\/horticom.ee\/e-pood\/toode\/mavrik-kahjurite-torjeks-30ml\/","og_site_name":"Horticom.ee","article_publisher":"https:\/\/www.facebook.com\/horticom.ee\/e-pood","article_modified_time":"2026-04-22T00:12:40+00:00","og_image":[{"width":1000,"height":1500,"url":"https:\/\/horticom.ee\/e-pood\/wp-content\/uploads\/importedmedia\/product-2324124_0-TK91523.jpg","type":"image\/jpeg"}],"twitter_card":"summary_large_image","twitter_misc":{"Est. reading time":"1 minut"},"schema":{"@context":"https:\/\/schema.org","@graph":[{"@type":"WebPage","@id":"https:\/\/horticom.ee\/e-pood\/toode\/mavrik-kahjurite-torjeks-30ml\/","url":"https:\/\/horticom.ee\/e-pood\/toode\/mavrik-kahjurite-torjeks-30ml\/","name":"Mavrik 2F kahjurite t\u00f5rjeks 30ml - Horticom","isPartOf":{"@id":"https:\/\/horticom.ee\/e-pood\/#website"},"primaryImageOfPage":{"@id":"https:\/\/horticom.ee\/e-pood\/toode\/mavrik-kahjurite-torjeks-30ml\/#primaryimage"},"image":{"@id":"https:\/\/horticom.ee\/e-pood\/toode\/mavrik-kahjurite-torjeks-30ml\/#primaryimage"},"thumbnailUrl":"https:\/\/horticom.ee\/e-pood\/wp-content\/uploads\/importedmedia\/product-2324124_0-TK91523.jpg","datePublished":"2024-12-17T10:01:19+00:00","dateModified":"2026-04-22T00:12:40+00:00","breadcrumb":{"@id":"https:\/\/horticom.ee\/e-pood\/toode\/mavrik-kahjurite-torjeks-30ml\/#breadcrumb"},"inLanguage":"et","potentialAction":[{"@type":"ReadAction","target":["https:\/\/horticom.ee\/e-pood\/toode\/mavrik-kahjurite-torjeks-30ml\/"]}]},{"@type":"ImageObject","inLanguage":"et","@id":"https:\/\/horticom.ee\/e-pood\/toode\/mavrik-kahjurite-torjeks-30ml\/#primaryimage","url":"https:\/\/horticom.ee\/e-pood\/wp-content\/uploads\/importedmedia\/product-2324124_0-TK91523.jpg","contentUrl":"https:\/\/horticom.ee\/e-pood\/wp-content\/uploads\/importedmedia\/product-2324124_0-TK91523.jpg","width":1000,"height":1500},{"@type":"BreadcrumbList","@id":"https:\/\/horticom.ee\/e-pood\/toode\/mavrik-kahjurite-torjeks-30ml\/#breadcrumb","itemListElement":[{"@type":"ListItem","position":1,"name":"Home","item":"https:\/\/horticom.ee\/e-pood\/"},{"@type":"ListItem","position":2,"name":"Pood","item":"https:\/\/horticom.ee\/e-pood\/pood\/"},{"@type":"ListItem","position":3,"name":"Mavrik 2F kahjurite t\u00f5rjeks 30ml"}]},{"@type":"WebSite","@id":"https:\/\/horticom.ee\/e-pood\/#website","url":"https:\/\/horticom.ee\/e-pood\/","name":"Horticom.ee","description":"Aianduskaubad ja kodukaubad nii harrastajatele kui professionaalidele","potentialAction":[{"@type":"SearchAction","target":{"@type":"EntryPoint","urlTemplate":"https:\/\/horticom.ee\/e-pood\/?s={search_term_string}"},"query-input":{"@type":"PropertyValueSpecification","valueRequired":true,"valueName":"search_term_string"}}],"inLanguage":"et"}]}},"_links":{"self":[{"href":"https:\/\/horticom.ee\/e-pood\/wp-json\/wp\/v2\/product\/2324124","targetHints":{"allow":["GET"]}}],"collection":[{"href":"https:\/\/horticom.ee\/e-pood\/wp-json\/wp\/v2\/product"}],"about":[{"href":"https:\/\/horticom.ee\/e-pood\/wp-json\/wp\/v2\/types\/product"}],"replies":[{"embeddable":true,"href":"https:\/\/horticom.ee\/e-pood\/wp-json\/wp\/v2\/comments?post=2324124"}],"wp:featuredmedia":[{"embeddable":true,"href":"https:\/\/horticom.ee\/e-pood\/wp-json\/wp\/v2\/media\/2379806"}],"wp:attachment":[{"href":"https:\/\/horticom.ee\/e-pood\/wp-json\/wp\/v2\/media?parent=2324124"}],"wp:term":[{"taxonomy":"product_cat","embeddable":true,"href":"https:\/\/horticom.ee\/e-pood\/wp-json\/wp\/v2\/product_cat?post=2324124"},{"taxonomy":"product_tag","embeddable":true,"href":"https:\/\/horticom.ee\/e-pood\/wp-json\/wp\/v2\/product_tag?post=2324124"}],"curies":[{"name":"wp","href":"https:\/\/api.w.org\/{rel}","templated":true}]}}